{"id":128,"date":"2014-08-27T13:12:28","date_gmt":"2014-08-27T13:12:28","guid":{"rendered":"http:\/\/feman.net\/?p=128"},"modified":"2022-11-23T12:55:41","modified_gmt":"2022-11-23T12:55:41","slug":"faston-izolovane-kablovske-papucice-zenske-sa-dodatnim-muskim-prikljuckom","status":"publish","type":"product","link":"https:\/\/www.feman.net\/eng\/?product=faston-izolovane-kablovske-papucice-zenske-sa-dodatnim-muskim-prikljuckom","title":{"rendered":"FASTON izolovane kablovske papu\u010dice &#8211; \u017eenske sa dodatnim mu\u0161kim priklju\u010dkom"},"content":{"rendered":"<p><a href=\"wp-content\/uploads\/2015\/03\/04-1.png\"><img loading=\"lazy\" decoding=\"async\" class=\"alignnone wp-image-1145\" src=\"http:\/\/feman.net\/wp-content\/uploads\/2015\/03\/04-1-300x245.png\" alt=\"FASTON izolovane kablovske papu\u010dice - \u017eenske sa dodatnim mu\u0161kim priklju\u010dkom\" width=\"277\" height=\"226\" srcset=\"https:\/\/www.feman.net\/eng\/wp-content\/uploads\/2015\/03\/04-1-300x245.png 300w, https:\/\/www.feman.net\/eng\/wp-content\/uploads\/2015\/03\/04-1-367x300.png 367w, https:\/\/www.feman.net\/eng\/wp-content\/uploads\/2015\/03\/04-1-150x122.png 150w, https:\/\/www.feman.net\/eng\/wp-content\/uploads\/2015\/03\/04-1.png 414w\" sizes=\"(max-width: 277px) 100vw, 277px\" \/>\u00a0\u00a0\u00a0\u00a0<\/a><a href=\"wp-content\/uploads\/2015\/03\/04-2.png\"><img loading=\"lazy\" decoding=\"async\" class=\"alignnone wp-image-1146\" src=\"http:\/\/feman.net\/wp-content\/uploads\/2015\/03\/04-2-300x153.png\" alt=\"FASTON izolovane kablovske papu\u010dice - \u017eenske sa dodatnim mu\u0161kim priklju\u010dkom\" width=\"271\" height=\"138\" srcset=\"https:\/\/www.feman.net\/eng\/wp-content\/uploads\/2015\/03\/04-2-300x153.png 300w, https:\/\/www.feman.net\/eng\/wp-content\/uploads\/2015\/03\/04-2-150x77.png 150w, https:\/\/www.feman.net\/eng\/wp-content\/uploads\/2015\/03\/04-2.png 366w\" sizes=\"(max-width: 271px) 100vw, 271px\" \/><\/a><\/p>\n<p>Koristi se za zavr\u0161avanjei povezivanje provodnikamalih preseka u el.kolko ormana i ure\u0111aja presovanjem.<\/p>\n<table style=\"height: 113px;\" width=\"631\">\n<tbody>\n<tr style=\"background-color: #f5d5b5;\">\n<td style=\"text-align: center;\">Kodni broj<\/td>\n<td style=\"text-align: center;\">Oznaka mm\u00b2<\/td>\n<td style=\"text-align: center;\">L mm<\/td>\n<td style=\"text-align: center;\">K mm<\/td>\n<td style=\"text-align: center;\">Pakovanje kom<\/td>\n<td style=\"text-align: center;\">Te\u017eina g\/100kom<\/td>\n<\/tr>\n<tr>\n<td style=\"text-align: center;\">1630105<\/td>\n<td style=\"text-align: center;\">FFZ\/M-1,5<\/td>\n<td style=\"text-align: center;\">21,5<\/td>\n<td style=\"text-align: center;\">6,3<\/td>\n<td style=\"text-align: center;\">100\/1000<\/td>\n<td style=\"text-align: center;\">116<\/td>\n<\/tr>\n<tr>\n<td style=\"text-align: center;\">1630205<\/td>\n<td style=\"text-align: center;\">FFZ\/M-2,5<\/td>\n<td style=\"text-align: center;\">21,5<\/td>\n<td style=\"text-align: center;\">6,3<\/td>\n<td style=\"text-align: center;\">100\/1000<\/td>\n<td style=\"text-align: center;\">122<\/td>\n<\/tr>\n<\/tbody>\n<\/table>\n<p>&nbsp;<\/p>\n<p><a href=\"http:\/\/feman.net\/wp-content\/uploads\/2015\/03\/04-2.png\">\u00a0\u00a0\u00a0\u00a0\u00a0<\/a> <a href=\"wp-content\/uploads\/2015\/03\/04-1.png\">\u00a0\u00a0\u00a0\u00a0 <\/a><\/p>\n","protected":false},"excerpt":{"rendered":"<p>\u00a0\u00a0\u00a0\u00a0 Koristi se za zavr\u0161avanjei povezivanje provodnikamalih preseka u el.kolko ormana i ure\u0111aja presovanjem. Kodni broj Oznaka mm\u00b2 L mm K mm Pakovanje kom Te\u017eina g\/100kom 1630105 FFZ\/M-1,5 21,5 6,3 100\/1000 116 1630205 FFZ\/M-2,5 21,5 6,3 100\/1000 122 &nbsp; \u00a0\u00a0\u00a0\u00a0\u00a0 \u00a0\u00a0\u00a0\u00a0<\/p>\n","protected":false},"featured_media":265037,"comment_status":"closed","ping_status":"closed","template":"","meta":[],"product_brand":[],"product_cat":[165,164],"product_tag":[],"class_list":{"0":"post-128","1":"product","2":"type-product","3":"status-publish","4":"has-post-thumbnail","6":"product_cat-izolovane-papucice","7":"product_cat-spojni-elementi-za-elektrovodove","9":"first","10":"instock","11":"shipping-taxable","12":"product-type-simple"},"_links":{"self":[{"href":"https:\/\/www.feman.net\/eng\/index.php?rest_route=\/wp\/v2\/product\/128","targetHints":{"allow":["GET"]}}],"collection":[{"href":"https:\/\/www.feman.net\/eng\/index.php?rest_route=\/wp\/v2\/product"}],"about":[{"href":"https:\/\/www.feman.net\/eng\/index.php?rest_route=\/wp\/v2\/types\/product"}],"replies":[{"embeddable":true,"href":"https:\/\/www.feman.net\/eng\/index.php?rest_route=%2Fwp%2Fv2%2Fcomments&post=128"}],"wp:featuredmedia":[{"embeddable":true,"href":"https:\/\/www.feman.net\/eng\/index.php?rest_route=\/wp\/v2\/media\/265037"}],"wp:attachment":[{"href":"https:\/\/www.feman.net\/eng\/index.php?rest_route=%2Fwp%2Fv2%2Fmedia&parent=128"}],"wp:term":[{"taxonomy":"product_brand","embeddable":true,"href":"https:\/\/www.feman.net\/eng\/index.php?rest_route=%2Fwp%2Fv2%2Fproduct_brand&post=128"},{"taxonomy":"product_cat","embeddable":true,"href":"https:\/\/www.feman.net\/eng\/index.php?rest_route=%2Fwp%2Fv2%2Fproduct_cat&post=128"},{"taxonomy":"product_tag","embeddable":true,"href":"https:\/\/www.feman.net\/eng\/index.php?rest_route=%2Fwp%2Fv2%2Fproduct_tag&post=128"}],"curies":[{"name":"wp","href":"https:\/\/api.w.org\/{rel}","templated":true}]}}