{"id":147,"date":"2014-08-27T13:20:38","date_gmt":"2014-08-27T13:20:38","guid":{"rendered":"http:\/\/feman.net\/?p=147"},"modified":"2022-11-23T16:32:52","modified_gmt":"2022-11-23T16:32:52","slug":"vijacne-kablovske-papucice","status":"publish","type":"product","link":"https:\/\/www.feman.net\/eng\/?product=vijacne-kablovske-papucice","title":{"rendered":"Vija\u010dne kablovske papu\u010dice"},"content":{"rendered":"<p><a href=\"http:\/\/www.feman.net\/wp-content\/uploads\/2015\/03\/08-1.png\">\u00a0\u00a0<\/a><a href=\"http:\/\/www.feman.net\/wp-content\/uploads\/2015\/03\/08-1.png\"><img loading=\"lazy\" decoding=\"async\" class=\"alignnone wp-image-1162 size-medium\" src=\"http:\/\/www.feman.net\/wp-content\/uploads\/2015\/03\/08-1-e1669221121114-300x229.png\" alt=\"Vija\u010dne kablovske papu\u010dice\" width=\"300\" height=\"229\" srcset=\"https:\/\/www.feman.net\/eng\/wp-content\/uploads\/2015\/03\/08-1-e1669221121114-300x229.png 300w, https:\/\/www.feman.net\/eng\/wp-content\/uploads\/2015\/03\/08-1-e1669221121114-200x153.png 200w, https:\/\/www.feman.net\/eng\/wp-content\/uploads\/2015\/03\/08-1-e1669221121114.png 374w\" sizes=\"(max-width: 300px) 100vw, 300px\" \/><\/a><a href=\"http:\/\/www.feman.net\/wp-content\/uploads\/2015\/03\/08-2.png\"> \u00a0\u00a0\u00a0\u00a0\u00a0\u00a0\u00a0\u00a0\u00a0\u00a0\u00a0\u00a0\u00a0 <img loading=\"lazy\" decoding=\"async\" class=\"alignnone wp-image-1163 \" src=\"http:\/\/www.feman.net\/wp-content\/uploads\/2015\/03\/08-2-300x236.png\" alt=\"Vija\u010dne kablovske papu\u010dice\" width=\"252\" height=\"198\" srcset=\"https:\/\/www.feman.net\/eng\/wp-content\/uploads\/2015\/03\/08-2-300x236.png 300w, https:\/\/www.feman.net\/eng\/wp-content\/uploads\/2015\/03\/08-2-150x118.png 150w, https:\/\/www.feman.net\/eng\/wp-content\/uploads\/2015\/03\/08-2.png 354w\" sizes=\"(max-width: 252px) 100vw, 252px\" \/><\/a><\/p>\n<p>Koriste se za zavr\u0161avanje Cu provodnika i energetskih kabolva ( bez upotrebe prese), prema SRPS N.F4.101. Za\u0161tita od korozije je izvr\u0161ena galvanskim cinkovanjem.<\/p>\n<table style=\"height: 393px; width: 76.2364%;\" width=\"863\">\n<tbody>\n<tr style=\"background-color: #f7c899;\">\n<td style=\"text-align: center;\">Kodni broj<\/td>\n<td style=\"text-align: center;\">Oznaka mm\u00b2\/Vijak M<\/td>\n<td style=\"text-align: center;\">d1 mm<\/td>\n<td style=\"text-align: center;\">d2 mm<\/td>\n<td style=\"text-align: center;\">L1 mm<\/td>\n<td style=\"text-align: center;\">L2 mm<\/td>\n<td style=\"text-align: center;\">Pakovanje kom<\/td>\n<td style=\"text-align: center;\">Te\u017eina g\/100kom<\/td>\n<\/tr>\n<tr>\n<td style=\"text-align: center;\">3601006<\/td>\n<td style=\"text-align: center;\">FPV-10\/6<\/td>\n<td style=\"text-align: center;\">6,5<\/td>\n<td style=\"text-align: center;\">3,8<\/td>\n<td style=\"text-align: center;\">33<\/td>\n<td style=\"text-align: center;\">19<\/td>\n<td style=\"text-align: center;\">200<\/td>\n<td style=\"text-align: center;\">1,00<\/td>\n<\/tr>\n<tr>\n<td style=\"text-align: center;\">3601606<\/td>\n<td style=\"text-align: center;\">FPV-16\/6<\/td>\n<td style=\"text-align: center;\">6,5<\/td>\n<td style=\"text-align: center;\">5,8-5,3<\/td>\n<td style=\"text-align: center;\">38<\/td>\n<td style=\"text-align: center;\">21<\/td>\n<td style=\"text-align: center;\">200<\/td>\n<td style=\"text-align: center;\">1,60<\/td>\n<\/tr>\n<tr>\n<td style=\"text-align: center;\">3602508<\/td>\n<td style=\"text-align: center;\">FPV-25\/8<\/td>\n<td style=\"text-align: center;\">8,5<\/td>\n<td style=\"text-align: center;\">5,3-6,7<\/td>\n<td style=\"text-align: center;\">42<\/td>\n<td style=\"text-align: center;\">23<\/td>\n<td style=\"text-align: center;\">200<\/td>\n<td style=\"text-align: center;\">2,20<\/td>\n<\/tr>\n<tr>\n<td style=\"text-align: center;\">3603508<\/td>\n<td style=\"text-align: center;\">FPV-35\/8<\/td>\n<td style=\"text-align: center;\">8,5<\/td>\n<td style=\"text-align: center;\">6,7-8<\/td>\n<td style=\"text-align: center;\">48<\/td>\n<td style=\"text-align: center;\">24<\/td>\n<td style=\"text-align: center;\">100<\/td>\n<td style=\"text-align: center;\">3,30<\/td>\n<\/tr>\n<tr>\n<td style=\"text-align: center;\">3603510<\/td>\n<td style=\"text-align: center;\">FPV-35\/10<\/td>\n<td style=\"text-align: center;\">10,5<\/td>\n<td style=\"text-align: center;\">6,7-8<\/td>\n<td style=\"text-align: center;\">57<\/td>\n<td style=\"text-align: center;\">24<\/td>\n<td style=\"text-align: center;\">100<\/td>\n<td style=\"text-align: center;\">3,50<\/td>\n<\/tr>\n<tr>\n<td style=\"text-align: center;\">3605010<\/td>\n<td style=\"text-align: center;\">FPV-50\/10<\/td>\n<td style=\"text-align: center;\">10,5<\/td>\n<td style=\"text-align: center;\">8-9<\/td>\n<td style=\"text-align: center;\">57<\/td>\n<td style=\"text-align: center;\">28<\/td>\n<td style=\"text-align: center;\">100<\/td>\n<td style=\"text-align: center;\">4,60<\/td>\n<\/tr>\n<tr>\n<td style=\"text-align: center;\">3607010<\/td>\n<td style=\"text-align: center;\">FPV-70\/10<\/td>\n<td style=\"text-align: center;\">10,5<\/td>\n<td style=\"text-align: center;\">9-10,5<\/td>\n<td style=\"text-align: center;\">60<\/td>\n<td style=\"text-align: center;\">30<\/td>\n<td style=\"text-align: center;\">100<\/td>\n<td style=\"text-align: center;\">6,00<\/td>\n<\/tr>\n<tr>\n<td style=\"text-align: center;\">3609512<\/td>\n<td style=\"text-align: center;\">FPV-95\/12<\/td>\n<td style=\"text-align: center;\">13,0<\/td>\n<td style=\"text-align: center;\">10,5-13,5<\/td>\n<td style=\"text-align: center;\">69<\/td>\n<td style=\"text-align: center;\">32<\/td>\n<td style=\"text-align: center;\">50<\/td>\n<td style=\"text-align: center;\">8,50<\/td>\n<\/tr>\n<tr>\n<td style=\"text-align: center;\">3612012<\/td>\n<td style=\"text-align: center;\">FPV-120\/12<\/td>\n<td style=\"text-align: center;\">13,0<\/td>\n<td style=\"text-align: center;\">13,5-15<\/td>\n<td style=\"text-align: center;\">72<\/td>\n<td style=\"text-align: center;\">40<\/td>\n<td style=\"text-align: center;\">50<\/td>\n<td style=\"text-align: center;\">16,00<\/td>\n<\/tr>\n<tr>\n<td style=\"text-align: center;\">3612012<\/td>\n<td style=\"text-align: center;\">FPV-150\/12<\/td>\n<td style=\"text-align: center;\">13,0<\/td>\n<td style=\"text-align: center;\">15-16,5<\/td>\n<td style=\"text-align: center;\">80<\/td>\n<td style=\"text-align: center;\">42<\/td>\n<td style=\"text-align: center;\">25<\/td>\n<td style=\"text-align: center;\">19,90<\/td>\n<\/tr>\n<tr>\n<td style=\"text-align: center;\">3615016<\/td>\n<td style=\"text-align: center;\">FPV-150\/16<\/td>\n<td style=\"text-align: center;\">17,0<\/td>\n<td style=\"text-align: center;\">15-16,5<\/td>\n<td style=\"text-align: center;\">80<\/td>\n<td style=\"text-align: center;\">42<\/td>\n<td style=\"text-align: center;\">25<\/td>\n<td style=\"text-align: center;\">19,80<\/td>\n<\/tr>\n<\/tbody>\n<\/table>\n<p>&nbsp;<\/p>\n","protected":false},"excerpt":{"rendered":"<p>\u00a0\u00a0 \u00a0\u00a0\u00a0\u00a0\u00a0\u00a0\u00a0\u00a0\u00a0\u00a0\u00a0\u00a0\u00a0 Koriste se za zavr\u0161avanje Cu provodnika i energetskih kabolva ( bez upotrebe prese), prema SRPS N.F4.101. Za\u0161tita od korozije je izvr\u0161ena galvanskim cinkovanjem. Kodni broj Oznaka mm\u00b2\/Vijak M d1 mm d2 mm L1 mm L2 mm Pakovanje kom Te\u017eina g\/100kom 3601006 FPV-10\/6 6,5 3,8 33 19 200 1,00 3601606 FPV-16\/6 6,5 5,8-5,3 38 [&hellip;]<\/p>\n","protected":false},"featured_media":265093,"comment_status":"closed","ping_status":"closed","template":"","meta":[],"product_brand":[],"product_cat":[170,164],"product_tag":[],"class_list":{"0":"post-147","1":"product","2":"type-product","3":"status-publish","4":"has-post-thumbnail","6":"product_cat-al-cu","7":"product_cat-spojni-elementi-za-elektrovodove","9":"first","10":"instock","11":"shipping-taxable","12":"product-type-simple"},"_links":{"self":[{"href":"https:\/\/www.feman.net\/eng\/index.php?rest_route=\/wp\/v2\/product\/147","targetHints":{"allow":["GET"]}}],"collection":[{"href":"https:\/\/www.feman.net\/eng\/index.php?rest_route=\/wp\/v2\/product"}],"about":[{"href":"https:\/\/www.feman.net\/eng\/index.php?rest_route=\/wp\/v2\/types\/product"}],"replies":[{"embeddable":true,"href":"https:\/\/www.feman.net\/eng\/index.php?rest_route=%2Fwp%2Fv2%2Fcomments&post=147"}],"wp:featuredmedia":[{"embeddable":true,"href":"https:\/\/www.feman.net\/eng\/index.php?rest_route=\/wp\/v2\/media\/265093"}],"wp:attachment":[{"href":"https:\/\/www.feman.net\/eng\/index.php?rest_route=%2Fwp%2Fv2%2Fmedia&parent=147"}],"wp:term":[{"taxonomy":"product_brand","embeddable":true,"href":"https:\/\/www.feman.net\/eng\/index.php?rest_route=%2Fwp%2Fv2%2Fproduct_brand&post=147"},{"taxonomy":"product_cat","embeddable":true,"href":"https:\/\/www.feman.net\/eng\/index.php?rest_route=%2Fwp%2Fv2%2Fproduct_cat&post=147"},{"taxonomy":"product_tag","embeddable":true,"href":"https:\/\/www.feman.net\/eng\/index.php?rest_route=%2Fwp%2Fv2%2Fproduct_tag&post=147"}],"curies":[{"name":"wp","href":"https:\/\/api.w.org\/{rel}","templated":true}]}}