{"id":165,"date":"2014-08-27T13:25:16","date_gmt":"2014-08-27T13:25:16","guid":{"rendered":"http:\/\/feman.net\/?p=165"},"modified":"2022-11-23T15:57:44","modified_gmt":"2022-11-23T15:57:44","slug":"cu-spojne-caure-za-gnjecenje","status":"publish","type":"product","link":"https:\/\/www.feman.net\/eng\/?product=cu-spojne-caure-za-gnjecenje","title":{"rendered":"Cu spojne \u010daure za gnje\u010denje"},"content":{"rendered":"<p><a href=\"http:\/\/www.feman.net\/wp-content\/uploads\/2015\/03\/11-1.png\"><img loading=\"lazy\" decoding=\"async\" class=\"alignnone wp-image-1180\" src=\"http:\/\/www.feman.net\/wp-content\/uploads\/2015\/03\/11-1-300x198.png\" alt=\"Cu spojne \u010daure za gnje\u010denje\" width=\"272\" height=\"180\" srcset=\"https:\/\/www.feman.net\/eng\/wp-content\/uploads\/2015\/03\/11-1-300x198.png 300w, https:\/\/www.feman.net\/eng\/wp-content\/uploads\/2015\/03\/11-1-455x300.png 455w, https:\/\/www.feman.net\/eng\/wp-content\/uploads\/2015\/03\/11-1-150x99.png 150w, https:\/\/www.feman.net\/eng\/wp-content\/uploads\/2015\/03\/11-1.png 469w\" sizes=\"(max-width: 272px) 100vw, 272px\" \/><\/a><a href=\"http:\/\/www.feman.net\/wp-content\/uploads\/2015\/03\/11-2.png\"> \u00a0\u00a0\u00a0\u00a0\u00a0\u00a0\u00a0\u00a0\u00a0\u00a0 <img loading=\"lazy\" decoding=\"async\" class=\"alignnone wp-image-1181\" src=\"http:\/\/www.feman.net\/wp-content\/uploads\/2015\/03\/11-2-300x95.png\" alt=\"Cu spojne \u010daure za gnje\u010denje\" width=\"287\" height=\"91\" srcset=\"https:\/\/www.feman.net\/eng\/wp-content\/uploads\/2015\/03\/11-2-300x95.png 300w, https:\/\/www.feman.net\/eng\/wp-content\/uploads\/2015\/03\/11-2-150x47.png 150w, https:\/\/www.feman.net\/eng\/wp-content\/uploads\/2015\/03\/11-2.png 510w\" sizes=\"(max-width: 287px) 100vw, 287px\" \/><\/a><\/p>\n<p>Izra\u0111ene su od elektroliti\u010dkog bakra a povr\u0161ina cinkovana. Koriste se za nastavljanje bakarnih provodnika istog preseka \u0161estougaonim presovanjem, spoj prema SRPS N.F4.101. Po posebnoj porud\u017ebini izra\u0111ujemo visokonaponske Cu-\u010daure za gnje\u010denje i lemljenje.<\/p>\n<p>Preporu\u010dujemo presovanje FEMAN presama.<\/p>\n<table style=\"height: 392px; width: 93.7779%;\" width=\"574\">\n<tbody>\n<tr style=\"background-color: #f7c899;\">\n<td style=\"width: 11.0919%;\">Kodni broj<\/td>\n<td style=\"width: 17.1577%;\">Oznaka mm\u00b2\/Vijak M<\/td>\n<td style=\"width: 6.58579%;\">d1 mm<\/td>\n<td style=\"width: 6.58579%;\">d2 mm<\/td>\n<td style=\"width: 5.89255%;\">L mm<\/td>\n<td style=\"width: 19.7574%;\">Broj presovanja meh.\/hidr.<\/td>\n<td style=\"width: 14.2114%;\">Pakovanje kom<\/td>\n<td style=\"width: 14.9047%;\">Te\u017eina g\/100kom<\/td>\n<\/tr>\n<tr>\n<td style=\"width: 11.0919%;\">3200006<\/td>\n<td style=\"width: 17.1577%;\">FSCCU-6<\/td>\n<td style=\"width: 6.58579%;\">6,5<\/td>\n<td style=\"width: 6.58579%;\">3,5<\/td>\n<td style=\"width: 5.89255%;\">26<\/td>\n<td style=\"width: 19.7574%;\">2-2\/-<\/td>\n<td style=\"width: 14.2114%;\">300<\/td>\n<td style=\"width: 14.9047%;\">0,35<\/td>\n<\/tr>\n<tr>\n<td style=\"width: 11.0919%;\">3200010<\/td>\n<td style=\"width: 17.1577%;\">FSCCU-10<\/td>\n<td style=\"width: 6.58579%;\">7,0<\/td>\n<td style=\"width: 6.58579%;\">4,5<\/td>\n<td style=\"width: 5.89255%;\">35<\/td>\n<td style=\"width: 19.7574%;\">2-2\/-<\/td>\n<td style=\"width: 14.2114%;\">200<\/td>\n<td style=\"width: 14.9047%;\">0,73<\/td>\n<\/tr>\n<tr>\n<td style=\"width: 11.0919%;\">3200016<\/td>\n<td style=\"width: 17.1577%;\">FSCCU-16<\/td>\n<td style=\"width: 6.58579%;\">8,5<\/td>\n<td style=\"width: 6.58579%;\">5,5<\/td>\n<td style=\"width: 5.89255%;\">45<\/td>\n<td style=\"width: 19.7574%;\">2-2\/1-1<\/td>\n<td style=\"width: 14.2114%;\">200<\/td>\n<td style=\"width: 14.9047%;\">1,35<\/td>\n<\/tr>\n<tr>\n<td style=\"width: 11.0919%;\">3200025<\/td>\n<td style=\"width: 17.1577%;\">FSCCU-25<\/td>\n<td style=\"width: 6.58579%;\">10,0<\/td>\n<td style=\"width: 6.58579%;\">7,0<\/td>\n<td style=\"width: 5.89255%;\">45<\/td>\n<td style=\"width: 19.7574%;\">2-2\/1-1<\/td>\n<td style=\"width: 14.2114%;\">200<\/td>\n<td style=\"width: 14.9047%;\">1,60<\/td>\n<\/tr>\n<tr>\n<td style=\"width: 11.0919%;\">3200035<\/td>\n<td style=\"width: 17.1577%;\">FSCCU-35<\/td>\n<td style=\"width: 6.58579%;\">12,0<\/td>\n<td style=\"width: 6.58579%;\">8,5<\/td>\n<td style=\"width: 5.89255%;\">45<\/td>\n<td style=\"width: 19.7574%;\">2-2\/1-1<\/td>\n<td style=\"width: 14.2114%;\">300<\/td>\n<td style=\"width: 14.9047%;\">2,35<\/td>\n<\/tr>\n<tr>\n<td style=\"width: 11.0919%;\">3200050<\/td>\n<td style=\"width: 17.1577%;\">FSCCU-50<\/td>\n<td style=\"width: 6.58579%;\">14,0<\/td>\n<td style=\"width: 6.58579%;\">10,0<\/td>\n<td style=\"width: 5.89255%;\">61<\/td>\n<td style=\"width: 19.7574%;\">3-3\/1-1<\/td>\n<td style=\"width: 14.2114%;\">200<\/td>\n<td style=\"width: 14.9047%;\">4,05<\/td>\n<\/tr>\n<tr>\n<td style=\"width: 11.0919%;\">3200070<\/td>\n<td style=\"width: 17.1577%;\">FSCCU-70<\/td>\n<td style=\"width: 6.58579%;\">16,5<\/td>\n<td style=\"width: 6.58579%;\">12,0<\/td>\n<td style=\"width: 5.89255%;\">61<\/td>\n<td style=\"width: 19.7574%;\">3-3\/1-1<\/td>\n<td style=\"width: 14.2114%;\">100<\/td>\n<td style=\"width: 14.9047%;\">5,46<\/td>\n<\/tr>\n<tr>\n<td style=\"width: 11.0919%;\">3200095<\/td>\n<td style=\"width: 17.1577%;\">FSCCU-95<\/td>\n<td style=\"width: 6.58579%;\">18,0<\/td>\n<td style=\"width: 6.58579%;\">13,5<\/td>\n<td style=\"width: 5.89255%;\">75<\/td>\n<td style=\"width: 19.7574%;\">4-4\/1-1<\/td>\n<td style=\"width: 14.2114%;\">100<\/td>\n<td style=\"width: 14.9047%;\">7,30<\/td>\n<\/tr>\n<tr>\n<td style=\"width: 11.0919%;\">3200120<\/td>\n<td style=\"width: 17.1577%;\">FSCCU-120<\/td>\n<td style=\"width: 6.58579%;\">19,0<\/td>\n<td style=\"width: 6.58579%;\">15,0<\/td>\n<td style=\"width: 5.89255%;\">75<\/td>\n<td style=\"width: 19.7574%;\">4-4\/2-2<\/td>\n<td style=\"width: 14.2114%;\">150<\/td>\n<td style=\"width: 14.9047%;\">8,00<\/td>\n<\/tr>\n<tr>\n<td style=\"width: 11.0919%;\">3200150<\/td>\n<td style=\"width: 17.1577%;\">FSCCU-150<\/td>\n<td style=\"width: 6.58579%;\">21,0<\/td>\n<td style=\"width: 6.58579%;\">16,5<\/td>\n<td style=\"width: 5.89255%;\">75<\/td>\n<td style=\"width: 19.7574%;\">4-4\/2-2<\/td>\n<td style=\"width: 14.2114%;\">100<\/td>\n<td style=\"width: 14.9047%;\">8,50<\/td>\n<\/tr>\n<tr>\n<td style=\"width: 11.0919%;\">3200185<\/td>\n<td style=\"width: 17.1577%;\">FSCCU-185<\/td>\n<td style=\"width: 6.58579%;\">24,0<\/td>\n<td style=\"width: 6.58579%;\">19,0<\/td>\n<td style=\"width: 5.89255%;\">80<\/td>\n<td style=\"width: 19.7574%;\">4-4\/2-2<\/td>\n<td style=\"width: 14.2114%;\">50<\/td>\n<td style=\"width: 14.9047%;\">12,50<\/td>\n<\/tr>\n<tr>\n<td style=\"width: 11.0919%;\">3200240<\/td>\n<td style=\"width: 17.1577%;\">FSCCU-240<\/td>\n<td style=\"width: 6.58579%;\">26,0<\/td>\n<td style=\"width: 6.58579%;\">21,0<\/td>\n<td style=\"width: 5.89255%;\">85<\/td>\n<td style=\"width: 19.7574%;\">-\/2-2<\/td>\n<td style=\"width: 14.2114%;\">755<\/td>\n<td style=\"width: 14.9047%;\">14,40<\/td>\n<\/tr>\n<tr>\n<td style=\"width: 11.0919%;\">3200300<\/td>\n<td style=\"width: 17.1577%;\">FSCCU-300<\/td>\n<td style=\"width: 6.58579%;\">32,0<\/td>\n<td style=\"width: 6.58579%;\">24,5<\/td>\n<td style=\"width: 5.89255%;\">124<\/td>\n<td style=\"width: 19.7574%;\">-\/2-2<\/td>\n<td style=\"width: 14.2114%;\">25<\/td>\n<td style=\"width: 14.9047%;\">36,72<\/td>\n<\/tr>\n<tr>\n<td style=\"width: 11.0919%;\">3200400<\/td>\n<td style=\"width: 17.1577%;\">FSCCU-400<\/td>\n<td style=\"width: 6.58579%;\">38,5<\/td>\n<td style=\"width: 6.58579%;\">27,5<\/td>\n<td style=\"width: 5.89255%;\">150<\/td>\n<td style=\"width: 19.7574%;\">-\/3-3<\/td>\n<td style=\"width: 14.2114%;\">15<\/td>\n<td style=\"width: 14.9047%;\">75,50<\/td>\n<\/tr>\n<tr>\n<td style=\"width: 11.0919%;\">3200500<\/td>\n<td style=\"width: 17.1577%;\">FSCCU-500<\/td>\n<td style=\"width: 6.58579%;\">42,0<\/td>\n<td style=\"width: 6.58579%;\">31,0<\/td>\n<td style=\"width: 5.89255%;\">160<\/td>\n<td style=\"width: 19.7574%;\">-\/3-3<\/td>\n<td style=\"width: 14.2114%;\">10<\/td>\n<td style=\"width: 14.9047%;\">89,76<\/td>\n<\/tr>\n<tr>\n<td style=\"width: 11.0919%;\">3200600<\/td>\n<td style=\"width: 17.1577%;\">FSCCU-600<\/td>\n<td style=\"width: 6.58579%;\">44,0<\/td>\n<td style=\"width: 6.58579%;\">34,5<\/td>\n<td style=\"width: 5.89255%;\">160<\/td>\n<td style=\"width: 19.7574%;\">-\/4-4<\/td>\n<td style=\"width: 14.2114%;\">10<\/td>\n<td style=\"width: 14.9047%;\">83,40<\/td>\n<\/tr>\n<\/tbody>\n<\/table>\n<p>&nbsp;<\/p>\n<p>&nbsp;<\/p>\n","protected":false},"excerpt":{"rendered":"<p>\u00a0\u00a0\u00a0\u00a0\u00a0\u00a0\u00a0\u00a0\u00a0\u00a0 Izra\u0111ene su od elektroliti\u010dkog bakra a povr\u0161ina cinkovana. Koriste se za nastavljanje bakarnih provodnika istog preseka \u0161estougaonim presovanjem, spoj prema SRPS N.F4.101. Po posebnoj porud\u017ebini izra\u0111ujemo visokonaponske Cu-\u010daure za gnje\u010denje i lemljenje. Preporu\u010dujemo presovanje FEMAN presama. Kodni broj Oznaka mm\u00b2\/Vijak M d1 mm d2 mm L mm Broj presovanja meh.\/hidr. Pakovanje kom Te\u017eina g\/100kom [&hellip;]<\/p>\n","protected":false},"featured_media":265071,"comment_status":"closed","ping_status":"closed","template":"","meta":[],"product_brand":[],"product_cat":[167,164],"product_tag":[],"class_list":{"0":"post-165","1":"product","2":"type-product","3":"status-publish","4":"has-post-thumbnail","6":"product_cat-spojne-caure","7":"product_cat-spojni-elementi-za-elektrovodove","9":"first","10":"instock","11":"shipping-taxable","12":"product-type-simple"},"_links":{"self":[{"href":"https:\/\/www.feman.net\/eng\/index.php?rest_route=\/wp\/v2\/product\/165","targetHints":{"allow":["GET"]}}],"collection":[{"href":"https:\/\/www.feman.net\/eng\/index.php?rest_route=\/wp\/v2\/product"}],"about":[{"href":"https:\/\/www.feman.net\/eng\/index.php?rest_route=\/wp\/v2\/types\/product"}],"replies":[{"embeddable":true,"href":"https:\/\/www.feman.net\/eng\/index.php?rest_route=%2Fwp%2Fv2%2Fcomments&post=165"}],"wp:featuredmedia":[{"embeddable":true,"href":"https:\/\/www.feman.net\/eng\/index.php?rest_route=\/wp\/v2\/media\/265071"}],"wp:attachment":[{"href":"https:\/\/www.feman.net\/eng\/index.php?rest_route=%2Fwp%2Fv2%2Fmedia&parent=165"}],"wp:term":[{"taxonomy":"product_brand","embeddable":true,"href":"https:\/\/www.feman.net\/eng\/index.php?rest_route=%2Fwp%2Fv2%2Fproduct_brand&post=165"},{"taxonomy":"product_cat","embeddable":true,"href":"https:\/\/www.feman.net\/eng\/index.php?rest_route=%2Fwp%2Fv2%2Fproduct_cat&post=165"},{"taxonomy":"product_tag","embeddable":true,"href":"https:\/\/www.feman.net\/eng\/index.php?rest_route=%2Fwp%2Fv2%2Fproduct_tag&post=165"}],"curies":[{"name":"wp","href":"https:\/\/api.w.org\/{rel}","templated":true}]}}