{"id":167,"date":"2014-08-27T13:25:29","date_gmt":"2014-08-27T13:25:29","guid":{"rendered":"http:\/\/feman.net\/?p=167"},"modified":"2022-11-23T13:18:45","modified_gmt":"2022-11-23T13:18:45","slug":"al-reducir-caure-za-gnjecenje","status":"publish","type":"product","link":"https:\/\/www.feman.net\/eng\/?product=al-reducir-caure-za-gnjecenje","title":{"rendered":"Al reducir \u010daure za gnje\u010denje"},"content":{"rendered":"<p><a href=\"http:\/\/www.feman.net\/wp-content\/uploads\/2015\/03\/11-3.png\"><img loading=\"lazy\" decoding=\"async\" class=\"alignnone wp-image-1182 \" src=\"http:\/\/www.feman.net\/wp-content\/uploads\/2015\/03\/11-3-300x214.png\" alt=\"Al reducir \u010daure za gnje\u010denje\" width=\"382\" height=\"272\" srcset=\"https:\/\/www.feman.net\/eng\/wp-content\/uploads\/2015\/03\/11-3-300x214.png 300w, https:\/\/www.feman.net\/eng\/wp-content\/uploads\/2015\/03\/11-3-421x300.png 421w, https:\/\/www.feman.net\/eng\/wp-content\/uploads\/2015\/03\/11-3-150x107.png 150w, https:\/\/www.feman.net\/eng\/wp-content\/uploads\/2015\/03\/11-3.png 485w\" sizes=\"(max-width: 382px) 100vw, 382px\" \/><\/a><a href=\"http:\/\/www.feman.net\/wp-content\/uploads\/2015\/03\/11-4.png\"> \u00a0\u00a0\u00a0\u00a0 <img loading=\"lazy\" decoding=\"async\" class=\"alignnone  wp-image-269652\" src=\"http:\/\/www.feman.net\/wp-content\/uploads\/2014\/08\/9.jpg\" alt=\"\" width=\"321\" height=\"125\" srcset=\"https:\/\/www.feman.net\/eng\/wp-content\/uploads\/2014\/08\/9.jpg 434w, https:\/\/www.feman.net\/eng\/wp-content\/uploads\/2014\/08\/9-300x117.jpg 300w, https:\/\/www.feman.net\/eng\/wp-content\/uploads\/2014\/08\/9-200x78.jpg 200w\" sizes=\"(max-width: 321px) 100vw, 321px\" \/><\/a><\/p>\n<p>Al reducir \u010daure za gnje\u010denje koriste se za spajanje Al provodnika razli\u010ditog preseka, metodom \u0161estougaonog presovanja, spoj prema SRPS N.F4.101.<\/p>\n<p>Preporu\u010dujemo presovanje FEMAN\u00a0 presama tipa.<\/p>\n<table style=\"height: 711px; width: 77.9556%;\" width=\"878\">\n<tbody>\n<tr style=\"background-color: #f7c899;\">\n<td>Kodni broj<\/td>\n<td>Oznaka mm\u00b2\/Vijak M<\/td>\n<td>d1 mm<\/td>\n<td>d2 mm<\/td>\n<td>d3 mm<\/td>\n<td>d4 mm<\/td>\n<td>L mm<\/td>\n<td>Broj presovanja meh.\/hidr.<\/td>\n<td>Pakovanje kom<\/td>\n<td>Te\u017eina g\/100kom<\/td>\n<\/tr>\n<tr>\n<td>2102516<\/td>\n<td>FAC-25\/16<\/td>\n<td>12,0<\/td>\n<td>6,8<\/td>\n<td>11,0<\/td>\n<td>5,5<\/td>\n<td>90,0<\/td>\n<td>4&#8211;4\/2-2<\/td>\n<td>100<\/td>\n<td>2,00<\/td>\n<\/tr>\n<tr>\n<td>2103516<\/td>\n<td>FAC-35\/16<\/td>\n<td>12,0<\/td>\n<td>8,0<\/td>\n<td>11,0<\/td>\n<td>5,5<\/td>\n<td>90,0<\/td>\n<td>5-5\/2-2<\/td>\n<td>100<\/td>\n<td>2,25<\/td>\n<\/tr>\n<tr>\n<td>2103525<\/td>\n<td>FAC-35\/25<\/td>\n<td>14,0<\/td>\n<td>8,0<\/td>\n<td>12,0<\/td>\n<td>6,5<\/td>\n<td>106,5<\/td>\n<td>5-5\/2-2<\/td>\n<td>100<\/td>\n<td>2,40<\/td>\n<\/tr>\n<tr>\n<td>2105016<\/td>\n<td>FAC-50\/16<\/td>\n<td>15,6<\/td>\n<td>9,3<\/td>\n<td>11,0<\/td>\n<td>5,5<\/td>\n<td>106,5<\/td>\n<td>5-5\/2-2<\/td>\n<td>100<\/td>\n<td>3,10<\/td>\n<\/tr>\n<tr>\n<td>2105025<\/td>\n<td>FAC-50\/25<\/td>\n<td>15,6<\/td>\n<td>9,3<\/td>\n<td>12,0<\/td>\n<td>6,5<\/td>\n<td>106,5<\/td>\n<td>5-5\/2-2<\/td>\n<td>100<\/td>\n<td>3,00<\/td>\n<\/tr>\n<tr>\n<td>2105035<\/td>\n<td>FAC-50\/35<\/td>\n<td>15,6<\/td>\n<td>9,3<\/td>\n<td>14,0<\/td>\n<td>8,0<\/td>\n<td>106,5<\/td>\n<td>5-5\/2-2<\/td>\n<td>100<\/td>\n<td>3,50<\/td>\n<\/tr>\n<tr>\n<td>2107035<\/td>\n<td>FAC-70\/35<\/td>\n<td>18,0<\/td>\n<td>11,2<\/td>\n<td>14,0<\/td>\n<td>8,0<\/td>\n<td>106,5<\/td>\n<td>6-6\/3-3<\/td>\n<td>75<\/td>\n<td>4,00<\/td>\n<\/tr>\n<tr>\n<td>2107050<\/td>\n<td>FAC-70\/50<\/td>\n<td>18,0<\/td>\n<td>11,2<\/td>\n<td>15,6<\/td>\n<td>9,3<\/td>\n<td>106,5<\/td>\n<td>6-6\/3-3<\/td>\n<td>75<\/td>\n<td>4,35<\/td>\n<\/tr>\n<tr>\n<td>2109535<\/td>\n<td>FAC-95\/35<\/td>\n<td>22,0<\/td>\n<td>12,5<\/td>\n<td>14,0<\/td>\n<td>8,0<\/td>\n<td>106,5<\/td>\n<td>6-6\/3-3<\/td>\n<td>75<\/td>\n<td>5,73<\/td>\n<\/tr>\n<tr>\n<td>2109550<\/td>\n<td>FAC-95\/50<\/td>\n<td>22,0<\/td>\n<td>12,5<\/td>\n<td>15,6<\/td>\n<td>9,3<\/td>\n<td>106,5<\/td>\n<td>6-6\/3-3<\/td>\n<td>75<\/td>\n<td>6,00<\/td>\n<\/tr>\n<tr>\n<td>2109570<\/td>\n<td>FAC-95\/70<\/td>\n<td>22,0<\/td>\n<td>12,5<\/td>\n<td>18,0<\/td>\n<td>11,2<\/td>\n<td>106,5<\/td>\n<td>6-6\/3-3<\/td>\n<td>75<\/td>\n<td>6,50<\/td>\n<\/tr>\n<tr>\n<td>2112035<\/td>\n<td>FAC-120\/35<\/td>\n<td>22,0<\/td>\n<td>12,5<\/td>\n<td>14,0<\/td>\n<td>8,0<\/td>\n<td>133,0<\/td>\n<td>6-6\/3-3<\/td>\n<td>50<\/td>\n<td>5,70<\/td>\n<\/tr>\n<tr>\n<td>2112050<\/td>\n<td>FAC-120\/50<\/td>\n<td>22,0<\/td>\n<td>15,0<\/td>\n<td>15,6<\/td>\n<td>9,3<\/td>\n<td>133,0<\/td>\n<td>6-6\/3-3<\/td>\n<td>50<\/td>\n<td>6,10<\/td>\n<\/tr>\n<tr>\n<td>2112070<\/td>\n<td>FAC-120\/70<\/td>\n<td>22,0<\/td>\n<td>15,0<\/td>\n<td>18,0<\/td>\n<td>11,2<\/td>\n<td>133,0<\/td>\n<td>6-6\/3-3<\/td>\n<td>50<\/td>\n<td>6,60<\/td>\n<\/tr>\n<tr>\n<td>2112095<\/td>\n<td>FAC-120\/95<\/td>\n<td>22,0<\/td>\n<td>15,0<\/td>\n<td>20,0<\/td>\n<td>12,5<\/td>\n<td>133,0<\/td>\n<td>6-6\/3-3<\/td>\n<td>50<\/td>\n<td>8,40<\/td>\n<\/tr>\n<tr>\n<td>2115050<\/td>\n<td>FAC-150\/50<\/td>\n<td>25,0<\/td>\n<td>16,5<\/td>\n<td>15,6<\/td>\n<td>9,3<\/td>\n<td>133,0<\/td>\n<td>6-6\/3-3<\/td>\n<td>25<\/td>\n<td>7,60<\/td>\n<\/tr>\n<tr>\n<td>2115070<\/td>\n<td>FAC-150\/70<\/td>\n<td>25,0<\/td>\n<td>16,5<\/td>\n<td>18,0<\/td>\n<td>11,2<\/td>\n<td>133,0<\/td>\n<td>6-6\/3-3<\/td>\n<td>25<\/td>\n<td>7,20<\/td>\n<\/tr>\n<tr>\n<td>2115095<\/td>\n<td>FAC-150\/95<\/td>\n<td>25,0<\/td>\n<td>16,5<\/td>\n<td>22,0<\/td>\n<td>12,5<\/td>\n<td>133,0<\/td>\n<td>6-6\/3-3<\/td>\n<td>25<\/td>\n<td>9,60<\/td>\n<\/tr>\n<tr>\n<td>2115096<\/td>\n<td>FAC-150\/120<\/td>\n<td>25,0<\/td>\n<td>16,5<\/td>\n<td>22,0<\/td>\n<td>15,0<\/td>\n<td>133,0<\/td>\n<td>6-6\/3-3<\/td>\n<td>25<\/td>\n<td>8,95<\/td>\n<\/tr>\n<tr>\n<td>2118570<\/td>\n<td>FAC-185\/70<\/td>\n<td>28,0<\/td>\n<td>18,3<\/td>\n<td>18,0<\/td>\n<td>11,2<\/td>\n<td>143,5<\/td>\n<td>6-6\/3-3<\/td>\n<td>25<\/td>\n<td>10,17<\/td>\n<\/tr>\n<tr>\n<td>2118595<\/td>\n<td>FAC-185\/95<\/td>\n<td>28,0<\/td>\n<td>18,3<\/td>\n<td>22,0<\/td>\n<td>11,5<\/td>\n<td>143,5<\/td>\n<td>6-6\/3-3<\/td>\n<td>25<\/td>\n<td>12,14<\/td>\n<\/tr>\n<tr>\n<td>2118596<\/td>\n<td>FAC-185\/120<\/td>\n<td>28,0<\/td>\n<td>18,3<\/td>\n<td>22,0<\/td>\n<td>15,0<\/td>\n<td>143,5<\/td>\n<td>6-6\/3-3<\/td>\n<td>25<\/td>\n<td>10,90<\/td>\n<\/tr>\n<tr>\n<td>2118597<\/td>\n<td>FAC-185\/150<\/td>\n<td>28,0<\/td>\n<td>18,3<\/td>\n<td>25,5<\/td>\n<td>16,5<\/td>\n<td>143,5<\/td>\n<td>6-6\/3-3<\/td>\n<td>25<\/td>\n<td>12,30<\/td>\n<\/tr>\n<\/tbody>\n<\/table>\n<p>&nbsp;<\/p>\n","protected":false},"excerpt":{"rendered":"<p>\u00a0\u00a0\u00a0\u00a0 Al reducir \u010daure za gnje\u010denje koriste se za spajanje Al provodnika razli\u010ditog preseka, metodom \u0161estougaonog presovanja, spoj prema SRPS N.F4.101. Preporu\u010dujemo presovanje FEMAN\u00a0 presama tipa. Kodni broj Oznaka mm\u00b2\/Vijak M d1 mm d2 mm d3 mm d4 mm L mm Broj presovanja meh.\/hidr. Pakovanje kom Te\u017eina g\/100kom 2102516 FAC-25\/16 12,0 6,8 11,0 5,5 90,0 [&hellip;]<\/p>\n","protected":false},"featured_media":265063,"comment_status":"closed","ping_status":"closed","template":"","meta":[],"product_brand":[],"product_cat":[167,164],"product_tag":[],"class_list":{"0":"post-167","1":"product","2":"type-product","3":"status-publish","4":"has-post-thumbnail","6":"product_cat-spojne-caure","7":"product_cat-spojni-elementi-za-elektrovodove","9":"first","10":"instock","11":"shipping-taxable","12":"product-type-simple"},"_links":{"self":[{"href":"https:\/\/www.feman.net\/eng\/index.php?rest_route=\/wp\/v2\/product\/167","targetHints":{"allow":["GET"]}}],"collection":[{"href":"https:\/\/www.feman.net\/eng\/index.php?rest_route=\/wp\/v2\/product"}],"about":[{"href":"https:\/\/www.feman.net\/eng\/index.php?rest_route=\/wp\/v2\/types\/product"}],"replies":[{"embeddable":true,"href":"https:\/\/www.feman.net\/eng\/index.php?rest_route=%2Fwp%2Fv2%2Fcomments&post=167"}],"wp:featuredmedia":[{"embeddable":true,"href":"https:\/\/www.feman.net\/eng\/index.php?rest_route=\/wp\/v2\/media\/265063"}],"wp:attachment":[{"href":"https:\/\/www.feman.net\/eng\/index.php?rest_route=%2Fwp%2Fv2%2Fmedia&parent=167"}],"wp:term":[{"taxonomy":"product_brand","embeddable":true,"href":"https:\/\/www.feman.net\/eng\/index.php?rest_route=%2Fwp%2Fv2%2Fproduct_brand&post=167"},{"taxonomy":"product_cat","embeddable":true,"href":"https:\/\/www.feman.net\/eng\/index.php?rest_route=%2Fwp%2Fv2%2Fproduct_cat&post=167"},{"taxonomy":"product_tag","embeddable":true,"href":"https:\/\/www.feman.net\/eng\/index.php?rest_route=%2Fwp%2Fv2%2Fproduct_tag&post=167"}],"curies":[{"name":"wp","href":"https:\/\/api.w.org\/{rel}","templated":true}]}}