{"id":171,"date":"2014-08-27T13:25:57","date_gmt":"2014-08-27T13:25:57","guid":{"rendered":"http:\/\/feman.net\/?p=171"},"modified":"2022-11-23T13:06:56","modified_gmt":"2022-11-23T13:06:56","slug":"al-sime-spojne-caure-10-20-i-35-kv","status":"publish","type":"product","link":"https:\/\/www.feman.net\/eng\/?product=al-sime-spojne-caure-10-20-i-35-kv","title":{"rendered":"Al &#8220;SIME&#8221; spojne \u010daure (10, 20 i 35 kV)"},"content":{"rendered":"<p><a href=\"http:\/\/www.feman.net\/wp-content\/uploads\/2015\/03\/12-3.png\"><img loading=\"lazy\" decoding=\"async\" class=\"alignnone wp-image-1186 size-medium\" src=\"http:\/\/www.feman.net\/wp-content\/uploads\/2015\/03\/12-3-300x211.png\" alt=\"Al &quot;SIME&quot; spojne \u010daure (10, 20 i 35 kV)\" width=\"300\" height=\"211\" srcset=\"https:\/\/www.feman.net\/eng\/wp-content\/uploads\/2015\/03\/12-3-300x211.png 300w, https:\/\/www.feman.net\/eng\/wp-content\/uploads\/2015\/03\/12-3-426x300.png 426w, https:\/\/www.feman.net\/eng\/wp-content\/uploads\/2015\/03\/12-3-150x106.png 150w, https:\/\/www.feman.net\/eng\/wp-content\/uploads\/2015\/03\/12-3.png 496w\" sizes=\"(max-width: 300px) 100vw, 300px\" \/><\/a><a href=\"http:\/\/www.feman.net\/wp-content\/uploads\/2015\/03\/12-4.png\"><img loading=\"lazy\" decoding=\"async\" class=\"alignnone wp-image-1187 size-medium\" src=\"http:\/\/www.feman.net\/wp-content\/uploads\/2015\/03\/12-4-300x74.png\" alt=\"Al &quot;SIME&quot; spojne \u010daure (10, 20 i 35 kV)\" width=\"300\" height=\"74\" srcset=\"https:\/\/www.feman.net\/eng\/wp-content\/uploads\/2015\/03\/12-4-300x74.png 300w, https:\/\/www.feman.net\/eng\/wp-content\/uploads\/2015\/03\/12-4-150x37.png 150w, https:\/\/www.feman.net\/eng\/wp-content\/uploads\/2015\/03\/12-4.png 497w\" sizes=\"(max-width: 300px) 100vw, 300px\" \/><\/a><\/p>\n<p>Koriste se za spajanje Al kablova istih preseka 10, 20 i 35 kV, motodom presovanja dubokim utiskivanjem u zatvorenoj matrici, prema SRPS N.F4.101. Preporu\u010dujemo upotrebu na\u0161e hidrauli\u010dne prese FS-240 sa odgovaraju\u0107im alatom.<\/p>\n<table style=\"height: 337px; width: 78.1091%;\" width=\"715\">\n<tbody>\n<tr style=\"background-color: #f7c899;\">\n<td style=\"text-align: center;\">Kodni broj<\/td>\n<td style=\"text-align: center;\">Oznaka mm\u00b2\/Vijak M<\/td>\n<td style=\"text-align: center;\">d1 mm<\/td>\n<td style=\"text-align: center;\">d2 mm<\/td>\n<td style=\"text-align: center;\">L mm<\/td>\n<td style=\"text-align: center;\">Broj presovanja meh.\/hidr.<\/td>\n<td style=\"text-align: center;\">Pakovanje kom<\/td>\n<td style=\"text-align: center;\">Te\u017eina g\/100kom<\/td>\n<\/tr>\n<tr>\n<td>2200025<\/td>\n<td>Al-SC-25<\/td>\n<td>16<\/td>\n<td>6,8<\/td>\n<td>90,5<\/td>\n<td>4-4\/2-2<\/td>\n<td>100<\/td>\n<td>4,0<\/td>\n<\/tr>\n<tr>\n<td>2200035<\/td>\n<td>Al-SC-35<\/td>\n<td>16<\/td>\n<td>8,0<\/td>\n<td>90,5<\/td>\n<td>4-4\/2-2<\/td>\n<td>50<\/td>\n<td>3,8<\/td>\n<\/tr>\n<tr>\n<td>2200050<\/td>\n<td>Al-SC-50<\/td>\n<td>20<\/td>\n<td>9,3<\/td>\n<td>106,5<\/td>\n<td>4-4\/2-2<\/td>\n<td>50<\/td>\n<td>7,2<\/td>\n<\/tr>\n<tr>\n<td>2200070<\/td>\n<td>Al-SC-70<\/td>\n<td>20<\/td>\n<td>11,2<\/td>\n<td>106,5<\/td>\n<td>4-4\/2-2<\/td>\n<td>50<\/td>\n<td>6,4<\/td>\n<\/tr>\n<tr>\n<td>2200095<\/td>\n<td>Al-SC-95<\/td>\n<td>20<\/td>\n<td>13,0<\/td>\n<td>106,5<\/td>\n<td>4-4\/2-2<\/td>\n<td>25<\/td>\n<td>5,4<\/td>\n<\/tr>\n<tr>\n<td>2200120<\/td>\n<td>Al-SC-120<\/td>\n<td>25<\/td>\n<td>15,0<\/td>\n<td>133,0<\/td>\n<td>4-4\/2-2<\/td>\n<td>25<\/td>\n<td>11,4<\/td>\n<\/tr>\n<tr>\n<td>2200150<\/td>\n<td>Al-SC-150<\/td>\n<td>25<\/td>\n<td>16,9<\/td>\n<td>133,0<\/td>\n<td>4-4\/2-2<\/td>\n<td>25<\/td>\n<td>10,1<\/td>\n<\/tr>\n<tr>\n<td>2200185<\/td>\n<td>Al-SC-185<\/td>\n<td>32<\/td>\n<td>18,0<\/td>\n<td>143,5<\/td>\n<td>4-4\/2-2<\/td>\n<td>25<\/td>\n<td>18,5<\/td>\n<\/tr>\n<tr>\n<td>2200240<\/td>\n<td>Al-SC-240<\/td>\n<td>32<\/td>\n<td>21,0<\/td>\n<td>143,5<\/td>\n<td>5-5\/2-2<\/td>\n<td>25<\/td>\n<td>17,5<\/td>\n<\/tr>\n<tr>\n<td>2200300<\/td>\n<td>Al-SC-300<\/td>\n<td>40<\/td>\n<td>23,5<\/td>\n<td>218,0<\/td>\n<td>5-5\/2-2<\/td>\n<td>25<\/td>\n<td>48,6<\/td>\n<\/tr>\n<\/tbody>\n<\/table>\n<p>&nbsp;<\/p>\n<p>&nbsp;<\/p>\n","protected":false},"excerpt":{"rendered":"<p>Koriste se za spajanje Al kablova istih preseka 10, 20 i 35 kV, motodom presovanja dubokim utiskivanjem u zatvorenoj matrici, prema SRPS N.F4.101. Preporu\u010dujemo upotrebu na\u0161e hidrauli\u010dne prese FS-240 sa odgovaraju\u0107im alatom. Kodni broj Oznaka mm\u00b2\/Vijak M d1 mm d2 mm L mm Broj presovanja meh.\/hidr. Pakovanje kom Te\u017eina g\/100kom 2200025 Al-SC-25 16 6,8 90,5 [&hellip;]<\/p>\n","protected":false},"featured_media":265059,"comment_status":"closed","ping_status":"closed","template":"","meta":[],"product_brand":[],"product_cat":[167,164],"product_tag":[],"class_list":{"0":"post-171","1":"product","2":"type-product","3":"status-publish","4":"has-post-thumbnail","6":"product_cat-spojne-caure","7":"product_cat-spojni-elementi-za-elektrovodove","9":"first","10":"instock","11":"shipping-taxable","12":"product-type-simple"},"_links":{"self":[{"href":"https:\/\/www.feman.net\/eng\/index.php?rest_route=\/wp\/v2\/product\/171","targetHints":{"allow":["GET"]}}],"collection":[{"href":"https:\/\/www.feman.net\/eng\/index.php?rest_route=\/wp\/v2\/product"}],"about":[{"href":"https:\/\/www.feman.net\/eng\/index.php?rest_route=\/wp\/v2\/types\/product"}],"replies":[{"embeddable":true,"href":"https:\/\/www.feman.net\/eng\/index.php?rest_route=%2Fwp%2Fv2%2Fcomments&post=171"}],"wp:featuredmedia":[{"embeddable":true,"href":"https:\/\/www.feman.net\/eng\/index.php?rest_route=\/wp\/v2\/media\/265059"}],"wp:attachment":[{"href":"https:\/\/www.feman.net\/eng\/index.php?rest_route=%2Fwp%2Fv2%2Fmedia&parent=171"}],"wp:term":[{"taxonomy":"product_brand","embeddable":true,"href":"https:\/\/www.feman.net\/eng\/index.php?rest_route=%2Fwp%2Fv2%2Fproduct_brand&post=171"},{"taxonomy":"product_cat","embeddable":true,"href":"https:\/\/www.feman.net\/eng\/index.php?rest_route=%2Fwp%2Fv2%2Fproduct_cat&post=171"},{"taxonomy":"product_tag","embeddable":true,"href":"https:\/\/www.feman.net\/eng\/index.php?rest_route=%2Fwp%2Fv2%2Fproduct_tag&post=171"}],"curies":[{"name":"wp","href":"https:\/\/api.w.org\/{rel}","templated":true}]}}