{"id":173,"date":"2014-08-27T13:26:23","date_gmt":"2014-08-27T13:26:23","guid":{"rendered":"http:\/\/feman.net\/?p=173"},"modified":"2022-11-23T13:02:37","modified_gmt":"2022-11-23T13:02:37","slug":"al-sime-reducir-caure-10-20-i-35-kv","status":"publish","type":"product","link":"https:\/\/www.feman.net\/eng\/?product=al-sime-reducir-caure-10-20-i-35-kv","title":{"rendered":"Al &#8220;SIME&#8221; reducir \u010daure (10, 20 i 35 kV)"},"content":{"rendered":"<p><a href=\"http:\/\/www.feman.net\/wp-content\/uploads\/2015\/03\/12-5.png\"><img loading=\"lazy\" decoding=\"async\" class=\"alignnone wp-image-1188 \" src=\"http:\/\/www.feman.net\/wp-content\/uploads\/2015\/03\/12-5-300x150.png\" alt=\"Al &quot;SIME&quot; reducir \u010daure (10, 20 i 35 kV)\" width=\"346\" height=\"173\" srcset=\"https:\/\/www.feman.net\/eng\/wp-content\/uploads\/2015\/03\/12-5-300x150.png 300w, https:\/\/www.feman.net\/eng\/wp-content\/uploads\/2015\/03\/12-5-150x75.png 150w, https:\/\/www.feman.net\/eng\/wp-content\/uploads\/2015\/03\/12-5.png 497w\" sizes=\"(max-width: 346px) 100vw, 346px\" \/><\/a><a href=\"http:\/\/www.feman.net\/wp-content\/uploads\/2015\/03\/12-6.png\"> \u00a0\u00a0\u00a0 <img loading=\"lazy\" decoding=\"async\" class=\"alignnone wp-image-1189 \" src=\"http:\/\/www.feman.net\/wp-content\/uploads\/2015\/03\/12-6-300x76.png\" alt=\"Al &quot;SIME&quot; reducir \u010daure (10, 20 i 35 kV)\" width=\"332\" height=\"84\" srcset=\"https:\/\/www.feman.net\/eng\/wp-content\/uploads\/2015\/03\/12-6-300x76.png 300w, https:\/\/www.feman.net\/eng\/wp-content\/uploads\/2015\/03\/12-6-150x38.png 150w, https:\/\/www.feman.net\/eng\/wp-content\/uploads\/2015\/03\/12-6.png 499w\" sizes=\"(max-width: 332px) 100vw, 332px\" \/><\/a><\/p>\n<p>Koriste se za spajanje Al kablova razli\u010ditih preseka 10,20 i 35 kV , metodom presovanja dubokim itskivanjem u zatvorenoj matrici, prema SRPS N.F4.101. Preporu\u010dujem upotrebu na\u0161e hidrauli\u010dne prese FS-240 sa odgovaraju\u0107im alatom.<\/p>\n<table style=\"height: 444px; width: 70.2881%;\" width=\"708\">\n<tbody>\n<tr style=\"background-color: #f7c899;\">\n<td style=\"text-align: center;\"><span style=\"font-size: 12pt;\">Kodni broj<\/span><\/td>\n<td style=\"text-align: center;\"><span style=\"font-size: 12pt;\">Oznaka mm\u00b2\/Vijak M<\/span><\/td>\n<td style=\"text-align: center;\"><span style=\"font-size: 12pt;\">d1 mm<\/span><\/td>\n<td style=\"text-align: center;\"><span style=\"font-size: 12pt;\">d2 mm<\/span><\/td>\n<td style=\"text-align: center;\"><span style=\"font-size: 12pt;\">L mm<\/span><\/td>\n<td style=\"text-align: center;\"><span style=\"font-size: 12pt;\">Broj presovanja me.\/hidr.<\/span><\/td>\n<td style=\"text-align: center;\"><span style=\"font-size: 12pt;\">Pakovanje kom<\/span><\/td>\n<td style=\"text-align: center;\"><span style=\"font-size: 12pt;\">Te\u017eina g\/100kom<\/span><\/td>\n<\/tr>\n<tr>\n<td><span style=\"font-size: 12pt;\">2205035<\/span><\/td>\n<td><span style=\"font-size: 12pt;\">Al-SC-50\/35<\/span><\/td>\n<td><span style=\"font-size: 12pt;\">20<\/span><\/td>\n<td><span style=\"font-size: 12pt;\">9,0<\/span><\/td>\n<td><span style=\"font-size: 12pt;\">8,0<\/span><\/td>\n<td><span style=\"font-size: 12pt;\">106,5<\/span><\/td>\n<td><span style=\"font-size: 12pt;\">25<\/span><\/td>\n<td><span style=\"font-size: 12pt;\">7,5<\/span><\/td>\n<\/tr>\n<tr>\n<td><span style=\"font-size: 12pt;\">2207016<\/span><\/td>\n<td><span style=\"font-size: 12pt;\">Al-SC-70\/16<\/span><\/td>\n<td><span style=\"font-size: 12pt;\">20<\/span><\/td>\n<td><span style=\"font-size: 12pt;\">11,0<\/span><\/td>\n<td><span style=\"font-size: 12pt;\">5,5<\/span><\/td>\n<td><span style=\"font-size: 12pt;\">106,5<\/span><\/td>\n<td><span style=\"font-size: 12pt;\">25<\/span><\/td>\n<td><span style=\"font-size: 12pt;\">7,5<\/span><\/td>\n<\/tr>\n<tr>\n<td><span style=\"font-size: 12pt;\">2207035<\/span><\/td>\n<td><span style=\"font-size: 12pt;\">Al-SC-70\/35<\/span><\/td>\n<td><span style=\"font-size: 12pt;\">20<\/span><\/td>\n<td><span style=\"font-size: 12pt;\">11,0<\/span><\/td>\n<td><span style=\"font-size: 12pt;\">8,0<\/span><\/td>\n<td><span style=\"font-size: 12pt;\">106,5<\/span><\/td>\n<td><span style=\"font-size: 12pt;\">25<\/span><\/td>\n<td><span style=\"font-size: 12pt;\">8,0<\/span><\/td>\n<\/tr>\n<tr>\n<td><span style=\"font-size: 12pt;\">2207050<\/span><\/td>\n<td><span style=\"font-size: 12pt;\">Al-SC-70\/50<\/span><\/td>\n<td><span style=\"font-size: 12pt;\">20<\/span><\/td>\n<td><span style=\"font-size: 12pt;\">11,0<\/span><\/td>\n<td><span style=\"font-size: 12pt;\">9,0<\/span><\/td>\n<td><span style=\"font-size: 12pt;\">106,5<\/span><\/td>\n<td><span style=\"font-size: 12pt;\">25<\/span><\/td>\n<td><span style=\"font-size: 12pt;\">8,0<\/span><\/td>\n<\/tr>\n<tr>\n<td><span style=\"font-size: 12pt;\">2209535<\/span><\/td>\n<td><span style=\"font-size: 12pt;\">Al-SC-95\/35<\/span><\/td>\n<td><span style=\"font-size: 12pt;\">20<\/span><\/td>\n<td><span style=\"font-size: 12pt;\">12,5<\/span><\/td>\n<td><span style=\"font-size: 12pt;\">8,5<\/span><\/td>\n<td><span style=\"font-size: 12pt;\">106,5<\/span><\/td>\n<td><span style=\"font-size: 12pt;\">25<\/span><\/td>\n<td><span style=\"font-size: 12pt;\">8,5<\/span><\/td>\n<\/tr>\n<tr>\n<td><span style=\"font-size: 12pt;\">2209550<\/span><\/td>\n<td><span style=\"font-size: 12pt;\">Al-SC-95\/50<\/span><\/td>\n<td><span style=\"font-size: 12pt;\">20<\/span><\/td>\n<td><span style=\"font-size: 12pt;\">12,5<\/span><\/td>\n<td><span style=\"font-size: 12pt;\">9,0<\/span><\/td>\n<td><span style=\"font-size: 12pt;\">106,5<\/span><\/td>\n<td><span style=\"font-size: 12pt;\">25<\/span><\/td>\n<td><span style=\"font-size: 12pt;\">8,5<\/span><\/td>\n<\/tr>\n<tr>\n<td><span style=\"font-size: 12pt;\">2209570<\/span><\/td>\n<td><span style=\"font-size: 12pt;\">Al-SC-95\/70<\/span><\/td>\n<td><span style=\"font-size: 12pt;\">20<\/span><\/td>\n<td><span style=\"font-size: 12pt;\">13,7<\/span><\/td>\n<td><span style=\"font-size: 12pt;\">11,0<\/span><\/td>\n<td><span style=\"font-size: 12pt;\">106,5<\/span><\/td>\n<td><span style=\"font-size: 12pt;\">25<\/span><\/td>\n<td><span style=\"font-size: 12pt;\">8,0<\/span><\/td>\n<\/tr>\n<tr>\n<td><span style=\"font-size: 12pt;\">2212035<\/span><\/td>\n<td><span style=\"font-size: 12pt;\">Al-SC-120\/35<\/span><\/td>\n<td><span style=\"font-size: 12pt;\">25<\/span><\/td>\n<td><span style=\"font-size: 12pt;\">13,7<\/span><\/td>\n<td><span style=\"font-size: 12pt;\">8,5<\/span><\/td>\n<td><span style=\"font-size: 12pt;\">133,0<\/span><\/td>\n<td><span style=\"font-size: 12pt;\">25<\/span><\/td>\n<td><span style=\"font-size: 12pt;\">15,0<\/span><\/td>\n<\/tr>\n<tr>\n<td><span style=\"font-size: 12pt;\">2212050<\/span><\/td>\n<td><span style=\"font-size: 12pt;\">Al-SC-120\/50<\/span><\/td>\n<td><span style=\"font-size: 12pt;\">25<\/span><\/td>\n<td><span style=\"font-size: 12pt;\">13,7<\/span><\/td>\n<td><span style=\"font-size: 12pt;\">9,0<\/span><\/td>\n<td><span style=\"font-size: 12pt;\">133,0<\/span><\/td>\n<td><span style=\"font-size: 12pt;\">25<\/span><\/td>\n<td><span style=\"font-size: 12pt;\">15,0<\/span><\/td>\n<\/tr>\n<tr>\n<td><span style=\"font-size: 12pt;\">2212070<\/span><\/td>\n<td><span style=\"font-size: 12pt;\">Al-SC-120\/70<\/span><\/td>\n<td><span style=\"font-size: 12pt;\">25<\/span><\/td>\n<td><span style=\"font-size: 12pt;\">13,7<\/span><\/td>\n<td><span style=\"font-size: 12pt;\">11,0<\/span><\/td>\n<td><span style=\"font-size: 12pt;\">133,0<\/span><\/td>\n<td><span style=\"font-size: 12pt;\">25<\/span><\/td>\n<td><span style=\"font-size: 12pt;\">15,0<\/span><\/td>\n<\/tr>\n<tr>\n<td><span style=\"font-size: 12pt;\">2212095<\/span><\/td>\n<td><span style=\"font-size: 12pt;\">Al-SC-120\/95<\/span><\/td>\n<td><span style=\"font-size: 12pt;\">25<\/span><\/td>\n<td><span style=\"font-size: 12pt;\">13,7<\/span><\/td>\n<td><span style=\"font-size: 12pt;\">12,5<\/span><\/td>\n<td><span style=\"font-size: 12pt;\">133,0<\/span><\/td>\n<td><span style=\"font-size: 12pt;\">25<\/span><\/td>\n<td><span style=\"font-size: 12pt;\">15,0<\/span><\/td>\n<\/tr>\n<tr>\n<td><span style=\"font-size: 12pt;\">2215035<\/span><\/td>\n<td><span style=\"font-size: 12pt;\">Al-SC-150\/35<\/span><\/td>\n<td><span style=\"font-size: 12pt;\">25<\/span><\/td>\n<td><span style=\"font-size: 12pt;\">15,5<\/span><\/td>\n<td><span style=\"font-size: 12pt;\">8,5<\/span><\/td>\n<td><span style=\"font-size: 12pt;\">133,0<\/span><\/td>\n<td><span style=\"font-size: 12pt;\">25<\/span><\/td>\n<td><span style=\"font-size: 12pt;\">140<\/span><\/td>\n<\/tr>\n<tr>\n<td><span style=\"font-size: 12pt;\">2215050<\/span><\/td>\n<td><span style=\"font-size: 12pt;\">Al-SC-150\/50<\/span><\/td>\n<td><span style=\"font-size: 12pt;\">25<\/span><\/td>\n<td><span style=\"font-size: 12pt;\">16,5<\/span><\/td>\n<td><span style=\"font-size: 12pt;\">9,0<\/span><\/td>\n<td><span style=\"font-size: 12pt;\">133,0<\/span><\/td>\n<td><span style=\"font-size: 12pt;\">25<\/span><\/td>\n<td><span style=\"font-size: 12pt;\">15,0<\/span><\/td>\n<\/tr>\n<tr>\n<td><span style=\"font-size: 12pt;\">2215070<\/span><\/td>\n<td><span style=\"font-size: 12pt;\">Al-SC-150\/70<\/span><\/td>\n<td><span style=\"font-size: 12pt;\">25<\/span><\/td>\n<td><span style=\"font-size: 12pt;\">15,5<\/span><\/td>\n<td><span style=\"font-size: 12pt;\">11,0<\/span><\/td>\n<td><span style=\"font-size: 12pt;\">133,0<\/span><\/td>\n<td><span style=\"font-size: 12pt;\">25<\/span><\/td>\n<td><span style=\"font-size: 12pt;\">14,5<\/span><\/td>\n<\/tr>\n<tr>\n<td><span style=\"font-size: 12pt;\">2215095<\/span><\/td>\n<td><span style=\"font-size: 12pt;\">Al-SC-150\/95<\/span><\/td>\n<td><span style=\"font-size: 12pt;\">25<\/span><\/td>\n<td><span style=\"font-size: 12pt;\">16,5<\/span><\/td>\n<td><span style=\"font-size: 12pt;\">13,0<\/span><\/td>\n<td><span style=\"font-size: 12pt;\">133,0<\/span><\/td>\n<td><span style=\"font-size: 12pt;\">25<\/span><\/td>\n<td><span style=\"font-size: 12pt;\">14,0<\/span><\/td>\n<\/tr>\n<tr>\n<td><span style=\"font-size: 12pt;\">2215012<\/span><\/td>\n<td><span style=\"font-size: 12pt;\">Al-SC-150\/120<\/span><\/td>\n<td><span style=\"font-size: 12pt;\">25<\/span><\/td>\n<td><span style=\"font-size: 12pt;\">16,5<\/span><\/td>\n<td><span style=\"font-size: 12pt;\">14,7<\/span><\/td>\n<td><span style=\"font-size: 12pt;\">133,0<\/span><\/td>\n<td><span style=\"font-size: 12pt;\">25<\/span><\/td>\n<td><span style=\"font-size: 12pt;\">14,0<\/span><\/td>\n<\/tr>\n<tr>\n<td><span style=\"font-size: 12pt;\">2218512<\/span><\/td>\n<td><span style=\"font-size: 12pt;\">Al-SC-185\/120<\/span><\/td>\n<td><span style=\"font-size: 12pt;\">32<\/span><\/td>\n<td><span style=\"font-size: 12pt;\">18,2<\/span><\/td>\n<td><span style=\"font-size: 12pt;\">14,7<\/span><\/td>\n<td><span style=\"font-size: 12pt;\">143,5<\/span><\/td>\n<td><span style=\"font-size: 12pt;\">25<\/span><\/td>\n<td><span style=\"font-size: 12pt;\">25,0<\/span><\/td>\n<\/tr>\n<tr>\n<td><span style=\"font-size: 12pt;\">2218515<\/span><\/td>\n<td><span style=\"font-size: 12pt;\">Al-SC-185\/150<\/span><\/td>\n<td><span style=\"font-size: 12pt;\">32<\/span><\/td>\n<td><span style=\"font-size: 12pt;\">18,2<\/span><\/td>\n<td><span style=\"font-size: 12pt;\">16,5<\/span><\/td>\n<td><span style=\"font-size: 12pt;\">143,5<\/span><\/td>\n<td><span style=\"font-size: 12pt;\">25<\/span><\/td>\n<td><span style=\"font-size: 12pt;\">25,0<\/span><\/td>\n<\/tr>\n<tr>\n<td><span style=\"font-size: 12pt;\">2224015<\/span><\/td>\n<td><span style=\"font-size: 12pt;\">Al-SC-240\/150<\/span><\/td>\n<td><span style=\"font-size: 12pt;\">32<\/span><\/td>\n<td><span style=\"font-size: 12pt;\">19,5<\/span><\/td>\n<td><span style=\"font-size: 12pt;\">15,5<\/span><\/td>\n<td><span style=\"font-size: 12pt;\">143,5<\/span><\/td>\n<td><span style=\"font-size: 12pt;\">25<\/span><\/td>\n<td><span style=\"font-size: 12pt;\">25,0<\/span><\/td>\n<\/tr>\n<\/tbody>\n<\/table>\n<p>&nbsp;<\/p>\n<p>&nbsp;<\/p>\n<p>&nbsp;<\/p>\n","protected":false},"excerpt":{"rendered":"<p>\u00a0\u00a0\u00a0 Koriste se za spajanje Al kablova razli\u010ditih preseka 10,20 i 35 kV , metodom presovanja dubokim itskivanjem u zatvorenoj matrici, prema SRPS N.F4.101. Preporu\u010dujem upotrebu na\u0161e hidrauli\u010dne prese FS-240 sa odgovaraju\u0107im alatom. Kodni broj Oznaka mm\u00b2\/Vijak M d1 mm d2 mm L mm Broj presovanja me.\/hidr. Pakovanje kom Te\u017eina g\/100kom 2205035 Al-SC-50\/35 20 9,0 [&hellip;]<\/p>\n","protected":false},"featured_media":265057,"comment_status":"closed","ping_status":"closed","template":"","meta":[],"product_brand":[],"product_cat":[167,164],"product_tag":[],"class_list":{"0":"post-173","1":"product","2":"type-product","3":"status-publish","4":"has-post-thumbnail","6":"product_cat-spojne-caure","7":"product_cat-spojni-elementi-za-elektrovodove","9":"first","10":"instock","11":"shipping-taxable","12":"product-type-simple"},"_links":{"self":[{"href":"https:\/\/www.feman.net\/eng\/index.php?rest_route=\/wp\/v2\/product\/173","targetHints":{"allow":["GET"]}}],"collection":[{"href":"https:\/\/www.feman.net\/eng\/index.php?rest_route=\/wp\/v2\/product"}],"about":[{"href":"https:\/\/www.feman.net\/eng\/index.php?rest_route=\/wp\/v2\/types\/product"}],"replies":[{"embeddable":true,"href":"https:\/\/www.feman.net\/eng\/index.php?rest_route=%2Fwp%2Fv2%2Fcomments&post=173"}],"wp:featuredmedia":[{"embeddable":true,"href":"https:\/\/www.feman.net\/eng\/index.php?rest_route=\/wp\/v2\/media\/265057"}],"wp:attachment":[{"href":"https:\/\/www.feman.net\/eng\/index.php?rest_route=%2Fwp%2Fv2%2Fmedia&parent=173"}],"wp:term":[{"taxonomy":"product_brand","embeddable":true,"href":"https:\/\/www.feman.net\/eng\/index.php?rest_route=%2Fwp%2Fv2%2Fproduct_brand&post=173"},{"taxonomy":"product_cat","embeddable":true,"href":"https:\/\/www.feman.net\/eng\/index.php?rest_route=%2Fwp%2Fv2%2Fproduct_cat&post=173"},{"taxonomy":"product_tag","embeddable":true,"href":"https:\/\/www.feman.net\/eng\/index.php?rest_route=%2Fwp%2Fv2%2Fproduct_tag&post=173"}],"curies":[{"name":"wp","href":"https:\/\/api.w.org\/{rel}","templated":true}]}}