{"id":175,"date":"2014-08-27T13:26:41","date_gmt":"2014-08-27T13:26:41","guid":{"rendered":"http:\/\/feman.net\/?p=175"},"modified":"2022-11-23T16:02:18","modified_gmt":"2022-11-23T16:02:18","slug":"kompresione-spojne-caure-za-nastavljanje-nosecih-uzadi","status":"publish","type":"product","link":"https:\/\/www.feman.net\/eng\/?product=kompresione-spojne-caure-za-nastavljanje-nosecih-uzadi","title":{"rendered":"Kompresione spojne \u010daure za nastavljanje nose\u0107ih u\u017eadi"},"content":{"rendered":"<p><a href=\"http:\/\/www.feman.net\/wp-content\/uploads\/2015\/03\/13-1.png\"><img loading=\"lazy\" decoding=\"async\" class=\"alignnone wp-image-1190 size-medium\" src=\"http:\/\/www.feman.net\/wp-content\/uploads\/2015\/03\/13-1-300x129.png\" alt=\"Kompresione spojne \u010daure za nastavljanje nose\u0107ih u\u017eadi\" width=\"300\" height=\"129\" srcset=\"https:\/\/www.feman.net\/eng\/wp-content\/uploads\/2015\/03\/13-1-300x129.png 300w, https:\/\/www.feman.net\/eng\/wp-content\/uploads\/2015\/03\/13-1-150x64.png 150w, https:\/\/www.feman.net\/eng\/wp-content\/uploads\/2015\/03\/13-1.png 497w\" sizes=\"(max-width: 300px) 100vw, 300px\" \/><\/a> \u00a0\u00a0\u00a0\u00a0 <a href=\"http:\/\/www.feman.net\/wp-content\/uploads\/2015\/03\/13-2.png\"><img loading=\"lazy\" decoding=\"async\" class=\"alignnone wp-image-1191 size-medium\" src=\"http:\/\/www.feman.net\/wp-content\/uploads\/2015\/03\/13-2-300x68.png\" alt=\"Kompresione spojne \u010daure za nastavljanje nose\u0107ih u\u017eadi\" width=\"300\" height=\"68\" srcset=\"https:\/\/www.feman.net\/eng\/wp-content\/uploads\/2015\/03\/13-2-300x68.png 300w, https:\/\/www.feman.net\/eng\/wp-content\/uploads\/2015\/03\/13-2-150x34.png 150w, https:\/\/www.feman.net\/eng\/wp-content\/uploads\/2015\/03\/13-2.png 527w\" sizes=\"(max-width: 300px) 100vw, 300px\" \/><\/a><\/p>\n<p>Slu\u017ei za nastavljanje nose\u0107eg u\u017eeta kod srednjenaponskog SKS-a. Izra\u0111uje se od prohron \u010delika. Za presovanje preporu\u010dujemo presu FCO-630 sa odgovaraju\u0107im umetkom.<\/p>\n<table style=\"height: 163px; width: 82.9958%;\" width=\"947\">\n<tbody>\n<tr style=\"background-color: #f7c899;\">\n<td style=\"text-align: center;\">Kodini broj<\/td>\n<td style=\"text-align: center;\">Oznaka mm\u00b2\/Vijak M<\/td>\n<td style=\"text-align: center;\">d1 mm<\/td>\n<td style=\"text-align: center;\">d2 mm<\/td>\n<td style=\"text-align: center;\">L mm<\/td>\n<td style=\"text-align: center;\">Broj presovanja meh.\/hidr.<\/td>\n<td style=\"text-align: center;\">Pakovanje kom<\/td>\n<td style=\"text-align: center;\">Te\u017eina g\/100kom<\/td>\n<\/tr>\n<tr>\n<td>2102075<\/td>\n<td>FPC-50<\/td>\n<td>19<\/td>\n<td>9,7<\/td>\n<td>182<\/td>\n<td>6-6<\/td>\n<td>100<\/td>\n<td>3,00<\/td>\n<\/tr>\n<tr>\n<td>2102077<\/td>\n<td>FPC-70<\/td>\n<td>21<\/td>\n<td>11<\/td>\n<td>200<\/td>\n<td>6-6<\/td>\n<td>100<\/td>\n<td>3,50<\/td>\n<\/tr>\n<\/tbody>\n<\/table>\n<p>&nbsp;<\/p>\n<p>&nbsp;<\/p>\n","protected":false},"excerpt":{"rendered":"<p>\u00a0\u00a0\u00a0\u00a0 Slu\u017ei za nastavljanje nose\u0107eg u\u017eeta kod srednjenaponskog SKS-a. Izra\u0111uje se od prohron \u010delika. Za presovanje preporu\u010dujemo presu FCO-630 sa odgovaraju\u0107im umetkom. Kodini broj Oznaka mm\u00b2\/Vijak M d1 mm d2 mm L mm Broj presovanja meh.\/hidr. Pakovanje kom Te\u017eina g\/100kom 2102075 FPC-50 19 9,7 182 6-6 100 3,00 2102077 FPC-70 21 11 200 6-6 100 [&hellip;]<\/p>\n","protected":false},"featured_media":265077,"comment_status":"closed","ping_status":"closed","template":"","meta":[],"product_brand":[],"product_cat":[167,164],"product_tag":[],"class_list":{"0":"post-175","1":"product","2":"type-product","3":"status-publish","4":"has-post-thumbnail","6":"product_cat-spojne-caure","7":"product_cat-spojni-elementi-za-elektrovodove","9":"first","10":"instock","11":"shipping-taxable","12":"product-type-simple"},"_links":{"self":[{"href":"https:\/\/www.feman.net\/eng\/index.php?rest_route=\/wp\/v2\/product\/175","targetHints":{"allow":["GET"]}}],"collection":[{"href":"https:\/\/www.feman.net\/eng\/index.php?rest_route=\/wp\/v2\/product"}],"about":[{"href":"https:\/\/www.feman.net\/eng\/index.php?rest_route=\/wp\/v2\/types\/product"}],"replies":[{"embeddable":true,"href":"https:\/\/www.feman.net\/eng\/index.php?rest_route=%2Fwp%2Fv2%2Fcomments&post=175"}],"wp:featuredmedia":[{"embeddable":true,"href":"https:\/\/www.feman.net\/eng\/index.php?rest_route=\/wp\/v2\/media\/265077"}],"wp:attachment":[{"href":"https:\/\/www.feman.net\/eng\/index.php?rest_route=%2Fwp%2Fv2%2Fmedia&parent=175"}],"wp:term":[{"taxonomy":"product_brand","embeddable":true,"href":"https:\/\/www.feman.net\/eng\/index.php?rest_route=%2Fwp%2Fv2%2Fproduct_brand&post=175"},{"taxonomy":"product_cat","embeddable":true,"href":"https:\/\/www.feman.net\/eng\/index.php?rest_route=%2Fwp%2Fv2%2Fproduct_cat&post=175"},{"taxonomy":"product_tag","embeddable":true,"href":"https:\/\/www.feman.net\/eng\/index.php?rest_route=%2Fwp%2Fv2%2Fproduct_tag&post=175"}],"curies":[{"name":"wp","href":"https:\/\/api.w.org\/{rel}","templated":true}]}}