{"id":183,"date":"2014-08-27T13:27:45","date_gmt":"2014-08-27T13:27:45","guid":{"rendered":"http:\/\/feman.net\/?p=183"},"modified":"2022-11-23T13:10:48","modified_gmt":"2022-11-23T13:10:48","slug":"al-kompresione-spojne-caure","status":"publish","type":"product","link":"https:\/\/www.feman.net\/eng\/?product=al-kompresione-spojne-caure","title":{"rendered":"Al  kompresione spojne \u010daure"},"content":{"rendered":"<p><a href=\"http:\/\/www.feman.net\/wp-content\/uploads\/2015\/03\/14-1.png\"><img loading=\"lazy\" decoding=\"async\" class=\"alignnone wp-image-1198\" src=\"http:\/\/www.feman.net\/wp-content\/uploads\/2015\/03\/14-1-300x176.png\" alt=\"Al kompresione spojne \u010daure\" width=\"264\" height=\"155\" srcset=\"https:\/\/www.feman.net\/eng\/wp-content\/uploads\/2015\/03\/14-1-300x176.png 300w, https:\/\/www.feman.net\/eng\/wp-content\/uploads\/2015\/03\/14-1-150x88.png 150w, https:\/\/www.feman.net\/eng\/wp-content\/uploads\/2015\/03\/14-1.png 469w\" sizes=\"(max-width: 264px) 100vw, 264px\" \/><\/a><a href=\"http:\/\/www.feman.net\/wp-content\/uploads\/2015\/03\/14-2.png\"><img loading=\"lazy\" decoding=\"async\" class=\"alignnone wp-image-1199\" src=\"http:\/\/www.feman.net\/wp-content\/uploads\/2015\/03\/14-2-300x61.png\" alt=\"Al kompresione spojne \u010daure\" width=\"379\" height=\"77\" srcset=\"https:\/\/www.feman.net\/eng\/wp-content\/uploads\/2015\/03\/14-2-300x61.png 300w, https:\/\/www.feman.net\/eng\/wp-content\/uploads\/2015\/03\/14-2-150x31.png 150w, https:\/\/www.feman.net\/eng\/wp-content\/uploads\/2015\/03\/14-2.png 518w\" sizes=\"(max-width: 379px) 100vw, 379px\" \/><\/a><\/p>\n<p>Slu\u017ee za nastavljanje provodnika u neizolovanim nadzemnim i kablovskim mre\u017eama. One svojom konstrukcijom obezbe\u0111uju dobar elektri\u010dni i mehani\u010dki spoj provodnika. Spajanje se vr\u0161i \u0161estougaonim presovanjem pomo\u0107u &#8220;FEMAN&#8221; ru\u010dnih mehani\u010dkih presa ( FP-185, FP-300 ). Pri spajanju izolovanih provodnika neophodna je po zavr\u0161enom presovanju izolovai mesto spoja. Izolovanje se naj\u010de\u0161\u0107e vr\u0161i toploskupljaju\u0107im cevima ili samospajaju\u0107im izolacionim trakama.<\/p>\n<table style=\"height: 296px; width: 63.7656%;\" width=\"768\">\n<tbody>\n<tr style=\"background-color: #f7c899;\">\n<td style=\"text-align: center;\">Kodni broj<\/td>\n<td style=\"text-align: center;\">Oznaka mm\u00b2\/Vijak M<\/td>\n<td style=\"text-align: center;\">d1 mm<\/td>\n<td style=\"text-align: center;\">d2 mm<\/td>\n<td style=\"text-align: center;\">L mm<\/td>\n<td style=\"text-align: center;\">Broj presovanja meh.\/hidr.<\/td>\n<td style=\"text-align: center;\">Pakovanje kom<\/td>\n<td style=\"text-align: center;\">Te\u017eina g\/100kom<\/td>\n<\/tr>\n<tr>\n<td>2101016<\/td>\n<td>FKC-16<\/td>\n<td>12<\/td>\n<td>5,6<\/td>\n<td>140<\/td>\n<td>6-6<\/td>\n<td>100<\/td>\n<td>3,00<\/td>\n<\/tr>\n<tr>\n<td>2101025<\/td>\n<td>FKC-25<\/td>\n<td>12<\/td>\n<td>6,8<\/td>\n<td>140<\/td>\n<td>6-6<\/td>\n<td>100<\/td>\n<td>3,50<\/td>\n<\/tr>\n<tr>\n<td>2101035<\/td>\n<td>FKC-35<\/td>\n<td>14<\/td>\n<td>8<\/td>\n<td>140<\/td>\n<td>6-6<\/td>\n<td>100<\/td>\n<td>4,00<\/td>\n<\/tr>\n<tr>\n<td>2101050<\/td>\n<td>FKC-50<\/td>\n<td>16<\/td>\n<td>10<\/td>\n<td>155<\/td>\n<td>8-8<\/td>\n<td>50<\/td>\n<td>5,05<\/td>\n<\/tr>\n<tr>\n<td>2101070<\/td>\n<td>FKC-70<\/td>\n<td>18<\/td>\n<td>11,5<\/td>\n<td>165<\/td>\n<td>8-8<\/td>\n<td>50<\/td>\n<td>7,43<\/td>\n<\/tr>\n<tr>\n<td>2101071<\/td>\n<td>FKC-71,5<\/td>\n<td>18<\/td>\n<td>11,5<\/td>\n<td>165<\/td>\n<td>8-8<\/td>\n<td>50<\/td>\n<td>7,43<\/td>\n<\/tr>\n<\/tbody>\n<\/table>\n<p>&nbsp;<\/p>\n<p>&nbsp;<\/p>\n","protected":false},"excerpt":{"rendered":"<p>Slu\u017ee za nastavljanje provodnika u neizolovanim nadzemnim i kablovskim mre\u017eama. One svojom konstrukcijom obezbe\u0111uju dobar elektri\u010dni i mehani\u010dki spoj provodnika. Spajanje se vr\u0161i \u0161estougaonim presovanjem pomo\u0107u &#8220;FEMAN&#8221; ru\u010dnih mehani\u010dkih presa ( FP-185, FP-300 ). Pri spajanju izolovanih provodnika neophodna je po zavr\u0161enom presovanju izolovai mesto spoja. Izolovanje se naj\u010de\u0161\u0107e vr\u0161i toploskupljaju\u0107im cevima ili samospajaju\u0107im izolacionim [&hellip;]<\/p>\n","protected":false},"featured_media":265061,"comment_status":"closed","ping_status":"closed","template":"","meta":[],"product_brand":[],"product_cat":[167,164],"product_tag":[],"class_list":{"0":"post-183","1":"product","2":"type-product","3":"status-publish","4":"has-post-thumbnail","6":"product_cat-spojne-caure","7":"product_cat-spojni-elementi-za-elektrovodove","9":"first","10":"instock","11":"shipping-taxable","12":"product-type-simple"},"_links":{"self":[{"href":"https:\/\/www.feman.net\/eng\/index.php?rest_route=\/wp\/v2\/product\/183","targetHints":{"allow":["GET"]}}],"collection":[{"href":"https:\/\/www.feman.net\/eng\/index.php?rest_route=\/wp\/v2\/product"}],"about":[{"href":"https:\/\/www.feman.net\/eng\/index.php?rest_route=\/wp\/v2\/types\/product"}],"replies":[{"embeddable":true,"href":"https:\/\/www.feman.net\/eng\/index.php?rest_route=%2Fwp%2Fv2%2Fcomments&post=183"}],"wp:featuredmedia":[{"embeddable":true,"href":"https:\/\/www.feman.net\/eng\/index.php?rest_route=\/wp\/v2\/media\/265061"}],"wp:attachment":[{"href":"https:\/\/www.feman.net\/eng\/index.php?rest_route=%2Fwp%2Fv2%2Fmedia&parent=183"}],"wp:term":[{"taxonomy":"product_brand","embeddable":true,"href":"https:\/\/www.feman.net\/eng\/index.php?rest_route=%2Fwp%2Fv2%2Fproduct_brand&post=183"},{"taxonomy":"product_cat","embeddable":true,"href":"https:\/\/www.feman.net\/eng\/index.php?rest_route=%2Fwp%2Fv2%2Fproduct_cat&post=183"},{"taxonomy":"product_tag","embeddable":true,"href":"https:\/\/www.feman.net\/eng\/index.php?rest_route=%2Fwp%2Fv2%2Fproduct_tag&post=183"}],"curies":[{"name":"wp","href":"https:\/\/api.w.org\/{rel}","templated":true}]}}