{"id":187,"date":"2014-08-27T13:28:13","date_gmt":"2014-08-27T13:28:13","guid":{"rendered":"http:\/\/feman.net\/?p=187"},"modified":"2022-11-23T17:46:33","modified_gmt":"2022-11-23T17:46:33","slug":"strujne-stezaljke","status":"publish","type":"product","link":"https:\/\/www.feman.net\/eng\/?product=strujne-stezaljke","title":{"rendered":"Strujne stezaljke"},"content":{"rendered":"<p><a href=\"http:\/\/www.feman.net\/wp-content\/uploads\/2015\/03\/14-8.png\"><img loading=\"lazy\" decoding=\"async\" class=\"alignnone wp-image-1205 size-medium\" src=\"http:\/\/www.feman.net\/wp-content\/uploads\/2015\/03\/14-8-300x163.png\" alt=\"Strujne stezaljke\" width=\"300\" height=\"163\" srcset=\"https:\/\/www.feman.net\/eng\/wp-content\/uploads\/2015\/03\/14-8-300x163.png 300w, https:\/\/www.feman.net\/eng\/wp-content\/uploads\/2015\/03\/14-8-150x82.png 150w, https:\/\/www.feman.net\/eng\/wp-content\/uploads\/2015\/03\/14-8.png 346w\" sizes=\"(max-width: 300px) 100vw, 300px\" \/> \u00a0\u00a0\u00a0\u00a0\u00a0\u00a0 <\/a><a href=\"http:\/\/www.feman.net\/wp-content\/uploads\/2015\/03\/14-9.png\"><img loading=\"lazy\" decoding=\"async\" class=\"alignnone wp-image-1206 size-full\" src=\"http:\/\/www.feman.net\/wp-content\/uploads\/2015\/03\/14-9.png\" alt=\"Strujne stezaljke\" width=\"237\" height=\"233\" srcset=\"https:\/\/www.feman.net\/eng\/wp-content\/uploads\/2015\/03\/14-9.png 237w, https:\/\/www.feman.net\/eng\/wp-content\/uploads\/2015\/03\/14-9-100x98.png 100w, https:\/\/www.feman.net\/eng\/wp-content\/uploads\/2015\/03\/14-9-150x147.png 150w\" sizes=\"(max-width: 237px) 100vw, 237px\" \/><\/a><\/p>\n<p>&nbsp;<\/p>\n<p style=\"text-align: justify;\">Izra\u0111ena je od aluminijumske legure, odnosno od bakra. Ove stezaljke se upotrebljavaju kao nastavne i zavr\u0161ne na svim mestmima gde je potrebna izuzetno velika \u010dvrsto\u0107a spoja faznih provodnika od \u010distog bakra, aluminijuma ili alu-\u010deli\u010dnih provodnika, prema SRPS N.F4.106. Ove stezaljke su sastavljene iz dva posebna dela, donjeg i gornjeg. Spajanjem ovih delova stezaljke, dobijaju se kanali za u\u017eljebljenje i u\u010dvr\u0161\u0107ivanje provodnika odgovaraju\u0107eg preseka. Kanali su izvedeni sa popre\u010dnim naborima \u017eljebovima, da bi se onemogu\u0107ilo klizanje provodnika kod normalnih optere\u0107enja. \u017dljebovi slu\u017ee ujedno i za razaranje aluminijum-oksida na povr\u0161ini provodnika, a samim tim i za ostvarivanje dobrog elektri\u010dnog kontakta. Spajanje delova ove stezaljke izvodi se sa dva ili tri zavrtnja, upotrebom jednog klju\u010da. Zavrtnji su kvalitetno za\u0161ti\u0107eni od korozije cinkovanjem a po posebnoj porud\u017ebini mogu biti i toplo cinkovani.<\/p>\n<p><a href=\"http:\/\/www.feman.net\/wp-content\/uploads\/2015\/03\/14-10.png\"><img loading=\"lazy\" decoding=\"async\" class=\"alignnone wp-image-1207 size-medium\" src=\"http:\/\/www.feman.net\/wp-content\/uploads\/2015\/03\/14-10-300x211.png\" alt=\"Strujne stezaljke\" width=\"300\" height=\"211\" srcset=\"https:\/\/www.feman.net\/eng\/wp-content\/uploads\/2015\/03\/14-10-300x211.png 300w, https:\/\/www.feman.net\/eng\/wp-content\/uploads\/2015\/03\/14-10-150x105.png 150w, https:\/\/www.feman.net\/eng\/wp-content\/uploads\/2015\/03\/14-10.png 367w\" sizes=\"(max-width: 300px) 100vw, 300px\" \/><\/a><a href=\"http:\/\/www.feman.net\/wp-content\/uploads\/2015\/03\/14-9.png\"> \u00a0\u00a0\u00a0\u00a0\u00a0\u00a0\u00a0 <img loading=\"lazy\" decoding=\"async\" class=\"alignnone wp-image-1206 size-full\" src=\"http:\/\/www.feman.net\/wp-content\/uploads\/2015\/03\/14-9.png\" alt=\"Strujne stezaljke\" width=\"237\" height=\"233\" srcset=\"https:\/\/www.feman.net\/eng\/wp-content\/uploads\/2015\/03\/14-9.png 237w, https:\/\/www.feman.net\/eng\/wp-content\/uploads\/2015\/03\/14-9-100x98.png 100w, https:\/\/www.feman.net\/eng\/wp-content\/uploads\/2015\/03\/14-9-150x147.png 150w\" sizes=\"(max-width: 237px) 100vw, 237px\" \/><\/a><\/p>\n<p><a href=\"http:\/\/www.feman.net\/wp-content\/uploads\/2015\/03\/14-11.png\"><img loading=\"lazy\" decoding=\"async\" class=\"alignnone wp-image-1208 \" src=\"http:\/\/www.feman.net\/wp-content\/uploads\/2015\/03\/14-11.png\" alt=\"Strujne stezaljke\" width=\"204\" height=\"171\" srcset=\"https:\/\/www.feman.net\/eng\/wp-content\/uploads\/2015\/03\/14-11.png 286w, https:\/\/www.feman.net\/eng\/wp-content\/uploads\/2015\/03\/14-11-100x84.png 100w, https:\/\/www.feman.net\/eng\/wp-content\/uploads\/2015\/03\/14-11-150x126.png 150w\" sizes=\"(max-width: 204px) 100vw, 204px\" \/><\/a><a href=\"http:\/\/www.feman.net\/wp-content\/uploads\/2015\/03\/14-12.png\"> \u00a0\u00a0\u00a0\u00a0\u00a0\u00a0\u00a0\u00a0\u00a0\u00a0\u00a0\u00a0\u00a0\u00a0\u00a0\u00a0\u00a0\u00a0\u00a0\u00a0\u00a0\u00a0\u00a0\u00a0\u00a0\u00a0\u00a0\u00a0\u00a0\u00a0\u00a0\u00a0\u00a0\u00a0 <img loading=\"lazy\" decoding=\"async\" class=\"alignnone wp-image-1209 size-full\" src=\"http:\/\/www.feman.net\/wp-content\/uploads\/2015\/03\/14-12.png\" alt=\"Strujne stezaljke\" width=\"178\" height=\"229\" srcset=\"https:\/\/www.feman.net\/eng\/wp-content\/uploads\/2015\/03\/14-12.png 178w, https:\/\/www.feman.net\/eng\/wp-content\/uploads\/2015\/03\/14-12-100x129.png 100w, https:\/\/www.feman.net\/eng\/wp-content\/uploads\/2015\/03\/14-12-150x193.png 150w\" sizes=\"(max-width: 178px) 100vw, 178px\" \/><\/a><\/p>\n<table style=\"height: 422px; width: 63.9119%;\" width=\"590\">\n<tbody>\n<tr style=\"background-color: #f7c899;\">\n<td style=\"text-align: center;\">Kodni broj<\/td>\n<td style=\"text-align: center;\">Oznaka mm\u00b2\/Vijak M<\/td>\n<td style=\"text-align: center;\">A mm<\/td>\n<td style=\"text-align: center;\">B mm<\/td>\n<td style=\"text-align: center;\">C mm<\/td>\n<td style=\"text-align: center;\">Pakovanje kom<\/td>\n<td style=\"text-align: center;\">Te\u017eina g\/100kom<\/td>\n<\/tr>\n<tr>\n<td style=\"text-align: center;\">3695122<\/td>\n<td style=\"text-align: center;\">FSS Cu 50-70\/3<\/td>\n<td style=\"text-align: center;\">120<\/td>\n<td style=\"text-align: center;\">46,8<\/td>\n<td style=\"text-align: center;\">43<\/td>\n<td style=\"text-align: center;\">25<\/td>\n<td style=\"text-align: center;\">106,00<\/td>\n<\/tr>\n<tr>\n<td style=\"text-align: center;\">3695123<\/td>\n<td style=\"text-align: center;\">FSS Cu 95-120\/3<\/td>\n<td style=\"text-align: center;\">120<\/td>\n<td style=\"text-align: center;\">53<\/td>\n<td style=\"text-align: center;\">52<\/td>\n<td style=\"text-align: center;\">15<\/td>\n<td style=\"text-align: center;\">&#8211;<\/td>\n<\/tr>\n<tr>\n<td style=\"text-align: center;\">3716352<\/td>\n<td style=\"text-align: center;\">FSS 16-35\/2<\/td>\n<td style=\"text-align: center;\">70<\/td>\n<td style=\"text-align: center;\">36,8<\/td>\n<td style=\"text-align: center;\">35,7<\/td>\n<td style=\"text-align: center;\">25<\/td>\n<td style=\"text-align: center;\">18,00<\/td>\n<\/tr>\n<tr>\n<td style=\"text-align: center;\">3716353<\/td>\n<td style=\"text-align: center;\">FSS 16-35\/3<\/td>\n<td style=\"text-align: center;\">105<\/td>\n<td style=\"text-align: center;\">36,8<\/td>\n<td style=\"text-align: center;\">35,7<\/td>\n<td style=\"text-align: center;\">25<\/td>\n<td style=\"text-align: center;\">23,70<\/td>\n<\/tr>\n<tr>\n<td style=\"text-align: center;\">3735502<\/td>\n<td style=\"text-align: center;\">FSS 35-50\/2<\/td>\n<td style=\"text-align: center;\">75<\/td>\n<td style=\"text-align: center;\">36,8<\/td>\n<td style=\"text-align: center;\">35<\/td>\n<td style=\"text-align: center;\">25<\/td>\n<td style=\"text-align: center;\">18,00<\/td>\n<\/tr>\n<tr>\n<td style=\"text-align: center;\">3735503<\/td>\n<td style=\"text-align: center;\">FSS 35-50\/3<\/td>\n<td style=\"text-align: center;\">115<\/td>\n<td style=\"text-align: center;\">36,8<\/td>\n<td style=\"text-align: center;\">35<\/td>\n<td style=\"text-align: center;\">25<\/td>\n<td style=\"text-align: center;\">28,60<\/td>\n<\/tr>\n<tr>\n<td style=\"text-align: center;\">3750702<\/td>\n<td style=\"text-align: center;\">FSS 50-70\/2<\/td>\n<td style=\"text-align: center;\">80<\/td>\n<td style=\"text-align: center;\">46,8<\/td>\n<td style=\"text-align: center;\">43<\/td>\n<td style=\"text-align: center;\">25<\/td>\n<td style=\"text-align: center;\">26,20<\/td>\n<\/tr>\n<tr>\n<td style=\"text-align: center;\">3750703<\/td>\n<td style=\"text-align: center;\">FSS 50-70\/3<\/td>\n<td style=\"text-align: center;\">120<\/td>\n<td style=\"text-align: center;\">46,8<\/td>\n<td style=\"text-align: center;\">43<\/td>\n<td style=\"text-align: center;\">25<\/td>\n<td style=\"text-align: center;\">36,50<\/td>\n<\/tr>\n<tr>\n<td style=\"text-align: center;\">3795122<\/td>\n<td style=\"text-align: center;\">FSS 95-120\/2<\/td>\n<td style=\"text-align: center;\">80<\/td>\n<td style=\"text-align: center;\">57<\/td>\n<td style=\"text-align: center;\">52<\/td>\n<td style=\"text-align: center;\">15<\/td>\n<td style=\"text-align: center;\">41,00<\/td>\n<\/tr>\n<tr>\n<td style=\"text-align: center;\">3795123<\/td>\n<td style=\"text-align: center;\">FSS 95-120\/3<\/td>\n<td style=\"text-align: center;\">120<\/td>\n<td style=\"text-align: center;\">57<\/td>\n<td style=\"text-align: center;\">52<\/td>\n<td style=\"text-align: center;\">15<\/td>\n<td style=\"text-align: center;\">58,40<\/td>\n<\/tr>\n<\/tbody>\n<\/table>\n<p>&nbsp;<\/p>\n<p>&nbsp;<\/p>\n<p>&nbsp;<\/p>\n","protected":false},"excerpt":{"rendered":"<p>\u00a0\u00a0\u00a0\u00a0\u00a0\u00a0 &nbsp; Izra\u0111ena je od aluminijumske legure, odnosno od bakra. Ove stezaljke se upotrebljavaju kao nastavne i zavr\u0161ne na svim mestmima gde je potrebna izuzetno velika \u010dvrsto\u0107a spoja faznih provodnika od \u010distog bakra, aluminijuma ili alu-\u010deli\u010dnih provodnika, prema SRPS N.F4.106. Ove stezaljke su sastavljene iz dva posebna dela, donjeg i gornjeg. Spajanjem ovih delova stezaljke, [&hellip;]<\/p>\n","protected":false},"featured_media":265118,"comment_status":"closed","ping_status":"closed","template":"","meta":[],"product_brand":[],"product_cat":[164,171],"product_tag":[],"class_list":{"0":"post-187","1":"product","2":"type-product","3":"status-publish","4":"has-post-thumbnail","6":"product_cat-spojni-elementi-za-elektrovodove","7":"product_cat-stezaljke-neizolovane","9":"first","10":"instock","11":"shipping-taxable","12":"product-type-simple"},"_links":{"self":[{"href":"https:\/\/www.feman.net\/eng\/index.php?rest_route=\/wp\/v2\/product\/187","targetHints":{"allow":["GET"]}}],"collection":[{"href":"https:\/\/www.feman.net\/eng\/index.php?rest_route=\/wp\/v2\/product"}],"about":[{"href":"https:\/\/www.feman.net\/eng\/index.php?rest_route=\/wp\/v2\/types\/product"}],"replies":[{"embeddable":true,"href":"https:\/\/www.feman.net\/eng\/index.php?rest_route=%2Fwp%2Fv2%2Fcomments&post=187"}],"wp:featuredmedia":[{"embeddable":true,"href":"https:\/\/www.feman.net\/eng\/index.php?rest_route=\/wp\/v2\/media\/265118"}],"wp:attachment":[{"href":"https:\/\/www.feman.net\/eng\/index.php?rest_route=%2Fwp%2Fv2%2Fmedia&parent=187"}],"wp:term":[{"taxonomy":"product_brand","embeddable":true,"href":"https:\/\/www.feman.net\/eng\/index.php?rest_route=%2Fwp%2Fv2%2Fproduct_brand&post=187"},{"taxonomy":"product_cat","embeddable":true,"href":"https:\/\/www.feman.net\/eng\/index.php?rest_route=%2Fwp%2Fv2%2Fproduct_cat&post=187"},{"taxonomy":"product_tag","embeddable":true,"href":"https:\/\/www.feman.net\/eng\/index.php?rest_route=%2Fwp%2Fv2%2Fproduct_tag&post=187"}],"curies":[{"name":"wp","href":"https:\/\/api.w.org\/{rel}","templated":true}]}}