{"id":191,"date":"2014-08-27T13:28:47","date_gmt":"2014-08-27T13:28:47","guid":{"rendered":"http:\/\/feman.net\/?p=191"},"modified":"2022-11-23T17:28:01","modified_gmt":"2022-11-23T17:28:01","slug":"al-zubasta-stezaljka","status":"publish","type":"product","link":"https:\/\/www.feman.net\/eng\/?product=al-zubasta-stezaljka","title":{"rendered":"Al zubasta stezaljka"},"content":{"rendered":"<p><a href=\"http:\/\/www.feman.net\/wp-content\/uploads\/2014\/08\/1.-Al-zubasta-stezaljka.jpg\"><img loading=\"lazy\" decoding=\"async\" class=\"alignnone  wp-image-264108\" src=\"http:\/\/www.feman.net\/wp-content\/uploads\/2014\/08\/1.-Al-zubasta-stezaljka.jpg\" alt=\"\" width=\"293\" height=\"293\" srcset=\"https:\/\/www.feman.net\/eng\/wp-content\/uploads\/2014\/08\/1.-Al-zubasta-stezaljka.jpg 300w, https:\/\/www.feman.net\/eng\/wp-content\/uploads\/2014\/08\/1.-Al-zubasta-stezaljka-100x100.jpg 100w, https:\/\/www.feman.net\/eng\/wp-content\/uploads\/2014\/08\/1.-Al-zubasta-stezaljka-150x150.jpg 150w\" sizes=\"(max-width: 293px) 100vw, 293px\" \/><\/a><a href=\"http:\/\/www.feman.net\/wp-content\/uploads\/2014\/08\/2.-Al-zubasta-stezaljka.jpg\"> \u00a0\u00a0\u00a0\u00a0\u00a0 <img loading=\"lazy\" decoding=\"async\" class=\"alignnone wp-image-264109\" src=\"http:\/\/www.feman.net\/wp-content\/uploads\/2014\/08\/2.-Al-zubasta-stezaljka.jpg\" alt=\"\" width=\"134\" height=\"230\" srcset=\"https:\/\/www.feman.net\/eng\/wp-content\/uploads\/2014\/08\/2.-Al-zubasta-stezaljka.jpg 356w, https:\/\/www.feman.net\/eng\/wp-content\/uploads\/2014\/08\/2.-Al-zubasta-stezaljka-300x514.jpg 300w, https:\/\/www.feman.net\/eng\/wp-content\/uploads\/2014\/08\/2.-Al-zubasta-stezaljka-175x300.jpg 175w\" sizes=\"(max-width: 134px) 100vw, 134px\" \/>\u00a0\u00a0<\/a><\/p>\n<p style=\"text-align: justify;\">Zubasta stezaljka ovog tipa primenjuje se na spojevima koji provode struju, a treba da izdr\u017ee mehani\u010dka naprezanja voda, prema SRPS N.F4.106. Tako\u0111e su podesne za ra\u010dvanje mre\u017ee i pri\u010dvr\u0161\u0107ivanje dodatnih u\u017eadi na glavnu u\u017ead. Prikladne su za spajanje vodova jednakog ili razli\u010ditog preseka od 50-70 mm2. Stezaljke izra\u0111ujemo od aluminijumske legure pa odgovaraju za spajanje Al i Al-\u010de u\u017eadi. Pomo\u0107u uzengija-vijka postignut je veoma \u010dvrst spoj koji je osiguran kontra navrtkom (dve navrtke).<\/p>\n<ul>\n<li><strong>Pakovanje: 50 kom<\/strong><\/li>\n<li><strong>Te\u017eina: 19,54 kg\/100kom<\/strong><\/li>\n<li><strong>Kodni broj: 3004000<\/strong><\/li>\n<\/ul>\n<p>&nbsp;<\/p>\n","protected":false},"excerpt":{"rendered":"<p>\u00a0\u00a0\u00a0\u00a0\u00a0 \u00a0\u00a0 Zubasta stezaljka ovog tipa primenjuje se na spojevima koji provode struju, a treba da izdr\u017ee mehani\u010dka naprezanja voda, prema SRPS N.F4.106. Tako\u0111e su podesne za ra\u010dvanje mre\u017ee i pri\u010dvr\u0161\u0107ivanje dodatnih u\u017eadi na glavnu u\u017ead. Prikladne su za spajanje vodova jednakog ili razli\u010ditog preseka od 50-70 mm2. Stezaljke izra\u0111ujemo od aluminijumske legure pa odgovaraju [&hellip;]<\/p>\n","protected":false},"featured_media":265107,"comment_status":"closed","ping_status":"closed","template":"","meta":[],"product_brand":[],"product_cat":[164,171],"product_tag":[],"class_list":{"0":"post-191","1":"product","2":"type-product","3":"status-publish","4":"has-post-thumbnail","6":"product_cat-spojni-elementi-za-elektrovodove","7":"product_cat-stezaljke-neizolovane","9":"first","10":"instock","11":"shipping-taxable","12":"product-type-simple"},"_links":{"self":[{"href":"https:\/\/www.feman.net\/eng\/index.php?rest_route=\/wp\/v2\/product\/191","targetHints":{"allow":["GET"]}}],"collection":[{"href":"https:\/\/www.feman.net\/eng\/index.php?rest_route=\/wp\/v2\/product"}],"about":[{"href":"https:\/\/www.feman.net\/eng\/index.php?rest_route=\/wp\/v2\/types\/product"}],"replies":[{"embeddable":true,"href":"https:\/\/www.feman.net\/eng\/index.php?rest_route=%2Fwp%2Fv2%2Fcomments&post=191"}],"wp:featuredmedia":[{"embeddable":true,"href":"https:\/\/www.feman.net\/eng\/index.php?rest_route=\/wp\/v2\/media\/265107"}],"wp:attachment":[{"href":"https:\/\/www.feman.net\/eng\/index.php?rest_route=%2Fwp%2Fv2%2Fmedia&parent=191"}],"wp:term":[{"taxonomy":"product_brand","embeddable":true,"href":"https:\/\/www.feman.net\/eng\/index.php?rest_route=%2Fwp%2Fv2%2Fproduct_brand&post=191"},{"taxonomy":"product_cat","embeddable":true,"href":"https:\/\/www.feman.net\/eng\/index.php?rest_route=%2Fwp%2Fv2%2Fproduct_cat&post=191"},{"taxonomy":"product_tag","embeddable":true,"href":"https:\/\/www.feman.net\/eng\/index.php?rest_route=%2Fwp%2Fv2%2Fproduct_tag&post=191"}],"curies":[{"name":"wp","href":"https:\/\/api.w.org\/{rel}","templated":true}]}}