{"id":197,"date":"2014-08-27T13:29:28","date_gmt":"2014-08-27T13:29:28","guid":{"rendered":"http:\/\/feman.net\/?p=197"},"modified":"2022-11-23T17:26:19","modified_gmt":"2022-11-23T17:26:19","slug":"al-unimax-univerzalna-odvojna-stezaljka","status":"publish","type":"product","link":"https:\/\/www.feman.net\/eng\/?product=al-unimax-univerzalna-odvojna-stezaljka","title":{"rendered":"Al UNIMAX univerzalna odvojna stezaljka"},"content":{"rendered":"<p><a href=\"http:\/\/www.feman.net\/wp-content\/uploads\/2015\/03\/16-1.png\"><img loading=\"lazy\" decoding=\"async\" class=\"alignnone wp-image-1220\" src=\"http:\/\/www.feman.net\/wp-content\/uploads\/2015\/03\/16-1-276x300.png\" alt=\"Al UNIMAX univerzalna odvojna stezaljka\" width=\"198\" height=\"216\" srcset=\"https:\/\/www.feman.net\/eng\/wp-content\/uploads\/2015\/03\/16-1-276x300.png 276w, https:\/\/www.feman.net\/eng\/wp-content\/uploads\/2015\/03\/16-1-300x326.png 300w, https:\/\/www.feman.net\/eng\/wp-content\/uploads\/2015\/03\/16-1-150x163.png 150w, https:\/\/www.feman.net\/eng\/wp-content\/uploads\/2015\/03\/16-1.png 304w\" sizes=\"(max-width: 198px) 100vw, 198px\" \/><\/a><a href=\"http:\/\/www.feman.net\/wp-content\/uploads\/2015\/03\/16-3.png\"> \u00a0\u00a0\u00a0\u00a0\u00a0\u00a0\u00a0 <img loading=\"lazy\" decoding=\"async\" class=\"alignnone wp-image-1222\" src=\"http:\/\/www.feman.net\/wp-content\/uploads\/2015\/03\/16-3-300x265.png\" alt=\"Al UNIMAX univerzalna odvojna stezaljka\" width=\"225\" height=\"199\" srcset=\"https:\/\/www.feman.net\/eng\/wp-content\/uploads\/2015\/03\/16-3-300x265.png 300w, https:\/\/www.feman.net\/eng\/wp-content\/uploads\/2015\/03\/16-3-340x300.png 340w, https:\/\/www.feman.net\/eng\/wp-content\/uploads\/2015\/03\/16-3-150x132.png 150w, https:\/\/www.feman.net\/eng\/wp-content\/uploads\/2015\/03\/16-3.png 440w\" sizes=\"(max-width: 225px) 100vw, 225px\" \/><\/a><a href=\"http:\/\/www.feman.net\/wp-content\/uploads\/2015\/03\/16-2.png\">\u00a0\u00a0\u00a0\u00a0\u00a0\u00a0\u00a0\u00a0\u00a0\u00a0\u00a0\u00a0\u00a0\u00a0\u00a0\u00a0 <img loading=\"lazy\" decoding=\"async\" class=\"wp-image-1221  alignnone\" src=\"http:\/\/www.feman.net\/wp-content\/uploads\/2015\/03\/16-2-180x300.png\" alt=\"Al UNIMAX univerzalna odvojna stezaljka\" width=\"125\" height=\"208\" srcset=\"https:\/\/www.feman.net\/eng\/wp-content\/uploads\/2015\/03\/16-2-180x300.png 180w, https:\/\/www.feman.net\/eng\/wp-content\/uploads\/2015\/03\/16-2-150x249.png 150w, https:\/\/www.feman.net\/eng\/wp-content\/uploads\/2015\/03\/16-2.png 190w\" sizes=\"(max-width: 125px) 100vw, 125px\" \/><\/a><\/p>\n<p style=\"text-align: justify;\">Slu\u017ei za spajanje odcepnih i priklju\u010dnih Al-provodnika na Al-neizolovani vazdu\u0161ni vod, prema JUS N.F4.106. Pored dobrih mehani\u010dkih ima i izuzetno dobre elektri\u010dne karakteristike. Izra\u0111eno je od aluminijuma velike \u010disto\u0107e prema DIN 40501. FEMAN-ova &#8220;UNIMAX&#8221; stezaljka radi se livenjem pod pritiskom a kanali su izvedeni sa popre\u010dnim \u017eljebovima koji pri stezanju razaraju aluminijumoksid na povr\u0161ini provodnika i ostvaruju bolji elektri\u010dni kontakt. Ujedno su ovom inovacijom pobolj\u0161ane i mehani\u010dke karakteristike ove stezaljke. Uvo\u0111enje popre\u010dnih \u017eljebova du\u017e kanala predstavlja zna\u010dajno pobolj\u0161anje kvaliteta i pouzdanost spoja. Do sada su na tr\u017ei\u0161tu bile i unimax stezaljke ra\u0111ene od Al profila bez \u017eljebova tako da je zbog sloja aluminijum oksida dolazilo do pove\u0107anog prelaznog otpora izme\u0111u stezaljke i provodnika a samim tim lo\u0161eg kontakta odcepnog voda. Spajanje delova ove stezaljke izvodi se pomo\u0107u dva torban zavrtnja koja su utisnuta u mosti\u0107 stezaljke \u010dime je olak\u0161ana monta\u017ea upotrebom samo jednog klju\u010da.<\/p>\n<table style=\"height: 279px; width: 91.1199%;\" width=\"859\">\n<tbody>\n<tr style=\"background-color: #f7c899;\">\n<td style=\"text-align: center;\">Kodni broj<\/td>\n<td style=\"text-align: center;\">Oznaka mm\u00b2\/Vijak M<\/td>\n<td style=\"text-align: center;\">A mm<\/td>\n<td style=\"text-align: center;\">B mm<\/td>\n<td style=\"text-align: center;\">\u00a0C mm<\/td>\n<td style=\"text-align: center;\">Torban zavrtanj<\/td>\n<td style=\"text-align: center;\">Pakovanje kom<\/td>\n<td style=\"text-align: center;\">Te\u017eina g\/100kom<\/td>\n<\/tr>\n<tr>\n<td style=\"text-align: center;\">2600425<\/td>\n<td style=\"text-align: center;\">UNIMAX 4-25<\/td>\n<td style=\"text-align: center;\">40<\/td>\n<td style=\"text-align: center;\">26<\/td>\n<td style=\"text-align: center;\">37<\/td>\n<td style=\"text-align: center;\">2xM6<\/td>\n<td style=\"text-align: center;\">100<\/td>\n<td style=\"text-align: center;\">5,60<\/td>\n<\/tr>\n<tr>\n<td style=\"text-align: center;\">2600635<\/td>\n<td style=\"text-align: center;\">UNIMAX 6-35<\/td>\n<td style=\"text-align: center;\">40<\/td>\n<td style=\"text-align: center;\">30<\/td>\n<td style=\"text-align: center;\">39<\/td>\n<td style=\"text-align: center;\">2xM6<\/td>\n<td style=\"text-align: center;\">75<\/td>\n<td style=\"text-align: center;\">6,20<\/td>\n<\/tr>\n<tr>\n<td style=\"text-align: center;\">2600650<\/td>\n<td style=\"text-align: center;\">UNIMAX 6-50<\/td>\n<td style=\"text-align: center;\">47<\/td>\n<td style=\"text-align: center;\">34<\/td>\n<td style=\"text-align: center;\">48<\/td>\n<td style=\"text-align: center;\">2xM8<\/td>\n<td style=\"text-align: center;\">100<\/td>\n<td style=\"text-align: center;\">11,80<\/td>\n<\/tr>\n<tr>\n<td style=\"text-align: center;\">2601095<\/td>\n<td style=\"text-align: center;\">UNIMAX 10-95<\/td>\n<td style=\"text-align: center;\">52,5<\/td>\n<td style=\"text-align: center;\">40<\/td>\n<td style=\"text-align: center;\">55<\/td>\n<td style=\"text-align: center;\">2xM8<\/td>\n<td style=\"text-align: center;\">75<\/td>\n<td style=\"text-align: center;\">13,80<\/td>\n<\/tr>\n<tr>\n<td style=\"text-align: center;\">2625150<\/td>\n<td style=\"text-align: center;\">UNIMAX 25-150<\/td>\n<td style=\"text-align: center;\">64<\/td>\n<td style=\"text-align: center;\">50<\/td>\n<td style=\"text-align: center;\">55<\/td>\n<td style=\"text-align: center;\">2xM10<\/td>\n<td style=\"text-align: center;\">20<\/td>\n<td style=\"text-align: center;\">26,40<\/td>\n<\/tr>\n<tr>\n<td style=\"text-align: center;\">2625185<\/td>\n<td style=\"text-align: center;\">UNIMAX 25-185<\/td>\n<td style=\"text-align: center;\">64<\/td>\n<td style=\"text-align: center;\">50<\/td>\n<td style=\"text-align: center;\">55<\/td>\n<td style=\"text-align: center;\">2xM10<\/td>\n<td style=\"text-align: center;\">20<\/td>\n<td style=\"text-align: center;\">26,40<\/td>\n<\/tr>\n<\/tbody>\n<\/table>\n<p>&nbsp;<\/p>\n<p>&nbsp;<\/p>\n<p>&nbsp;<\/p>\n","protected":false},"excerpt":{"rendered":"<p>\u00a0\u00a0\u00a0\u00a0\u00a0\u00a0\u00a0 \u00a0\u00a0\u00a0\u00a0\u00a0\u00a0\u00a0\u00a0\u00a0\u00a0\u00a0\u00a0\u00a0\u00a0\u00a0\u00a0 Slu\u017ei za spajanje odcepnih i priklju\u010dnih Al-provodnika na Al-neizolovani vazdu\u0161ni vod, prema JUS N.F4.106. Pored dobrih mehani\u010dkih ima i izuzetno dobre elektri\u010dne karakteristike. Izra\u0111eno je od aluminijuma velike \u010disto\u0107e prema DIN 40501. FEMAN-ova &#8220;UNIMAX&#8221; stezaljka radi se livenjem pod pritiskom a kanali su izvedeni sa popre\u010dnim \u017eljebovima koji pri stezanju razaraju aluminijumoksid na [&hellip;]<\/p>\n","protected":false},"featured_media":265105,"comment_status":"closed","ping_status":"closed","template":"","meta":[],"product_brand":[],"product_cat":[164,171],"product_tag":[],"class_list":{"0":"post-197","1":"product","2":"type-product","3":"status-publish","4":"has-post-thumbnail","6":"product_cat-spojni-elementi-za-elektrovodove","7":"product_cat-stezaljke-neizolovane","9":"first","10":"instock","11":"shipping-taxable","12":"product-type-simple"},"_links":{"self":[{"href":"https:\/\/www.feman.net\/eng\/index.php?rest_route=\/wp\/v2\/product\/197","targetHints":{"allow":["GET"]}}],"collection":[{"href":"https:\/\/www.feman.net\/eng\/index.php?rest_route=\/wp\/v2\/product"}],"about":[{"href":"https:\/\/www.feman.net\/eng\/index.php?rest_route=\/wp\/v2\/types\/product"}],"replies":[{"embeddable":true,"href":"https:\/\/www.feman.net\/eng\/index.php?rest_route=%2Fwp%2Fv2%2Fcomments&post=197"}],"wp:featuredmedia":[{"embeddable":true,"href":"https:\/\/www.feman.net\/eng\/index.php?rest_route=\/wp\/v2\/media\/265105"}],"wp:attachment":[{"href":"https:\/\/www.feman.net\/eng\/index.php?rest_route=%2Fwp%2Fv2%2Fmedia&parent=197"}],"wp:term":[{"taxonomy":"product_brand","embeddable":true,"href":"https:\/\/www.feman.net\/eng\/index.php?rest_route=%2Fwp%2Fv2%2Fproduct_brand&post=197"},{"taxonomy":"product_cat","embeddable":true,"href":"https:\/\/www.feman.net\/eng\/index.php?rest_route=%2Fwp%2Fv2%2Fproduct_cat&post=197"},{"taxonomy":"product_tag","embeddable":true,"href":"https:\/\/www.feman.net\/eng\/index.php?rest_route=%2Fwp%2Fv2%2Fproduct_tag&post=197"}],"curies":[{"name":"wp","href":"https:\/\/api.w.org\/{rel}","templated":true}]}}