{"id":199,"date":"2014-08-27T13:29:38","date_gmt":"2014-08-27T13:29:38","guid":{"rendered":"http:\/\/feman.net\/?p=199"},"modified":"2022-11-23T17:47:49","modified_gmt":"2022-11-23T17:47:49","slug":"super-unimax-stezaljka","status":"publish","type":"product","link":"https:\/\/www.feman.net\/eng\/?product=super-unimax-stezaljka","title":{"rendered":"SUPER UNIMAX stezaljka"},"content":{"rendered":"<p><a href=\"http:\/\/www.feman.net\/wp-content\/uploads\/2015\/03\/16-4.png\"><img loading=\"lazy\" decoding=\"async\" class=\"wp-image-1223 alignnone\" src=\"http:\/\/www.feman.net\/wp-content\/uploads\/2015\/03\/16-4-300x264.png\" alt=\"SUPER UNIMAX stezaljka\" width=\"240\" height=\"211\" srcset=\"https:\/\/www.feman.net\/eng\/wp-content\/uploads\/2015\/03\/16-4-300x264.png 300w, https:\/\/www.feman.net\/eng\/wp-content\/uploads\/2015\/03\/16-4-150x132.png 150w, https:\/\/www.feman.net\/eng\/wp-content\/uploads\/2015\/03\/16-4.png 302w\" sizes=\"(max-width: 240px) 100vw, 240px\" \/> \u00a0\u00a0\u00a0\u00a0\u00a0\u00a0\u00a0\u00a0\u00a0\u00a0\u00a0\u00a0\u00a0\u00a0\u00a0\u00a0 <\/a><a href=\"http:\/\/www.feman.net\/wp-content\/uploads\/2015\/03\/16-6.png\"><img loading=\"lazy\" decoding=\"async\" class=\"alignnone wp-image-1225\" src=\"http:\/\/www.feman.net\/wp-content\/uploads\/2015\/03\/16-6-300x258.png\" alt=\"SUPER UNIMAX stezaljka\" width=\"190\" height=\"163\" srcset=\"https:\/\/www.feman.net\/eng\/wp-content\/uploads\/2015\/03\/16-6-300x258.png 300w, https:\/\/www.feman.net\/eng\/wp-content\/uploads\/2015\/03\/16-6-349x300.png 349w, https:\/\/www.feman.net\/eng\/wp-content\/uploads\/2015\/03\/16-6-150x129.png 150w, https:\/\/www.feman.net\/eng\/wp-content\/uploads\/2015\/03\/16-6.png 448w\" sizes=\"(max-width: 190px) 100vw, 190px\" \/><\/a><\/p>\n<p style=\"text-align: justify;\">Ova stezaljka je izra\u0111ena po specijalnom zahtevu Elektroprivrede Srbije. Predstavlja jedinstven i potpuno nov proizvod na evropskom tr\u017ei\u0161tu. Izra\u0111ena je od specijalne legure koja omogu\u0107ava istovremeno spajanje aluminijumskih i bakarnih vazdu\u0161nih vodova, bez pojave elektroliti\u010dke i elektrohemijske korozije, prema SRPS N.F4.106. Atestni rezultati pokazuju da je ova steualjka daleko volja od dod sada kori\u0161cenne Al-Cu kombinovane odvojne stezaljke koja ima istu namenu. &#8220;SUPER-UNIMAX&#8221; steyaljka podjednako yadovoljava i mehani\u010dke i elektri\u010dne zahteve kod spojeva. Izra\u0111uje se u pet veli\u010dina. Izra\u0111ene su\u00a0 kuvanjem da bi dobili popre\u010dne zubi\u0107e koji slu\u017ee za razaranje oksida, a ujedno se dobija ve\u0107a kontaktna povr\u0161ina i \u010dvr\u0161\u0107a mehani\u010dka veza. Na stezaljku je ugra\u0111en mosti\u0107 \u010dime se posti\u017ee ravnomerniji pritisak na provodnik a samim tim i bolja provodljivost. Monta\u017ea UNIMAX stezaljke se vr\u0161i pomo\u0107u jednog klju\u010da.<\/p>\n<p>&nbsp;<\/p>\n<table style=\"height: 250px; width: 75.4228%;\" width=\"864\">\n<tbody>\n<tr style=\"height: 31px; background-color: #f7c899;\">\n<td style=\"height: 31px; text-align: center;\">Kodni broj<\/td>\n<td style=\"height: 31px; text-align: center;\">Oznaka mm\u00b2 \/ Vijak M<\/td>\n<td style=\"height: 31px; text-align: center;\">A mm<\/td>\n<td style=\"height: 31px; text-align: center;\">B mm<\/td>\n<td style=\"height: 31px; text-align: center;\">C mm<\/td>\n<td style=\"height: 31px; text-align: center;\">Torban zavrtanj<\/td>\n<td style=\"height: 31px; text-align: center;\">Pakovanje kom<\/td>\n<td style=\"height: 31px; text-align: center;\">Te\u017eina g\/100kom<\/td>\n<\/tr>\n<tr style=\"height: 31px;\">\n<td style=\"height: 31px; text-align: center;\">2700425<\/td>\n<td style=\"height: 31px; text-align: center;\">FS-UNIMAX 4\/25<\/td>\n<td style=\"height: 31px; text-align: center;\">40<\/td>\n<td style=\"height: 31px; text-align: center;\">26<\/td>\n<td style=\"height: 31px; text-align: center;\">37<\/td>\n<td style=\"height: 31px; text-align: center;\">2xM6<\/td>\n<td style=\"height: 31px; text-align: center;\">50<\/td>\n<td style=\"height: 31px; text-align: center;\">12,20<\/td>\n<\/tr>\n<tr style=\"height: 31px;\">\n<td style=\"height: 31px; text-align: center;\">2700635<\/td>\n<td style=\"height: 31px; text-align: center;\">FS-UNIMAX 6\/35<\/td>\n<td style=\"height: 31px; text-align: center;\">40<\/td>\n<td style=\"height: 31px; text-align: center;\">30<\/td>\n<td style=\"height: 31px; text-align: center;\">39<\/td>\n<td style=\"height: 31px; text-align: center;\">2xM6<\/td>\n<td style=\"height: 31px; text-align: center;\">50<\/td>\n<td style=\"height: 31px; text-align: center;\">12,80<\/td>\n<\/tr>\n<tr style=\"height: 31px;\">\n<td style=\"height: 31px; text-align: center;\">2700650<\/td>\n<td style=\"height: 31px; text-align: center;\">FS-UNIMAX 6\/50<\/td>\n<td style=\"height: 31px; text-align: center;\">47<\/td>\n<td style=\"height: 31px; text-align: center;\">34<\/td>\n<td style=\"height: 31px; text-align: center;\">48<\/td>\n<td style=\"height: 31px; text-align: center;\">2xM8<\/td>\n<td style=\"height: 31px; text-align: center;\">50<\/td>\n<td style=\"height: 31px; text-align: center;\">23,20<\/td>\n<\/tr>\n<tr style=\"height: 31px;\">\n<td style=\"height: 31px; text-align: center;\">2701095<\/td>\n<td style=\"height: 31px; text-align: center;\">FS-UNIMAX 10\/95<\/td>\n<td style=\"height: 31px; text-align: center;\">52,5<\/td>\n<td style=\"height: 31px; text-align: center;\">40<\/td>\n<td style=\"height: 31px; text-align: center;\">55<\/td>\n<td style=\"height: 31px; text-align: center;\">2xM8<\/td>\n<td style=\"height: 31px; text-align: center;\">50<\/td>\n<td style=\"height: 31px; text-align: center;\">32,40<\/td>\n<\/tr>\n<tr style=\"height: 31px;\">\n<td style=\"height: 31px; text-align: center;\">2702515<\/td>\n<td style=\"height: 31px; text-align: center;\">FS-UNIMAX 25\/150<\/td>\n<td style=\"height: 31px; text-align: center;\">64<\/td>\n<td style=\"height: 31px; text-align: center;\">50<\/td>\n<td style=\"height: 31px; text-align: center;\">55<\/td>\n<td style=\"height: 31px; text-align: center;\">2xM10<\/td>\n<td style=\"height: 31px; text-align: center;\">25<\/td>\n<td style=\"height: 31px; text-align: center;\">49,24<\/td>\n<\/tr>\n<\/tbody>\n<\/table>\n<p>&nbsp;<\/p>\n<p>&nbsp;<\/p>\n","protected":false},"excerpt":{"rendered":"<p>\u00a0\u00a0\u00a0\u00a0\u00a0\u00a0\u00a0\u00a0\u00a0\u00a0\u00a0\u00a0\u00a0\u00a0\u00a0\u00a0 Ova stezaljka je izra\u0111ena po specijalnom zahtevu Elektroprivrede Srbije. Predstavlja jedinstven i potpuno nov proizvod na evropskom tr\u017ei\u0161tu. Izra\u0111ena je od specijalne legure koja omogu\u0107ava istovremeno spajanje aluminijumskih i bakarnih vazdu\u0161nih vodova, bez pojave elektroliti\u010dke i elektrohemijske korozije, prema SRPS N.F4.106. Atestni rezultati pokazuju da je ova steualjka daleko volja od dod sada kori\u0161cenne [&hellip;]<\/p>\n","protected":false},"featured_media":265120,"comment_status":"closed","ping_status":"closed","template":"","meta":[],"product_brand":[],"product_cat":[164,171],"product_tag":[],"class_list":{"0":"post-199","1":"product","2":"type-product","3":"status-publish","4":"has-post-thumbnail","6":"product_cat-spojni-elementi-za-elektrovodove","7":"product_cat-stezaljke-neizolovane","9":"first","10":"instock","11":"shipping-taxable","12":"product-type-simple"},"_links":{"self":[{"href":"https:\/\/www.feman.net\/eng\/index.php?rest_route=\/wp\/v2\/product\/199","targetHints":{"allow":["GET"]}}],"collection":[{"href":"https:\/\/www.feman.net\/eng\/index.php?rest_route=\/wp\/v2\/product"}],"about":[{"href":"https:\/\/www.feman.net\/eng\/index.php?rest_route=\/wp\/v2\/types\/product"}],"replies":[{"embeddable":true,"href":"https:\/\/www.feman.net\/eng\/index.php?rest_route=%2Fwp%2Fv2%2Fcomments&post=199"}],"wp:featuredmedia":[{"embeddable":true,"href":"https:\/\/www.feman.net\/eng\/index.php?rest_route=\/wp\/v2\/media\/265120"}],"wp:attachment":[{"href":"https:\/\/www.feman.net\/eng\/index.php?rest_route=%2Fwp%2Fv2%2Fmedia&parent=199"}],"wp:term":[{"taxonomy":"product_brand","embeddable":true,"href":"https:\/\/www.feman.net\/eng\/index.php?rest_route=%2Fwp%2Fv2%2Fproduct_brand&post=199"},{"taxonomy":"product_cat","embeddable":true,"href":"https:\/\/www.feman.net\/eng\/index.php?rest_route=%2Fwp%2Fv2%2Fproduct_cat&post=199"},{"taxonomy":"product_tag","embeddable":true,"href":"https:\/\/www.feman.net\/eng\/index.php?rest_route=%2Fwp%2Fv2%2Fproduct_tag&post=199"}],"curies":[{"name":"wp","href":"https:\/\/api.w.org\/{rel}","templated":true}]}}