{"id":201,"date":"2014-08-27T13:29:51","date_gmt":"2014-08-27T13:29:51","guid":{"rendered":"http:\/\/feman.net\/?p=201"},"modified":"2022-11-23T17:41:54","modified_gmt":"2022-11-23T17:41:54","slug":"fefix-stezaljka","status":"publish","type":"product","link":"https:\/\/www.feman.net\/eng\/?product=fefix-stezaljka","title":{"rendered":"FEFIX stezaljka"},"content":{"rendered":"<p><a href=\"http:\/\/www.feman.net\/wp-content\/uploads\/2015\/03\/16-7.png\"><img loading=\"lazy\" decoding=\"async\" class=\"alignnone wp-image-1226\" src=\"http:\/\/www.feman.net\/wp-content\/uploads\/2015\/03\/16-7.png\" alt=\"FEFIX stezaljka\" width=\"209\" height=\"203\" srcset=\"https:\/\/www.feman.net\/eng\/wp-content\/uploads\/2015\/03\/16-7.png 240w, https:\/\/www.feman.net\/eng\/wp-content\/uploads\/2015\/03\/16-7-100x97.png 100w, https:\/\/www.feman.net\/eng\/wp-content\/uploads\/2015\/03\/16-7-150x146.png 150w\" sizes=\"(max-width: 209px) 100vw, 209px\" \/><\/a><a href=\"http:\/\/www.feman.net\/wp-content\/uploads\/2015\/03\/16-9.png\"> \u00a0\u00a0\u00a0\u00a0\u00a0\u00a0\u00a0 <img loading=\"lazy\" decoding=\"async\" class=\"alignnone wp-image-1228\" src=\"http:\/\/www.feman.net\/wp-content\/uploads\/2015\/03\/16-9.png\" alt=\"FEFIX stezaljka\" width=\"154\" height=\"104\" srcset=\"https:\/\/www.feman.net\/eng\/wp-content\/uploads\/2015\/03\/16-9.png 286w, https:\/\/www.feman.net\/eng\/wp-content\/uploads\/2015\/03\/16-9-100x67.png 100w, https:\/\/www.feman.net\/eng\/wp-content\/uploads\/2015\/03\/16-9-150x101.png 150w\" sizes=\"(max-width: 154px) 100vw, 154px\" \/> \u00a0\u00a0 \u00a0 \u00a0 \u00a0 <\/a><a href=\"http:\/\/www.feman.net\/wp-content\/uploads\/2015\/03\/16-8.png\"><img loading=\"lazy\" decoding=\"async\" class=\"wp-image-1227  alignnone\" src=\"http:\/\/www.feman.net\/wp-content\/uploads\/2015\/03\/16-8-152x300.png\" alt=\"FEFIX stezaljka\" width=\"111\" height=\"219\" srcset=\"https:\/\/www.feman.net\/eng\/wp-content\/uploads\/2015\/03\/16-8-152x300.png 152w, https:\/\/www.feman.net\/eng\/wp-content\/uploads\/2015\/03\/16-8-150x296.png 150w, https:\/\/www.feman.net\/eng\/wp-content\/uploads\/2015\/03\/16-8.png 214w\" sizes=\"(max-width: 111px) 100vw, 111px\" \/><\/a><\/p>\n<p>Feman fiksirna stezaljka upotrebljava se za Al-\u010de u\u017ead, kao i nastavna i zavr\u0161na i na svim spojnim mestima gde je potrebno izuzetno velika \u010dvrsto\u0107a spoja prema SRPS N.F4.106. Pogodno je za brzu monta\u017eu i demonta\u017eu jer se koristi jedan klju\u010d za pritezanje bez upotrebe kontra klju\u010da. Nazubljeno je \u0161to dodatno pove\u0107ava \u010dvrsto\u0107u spoja.<\/p>\n<table style=\"height: 109px;\" width=\"740\">\n<tbody>\n<tr style=\"background-color: #f7c899;\">\n<td style=\"text-align: center;\">Kodni broj<\/td>\n<td style=\"text-align: center;\">Oznaka mm\u00b2\/Vijak M<\/td>\n<td style=\"text-align: center;\">Za pre\u010dnik mm<\/td>\n<td style=\"text-align: center;\">Pakovanje kom<\/td>\n<td style=\"text-align: center;\">Te\u017eina g\/100kom<\/td>\n<\/tr>\n<tr>\n<td style=\"text-align: center;\">3003550<\/td>\n<td style=\"text-align: center;\">FEFIX 35-50<\/td>\n<td style=\"text-align: center;\">7,5-9,5<\/td>\n<td style=\"text-align: center;\">25<\/td>\n<td style=\"text-align: center;\">16,80<\/td>\n<\/tr>\n<\/tbody>\n<\/table>\n<p>&nbsp;<\/p>\n<p>&nbsp;<\/p>\n<p>&nbsp;<\/p>\n","protected":false},"excerpt":{"rendered":"<p>\u00a0\u00a0\u00a0\u00a0\u00a0\u00a0\u00a0 \u00a0\u00a0 \u00a0 \u00a0 \u00a0 Feman fiksirna stezaljka upotrebljava se za Al-\u010de u\u017ead, kao i nastavna i zavr\u0161na i na svim spojnim mestima gde je potrebno izuzetno velika \u010dvrsto\u0107a spoja prema SRPS N.F4.106. Pogodno je za brzu monta\u017eu i demonta\u017eu jer se koristi jedan klju\u010d za pritezanje bez upotrebe kontra klju\u010da. Nazubljeno je \u0161to dodatno [&hellip;]<\/p>\n","protected":false},"featured_media":265114,"comment_status":"closed","ping_status":"closed","template":"","meta":[],"product_brand":[],"product_cat":[164,171],"product_tag":[],"class_list":{"0":"post-201","1":"product","2":"type-product","3":"status-publish","4":"has-post-thumbnail","6":"product_cat-spojni-elementi-za-elektrovodove","7":"product_cat-stezaljke-neizolovane","9":"first","10":"instock","11":"shipping-taxable","12":"product-type-simple"},"_links":{"self":[{"href":"https:\/\/www.feman.net\/eng\/index.php?rest_route=\/wp\/v2\/product\/201","targetHints":{"allow":["GET"]}}],"collection":[{"href":"https:\/\/www.feman.net\/eng\/index.php?rest_route=\/wp\/v2\/product"}],"about":[{"href":"https:\/\/www.feman.net\/eng\/index.php?rest_route=\/wp\/v2\/types\/product"}],"replies":[{"embeddable":true,"href":"https:\/\/www.feman.net\/eng\/index.php?rest_route=%2Fwp%2Fv2%2Fcomments&post=201"}],"wp:featuredmedia":[{"embeddable":true,"href":"https:\/\/www.feman.net\/eng\/index.php?rest_route=\/wp\/v2\/media\/265114"}],"wp:attachment":[{"href":"https:\/\/www.feman.net\/eng\/index.php?rest_route=%2Fwp%2Fv2%2Fmedia&parent=201"}],"wp:term":[{"taxonomy":"product_brand","embeddable":true,"href":"https:\/\/www.feman.net\/eng\/index.php?rest_route=%2Fwp%2Fv2%2Fproduct_brand&post=201"},{"taxonomy":"product_cat","embeddable":true,"href":"https:\/\/www.feman.net\/eng\/index.php?rest_route=%2Fwp%2Fv2%2Fproduct_cat&post=201"},{"taxonomy":"product_tag","embeddable":true,"href":"https:\/\/www.feman.net\/eng\/index.php?rest_route=%2Fwp%2Fv2%2Fproduct_tag&post=201"}],"curies":[{"name":"wp","href":"https:\/\/api.w.org\/{rel}","templated":true}]}}