{"id":217,"date":"2014-08-27T13:31:36","date_gmt":"2014-08-27T13:31:36","guid":{"rendered":"http:\/\/feman.net\/?p=217"},"modified":"2022-11-23T18:02:37","modified_gmt":"2022-11-23T18:02:37","slug":"vijacne-papucice-sa-samo-okidajucom-glavom","status":"publish","type":"product","link":"https:\/\/www.feman.net\/eng\/?product=vijacne-papucice-sa-samo-okidajucom-glavom","title":{"rendered":"Vija\u010dne papu\u010dice sa samo-okidaju\u0107om glavom"},"content":{"rendered":"<p><a href=\"http:\/\/www.feman.net\/wp-content\/uploads\/2015\/03\/19-3.png\"><img loading=\"lazy\" decoding=\"async\" class=\"alignnone wp-image-1241\" src=\"http:\/\/www.feman.net\/wp-content\/uploads\/2015\/03\/19-3-300x232.png\" alt=\"Vija\u010dne papu\u010dice sa samo-okidaju\u0107om glavom\" width=\"269\" height=\"208\" srcset=\"https:\/\/www.feman.net\/eng\/wp-content\/uploads\/2015\/03\/19-3-300x232.png 300w, https:\/\/www.feman.net\/eng\/wp-content\/uploads\/2015\/03\/19-3-388x300.png 388w, https:\/\/www.feman.net\/eng\/wp-content\/uploads\/2015\/03\/19-3-150x116.png 150w, https:\/\/www.feman.net\/eng\/wp-content\/uploads\/2015\/03\/19-3.png 442w\" sizes=\"(max-width: 269px) 100vw, 269px\" \/> \u00a0\u00a0\u00a0\u00a0\u00a0\u00a0\u00a0\u00a0\u00a0\u00a0\u00a0\u00a0\u00a0 <\/a><a href=\"http:\/\/www.feman.net\/wp-content\/uploads\/2015\/03\/19-4.png\"><img loading=\"lazy\" decoding=\"async\" class=\"alignnone wp-image-1242 \" src=\"http:\/\/www.feman.net\/wp-content\/uploads\/2015\/03\/19-4-300x145.png\" alt=\"Vija\u010dne papu\u010dice sa samo-okidaju\u0107om glavom\" width=\"275\" height=\"133\" srcset=\"https:\/\/www.feman.net\/eng\/wp-content\/uploads\/2015\/03\/19-4-300x145.png 300w, https:\/\/www.feman.net\/eng\/wp-content\/uploads\/2015\/03\/19-4-150x72.png 150w, https:\/\/www.feman.net\/eng\/wp-content\/uploads\/2015\/03\/19-4.png 583w\" sizes=\"(max-width: 275px) 100vw, 275px\" \/> <\/a><\/p>\n<p style=\"text-align: justify;\">Koriste se za zavr\u0161avanje Al i Cu provodn ka u niskonaponskim i srednjenaponskim mre\u017eama. Telo papu\u010dice i moment vijci napravljeni su od jake aluminijumske legure. Pomo\u0107u moment vijaka sa samo-otkidaju\u0107om glavom reguli\u0161emo silu pritezanja a samim tim obezbe\u0111ujemo dobar elektri\u010dni spoj. Vijci se ne mogu skinuti posle kidanja glave. Papu\u010dice se isporu\u010duju sa umecima za manje preseke.<\/p>\n<table style=\"height: 175px; width: 68.7581%;\" width=\"823\">\n<tbody>\n<tr style=\"background-color: #f7c899;\">\n<td style=\"width: 9.6577%; text-align: center;\">Kodni broj<\/td>\n<td style=\"width: 18.9487%; text-align: center;\">Oznaka mm\u00b2\/Vijak M<\/td>\n<td style=\"width: 6.84597%; text-align: center;\">d1 mm<\/td>\n<td style=\"width: 6.60147%; text-align: center;\">L1 mm<\/td>\n<td style=\"width: 6.60147%; text-align: center;\">L2 mm<\/td>\n<td style=\"width: 7.09046%; text-align: center;\">D1 mm<\/td>\n<td style=\"width: 7.09046%; text-align: center;\">D2 mm<\/td>\n<td style=\"width: 17.9707%; text-align: center;\">Kontaktni vijak kom<\/td>\n<td style=\"width: 16.3814%; text-align: center;\">Veli\u010dina glave mm<\/td>\n<\/tr>\n<tr>\n<td style=\"width: 9.6577%; text-align: center;\">2415013<\/td>\n<td style=\"width: 18.9487%; text-align: center;\">FVPSG 35-150\/12<\/td>\n<td style=\"width: 6.84597%; text-align: center;\">13<\/td>\n<td style=\"width: 6.60147%; text-align: center;\">73<\/td>\n<td style=\"width: 6.60147%; text-align: center;\">31<\/td>\n<td style=\"width: 7.09046%; text-align: center;\">29<\/td>\n<td style=\"width: 7.09046%; text-align: center;\">18<\/td>\n<td style=\"width: 17.9707%; text-align: center;\">2<\/td>\n<td style=\"width: 16.3814%; text-align: center;\">17<\/td>\n<\/tr>\n<tr>\n<td style=\"width: 9.6577%; text-align: center;\">2414013<\/td>\n<td style=\"width: 18.9487%; text-align: center;\">FVPSG 150-240\/12<\/td>\n<td style=\"width: 6.84597%; text-align: center;\">13<\/td>\n<td style=\"width: 6.60147%; text-align: center;\">89<\/td>\n<td style=\"width: 6.60147%; text-align: center;\">37<\/td>\n<td style=\"width: 7.09046%; text-align: center;\">36<\/td>\n<td style=\"width: 7.09046%; text-align: center;\">24,5<\/td>\n<td style=\"width: 17.9707%; text-align: center;\">2<\/td>\n<td style=\"width: 16.3814%; text-align: center;\">19<\/td>\n<\/tr>\n<tr>\n<td style=\"width: 9.6577%; text-align: center;\">2413013<\/td>\n<td style=\"width: 18.9487%; text-align: center;\">FVPSG 300-400\/12<\/td>\n<td style=\"width: 6.84597%; text-align: center;\">17<\/td>\n<td style=\"width: 6.60147%; text-align: center;\">121<\/td>\n<td style=\"width: 6.60147%; text-align: center;\">65,5<\/td>\n<td style=\"width: 7.09046%; text-align: center;\">42<\/td>\n<td style=\"width: 7.09046%; text-align: center;\">26<\/td>\n<td style=\"width: 17.9707%; text-align: center;\">3<\/td>\n<td style=\"width: 16.3814%; text-align: center;\">22<\/td>\n<\/tr>\n<\/tbody>\n<\/table>\n<p>&nbsp;<\/p>\n","protected":false},"excerpt":{"rendered":"<p>\u00a0\u00a0\u00a0\u00a0\u00a0\u00a0\u00a0\u00a0\u00a0\u00a0\u00a0\u00a0\u00a0 Koriste se za zavr\u0161avanje Al i Cu provodn ka u niskonaponskim i srednjenaponskim mre\u017eama. Telo papu\u010dice i moment vijci napravljeni su od jake aluminijumske legure. Pomo\u0107u moment vijaka sa samo-otkidaju\u0107om glavom reguli\u0161emo silu pritezanja a samim tim obezbe\u0111ujemo dobar elektri\u010dni spoj. Vijci se ne mogu skinuti posle kidanja glave. Papu\u010dice se isporu\u010duju sa umecima [&hellip;]<\/p>\n","protected":false},"featured_media":265136,"comment_status":"closed","ping_status":"closed","template":"","meta":[],"product_brand":[],"product_cat":[168,164],"product_tag":[],"class_list":{"0":"post-217","1":"product","2":"type-product","3":"status-publish","4":"has-post-thumbnail","6":"product_cat-elementi-sa-samootkidajucim-vijcima","7":"product_cat-spojni-elementi-za-elektrovodove","9":"first","10":"instock","11":"shipping-taxable","12":"product-type-simple"},"_links":{"self":[{"href":"https:\/\/www.feman.net\/eng\/index.php?rest_route=\/wp\/v2\/product\/217","targetHints":{"allow":["GET"]}}],"collection":[{"href":"https:\/\/www.feman.net\/eng\/index.php?rest_route=\/wp\/v2\/product"}],"about":[{"href":"https:\/\/www.feman.net\/eng\/index.php?rest_route=\/wp\/v2\/types\/product"}],"replies":[{"embeddable":true,"href":"https:\/\/www.feman.net\/eng\/index.php?rest_route=%2Fwp%2Fv2%2Fcomments&post=217"}],"wp:featuredmedia":[{"embeddable":true,"href":"https:\/\/www.feman.net\/eng\/index.php?rest_route=\/wp\/v2\/media\/265136"}],"wp:attachment":[{"href":"https:\/\/www.feman.net\/eng\/index.php?rest_route=%2Fwp%2Fv2%2Fmedia&parent=217"}],"wp:term":[{"taxonomy":"product_brand","embeddable":true,"href":"https:\/\/www.feman.net\/eng\/index.php?rest_route=%2Fwp%2Fv2%2Fproduct_brand&post=217"},{"taxonomy":"product_cat","embeddable":true,"href":"https:\/\/www.feman.net\/eng\/index.php?rest_route=%2Fwp%2Fv2%2Fproduct_cat&post=217"},{"taxonomy":"product_tag","embeddable":true,"href":"https:\/\/www.feman.net\/eng\/index.php?rest_route=%2Fwp%2Fv2%2Fproduct_tag&post=217"}],"curies":[{"name":"wp","href":"https:\/\/api.w.org\/{rel}","templated":true}]}}