{"id":219,"date":"2014-08-27T13:31:48","date_gmt":"2014-08-27T13:31:48","guid":{"rendered":"http:\/\/feman.net\/?p=219"},"modified":"2022-11-23T18:01:23","modified_gmt":"2022-11-23T18:01:23","slug":"vijacne-caure-sa-samo-otkidajucom-glavom","status":"publish","type":"product","link":"https:\/\/www.feman.net\/eng\/?product=vijacne-caure-sa-samo-otkidajucom-glavom","title":{"rendered":"Vija\u010dne \u010daure sa samo-otkidaju\u0107om glavom"},"content":{"rendered":"<p><a href=\"http:\/\/www.feman.net\/wp-content\/uploads\/2015\/03\/19-5.png\"><img loading=\"lazy\" decoding=\"async\" class=\"alignnone wp-image-1243\" src=\"http:\/\/www.feman.net\/wp-content\/uploads\/2015\/03\/19-5-300x216.png\" alt=\"Vija\u010dne \u010daure sa samo-otkidaju\u0107om glavom\" width=\"250\" height=\"180\" srcset=\"https:\/\/www.feman.net\/eng\/wp-content\/uploads\/2015\/03\/19-5-300x216.png 300w, https:\/\/www.feman.net\/eng\/wp-content\/uploads\/2015\/03\/19-5-417x300.png 417w, https:\/\/www.feman.net\/eng\/wp-content\/uploads\/2015\/03\/19-5-150x108.png 150w, https:\/\/www.feman.net\/eng\/wp-content\/uploads\/2015\/03\/19-5.png 460w\" sizes=\"(max-width: 250px) 100vw, 250px\" \/>\u00a0\u00a0\u00a0\u00a0\u00a0\u00a0\u00a0\u00a0\u00a0\u00a0<\/a><a href=\"http:\/\/www.feman.net\/wp-content\/uploads\/2015\/03\/19-6.png\"><img loading=\"lazy\" decoding=\"async\" class=\"alignnone wp-image-1244\" src=\"http:\/\/www.feman.net\/wp-content\/uploads\/2015\/03\/19-6-300x191.png\" alt=\"Vija\u010dne \u010daure sa samo-otkidaju\u0107om glavom\" width=\"238\" height=\"152\" srcset=\"https:\/\/www.feman.net\/eng\/wp-content\/uploads\/2015\/03\/19-6-300x191.png 300w, https:\/\/www.feman.net\/eng\/wp-content\/uploads\/2015\/03\/19-6-471x300.png 471w, https:\/\/www.feman.net\/eng\/wp-content\/uploads\/2015\/03\/19-6-150x95.png 150w, https:\/\/www.feman.net\/eng\/wp-content\/uploads\/2015\/03\/19-6.png 517w\" sizes=\"(max-width: 238px) 100vw, 238px\" \/><\/a><\/p>\n<p>Koriste se za spajanje Al-Al, Cu-Cu i Al-Cu provodnika u nikonaponskim i srednjenaponskim mre\u017eama. Telo \u010daure i moment vijci napravljeni su od jake aluminijumske legure. Pomo\u0107u moment vijaka sa samo-otkidajucn gkavom regulisemo silu pritezanja a samium tim obezbe\u0111ujemo dobar elektri\u010dni spoj. Vijci se ne mogu skinuti posle kidanja glave. \u010caure se isporu\u010duju sa umecima za manje preseke.<\/p>\n<table style=\"height: 267px; width: 74.1774%;\" width=\"778\">\n<tbody>\n<tr style=\"background-color: #f7c899;\">\n<td style=\"text-align: center;\">Kodni broj<\/td>\n<td style=\"text-align: center;\">Oznaka mm\u00b2 \/ Vijak M<\/td>\n<td style=\"text-align: center;\">d1 mm<\/td>\n<td style=\"text-align: center;\">L1 mm<\/td>\n<td style=\"text-align: center;\">L2 mm<\/td>\n<td style=\"text-align: center;\">D1 mm<\/td>\n<td style=\"text-align: center;\">D2 mm<\/td>\n<td style=\"text-align: center;\">Kontaktni vijak kom<\/td>\n<td style=\"text-align: center;\">Veli\u010dina glave mm<\/td>\n<\/tr>\n<tr>\n<td style=\"text-align: center;\">2470150<\/td>\n<td style=\"text-align: center;\">FVCSG 35-150 B<\/td>\n<td style=\"text-align: center;\">da<\/td>\n<td style=\"text-align: center;\">80<\/td>\n<td style=\"text-align: center;\">35<\/td>\n<td style=\"text-align: center;\">28<\/td>\n<td style=\"text-align: center;\">15,8<\/td>\n<td style=\"text-align: center;\">2<\/td>\n<td style=\"text-align: center;\">17<\/td>\n<\/tr>\n<tr>\n<td style=\"text-align: center;\">2480150<\/td>\n<td style=\"text-align: center;\">FVCSG 35-150<\/td>\n<td style=\"text-align: center;\">ne<\/td>\n<td style=\"text-align: center;\">80<\/td>\n<td style=\"text-align: center;\"><\/td>\n<td style=\"text-align: center;\">28<\/td>\n<td style=\"text-align: center;\">15,8<\/td>\n<td style=\"text-align: center;\">2<\/td>\n<td style=\"text-align: center;\">17<\/td>\n<\/tr>\n<tr>\n<td style=\"text-align: center;\">2470240<\/td>\n<td style=\"text-align: center;\">FVCSG 150-240 B<\/td>\n<td style=\"text-align: center;\">da<\/td>\n<td style=\"text-align: center;\">140<\/td>\n<td style=\"text-align: center;\">60<\/td>\n<td style=\"text-align: center;\">33<\/td>\n<td style=\"text-align: center;\">20<\/td>\n<td style=\"text-align: center;\">4<\/td>\n<td style=\"text-align: center;\">19<\/td>\n<\/tr>\n<tr>\n<td style=\"text-align: center;\">2480240<\/td>\n<td style=\"text-align: center;\">FVCSG 150-240<\/td>\n<td style=\"text-align: center;\">ne<\/td>\n<td style=\"text-align: center;\">140<\/td>\n<td style=\"text-align: center;\"><\/td>\n<td style=\"text-align: center;\">33<\/td>\n<td style=\"text-align: center;\">20<\/td>\n<td style=\"text-align: center;\">4<\/td>\n<td style=\"text-align: center;\">19<\/td>\n<\/tr>\n<tr>\n<td style=\"text-align: center;\">2470300<\/td>\n<td style=\"text-align: center;\">FVCSG 240-300 B<\/td>\n<td style=\"text-align: center;\">da<\/td>\n<td style=\"text-align: center;\">170<\/td>\n<td style=\"text-align: center;\">65<\/td>\n<td style=\"text-align: center;\">37<\/td>\n<td style=\"text-align: center;\">24<\/td>\n<td style=\"text-align: center;\">4<\/td>\n<td style=\"text-align: center;\">22<\/td>\n<\/tr>\n<tr>\n<td style=\"text-align: center;\">2480300<\/td>\n<td style=\"text-align: center;\">FVCSG 240-300<\/td>\n<td style=\"text-align: center;\">ne<\/td>\n<td style=\"text-align: center;\">170<\/td>\n<td style=\"text-align: center;\"><\/td>\n<td style=\"text-align: center;\">37<\/td>\n<td style=\"text-align: center;\">24<\/td>\n<td style=\"text-align: center;\">4<\/td>\n<td style=\"text-align: center;\">22<\/td>\n<\/tr>\n<\/tbody>\n<\/table>\n<p>&nbsp;<\/p>\n","protected":false},"excerpt":{"rendered":"<p>\u00a0\u00a0\u00a0\u00a0\u00a0\u00a0\u00a0\u00a0\u00a0\u00a0 Koriste se za spajanje Al-Al, Cu-Cu i Al-Cu provodnika u nikonaponskim i srednjenaponskim mre\u017eama. Telo \u010daure i moment vijci napravljeni su od jake aluminijumske legure. Pomo\u0107u moment vijaka sa samo-otkidajucn gkavom regulisemo silu pritezanja a samium tim obezbe\u0111ujemo dobar elektri\u010dni spoj. Vijci se ne mogu skinuti posle kidanja glave. \u010caure se isporu\u010duju sa umecima [&hellip;]<\/p>\n","protected":false},"featured_media":265134,"comment_status":"closed","ping_status":"closed","template":"","meta":[],"product_brand":[],"product_cat":[168,164],"product_tag":[],"class_list":{"0":"post-219","1":"product","2":"type-product","3":"status-publish","4":"has-post-thumbnail","6":"product_cat-elementi-sa-samootkidajucim-vijcima","7":"product_cat-spojni-elementi-za-elektrovodove","9":"first","10":"instock","11":"shipping-taxable","12":"product-type-simple"},"_links":{"self":[{"href":"https:\/\/www.feman.net\/eng\/index.php?rest_route=\/wp\/v2\/product\/219","targetHints":{"allow":["GET"]}}],"collection":[{"href":"https:\/\/www.feman.net\/eng\/index.php?rest_route=\/wp\/v2\/product"}],"about":[{"href":"https:\/\/www.feman.net\/eng\/index.php?rest_route=\/wp\/v2\/types\/product"}],"replies":[{"embeddable":true,"href":"https:\/\/www.feman.net\/eng\/index.php?rest_route=%2Fwp%2Fv2%2Fcomments&post=219"}],"wp:featuredmedia":[{"embeddable":true,"href":"https:\/\/www.feman.net\/eng\/index.php?rest_route=\/wp\/v2\/media\/265134"}],"wp:attachment":[{"href":"https:\/\/www.feman.net\/eng\/index.php?rest_route=%2Fwp%2Fv2%2Fmedia&parent=219"}],"wp:term":[{"taxonomy":"product_brand","embeddable":true,"href":"https:\/\/www.feman.net\/eng\/index.php?rest_route=%2Fwp%2Fv2%2Fproduct_brand&post=219"},{"taxonomy":"product_cat","embeddable":true,"href":"https:\/\/www.feman.net\/eng\/index.php?rest_route=%2Fwp%2Fv2%2Fproduct_cat&post=219"},{"taxonomy":"product_tag","embeddable":true,"href":"https:\/\/www.feman.net\/eng\/index.php?rest_route=%2Fwp%2Fv2%2Fproduct_tag&post=219"}],"curies":[{"name":"wp","href":"https:\/\/api.w.org\/{rel}","templated":true}]}}