{"id":2233,"date":"2015-03-31T13:29:59","date_gmt":"2015-03-31T13:29:59","guid":{"rendered":"http:\/\/feman.net\/?p=2233"},"modified":"2022-05-13T19:28:52","modified_gmt":"2022-05-13T19:28:52","slug":"feman-rasveta-euro-kristal-1-ulicna-svetiljka","status":"publish","type":"product","link":"https:\/\/www.feman.net\/eng\/?product=feman-rasveta-euro-kristal-1-ulicna-svetiljka","title":{"rendered":"EURO KRISTAL 1 &#8211; uli\u010dna svetiljka"},"content":{"rendered":"<h3>Feman rasveta &#8211; EURO KRISTAL 1 \u00a0uli\u010dna svetiljka<\/h3>\n<p>Sa srpskom svetiljkom ura\u0111enom po evropskim stauli\u010dna suli\u010dna svetiljkandardima u svetliju budu\u0107nost.<\/p>\n<p>Sastoji se od: ku\u0107i\u0161ta izra\u0111enog od aluminijumske legure livene pod pritiskom, protektora od kaljenog stakla, aluminijumskog ogledala izuzetno visokog sjaja, \u0161teluju\u0107eg sijali\u010dnog grla, izmenjive plo\u010de predspojnog ure\u0111aja, silikonskog dihtunga, horizontalno-vertikalnog nosa\u010da svetiljke \u00f8 48mm.<\/p>\n<p>Prednosti:<\/p>\n<ol>\n<li>Stepen za\u0161tite opti\u010dkog dela IP 66<\/li>\n<li>Stepen za\u0161tite dela sa predspojnim ure\u0111ajem IP 65<\/li>\n<li>Protektor od mehani\u010dkog oja\u010danog kaljenog stakla, otporan na udarce, i isklju\u010dena je mogu\u0107nost pada protektora i promene boje posle par godina<\/li>\n<li>Ku\u0107i\u0161te od aluminijuma livenog pod pritiskom \u010dini ovu svetiljku jakom i lakom<\/li>\n<li>Mehani\u010dka pouzdanost<\/li>\n<li>Isklju\u010dena je mogu\u0107nost neprijatnog\u00a0 zaslepljenja voza\u010da automobila, koji se kre\u0107u ulicom osvetljenom Euro kristal svetiljkom<\/li>\n<li>Aero-dinami\u010dan oblik Euro kristal svetiljke, amortizuje udare vetra<\/li>\n<\/ol>\n<p>Namena:<\/p>\n<p style=\"text-align: justify;\">Koristi se za osvetljenje ulica, parkova, trgova, fabri\u010dkih krugova, kao i na drugim mestima gde je potrebna dobra osvetljenost. Sastoji se od: ku\u0107i\u0161ta izra\u0111enog od aluminijumske legure livene pod pritiskom, protektora od kaljenog stakla, aluminijumskog ogledala izuzetno visokog sjaja, \u0161teluju\u0107eg sijali\u010dnog grla, izmenljive plo\u010de predspojnog ure\u0111aja, silikonskog dihtunga, horizontalno-vertikalnog nosa\u010da svetiljke \u220548.<\/p>\n<p><a href=\"http:\/\/www.feman.net\/wp-content\/uploads\/2015\/03\/11-21.png\">\u00a0\u00a0\u00a0\u00a0<\/a><a href=\"http:\/\/www.feman.net\/wp-content\/uploads\/2015\/03\/11-21.png\"><img loading=\"lazy\" decoding=\"async\" class=\"alignnone wp-image-1430 size-medium\" src=\"http:\/\/www.feman.net\/wp-content\/uploads\/2015\/03\/11-21-300x165.png\" alt=\"11-2\" width=\"300\" height=\"165\" srcset=\"https:\/\/www.feman.net\/eng\/wp-content\/uploads\/2015\/03\/11-21-300x165.png 300w, https:\/\/www.feman.net\/eng\/wp-content\/uploads\/2015\/03\/11-21-600x331.png 600w, https:\/\/www.feman.net\/eng\/wp-content\/uploads\/2015\/03\/11-21-150x83.png 150w, https:\/\/www.feman.net\/eng\/wp-content\/uploads\/2015\/03\/11-21.png 800w\" sizes=\"(max-width: 300px) 100vw, 300px\" \/><\/a><\/p>\n<p>&nbsp;<\/p>\n<table style=\"height: 184px; width: 52.4666%;\" width=\"587\">\n<tbody>\n<tr style=\"height: 23px;\">\n<td style=\"height: 23px; text-align: center;\"><strong>Kodni broj<\/strong><\/td>\n<td style=\"height: 23px; text-align: center;\"><strong>Svetiljka<\/strong><\/td>\n<td style=\"height: 23px; text-align: center;\"><strong>Tip<\/strong><\/td>\n<td style=\"height: 23px; text-align: center;\"><strong>Snaga W<\/strong><\/td>\n<td style=\"height: 23px; text-align: center;\"><strong>Te\u017eina kg\/kom<\/strong><\/td>\n<\/tr>\n<tr style=\"height: 23px;\">\n<td style=\"height: 23px;\">3900250<\/td>\n<td style=\"height: 23px;\">Euro kristal 1<\/td>\n<td style=\"height: 23px;\">Natrijum<\/td>\n<td style=\"height: 23px;\">70<\/td>\n<td style=\"height: 23px;\">5,10<\/td>\n<\/tr>\n<tr style=\"height: 23px;\">\n<td style=\"height: 23px;\">3900251<\/td>\n<td style=\"height: 23px;\">Euro kristal 1<\/td>\n<td style=\"height: 23px;\">Natrijum<\/td>\n<td style=\"height: 23px;\">100<\/td>\n<td style=\"height: 23px;\">5,40<\/td>\n<\/tr>\n<tr style=\"height: 23px;\">\n<td style=\"height: 23px;\">3900252<\/td>\n<td style=\"height: 23px;\">Euro kristal 1<\/td>\n<td style=\"height: 23px;\">Natrijum<\/td>\n<td style=\"height: 23px;\">150<\/td>\n<td style=\"height: 23px;\">6,10<\/td>\n<\/tr>\n<tr style=\"height: 23px;\">\n<td style=\"height: 23px;\">3900256<\/td>\n<td style=\"height: 23px;\">Euro kristal 1<\/td>\n<td style=\"height: 23px;\">\u017diva<\/td>\n<td style=\"height: 23px;\">125<\/td>\n<td style=\"height: 23px;\">5,20<\/td>\n<\/tr>\n<tr style=\"height: 23px;\">\n<td style=\"height: 23px;\">3900257<\/td>\n<td style=\"height: 23px;\">Euro kristal 1<\/td>\n<td style=\"height: 23px;\">Metal-Halogen<\/td>\n<td style=\"height: 23px;\">70<\/td>\n<td style=\"height: 23px;\">5,1<\/td>\n<\/tr>\n<tr style=\"height: 23px;\">\n<td style=\"height: 23px;\">3900258<\/td>\n<td style=\"height: 23px;\">Euro kristal 1<\/td>\n<td style=\"height: 23px;\">Metal-Halogen<\/td>\n<td style=\"height: 23px;\">100<\/td>\n<td style=\"height: 23px;\">5,4<\/td>\n<\/tr>\n<tr style=\"height: 23px;\">\n<td style=\"height: 23px;\">3900259<\/td>\n<td style=\"height: 23px;\">Euro kristal 1<\/td>\n<td style=\"height: 23px;\">Metal-Halogen<\/td>\n<td style=\"height: 23px;\">150<\/td>\n<td style=\"height: 23px;\">6,1<\/td>\n<\/tr>\n<\/tbody>\n<\/table>\n<p>&nbsp;<\/p>\n<table style=\"border-collapse: collapse; width: 38.7182%; height: 74px;\">\n<tbody>\n<tr>\n<td style=\"width: 50%;\">Mogu\u0107nost ugradnje \u0161tedljive,<\/p>\n<p>kukuruz i LED sijalice.<\/td>\n<td style=\"width: 50%;\"><a href=\"http:\/\/www.feman.net\/wp-content\/uploads\/2015\/03\/5eurokristal1.jpg\"><img loading=\"lazy\" decoding=\"async\" class=\"wp-image-266540 alignleft\" src=\"http:\/\/www.feman.net\/wp-content\/uploads\/2015\/03\/5eurokristal1.jpg\" alt=\"\" width=\"102\" height=\"129\" srcset=\"https:\/\/www.feman.net\/eng\/wp-content\/uploads\/2015\/03\/5eurokristal1.jpg 322w, https:\/\/www.feman.net\/eng\/wp-content\/uploads\/2015\/03\/5eurokristal1-237x300.jpg 237w, https:\/\/www.feman.net\/eng\/wp-content\/uploads\/2015\/03\/5eurokristal1-300x380.jpg 300w\" sizes=\"(max-width: 102px) 100vw, 102px\" \/><\/a><\/td>\n<\/tr>\n<\/tbody>\n<\/table>\n<p>&nbsp;<\/p>\n<p><a href=\"http:\/\/www.feman.net\/wp-content\/uploads\/2015\/03\/6eurokristal1.jpg\"><img loading=\"lazy\" decoding=\"async\" class=\"alignnone wp-image-266541\" src=\"http:\/\/www.feman.net\/wp-content\/uploads\/2015\/03\/6eurokristal1-1024x109.jpg\" alt=\"\" width=\"564\" height=\"60\" srcset=\"https:\/\/www.feman.net\/eng\/wp-content\/uploads\/2015\/03\/6eurokristal1-1024x109.jpg 1024w, https:\/\/www.feman.net\/eng\/wp-content\/uploads\/2015\/03\/6eurokristal1-300x32.jpg 300w, https:\/\/www.feman.net\/eng\/wp-content\/uploads\/2015\/03\/6eurokristal1-768x82.jpg 768w, https:\/\/www.feman.net\/eng\/wp-content\/uploads\/2015\/03\/6eurokristal1-1080x115.jpg 1080w, https:\/\/www.feman.net\/eng\/wp-content\/uploads\/2015\/03\/6eurokristal1-1280x137.jpg 1280w, https:\/\/www.feman.net\/eng\/wp-content\/uploads\/2015\/03\/6eurokristal1-980x105.jpg 980w, https:\/\/www.feman.net\/eng\/wp-content\/uploads\/2015\/03\/6eurokristal1-480x51.jpg 480w, https:\/\/www.feman.net\/eng\/wp-content\/uploads\/2015\/03\/6eurokristal1-600x64.jpg 600w, https:\/\/www.feman.net\/eng\/wp-content\/uploads\/2015\/03\/6eurokristal1.jpg 1320w\" sizes=\"(max-width: 564px) 100vw, 564px\" \/><\/a><\/p>\n<p><a href=\"http:\/\/www.feman.net\/wp-content\/uploads\/2015\/03\/1eurokristal1.jpg\"><img loading=\"lazy\" decoding=\"async\" class=\"alignnone wp-image-266539\" src=\"http:\/\/www.feman.net\/wp-content\/uploads\/2015\/03\/1eurokristal1.jpg\" alt=\"\" width=\"513\" height=\"205\" srcset=\"https:\/\/www.feman.net\/eng\/wp-content\/uploads\/2015\/03\/1eurokristal1.jpg 762w, https:\/\/www.feman.net\/eng\/wp-content\/uploads\/2015\/03\/1eurokristal1-300x120.jpg 300w, https:\/\/www.feman.net\/eng\/wp-content\/uploads\/2015\/03\/1eurokristal1-480x192.jpg 480w, https:\/\/www.feman.net\/eng\/wp-content\/uploads\/2015\/03\/1eurokristal1-600x240.jpg 600w\" sizes=\"(max-width: 513px) 100vw, 513px\" \/><\/a><\/p>\n<p>&nbsp;<\/p>\n<div class=\"et_pb_slider et_pb_slider_fullwidth_off et_pb_gallery_post_type\">\n\t\t\t\t<div class=\"et_pb_slides\">\n\t\t\t\t\t<div class=\"et_pb_slide\" style=\"background: url(https:\/\/www.feman.net\/eng\/wp-content\/uploads\/2015\/03\/43eurokristal1.jpg);\"><\/div><div class=\"et_pb_slide\" style=\"background: url(https:\/\/www.feman.net\/eng\/wp-content\/uploads\/2015\/03\/3eurokristal1.jpg);\"><\/div>\n\t\t\t\t<\/div>\n\t\t\t<\/div>\n<p><a href=\"http:\/\/www.feman.net\/wp-content\/uploads\/2015\/03\/11eurokristal1.jpg\"><img loading=\"lazy\" decoding=\"async\" class=\"alignnone wp-image-266544 size-large\" src=\"http:\/\/www.feman.net\/wp-content\/uploads\/2015\/03\/11eurokristal1-1024x768.jpg\" alt=\"\" width=\"1024\" height=\"768\" srcset=\"https:\/\/www.feman.net\/eng\/wp-content\/uploads\/2015\/03\/11eurokristal1-1024x768.jpg 1024w, https:\/\/www.feman.net\/eng\/wp-content\/uploads\/2015\/03\/11eurokristal1-300x225.jpg 300w, https:\/\/www.feman.net\/eng\/wp-content\/uploads\/2015\/03\/11eurokristal1-768x576.jpg 768w, https:\/\/www.feman.net\/eng\/wp-content\/uploads\/2015\/03\/11eurokristal1-510x382.jpg 510w, https:\/\/www.feman.net\/eng\/wp-content\/uploads\/2015\/03\/11eurokristal1-1080x810.jpg 1080w, https:\/\/www.feman.net\/eng\/wp-content\/uploads\/2015\/03\/11eurokristal1-1280x960.jpg 1280w, https:\/\/www.feman.net\/eng\/wp-content\/uploads\/2015\/03\/11eurokristal1-980x735.jpg 980w, https:\/\/www.feman.net\/eng\/wp-content\/uploads\/2015\/03\/11eurokristal1-480x360.jpg 480w, https:\/\/www.feman.net\/eng\/wp-content\/uploads\/2015\/03\/11eurokristal1-600x450.jpg 600w, https:\/\/www.feman.net\/eng\/wp-content\/uploads\/2015\/03\/11eurokristal1.jpg 1418w\" sizes=\"(max-width: 1024px) 100vw, 1024px\" \/><\/a><\/p>\n<div class=\"et_pb_slider et_pb_slider_fullwidth_off et_pb_gallery_post_type\">\n\t\t\t\t<div class=\"et_pb_slides\">\n\t\t\t\t\t<div class=\"et_pb_slide\" style=\"background: url(https:\/\/www.feman.net\/eng\/wp-content\/uploads\/2015\/03\/12eurokristal1.jpg);\"><\/div><div class=\"et_pb_slide\" style=\"background: url(https:\/\/www.feman.net\/eng\/wp-content\/uploads\/2015\/03\/13eurokristal1.jpg);\"><\/div>\n\t\t\t\t<\/div>\n\t\t\t<\/div>\n<p>&nbsp;<\/p>\n<p><a href=\"http:\/\/www.feman.net\/wp-content\/uploads\/2015\/03\/14eurokristal1.jpg\"><img loading=\"lazy\" decoding=\"async\" class=\"alignnone size-full wp-image-266547\" src=\"http:\/\/www.feman.net\/wp-content\/uploads\/2015\/03\/14eurokristal1.jpg\" alt=\"\" width=\"892\" height=\"270\" srcset=\"https:\/\/www.feman.net\/eng\/wp-content\/uploads\/2015\/03\/14eurokristal1.jpg 892w, https:\/\/www.feman.net\/eng\/wp-content\/uploads\/2015\/03\/14eurokristal1-300x91.jpg 300w, https:\/\/www.feman.net\/eng\/wp-content\/uploads\/2015\/03\/14eurokristal1-768x232.jpg 768w, https:\/\/www.feman.net\/eng\/wp-content\/uploads\/2015\/03\/14eurokristal1-480x145.jpg 480w, https:\/\/www.feman.net\/eng\/wp-content\/uploads\/2015\/03\/14eurokristal1-600x182.jpg 600w\" sizes=\"(max-width: 892px) 100vw, 892px\" \/><\/a><\/p>\n","protected":false},"excerpt":{"rendered":"<p>Feman rasveta &#8211; EURO KRISTAL 1 \u00a0uli\u010dna svetiljka Sa srpskom svetiljkom ura\u0111enom po evropskim stauli\u010dna suli\u010dna svetiljkandardima u svetliju budu\u0107nost. Sastoji se od: ku\u0107i\u0161ta izra\u0111enog od aluminijumske legure livene pod pritiskom, protektora od kaljenog stakla, aluminijumskog ogledala izuzetno visokog sjaja, \u0161teluju\u0107eg sijali\u010dnog grla, izmenjive plo\u010de predspojnog ure\u0111aja, silikonskog dihtunga, horizontalno-vertikalnog nosa\u010da svetiljke \u00f8 48mm. Prednosti: [&hellip;]<\/p>\n","protected":false},"featured_media":266543,"comment_status":"closed","ping_status":"closed","template":"","meta":[],"product_brand":[],"product_cat":[207],"product_tag":[],"class_list":{"0":"post-2233","1":"product","2":"type-product","3":"status-publish","4":"has-post-thumbnail","6":"product_cat-svetiljke","8":"first","9":"instock","10":"shipping-taxable","11":"product-type-simple"},"_links":{"self":[{"href":"https:\/\/www.feman.net\/eng\/index.php?rest_route=\/wp\/v2\/product\/2233","targetHints":{"allow":["GET"]}}],"collection":[{"href":"https:\/\/www.feman.net\/eng\/index.php?rest_route=\/wp\/v2\/product"}],"about":[{"href":"https:\/\/www.feman.net\/eng\/index.php?rest_route=\/wp\/v2\/types\/product"}],"replies":[{"embeddable":true,"href":"https:\/\/www.feman.net\/eng\/index.php?rest_route=%2Fwp%2Fv2%2Fcomments&post=2233"}],"wp:featuredmedia":[{"embeddable":true,"href":"https:\/\/www.feman.net\/eng\/index.php?rest_route=\/wp\/v2\/media\/266543"}],"wp:attachment":[{"href":"https:\/\/www.feman.net\/eng\/index.php?rest_route=%2Fwp%2Fv2%2Fmedia&parent=2233"}],"wp:term":[{"taxonomy":"product_brand","embeddable":true,"href":"https:\/\/www.feman.net\/eng\/index.php?rest_route=%2Fwp%2Fv2%2Fproduct_brand&post=2233"},{"taxonomy":"product_cat","embeddable":true,"href":"https:\/\/www.feman.net\/eng\/index.php?rest_route=%2Fwp%2Fv2%2Fproduct_cat&post=2233"},{"taxonomy":"product_tag","embeddable":true,"href":"https:\/\/www.feman.net\/eng\/index.php?rest_route=%2Fwp%2Fv2%2Fproduct_tag&post=2233"}],"curies":[{"name":"wp","href":"https:\/\/api.w.org\/{rel}","templated":true}]}}