{"id":2247,"date":"2015-03-31T13:35:11","date_gmt":"2015-03-31T13:35:11","guid":{"rendered":"http:\/\/feman.net\/?p=2247"},"modified":"2022-03-02T18:19:58","modified_gmt":"2022-03-02T18:19:58","slug":"ulicna-svetiljka-sa-solarnim-panelom","status":"publish","type":"product","link":"https:\/\/www.feman.net\/eng\/?product=ulicna-svetiljka-sa-solarnim-panelom","title":{"rendered":"ULI\u010cNA SVETILJKA SA SOLARNIM PANELOM"},"content":{"rendered":"<p><strong><em>Prednosti Led svetiljke sa panelom su:<\/em><\/strong><\/p>\n<ul>\n<li><strong><em>besplatna elektri\u010dna energija,<\/em><\/strong><\/li>\n<li><strong><em>nema kopanja i polaganja kablova,<\/em><\/strong><\/li>\n<li><strong><em>laka instalacija<\/em><\/strong><\/li>\n<\/ul>\n<p>&nbsp;<\/p>\n<p><a href=\"http:\/\/www.feman.net\/wp-content\/uploads\/2015\/03\/16-17.png\"><img loading=\"lazy\" decoding=\"async\" class=\"alignnone wp-image-4115 size-medium\" src=\"http:\/\/www.feman.net\/wp-content\/uploads\/2015\/03\/16-17-238x300.png\" alt=\"ULI\u010cNA SVETILJKA SA SOLARNIM PANELOM\" width=\"238\" height=\"300\" srcset=\"https:\/\/www.feman.net\/eng\/wp-content\/uploads\/2015\/03\/16-17-238x300.png 238w, https:\/\/www.feman.net\/eng\/wp-content\/uploads\/2015\/03\/16-17-300x378.png 300w, https:\/\/www.feman.net\/eng\/wp-content\/uploads\/2015\/03\/16-17-600x756.png 600w, https:\/\/www.feman.net\/eng\/wp-content\/uploads\/2015\/03\/16-17-150x189.png 150w, https:\/\/www.feman.net\/eng\/wp-content\/uploads\/2015\/03\/16-17.png 714w\" sizes=\"(max-width: 238px) 100vw, 238px\" \/><\/a> <a href=\"http:\/\/www.feman.net\/wp-content\/uploads\/2015\/03\/16-27.png\"><img loading=\"lazy\" decoding=\"async\" class=\"alignnone wp-image-4116 size-medium\" src=\"http:\/\/www.feman.net\/wp-content\/uploads\/2015\/03\/16-27-300x277.png\" alt=\"ULI\u010cNA SVETILJKA SA SOLARNIM PANELOM\" width=\"300\" height=\"277\" srcset=\"https:\/\/www.feman.net\/eng\/wp-content\/uploads\/2015\/03\/16-27-300x277.png 300w, https:\/\/www.feman.net\/eng\/wp-content\/uploads\/2015\/03\/16-27-325x300.png 325w, https:\/\/www.feman.net\/eng\/wp-content\/uploads\/2015\/03\/16-27-150x138.png 150w, https:\/\/www.feman.net\/eng\/wp-content\/uploads\/2015\/03\/16-27.png 527w\" sizes=\"(max-width: 300px) 100vw, 300px\" \/><\/a><\/p>\n<p><em>T<\/em><em>ehni\u010dki podaci:<\/em><\/p>\n<p><em>Maximalna snaga &#8230;&#8230;&#8230;&#8230;&#8230;&#8230;&#8230;&#8230;&#8230;&#8230;&#8230;. 100 W <\/em><\/p>\n<p><em>Napon &#8230;&#8230;&#8230;&#8230;&#8230;&#8230;&#8230;&#8230;&#8230;&#8230;&#8230;&#8230;&#8230;&#8230;&#8230;&#8230;&#8230;&#8230; 12 V <\/em><\/p>\n<p><em>Dimenzije &#8230;&#8230;&#8230;&#8230;&#8230;&#8230;&#8230;&#8230;&#8230;&#8230;. 970x808x35 mm<a href=\"http:\/\/www.feman.net\/wp-content\/uploads\/2015\/03\/16-36.png\"><img loading=\"lazy\" decoding=\"async\" class=\"alignright wp-image-4117 size-large\" src=\"http:\/\/www.feman.net\/wp-content\/uploads\/2015\/03\/16-36-270x1024.png\" alt=\"16-3\" width=\"270\" height=\"1024\" srcset=\"https:\/\/www.feman.net\/eng\/wp-content\/uploads\/2015\/03\/16-36-270x1024.png 270w, https:\/\/www.feman.net\/eng\/wp-content\/uploads\/2015\/03\/16-36-79x300.png 79w, https:\/\/www.feman.net\/eng\/wp-content\/uploads\/2015\/03\/16-36-150x570.png 150w\" sizes=\"(max-width: 270px) 100vw, 270px\" \/><\/a><\/em><\/p>\n<p>&nbsp;<\/p>\n<p>&nbsp;<\/p>\n<p>Sistem napajanja svetiljki pomo\u0107u sun\u010deve enrgije se sastoji od:<\/p>\n<p>Led svetiljke koja je izra\u0111ena od: ku\u0107i\u0161ta izra\u0111enog od aluminijumske legure livene pod pritiskom, protektora od kaljenog stakla, aluminijumskog ogledala, diodnih sijalica i silikonskog dihtunga.<\/p>\n<p>Solarnog panela koji se sastoji od foto naponskih \u0107elija koje pretvaraju sun\u010devu svetlost u elektri\u010dnu energiju.<\/p>\n<p>Akumulatorske baterije koja akumulira elektri\u010dnu energiju preko dana da bi no\u0107u napajala Led svetiljku.<\/p>\n<p>Kontrolera koji ima funkciju pra\u0107enja punjenja akumulatorske baterije.<\/p>\n<p>Jedna od zna\u010dajnih prednosti pored 100% u\u0161tede elektri\u010dne energije je radni vek dioda koji je ve\u0107i od 50.000 radnih sati, \u0161to je 5 do 10 puta vi\u0161e od natriumovih i \u017eivinih sijalica. Led diode imaju visok stepen iskori\u0161\u0107enja, razlika od ostalih izvora svetlosti \u010diji intenzitet pada tokom eksploatacije i do 50% natrijumove svetiljke nakon 30.000 sati, dok je kod Led-a nakon 70.000 sati intenzitet pada 30%.<\/p>\n","protected":false},"excerpt":{"rendered":"<p>Prednosti Led svetiljke sa panelom su: besplatna elektri\u010dna energija, nema kopanja i polaganja kablova, laka instalacija &nbsp; Tehni\u010dki podaci: Maximalna snaga &#8230;&#8230;&#8230;&#8230;&#8230;&#8230;&#8230;&#8230;&#8230;&#8230;&#8230;. 100 W Napon &#8230;&#8230;&#8230;&#8230;&#8230;&#8230;&#8230;&#8230;&#8230;&#8230;&#8230;&#8230;&#8230;&#8230;&#8230;&#8230;&#8230;&#8230; 12 V Dimenzije &#8230;&#8230;&#8230;&#8230;&#8230;&#8230;&#8230;&#8230;&#8230;&#8230;. 970x808x35 mm &nbsp; &nbsp; Sistem napajanja svetiljki pomo\u0107u sun\u010deve enrgije se sastoji od: Led svetiljke koja je izra\u0111ena od: ku\u0107i\u0161ta izra\u0111enog od aluminijumske legure livene [&hellip;]<\/p>\n","protected":false},"featured_media":0,"comment_status":"closed","ping_status":"closed","template":"","meta":[],"product_brand":[],"product_cat":[207],"product_tag":[],"class_list":{"0":"post-2247","1":"product","2":"type-product","3":"status-publish","5":"product_cat-svetiljke","7":"first","8":"instock","9":"shipping-taxable","10":"product-type-simple"},"_links":{"self":[{"href":"https:\/\/www.feman.net\/eng\/index.php?rest_route=\/wp\/v2\/product\/2247","targetHints":{"allow":["GET"]}}],"collection":[{"href":"https:\/\/www.feman.net\/eng\/index.php?rest_route=\/wp\/v2\/product"}],"about":[{"href":"https:\/\/www.feman.net\/eng\/index.php?rest_route=\/wp\/v2\/types\/product"}],"replies":[{"embeddable":true,"href":"https:\/\/www.feman.net\/eng\/index.php?rest_route=%2Fwp%2Fv2%2Fcomments&post=2247"}],"wp:attachment":[{"href":"https:\/\/www.feman.net\/eng\/index.php?rest_route=%2Fwp%2Fv2%2Fmedia&parent=2247"}],"wp:term":[{"taxonomy":"product_brand","embeddable":true,"href":"https:\/\/www.feman.net\/eng\/index.php?rest_route=%2Fwp%2Fv2%2Fproduct_brand&post=2247"},{"taxonomy":"product_cat","embeddable":true,"href":"https:\/\/www.feman.net\/eng\/index.php?rest_route=%2Fwp%2Fv2%2Fproduct_cat&post=2247"},{"taxonomy":"product_tag","embeddable":true,"href":"https:\/\/www.feman.net\/eng\/index.php?rest_route=%2Fwp%2Fv2%2Fproduct_tag&post=2247"}],"curies":[{"name":"wp","href":"https:\/\/api.w.org\/{rel}","templated":true}]}}