{"id":2251,"date":"2015-03-31T13:36:06","date_gmt":"2015-03-31T13:36:06","guid":{"rendered":"http:\/\/feman.net\/?p=2251"},"modified":"2022-05-16T16:36:28","modified_gmt":"2022-05-16T16:36:28","slug":"fopal-1-ulicna-svetiljka","status":"publish","type":"product","link":"https:\/\/www.feman.net\/eng\/?product=fopal-1-ulicna-svetiljka","title":{"rendered":"FOPAL 1 &#8211; ULI\u010cNA SVETILJKA"},"content":{"rendered":"<p><a href=\"http:\/\/www.feman.net\/wp-content\/uploads\/2015\/03\/18-16.png\"><img loading=\"lazy\" decoding=\"async\" class=\"alignnone wp-image-4073\" src=\"http:\/\/www.feman.net\/wp-content\/uploads\/2015\/03\/18-16-300x212.png\" alt=\"FOPAL 1 - ULI\u010cNA SVETILJKA\" width=\"369\" height=\"260\" srcset=\"https:\/\/www.feman.net\/eng\/wp-content\/uploads\/2015\/03\/18-16-300x212.png 300w, https:\/\/www.feman.net\/eng\/wp-content\/uploads\/2015\/03\/18-16-600x424.png 600w, https:\/\/www.feman.net\/eng\/wp-content\/uploads\/2015\/03\/18-16-1024x723.png 1024w, https:\/\/www.feman.net\/eng\/wp-content\/uploads\/2015\/03\/18-16-150x106.png 150w, https:\/\/www.feman.net\/eng\/wp-content\/uploads\/2015\/03\/18-16.png 1204w\" sizes=\"(max-width: 369px) 100vw, 369px\" \/><\/a> <a href=\"http:\/\/www.feman.net\/wp-content\/uploads\/2015\/03\/18-25.png\"><img loading=\"lazy\" decoding=\"async\" class=\"alignnone wp-image-4074\" src=\"http:\/\/www.feman.net\/wp-content\/uploads\/2015\/03\/18-25-300x169.png\" alt=\"FOPAL 1 - ULI\u010cNA SVETILJKA\" width=\"264\" height=\"149\" srcset=\"https:\/\/www.feman.net\/eng\/wp-content\/uploads\/2015\/03\/18-25-300x169.png 300w, https:\/\/www.feman.net\/eng\/wp-content\/uploads\/2015\/03\/18-25-600x339.png 600w, https:\/\/www.feman.net\/eng\/wp-content\/uploads\/2015\/03\/18-25-150x85.png 150w, https:\/\/www.feman.net\/eng\/wp-content\/uploads\/2015\/03\/18-25.png 645w\" sizes=\"(max-width: 264px) 100vw, 264px\" \/><\/a><\/p>\n<p><a href=\"http:\/\/www.feman.net\/wp-content\/uploads\/2015\/03\/18-32.png\"><img loading=\"lazy\" decoding=\"async\" class=\"alignnone wp-image-4075 size-full\" src=\"http:\/\/www.feman.net\/wp-content\/uploads\/2015\/03\/18-32.png\" alt=\"18-3\" width=\"557\" height=\"272\" srcset=\"https:\/\/www.feman.net\/eng\/wp-content\/uploads\/2015\/03\/18-32.png 557w, https:\/\/www.feman.net\/eng\/wp-content\/uploads\/2015\/03\/18-32-300x146.png 300w, https:\/\/www.feman.net\/eng\/wp-content\/uploads\/2015\/03\/18-32-150x73.png 150w\" sizes=\"(max-width: 557px) 100vw, 557px\" \/><\/a><\/p>\n<p>Fopal 1 svetiljka se sastoji se od: ku\u0107i\u0161ta izra\u0111enog od aluminijumske legure livene pod pritiskom, aluminijumskog ogledala, protektora od polikarbonata, silikonske dihtung gume. Svi spojni elementi su izra\u0111eni od ner\u0111aju\u0107eg materijala. Svetiljka je ofarbana elekrostati\u010dkim farbanjem RAL 7035. Monta\u017ea: Svetiljka se montira horizontalno na liru \u00f848 i \u00f860 ili vertikalno na stub pomo\u0107u dodatnog nosa\u010da. Pri\u010dvr\u0161\u0107uje se jednostavno pomo\u0107u dva vijka. Prednost svetiljke je laka manipulacija pri radu, nije potrebna upotreba alata prilikom zamene sijalice.<\/p>\n<table style=\"height: 252px;\" width=\"773\">\n<tbody>\n<tr>\n<td>Kodni broj<\/td>\n<td>Svetiljka<\/td>\n<td>Tip<\/td>\n<td>Snaga W<\/td>\n<td>Te\u017eina kg<\/td>\n<\/tr>\n<tr>\n<td>3900292<\/td>\n<td>Svetiljka fopal 1<\/td>\n<td>\u017divina<\/td>\n<td>125W<\/td>\n<td>2,95kg<\/td>\n<\/tr>\n<tr>\n<td>3900294<\/td>\n<td>Svetiljka fopal 1<\/td>\n<td>Natrijumova<\/td>\n<td>70W<\/td>\n<td>3,37kg<\/td>\n<\/tr>\n<tr>\n<td>3900295<\/td>\n<td>Svetiljka fopal 1<\/td>\n<td>Natrijumova<\/td>\n<td>100W<\/td>\n<td>3,42kg<\/td>\n<\/tr>\n<tr>\n<td>3900296<\/td>\n<td>Svetiljka fopal 1<\/td>\n<td>Natrijumova<\/td>\n<td>150W<\/td>\n<td>4,42kg<\/td>\n<\/tr>\n<tr>\n<td>3900297<\/td>\n<td>Svetiljka fopal 1<\/td>\n<td>Metal-halogena<\/td>\n<td>70W<\/td>\n<td>3,37kg<\/td>\n<\/tr>\n<tr>\n<td>3900298<\/td>\n<td>Svetiljka fopal 1<\/td>\n<td>Metal-halogena<\/td>\n<td>100W<\/td>\n<td>3,42kg<\/td>\n<\/tr>\n<tr>\n<td>3900299<\/td>\n<td>Svetiljka fopal 1<\/td>\n<td>Metal-halogena<\/td>\n<td>150W<\/td>\n<td>4,24kg<\/td>\n<\/tr>\n<\/tbody>\n<\/table>\n<p>Mogu\u0107nost ugradnje \u0161tedljive, kukuruz i LED sijalice.<\/p>\n<p><a href=\"http:\/\/www.feman.net\/wp-content\/uploads\/2015\/03\/3eurokristal11.jpg\"><img loading=\"lazy\" decoding=\"async\" class=\"alignnone wp-image-266705\" src=\"http:\/\/www.feman.net\/wp-content\/uploads\/2015\/03\/3eurokristal11-237x300.jpg\" alt=\"\" width=\"125\" height=\"158\" srcset=\"https:\/\/www.feman.net\/eng\/wp-content\/uploads\/2015\/03\/3eurokristal11-237x300.jpg 237w, https:\/\/www.feman.net\/eng\/wp-content\/uploads\/2015\/03\/3eurokristal11-300x380.jpg 300w, https:\/\/www.feman.net\/eng\/wp-content\/uploads\/2015\/03\/3eurokristal11.jpg 360w\" sizes=\"(max-width: 125px) 100vw, 125px\" \/><\/a><\/p>\n<h3><strong>TEHNI\u010cKE KARAKTERISTIKE FOPAL SVETILJKE<\/strong><\/h3>\n<p>Tehni\u010dke karakteristike:<\/p>\n<p>IP za\u0161tita &#8230;&#8230;&#8230;&#8230;&#8230;&#8230;&#8230;&#8230;&#8230;&#8230;&#8230;&#8230;&#8230;&#8230;&#8230;&#8230; IP 65<br \/>\nIK otpornost &#8230;&#8230;&#8230;&#8230;&#8230;&#8230;&#8230;&#8230;&#8230;&#8230;&#8230;&#8230;&#8230;&#8230;. IK 08<br \/>\nMonta\u017ea &#8230;&#8230;&#8230;&#8230;&#8230;&#8230;&#8230;&#8230;&#8230;&#8230;&#8230;&#8230;&#8230;&#8230; \u00f848 i \u00f860<br \/>\nDimenzije &#8230;&#8230;&#8230;&#8230;&#8230;&#8230;&#8230;&#8230;&#8230;&#8230;.. 470x260x210<\/p>\n<p><a href=\"http:\/\/www.feman.net\/wp-content\/uploads\/2015\/03\/3FOPAL.jpg\"><img loading=\"lazy\" decoding=\"async\" class=\"alignnone  wp-image-266712\" src=\"http:\/\/www.feman.net\/wp-content\/uploads\/2015\/03\/3FOPAL-237x300.jpg\" alt=\"\" width=\"343\" height=\"434\" srcset=\"https:\/\/www.feman.net\/eng\/wp-content\/uploads\/2015\/03\/3FOPAL-237x300.jpg 237w, https:\/\/www.feman.net\/eng\/wp-content\/uploads\/2015\/03\/3FOPAL-300x379.jpg 300w, https:\/\/www.feman.net\/eng\/wp-content\/uploads\/2015\/03\/3FOPAL.jpg 389w\" sizes=\"(max-width: 343px) 100vw, 343px\" \/>\u00a0<\/a><a href=\"http:\/\/www.feman.net\/wp-content\/uploads\/2015\/03\/3FOPAL.jpg\">\u00a0\u00a0 <\/a><a href=\"http:\/\/www.feman.net\/wp-content\/uploads\/2015\/03\/4FOPAL.jpg\"><img loading=\"lazy\" decoding=\"async\" class=\"alignnone  wp-image-266713\" src=\"http:\/\/www.feman.net\/wp-content\/uploads\/2015\/03\/4FOPAL-300x249.jpg\" alt=\"\" width=\"384\" height=\"319\" srcset=\"https:\/\/www.feman.net\/eng\/wp-content\/uploads\/2015\/03\/4FOPAL-300x249.jpg 300w, https:\/\/www.feman.net\/eng\/wp-content\/uploads\/2015\/03\/4FOPAL.jpg 338w\" sizes=\"(max-width: 384px) 100vw, 384px\" \/><\/a><\/p>\n<p>1. Al &#8211; liveno ku\u0107i\u0161te<br \/>\n2. Silikonski dihtung poklopca<br \/>\n3. Protektor &#8211; polikarbonat<br \/>\n4. Sijali\u010dno grlo E-27 ili E-40<br \/>\n5. Aluminijumsko senilo<br \/>\n6. Brzo skidaju\u0107a nose\u0107a plo\u010da: (prigu\u0161nica, upalja\u010d i kondenzator)<\/p>\n<p><a href=\"http:\/\/www.feman.net\/wp-content\/uploads\/2015\/03\/6FOPAL.jpg\"><img loading=\"lazy\" decoding=\"async\" class=\"alignnone  wp-image-266715\" src=\"http:\/\/www.feman.net\/wp-content\/uploads\/2015\/03\/6FOPAL.jpg\" alt=\"\" width=\"536\" height=\"497\" srcset=\"https:\/\/www.feman.net\/eng\/wp-content\/uploads\/2015\/03\/6FOPAL.jpg 750w, https:\/\/www.feman.net\/eng\/wp-content\/uploads\/2015\/03\/6FOPAL-300x278.jpg 300w, https:\/\/www.feman.net\/eng\/wp-content\/uploads\/2015\/03\/6FOPAL-480x445.jpg 480w, https:\/\/www.feman.net\/eng\/wp-content\/uploads\/2015\/03\/6FOPAL-600x557.jpg 600w\" sizes=\"(max-width: 536px) 100vw, 536px\" \/><\/a><\/p>\n<p><a href=\"http:\/\/www.feman.net\/wp-content\/uploads\/2015\/03\/7FOPAL.jpg\"><img loading=\"lazy\" decoding=\"async\" class=\"alignnone  wp-image-266716\" src=\"http:\/\/www.feman.net\/wp-content\/uploads\/2015\/03\/7FOPAL.jpg\" alt=\"\" width=\"788\" height=\"217\" srcset=\"https:\/\/www.feman.net\/eng\/wp-content\/uploads\/2015\/03\/7FOPAL.jpg 861w, https:\/\/www.feman.net\/eng\/wp-content\/uploads\/2015\/03\/7FOPAL-300x83.jpg 300w, https:\/\/www.feman.net\/eng\/wp-content\/uploads\/2015\/03\/7FOPAL-768x211.jpg 768w, https:\/\/www.feman.net\/eng\/wp-content\/uploads\/2015\/03\/7FOPAL-480x132.jpg 480w, https:\/\/www.feman.net\/eng\/wp-content\/uploads\/2015\/03\/7FOPAL-600x165.jpg 600w\" sizes=\"(max-width: 788px) 100vw, 788px\" \/><\/a><\/p>\n<p>&nbsp;<\/p>\n<p>&nbsp;<\/p>\n<p>&nbsp;<\/p>\n<p>&nbsp;<\/p>\n<p>&nbsp;<\/p>\n","protected":false},"excerpt":{"rendered":"<p>Fopal 1 svetiljka se sastoji se od: ku\u0107i\u0161ta izra\u0111enog od aluminijumske legure livene pod pritiskom, aluminijumskog ogledala, protektora od polikarbonata, silikonske dihtung gume. Svi spojni elementi su izra\u0111eni od ner\u0111aju\u0107eg materijala. Svetiljka je ofarbana elekrostati\u010dkim farbanjem RAL 7035. Monta\u017ea: Svetiljka se montira horizontalno na liru \u00f848 i \u00f860 ili vertikalno na stub pomo\u0107u dodatnog nosa\u010da. [&hellip;]<\/p>\n","protected":false},"featured_media":266710,"comment_status":"closed","ping_status":"closed","template":"","meta":[],"product_brand":[],"product_cat":[207],"product_tag":[],"class_list":{"0":"post-2251","1":"product","2":"type-product","3":"status-publish","4":"has-post-thumbnail","6":"product_cat-svetiljke","8":"first","9":"instock","10":"shipping-taxable","11":"product-type-simple"},"_links":{"self":[{"href":"https:\/\/www.feman.net\/eng\/index.php?rest_route=\/wp\/v2\/product\/2251","targetHints":{"allow":["GET"]}}],"collection":[{"href":"https:\/\/www.feman.net\/eng\/index.php?rest_route=\/wp\/v2\/product"}],"about":[{"href":"https:\/\/www.feman.net\/eng\/index.php?rest_route=\/wp\/v2\/types\/product"}],"replies":[{"embeddable":true,"href":"https:\/\/www.feman.net\/eng\/index.php?rest_route=%2Fwp%2Fv2%2Fcomments&post=2251"}],"wp:featuredmedia":[{"embeddable":true,"href":"https:\/\/www.feman.net\/eng\/index.php?rest_route=\/wp\/v2\/media\/266710"}],"wp:attachment":[{"href":"https:\/\/www.feman.net\/eng\/index.php?rest_route=%2Fwp%2Fv2%2Fmedia&parent=2251"}],"wp:term":[{"taxonomy":"product_brand","embeddable":true,"href":"https:\/\/www.feman.net\/eng\/index.php?rest_route=%2Fwp%2Fv2%2Fproduct_brand&post=2251"},{"taxonomy":"product_cat","embeddable":true,"href":"https:\/\/www.feman.net\/eng\/index.php?rest_route=%2Fwp%2Fv2%2Fproduct_cat&post=2251"},{"taxonomy":"product_tag","embeddable":true,"href":"https:\/\/www.feman.net\/eng\/index.php?rest_route=%2Fwp%2Fv2%2Fproduct_tag&post=2251"}],"curies":[{"name":"wp","href":"https:\/\/api.w.org\/{rel}","templated":true}]}}