{"id":2259,"date":"2015-03-31T13:39:27","date_gmt":"2015-03-31T13:39:27","guid":{"rendered":"http:\/\/feman.net\/?p=2259"},"modified":"2022-05-16T19:14:37","modified_gmt":"2022-05-16T19:14:37","slug":"svetiljka-za-urbano-osvetljenje","status":"publish","type":"product","link":"https:\/\/www.feman.net\/eng\/?product=svetiljka-za-urbano-osvetljenje","title":{"rendered":"SVETILJKA URBANA &#8211; Na\/MH za dekorativno osvetljenje"},"content":{"rendered":"<p><a href=\"http:\/\/www.feman.net\/wp-content\/uploads\/2015\/03\/24-14.png\">\u00a0 <img loading=\"lazy\" decoding=\"async\" class=\"wp-image-4077 alignleft\" src=\"http:\/\/www.feman.net\/wp-content\/uploads\/2015\/03\/24-14.png\" alt=\"SVETILJKA ZA URBANO OSVETLJENJE\" width=\"300\" height=\"234\" srcset=\"https:\/\/www.feman.net\/eng\/wp-content\/uploads\/2015\/03\/24-14.png 946w, https:\/\/www.feman.net\/eng\/wp-content\/uploads\/2015\/03\/24-14-300x233.png 300w, https:\/\/www.feman.net\/eng\/wp-content\/uploads\/2015\/03\/24-14-600x467.png 600w, https:\/\/www.feman.net\/eng\/wp-content\/uploads\/2015\/03\/24-14-150x117.png 150w\" sizes=\"(max-width: 300px) 100vw, 300px\" \/><\/a><\/p>\n<p>&nbsp;<\/p>\n<p><a href=\"http:\/\/www.feman.net\/wp-content\/uploads\/2015\/03\/24-24.png\"><img loading=\"lazy\" decoding=\"async\" class=\"wp-image-4078 alignleft\" src=\"http:\/\/www.feman.net\/wp-content\/uploads\/2015\/03\/24-24.png\" alt=\"SVETILJKA ZA URBANO OSVETLJENJE\" width=\"298\" height=\"220\" srcset=\"https:\/\/www.feman.net\/eng\/wp-content\/uploads\/2015\/03\/24-24.png 929w, https:\/\/www.feman.net\/eng\/wp-content\/uploads\/2015\/03\/24-24-300x221.png 300w, https:\/\/www.feman.net\/eng\/wp-content\/uploads\/2015\/03\/24-24-600x442.png 600w, https:\/\/www.feman.net\/eng\/wp-content\/uploads\/2015\/03\/24-24-150x111.png 150w\" sizes=\"(max-width: 298px) 100vw, 298px\" \/><\/a><\/p>\n<p>&nbsp;<\/p>\n<p>&nbsp;<\/p>\n<p>&nbsp;<\/p>\n<p>&nbsp;<\/p>\n<p>&nbsp;<\/p>\n<p>Tehni\u010dki podaci:<\/p>\n<ul>\n<li>IP za\u0161tita &#8230;&#8230;&#8230;&#8230;&#8230;&#8230;&#8230;&#8230;&#8230;&#8230;&#8230;&#8230;&#8230;&#8230;&#8230;&#8230;.. IP 65 \/ 66<\/li>\n<li>IK otpornost &#8230;&#8230;&#8230;&#8230;&#8230;&#8230;&#8230;&#8230;&#8230;&#8230;&#8230;&#8230;&#8230; IK 08 \/ 09 \/ 10<\/li>\n<li>Monta\u017ea na stub &#8230;&#8230;&#8230;&#8230;&#8230;&#8230;&#8230;&#8230;&#8230;&#8230;&#8230;&#8230;&#8230;&#8230;.. 3-8m<\/li>\n<li>Dimenzije &#8230;&#8230;&#8230;&#8230;&#8230;&#8230;&#8230;&#8230;&#8230;&#8230;&#8230;&#8230;&#8230;&#8230;.710x440mm<\/li>\n<li>Sijali\u010dno grlo &#8230;&#8230;&#8230;&#8230;&#8230;&#8230;&#8230;&#8230;&#8230;&#8230;&#8230;&#8230;&#8230;&#8230;..E27, E40<\/li>\n<\/ul>\n<table style=\"height: 122px; width: 39.2551%;\" width=\"537\">\n<tbody>\n<tr>\n<td style=\"width: 197px;\">Kodni broj<\/td>\n<td style=\"width: 165px;\">Snaga W<\/td>\n<td style=\"width: 165px;\">Napon V<\/td>\n<\/tr>\n<tr>\n<td style=\"width: 197px;\">3900391<\/td>\n<td style=\"width: 165px;\">E27 \/ 40 GRLO<\/td>\n<td style=\"width: 165px;\">220<\/td>\n<\/tr>\n<tr>\n<td style=\"width: 197px;\">3900392<\/td>\n<td style=\"width: 165px;\">70<\/td>\n<td style=\"width: 165px;\">220<\/td>\n<\/tr>\n<tr>\n<td style=\"width: 197px;\">3900394<\/td>\n<td style=\"width: 165px;\">100<\/td>\n<td style=\"width: 165px;\">220<\/td>\n<\/tr>\n<tr>\n<td style=\"width: 197px;\">3900393<\/td>\n<td style=\"width: 165px;\">150<\/td>\n<td style=\"width: 165px;\">220<\/td>\n<\/tr>\n<\/tbody>\n<\/table>\n<p>Svetiljka za urbano osvetljenje koristi se za osvetljenje parkova, trgova, \u0161etali\u0161ta, fabri\u010dkih krugova i na svim mestima gde je potrebno dobro osvetljenje.<\/p>\n<p>Ku\u0107i\u0161te svetiljke je izra\u0111eno od aluminijuma livenog pod pritiskom a protektor od polikarbonata.<\/p>\n<p>Monta\u017ea:<br \/>\nSvetiljka se montira vertikalno na stub \u00d8 60\/76. Pri\u010dvr\u0161\u0107uje se pomo\u0107u \u010detiri prohrom vijka<\/p>\n<p>&nbsp;<\/p>\n","protected":false},"excerpt":{"rendered":"<p>\u00a0 &nbsp; &nbsp; &nbsp; &nbsp; &nbsp; &nbsp; Tehni\u010dki podaci: IP za\u0161tita &#8230;&#8230;&#8230;&#8230;&#8230;&#8230;&#8230;&#8230;&#8230;&#8230;&#8230;&#8230;&#8230;&#8230;&#8230;&#8230;.. IP 65 \/ 66 IK otpornost &#8230;&#8230;&#8230;&#8230;&#8230;&#8230;&#8230;&#8230;&#8230;&#8230;&#8230;&#8230;&#8230; IK 08 \/ 09 \/ 10 Monta\u017ea na stub &#8230;&#8230;&#8230;&#8230;&#8230;&#8230;&#8230;&#8230;&#8230;&#8230;&#8230;&#8230;&#8230;&#8230;.. 3-8m Dimenzije &#8230;&#8230;&#8230;&#8230;&#8230;&#8230;&#8230;&#8230;&#8230;&#8230;&#8230;&#8230;&#8230;&#8230;.710x440mm Sijali\u010dno grlo &#8230;&#8230;&#8230;&#8230;&#8230;&#8230;&#8230;&#8230;&#8230;&#8230;&#8230;&#8230;&#8230;&#8230;..E27, E40 Kodni broj Snaga W Napon V 3900391 E27 \/ 40 GRLO 220 3900392 70 220 3900394 100 220 3900393 [&hellip;]<\/p>\n","protected":false},"featured_media":266718,"comment_status":"closed","ping_status":"closed","template":"","meta":[],"product_brand":[],"product_cat":[207],"product_tag":[],"class_list":{"0":"post-2259","1":"product","2":"type-product","3":"status-publish","4":"has-post-thumbnail","6":"product_cat-svetiljke","8":"first","9":"instock","10":"shipping-taxable","11":"product-type-simple"},"_links":{"self":[{"href":"https:\/\/www.feman.net\/eng\/index.php?rest_route=\/wp\/v2\/product\/2259","targetHints":{"allow":["GET"]}}],"collection":[{"href":"https:\/\/www.feman.net\/eng\/index.php?rest_route=\/wp\/v2\/product"}],"about":[{"href":"https:\/\/www.feman.net\/eng\/index.php?rest_route=\/wp\/v2\/types\/product"}],"replies":[{"embeddable":true,"href":"https:\/\/www.feman.net\/eng\/index.php?rest_route=%2Fwp%2Fv2%2Fcomments&post=2259"}],"wp:featuredmedia":[{"embeddable":true,"href":"https:\/\/www.feman.net\/eng\/index.php?rest_route=\/wp\/v2\/media\/266718"}],"wp:attachment":[{"href":"https:\/\/www.feman.net\/eng\/index.php?rest_route=%2Fwp%2Fv2%2Fmedia&parent=2259"}],"wp:term":[{"taxonomy":"product_brand","embeddable":true,"href":"https:\/\/www.feman.net\/eng\/index.php?rest_route=%2Fwp%2Fv2%2Fproduct_brand&post=2259"},{"taxonomy":"product_cat","embeddable":true,"href":"https:\/\/www.feman.net\/eng\/index.php?rest_route=%2Fwp%2Fv2%2Fproduct_cat&post=2259"},{"taxonomy":"product_tag","embeddable":true,"href":"https:\/\/www.feman.net\/eng\/index.php?rest_route=%2Fwp%2Fv2%2Fproduct_tag&post=2259"}],"curies":[{"name":"wp","href":"https:\/\/api.w.org\/{rel}","templated":true}]}}