{"id":2269,"date":"2015-03-31T13:42:35","date_gmt":"2015-03-31T13:42:35","guid":{"rendered":"http:\/\/feman.net\/?p=2269"},"modified":"2022-05-13T21:30:00","modified_gmt":"2022-05-13T21:30:00","slug":"segmentni-cevni-celicni-stubovi-2","status":"publish","type":"product","link":"https:\/\/www.feman.net\/eng\/?product=segmentni-cevni-celicni-stubovi-2","title":{"rendered":"SEGMENTNI CEVNI  &#8211;  \u010cELI\u010cNI STUBOVI &#8211; 2"},"content":{"rendered":"<p style=\"text-align: justify;\">Cevni metalni stubovi su predvi\u0111eni za primenu u osvetljavanju saobra\u0107ajnica, parkova, \u0161etali\u0161ta itd. Stubovi su izra\u0111eni od kvalitetnih \u010deli\u010dnih cevi koje se spajaju elektrolu\u010dnim zavarivanjem. Na ovaj na\u010din proizvedeni stubovi imaju dobre mehani\u010dke karakteristike i svojim oblikom zadovoljavaju sve estetske zahteve savremene javne rasvete. Povr\u0161inska za\u0161tita se izvodi toplim cinkovanjem ili za\u0161titnim poliesterskim elektrostati\u010dkim lakom u raznim bojama RAL ton karte.<\/p>\n<p>Prema na\u010dinu postavljanja, stubovi se dele na dva tipa:<\/p>\n<ul style=\"list-style-type: disc;\">\n<li>na one koje se postavljaju u betonski temelj Tip ( A ) i<\/li>\n<li>one za ugradnju na betonske temelje sa tri odnosno \u010detiri anker kuke Tip ( B )<\/li>\n<\/ul>\n<p>Vrh stuba ( Detalj &#8220;A&#8221; ) izra\u0111uje se u zavisnosti od tipa svetiljke,\u00a0\u220548 i\u00a0\u220560.<\/p>\n<table style=\"height: 116px;\" width=\"804\">\n<tbody>\n<tr>\n<td><strong>Kodni broj<\/strong><\/td>\n<td><strong>Visina H (m)<\/strong><\/td>\n<td><strong>h<sub>o (mm)<\/sub><\/strong><\/td>\n<td><strong>\u00a0\u2205<sub>a<\/sub>xS<sub>a ( mmx x mm )<br \/>\n<\/sub><\/strong><\/td>\n<td><strong>\u00a0\u2205<sub>b<\/sub>xS<sub>b ( mmx x mm )<\/sub><\/strong><\/td>\n<td><strong>\u00a0\u2205<sub>c<\/sub>xS<sub>c ( mmx x mm )<\/sub><\/strong><\/td>\n<td><strong>\u2205<sub>d<\/sub>xS<sub>d ( mmx x mm )<\/sub><\/strong><\/td>\n<\/tr>\n<tr>\n<td>\u00a03905100<\/td>\n<td>\u00a010<\/td>\n<td>800<\/td>\n<td>\u00a076,1 x 2,5<\/td>\n<td>\u00a0108 x 3,6<\/td>\n<td>\u00a0133 x 4,8<\/td>\n<td>\u00a0159 x 5,6<\/td>\n<\/tr>\n<tr>\n<td>\u00a03905200<\/td>\n<td>\u00a010<\/td>\n<td>\u00a0&#8211;<\/td>\n<td>\u00a076,1 x 2,5<\/td>\n<td>\u00a0108 x 3,6<\/td>\n<td>\u00a0133 x 4,8<\/td>\n<td>\u00a0159 x 5,6<\/td>\n<\/tr>\n<\/tbody>\n<\/table>\n<p>&nbsp;<\/p>\n<table style=\"height: 118px;\" width=\"526\">\n<tbody>\n<tr>\n<td style=\"text-align: center;\"><strong>\u00a0Kodni broj<\/strong><\/td>\n<td style=\"text-align: center;\"><strong>Visina H (m)<\/strong><\/td>\n<td style=\"text-align: center;\"><strong>\u00a0Masa (kg)<\/strong><\/td>\n<td style=\"text-align: center;\"><strong>\u00a0Anker M<\/strong><\/td>\n<td style=\"text-align: center;\"><strong>Tip temelja<\/strong><\/td>\n<td style=\"text-align: center;\"><strong>Anker plo\u010da (a)<\/strong><\/td>\n<td style=\"text-align: center;\"><strong>Anker L<\/strong><\/td>\n<\/tr>\n<tr>\n<td>\u00a03905100<\/td>\n<td>\u00a010<\/td>\n<td>\u00a0169<\/td>\n<td>\u00a0&#8211;<\/td>\n<td>\u00a0&#8211;<\/td>\n<td>\u00a0&#8211;<\/td>\n<td>\u00a0&#8211;<\/td>\n<\/tr>\n<tr>\n<td>\u00a03905200<\/td>\n<td>\u00a010<\/td>\n<td>\u00a0165<\/td>\n<td>\u00a020<\/td>\n<td>\u00a08<\/td>\n<td>\u00a0400<\/td>\n<td>\u00a0600<\/td>\n<\/tr>\n<\/tbody>\n<\/table>\n<p>&nbsp;<\/p>\n<table style=\"border-collapse: collapse; width: 100%;\">\n<tbody>\n<tr>\n<td style=\"width: 42.3419%;\"><a href=\"http:\/\/www.feman.net\/wp-content\/uploads\/2015\/04\/31-11.png\"><img loading=\"lazy\" decoding=\"async\" class=\"wp-image-5641 alignleft\" src=\"http:\/\/www.feman.net\/wp-content\/uploads\/2015\/04\/31-11.png\" alt=\"SEGMENTNI CEVNI - \u010cELI\u010cNI STUBOVI\" width=\"291\" height=\"1046\" srcset=\"https:\/\/www.feman.net\/eng\/wp-content\/uploads\/2015\/04\/31-11.png 690w, https:\/\/www.feman.net\/eng\/wp-content\/uploads\/2015\/04\/31-11-300x1078.png 300w, https:\/\/www.feman.net\/eng\/wp-content\/uploads\/2015\/04\/31-11-600x2157.png 600w, https:\/\/www.feman.net\/eng\/wp-content\/uploads\/2015\/04\/31-11-285x1024.png 285w, https:\/\/www.feman.net\/eng\/wp-content\/uploads\/2015\/04\/31-11-150x539.png 150w\" sizes=\"(max-width: 291px) 100vw, 291px\" \/><\/a><\/td>\n<td style=\"width: 57.6581%;\"><a href=\"http:\/\/www.feman.net\/wp-content\/uploads\/2015\/04\/31-21.png\"><img loading=\"lazy\" decoding=\"async\" class=\"alignnone wp-image-5642\" src=\"http:\/\/www.feman.net\/wp-content\/uploads\/2015\/04\/31-21.png\" alt=\"SEGMENTNI CEVNI - \u010cELI\u010cNI STUBOVI\" width=\"341\" height=\"443\" srcset=\"https:\/\/www.feman.net\/eng\/wp-content\/uploads\/2015\/04\/31-21.png 1226w, https:\/\/www.feman.net\/eng\/wp-content\/uploads\/2015\/04\/31-21-300x390.png 300w, https:\/\/www.feman.net\/eng\/wp-content\/uploads\/2015\/04\/31-21-600x780.png 600w, https:\/\/www.feman.net\/eng\/wp-content\/uploads\/2015\/04\/31-21-231x300.png 231w, https:\/\/www.feman.net\/eng\/wp-content\/uploads\/2015\/04\/31-21-788x1024.png 788w, https:\/\/www.feman.net\/eng\/wp-content\/uploads\/2015\/04\/31-21-150x195.png 150w\" sizes=\"(max-width: 341px) 100vw, 341px\" \/><\/a><\/td>\n<\/tr>\n<\/tbody>\n<\/table>\n<p><a href=\"http:\/\/www.feman.net\/wp-content\/uploads\/2015\/04\/31-21.png\">\u00a0\u00a0\u00a0\u00a0\u00a0\u00a0\u00a0\u00a0<\/a><\/p>\n<p>&nbsp;<\/p>\n<p>&nbsp;<\/p>\n","protected":false},"excerpt":{"rendered":"<p>Cevni metalni stubovi su predvi\u0111eni za primenu u osvetljavanju saobra\u0107ajnica, parkova, \u0161etali\u0161ta itd. Stubovi su izra\u0111eni od kvalitetnih \u010deli\u010dnih cevi koje se spajaju elektrolu\u010dnim zavarivanjem. Na ovaj na\u010din proizvedeni stubovi imaju dobre mehani\u010dke karakteristike i svojim oblikom zadovoljavaju sve estetske zahteve savremene javne rasvete. Povr\u0161inska za\u0161tita se izvodi toplim cinkovanjem ili za\u0161titnim poliesterskim elektrostati\u010dkim lakom [&hellip;]<\/p>\n","protected":false},"featured_media":266592,"comment_status":"closed","ping_status":"closed","template":"","meta":[],"product_brand":[],"product_cat":[210],"product_tag":[],"class_list":{"0":"post-2269","1":"product","2":"type-product","3":"status-publish","4":"has-post-thumbnail","6":"product_cat-nosaci-svetiljki-prikljucni-elementi","8":"first","9":"instock","10":"shipping-taxable","11":"product-type-simple"},"_links":{"self":[{"href":"https:\/\/www.feman.net\/eng\/index.php?rest_route=\/wp\/v2\/product\/2269","targetHints":{"allow":["GET"]}}],"collection":[{"href":"https:\/\/www.feman.net\/eng\/index.php?rest_route=\/wp\/v2\/product"}],"about":[{"href":"https:\/\/www.feman.net\/eng\/index.php?rest_route=\/wp\/v2\/types\/product"}],"replies":[{"embeddable":true,"href":"https:\/\/www.feman.net\/eng\/index.php?rest_route=%2Fwp%2Fv2%2Fcomments&post=2269"}],"wp:featuredmedia":[{"embeddable":true,"href":"https:\/\/www.feman.net\/eng\/index.php?rest_route=\/wp\/v2\/media\/266592"}],"wp:attachment":[{"href":"https:\/\/www.feman.net\/eng\/index.php?rest_route=%2Fwp%2Fv2%2Fmedia&parent=2269"}],"wp:term":[{"taxonomy":"product_brand","embeddable":true,"href":"https:\/\/www.feman.net\/eng\/index.php?rest_route=%2Fwp%2Fv2%2Fproduct_brand&post=2269"},{"taxonomy":"product_cat","embeddable":true,"href":"https:\/\/www.feman.net\/eng\/index.php?rest_route=%2Fwp%2Fv2%2Fproduct_cat&post=2269"},{"taxonomy":"product_tag","embeddable":true,"href":"https:\/\/www.feman.net\/eng\/index.php?rest_route=%2Fwp%2Fv2%2Fproduct_tag&post=2269"}],"curies":[{"name":"wp","href":"https:\/\/api.w.org\/{rel}","templated":true}]}}