{"id":2323,"date":"2015-04-01T08:31:12","date_gmt":"2015-04-01T08:31:12","guid":{"rendered":"http:\/\/feman.net\/?p=2323"},"modified":"2022-05-14T09:54:20","modified_gmt":"2022-05-14T09:54:20","slug":"reflektor-za-osvetljavanje-fasada-manjih-sportskih-terena-i-velikih-bilborda","status":"publish","type":"product","link":"https:\/\/www.feman.net\/eng\/?product=reflektor-za-osvetljavanje-fasada-manjih-sportskih-terena-i-velikih-bilborda","title":{"rendered":"Reflektor za osvetljavanje fasada, manjih sportskih terena i velikih bilborda"},"content":{"rendered":"<p>&nbsp;<\/p>\n<table style=\"border-collapse: collapse; width: 86.7287%;\">\n<tbody>\n<tr>\n<td style=\"width: 50%;\"><a href=\"http:\/\/www.feman.net\/wp-content\/uploads\/2015\/04\/1Reflektor-za-osvetljavanje-fasada.jpg\"><img loading=\"lazy\" decoding=\"async\" class=\"wp-image-266605 aligncenter\" src=\"http:\/\/www.feman.net\/wp-content\/uploads\/2015\/04\/1Reflektor-za-osvetljavanje-fasada.jpg\" alt=\"\" width=\"222\" height=\"283\" srcset=\"https:\/\/www.feman.net\/eng\/wp-content\/uploads\/2015\/04\/1Reflektor-za-osvetljavanje-fasada.jpg 673w, https:\/\/www.feman.net\/eng\/wp-content\/uploads\/2015\/04\/1Reflektor-za-osvetljavanje-fasada-235x300.jpg 235w, https:\/\/www.feman.net\/eng\/wp-content\/uploads\/2015\/04\/1Reflektor-za-osvetljavanje-fasada-480x613.jpg 480w, https:\/\/www.feman.net\/eng\/wp-content\/uploads\/2015\/04\/1Reflektor-za-osvetljavanje-fasada-300x383.jpg 300w, https:\/\/www.feman.net\/eng\/wp-content\/uploads\/2015\/04\/1Reflektor-za-osvetljavanje-fasada-600x766.jpg 600w\" sizes=\"(max-width: 222px) 100vw, 222px\" \/><\/a><\/td>\n<td style=\"width: 70.0011%;\"><a href=\"http:\/\/www.feman.net\/wp-content\/uploads\/2015\/04\/3Reflektor-za-osvetljavanje-fasada.jpg\"><img loading=\"lazy\" decoding=\"async\" class=\"alignnone size-large wp-image-266607\" src=\"http:\/\/www.feman.net\/wp-content\/uploads\/2015\/04\/3Reflektor-za-osvetljavanje-fasada-1024x769.jpg\" alt=\"\" width=\"1024\" height=\"769\" srcset=\"https:\/\/www.feman.net\/eng\/wp-content\/uploads\/2015\/04\/3Reflektor-za-osvetljavanje-fasada-1024x769.jpg 1024w, https:\/\/www.feman.net\/eng\/wp-content\/uploads\/2015\/04\/3Reflektor-za-osvetljavanje-fasada-300x225.jpg 300w, https:\/\/www.feman.net\/eng\/wp-content\/uploads\/2015\/04\/3Reflektor-za-osvetljavanje-fasada-768x577.jpg 768w, https:\/\/www.feman.net\/eng\/wp-content\/uploads\/2015\/04\/3Reflektor-za-osvetljavanje-fasada-510x382.jpg 510w, https:\/\/www.feman.net\/eng\/wp-content\/uploads\/2015\/04\/3Reflektor-za-osvetljavanje-fasada-980x736.jpg 980w, https:\/\/www.feman.net\/eng\/wp-content\/uploads\/2015\/04\/3Reflektor-za-osvetljavanje-fasada-480x360.jpg 480w, https:\/\/www.feman.net\/eng\/wp-content\/uploads\/2015\/04\/3Reflektor-za-osvetljavanje-fasada-600x451.jpg 600w, https:\/\/www.feman.net\/eng\/wp-content\/uploads\/2015\/04\/3Reflektor-za-osvetljavanje-fasada.jpg 1072w\" sizes=\"(max-width: 1024px) 100vw, 1024px\" \/><\/a><\/td>\n<\/tr>\n<\/tbody>\n<\/table>\n<p style=\"text-align: justify;\">Na\u010dinom izrade ku\u0107i\u0161ta, ( livenjem aluminijuma pod pritiskom ) i povr\u0161inskom za\u0161titom koja je izvr\u0161ena procesom plastifikacije \u010dini ovaj reflektor otpornim na atmosferske uticaje, \u0161to omogu\u0107uje njegovu unutra\u0161nju i spolja\u0161nju upotrebu. Upotrebom anodizovanog aluminijuma, fino poliranog, za izradu refleksione povr\u0161ine, posti\u017ee se bolja raspodela svetlosnog fluksa. Snop rasvete je \u0161irok i ravnomerno raspore\u0111en, \u010dime je utro\u0161ak eenergije maskimalno iskori\u0161\u0107en. \u0160teluje se u svim pozicijama po \u017eelji. Svojim kompaktnim i elegantnim izgleldom, lako se uklapa u sve objekte, moderne i tradicionalne arhitekture. Sve ove karakteristike \u010disne ovaj reflektor pogodnim za \u0161irok spektar primene i za spoljnu i za unutra\u0161nju monta\u017eu, aa naj\u010de\u0161\u0107a primenaq mu je za osvetljenje fasada, spomenika, parkova, bilborda itd&#8230;<\/p>\n<p>&nbsp;<\/p>\n<table style=\"border-collapse: collapse; width: 100%;\">\n<tbody>\n<tr>\n<td style=\"width: 37.6585%;\">Tehni\u010dki podaci:<\/p>\n<ul>\n<li>Stepen za\u0161tite &#8211; IP 65<\/li>\n<li>Nominalni napon &#8211; 220~240, 50Hz<\/li>\n<li>Instalirana snaga &#8211; 70-400W<\/li>\n<li>Podno\u017eje &#8211; E27, E40<\/li>\n<\/ul>\n<\/td>\n<td style=\"width: 62.3415%;\"><a href=\"http:\/\/www.feman.net\/wp-content\/uploads\/2015\/04\/2Reflektor-za-osvetljavanje-fasada.jpg\"><img loading=\"lazy\" decoding=\"async\" class=\"alignnone wp-image-266608\" src=\"http:\/\/www.feman.net\/wp-content\/uploads\/2015\/04\/2Reflektor-za-osvetljavanje-fasada.jpg\" alt=\"\" width=\"347\" height=\"292\" srcset=\"https:\/\/www.feman.net\/eng\/wp-content\/uploads\/2015\/04\/2Reflektor-za-osvetljavanje-fasada.jpg 508w, https:\/\/www.feman.net\/eng\/wp-content\/uploads\/2015\/04\/2Reflektor-za-osvetljavanje-fasada-300x253.jpg 300w, https:\/\/www.feman.net\/eng\/wp-content\/uploads\/2015\/04\/2Reflektor-za-osvetljavanje-fasada-480x404.jpg 480w\" sizes=\"(max-width: 347px) 100vw, 347px\" \/><\/a><\/td>\n<\/tr>\n<\/tbody>\n<\/table>\n<p>&nbsp;<\/p>\n<table style=\"height: 179px; width: 71.8906%;\" width=\"1005\">\n<tbody>\n<tr>\n<td style=\"text-align: center;\">Kodni broj<\/td>\n<td style=\"text-align: center;\">Tip<\/td>\n<td style=\"text-align: center;\">Snaga W<\/td>\n<td style=\"text-align: center;\">A ( mm )<\/td>\n<td style=\"text-align: center;\">B ( mm )<\/td>\n<td style=\"text-align: center;\">C ( mm )<\/td>\n<\/tr>\n<tr>\n<td>3900194<\/td>\n<td>Natrijum<\/td>\n<td>250 W<\/td>\n<td>480<\/td>\n<td>530<\/td>\n<td>155<\/td>\n<\/tr>\n<tr>\n<td>3900195<\/td>\n<td>Metal-halogen<\/td>\n<td>250 W<\/td>\n<td>480<\/td>\n<td>530<\/td>\n<td>155<\/td>\n<\/tr>\n<tr>\n<td>3900198<\/td>\n<td>Natrijum<\/td>\n<td>400 W<\/td>\n<td>480<\/td>\n<td>530<\/td>\n<td>155<\/td>\n<\/tr>\n<tr>\n<td>3900199<\/td>\n<td>Metal-halogen<\/td>\n<td>400 W<\/td>\n<td>480<\/td>\n<td>530<\/td>\n<td>155<\/td>\n<\/tr>\n<\/tbody>\n<\/table>\n<p>&nbsp;<\/p>\n","protected":false},"excerpt":{"rendered":"<p>&nbsp; Na\u010dinom izrade ku\u0107i\u0161ta, ( livenjem aluminijuma pod pritiskom ) i povr\u0161inskom za\u0161titom koja je izvr\u0161ena procesom plastifikacije \u010dini ovaj reflektor otpornim na atmosferske uticaje, \u0161to omogu\u0107uje njegovu unutra\u0161nju i spolja\u0161nju upotrebu. Upotrebom anodizovanog aluminijuma, fino poliranog, za izradu refleksione povr\u0161ine, posti\u017ee se bolja raspodela svetlosnog fluksa. Snop rasvete je \u0161irok i ravnomerno raspore\u0111en, \u010dime [&hellip;]<\/p>\n","protected":false},"featured_media":266609,"comment_status":"closed","ping_status":"closed","template":"","meta":[],"product_brand":[],"product_cat":[208],"product_tag":[],"class_list":{"0":"post-2323","1":"product","2":"type-product","3":"status-publish","4":"has-post-thumbnail","6":"product_cat-reflektori","8":"first","9":"instock","10":"shipping-taxable","11":"product-type-simple"},"_links":{"self":[{"href":"https:\/\/www.feman.net\/eng\/index.php?rest_route=\/wp\/v2\/product\/2323","targetHints":{"allow":["GET"]}}],"collection":[{"href":"https:\/\/www.feman.net\/eng\/index.php?rest_route=\/wp\/v2\/product"}],"about":[{"href":"https:\/\/www.feman.net\/eng\/index.php?rest_route=\/wp\/v2\/types\/product"}],"replies":[{"embeddable":true,"href":"https:\/\/www.feman.net\/eng\/index.php?rest_route=%2Fwp%2Fv2%2Fcomments&post=2323"}],"wp:featuredmedia":[{"embeddable":true,"href":"https:\/\/www.feman.net\/eng\/index.php?rest_route=\/wp\/v2\/media\/266609"}],"wp:attachment":[{"href":"https:\/\/www.feman.net\/eng\/index.php?rest_route=%2Fwp%2Fv2%2Fmedia&parent=2323"}],"wp:term":[{"taxonomy":"product_brand","embeddable":true,"href":"https:\/\/www.feman.net\/eng\/index.php?rest_route=%2Fwp%2Fv2%2Fproduct_brand&post=2323"},{"taxonomy":"product_cat","embeddable":true,"href":"https:\/\/www.feman.net\/eng\/index.php?rest_route=%2Fwp%2Fv2%2Fproduct_cat&post=2323"},{"taxonomy":"product_tag","embeddable":true,"href":"https:\/\/www.feman.net\/eng\/index.php?rest_route=%2Fwp%2Fv2%2Fproduct_tag&post=2323"}],"curies":[{"name":"wp","href":"https:\/\/api.w.org\/{rel}","templated":true}]}}