{"id":2336,"date":"2015-04-01T09:19:50","date_gmt":"2015-04-01T09:19:50","guid":{"rendered":"http:\/\/feman.net\/?p=2336"},"modified":"2022-05-16T18:34:25","modified_gmt":"2022-05-16T18:34:25","slug":"vodootporna-fluorescentna-svetiljka","status":"publish","type":"product","link":"https:\/\/www.feman.net\/eng\/?product=vodootporna-fluorescentna-svetiljka","title":{"rendered":"VODOOTPORNA LED ILI FLUORESCENTNA SVETILJKA"},"content":{"rendered":"<p>Svetiljke se koriste za osvetljenje posebnih lokacija gde je izra\u017een uticaj vlage i pra\u0161ine<\/p>\n<p><a href=\"http:\/\/www.feman.net\/wp-content\/uploads\/2015\/04\/1vodootporna-led-fluo.jpg\"><img loading=\"lazy\" decoding=\"async\" class=\"alignnone  wp-image-266724\" src=\"http:\/\/www.feman.net\/wp-content\/uploads\/2015\/04\/1vodootporna-led-fluo-1024x513.jpg\" alt=\"\" width=\"715\" height=\"358\" srcset=\"https:\/\/www.feman.net\/eng\/wp-content\/uploads\/2015\/04\/1vodootporna-led-fluo-1024x513.jpg 1024w, https:\/\/www.feman.net\/eng\/wp-content\/uploads\/2015\/04\/1vodootporna-led-fluo-300x150.jpg 300w, https:\/\/www.feman.net\/eng\/wp-content\/uploads\/2015\/04\/1vodootporna-led-fluo-768x385.jpg 768w, https:\/\/www.feman.net\/eng\/wp-content\/uploads\/2015\/04\/1vodootporna-led-fluo-1536x769.jpg 1536w, https:\/\/www.feman.net\/eng\/wp-content\/uploads\/2015\/04\/1vodootporna-led-fluo-1080x541.jpg 1080w, https:\/\/www.feman.net\/eng\/wp-content\/uploads\/2015\/04\/1vodootporna-led-fluo-1280x641.jpg 1280w, https:\/\/www.feman.net\/eng\/wp-content\/uploads\/2015\/04\/1vodootporna-led-fluo-980x491.jpg 980w, https:\/\/www.feman.net\/eng\/wp-content\/uploads\/2015\/04\/1vodootporna-led-fluo-480x240.jpg 480w, https:\/\/www.feman.net\/eng\/wp-content\/uploads\/2015\/04\/1vodootporna-led-fluo-600x301.jpg 600w, https:\/\/www.feman.net\/eng\/wp-content\/uploads\/2015\/04\/1vodootporna-led-fluo.jpg 1753w\" sizes=\"(max-width: 715px) 100vw, 715px\" \/><\/a><\/p>\n<p>Svetiljka je namenjena za osvetljavanje industrijskih objekata, naro\u010dito gde postoji poja\u010dan uticaj vlage i pra\u0161ine. Telo svetiljke je izra\u0111eno od ABS-a. Kop\u010de za pri\u010dvr\u0161\u0107ivanje protektora su od prohroma.<br \/>\nDihtung od poliuretana je izliven direktno u \u017eleb na telu svetiljke. Uvodnice od poliamida omogu\u0107avaju za\u0161titu IP65. Protektor je izra\u0111en od tranparentnog polikarbonata koji je UV stabilisan, (\u0161to zna\u010di da ne dolazi do velikih promena u materijalu usled dejstva ultra-ljubi\u010dastog dela spektra zra\u010denja svetlosti). Odsija\u010d od \u010deli\u010dnog lima je plastificiran u beloj boji i UV stabilisan.<br \/>\nSvetiljku isporu\u010dujemo u LED ili fluo varijanti.<\/p>\n<p><a href=\"http:\/\/www.feman.net\/wp-content\/uploads\/2015\/04\/4vodootporna-led-fluo.jpg\"><img loading=\"lazy\" decoding=\"async\" class=\"alignnone  wp-image-266726\" src=\"http:\/\/www.feman.net\/wp-content\/uploads\/2015\/04\/4vodootporna-led-fluo.jpg\" alt=\"\" width=\"1121\" height=\"534\" srcset=\"https:\/\/www.feman.net\/eng\/wp-content\/uploads\/2015\/04\/4vodootporna-led-fluo.jpg 1576w, https:\/\/www.feman.net\/eng\/wp-content\/uploads\/2015\/04\/4vodootporna-led-fluo-300x143.jpg 300w, https:\/\/www.feman.net\/eng\/wp-content\/uploads\/2015\/04\/4vodootporna-led-fluo-1024x488.jpg 1024w, https:\/\/www.feman.net\/eng\/wp-content\/uploads\/2015\/04\/4vodootporna-led-fluo-768x366.jpg 768w, https:\/\/www.feman.net\/eng\/wp-content\/uploads\/2015\/04\/4vodootporna-led-fluo-1536x732.jpg 1536w, https:\/\/www.feman.net\/eng\/wp-content\/uploads\/2015\/04\/4vodootporna-led-fluo-1080x515.jpg 1080w, https:\/\/www.feman.net\/eng\/wp-content\/uploads\/2015\/04\/4vodootporna-led-fluo-1280x610.jpg 1280w, https:\/\/www.feman.net\/eng\/wp-content\/uploads\/2015\/04\/4vodootporna-led-fluo-980x467.jpg 980w, https:\/\/www.feman.net\/eng\/wp-content\/uploads\/2015\/04\/4vodootporna-led-fluo-480x229.jpg 480w, https:\/\/www.feman.net\/eng\/wp-content\/uploads\/2015\/04\/4vodootporna-led-fluo-600x286.jpg 600w\" sizes=\"(max-width: 1121px) 100vw, 1121px\" \/><\/a><\/p>\n<p><a href=\"http:\/\/www.feman.net\/wp-content\/uploads\/2015\/04\/2vodootporna-led-fluo.jpg\"><img loading=\"lazy\" decoding=\"async\" class=\"alignnone size-full wp-image-266727\" src=\"http:\/\/www.feman.net\/wp-content\/uploads\/2015\/04\/2vodootporna-led-fluo.jpg\" alt=\"\" width=\"862\" height=\"370\" srcset=\"https:\/\/www.feman.net\/eng\/wp-content\/uploads\/2015\/04\/2vodootporna-led-fluo.jpg 862w, https:\/\/www.feman.net\/eng\/wp-content\/uploads\/2015\/04\/2vodootporna-led-fluo-300x129.jpg 300w, https:\/\/www.feman.net\/eng\/wp-content\/uploads\/2015\/04\/2vodootporna-led-fluo-768x330.jpg 768w, https:\/\/www.feman.net\/eng\/wp-content\/uploads\/2015\/04\/2vodootporna-led-fluo-480x206.jpg 480w, https:\/\/www.feman.net\/eng\/wp-content\/uploads\/2015\/04\/2vodootporna-led-fluo-600x258.jpg 600w\" sizes=\"(max-width: 862px) 100vw, 862px\" \/><\/a><\/p>\n<p><a href=\"http:\/\/www.feman.net\/wp-content\/uploads\/2015\/04\/11vodootporna-led-fluo.jpg\"><img loading=\"lazy\" decoding=\"async\" class=\"alignnone wp-image-266728\" src=\"http:\/\/www.feman.net\/wp-content\/uploads\/2015\/04\/11vodootporna-led-fluo.jpg\" alt=\"\" width=\"478\" height=\"450\" srcset=\"https:\/\/www.feman.net\/eng\/wp-content\/uploads\/2015\/04\/11vodootporna-led-fluo.jpg 546w, https:\/\/www.feman.net\/eng\/wp-content\/uploads\/2015\/04\/11vodootporna-led-fluo-300x282.jpg 300w, https:\/\/www.feman.net\/eng\/wp-content\/uploads\/2015\/04\/11vodootporna-led-fluo-480x452.jpg 480w\" sizes=\"(max-width: 478px) 100vw, 478px\" \/><\/a><a href=\"http:\/\/www.feman.net\/wp-content\/uploads\/2015\/04\/121vodootporna-led-fluo.jpg\"><img loading=\"lazy\" decoding=\"async\" class=\"alignnone wp-image-266729\" src=\"http:\/\/www.feman.net\/wp-content\/uploads\/2015\/04\/121vodootporna-led-fluo.jpg\" alt=\"\" width=\"466\" height=\"450\" srcset=\"https:\/\/www.feman.net\/eng\/wp-content\/uploads\/2015\/04\/121vodootporna-led-fluo.jpg 547w, https:\/\/www.feman.net\/eng\/wp-content\/uploads\/2015\/04\/121vodootporna-led-fluo-300x290.jpg 300w, https:\/\/www.feman.net\/eng\/wp-content\/uploads\/2015\/04\/121vodootporna-led-fluo-480x463.jpg 480w\" sizes=\"(max-width: 466px) 100vw, 466px\" \/><\/a><\/p>\n<p><a href=\"http:\/\/www.feman.net\/wp-content\/uploads\/2015\/04\/13vodootporna-led-fluo.jpg\"><img loading=\"lazy\" decoding=\"async\" class=\"alignnone wp-image-266730\" src=\"http:\/\/www.feman.net\/wp-content\/uploads\/2015\/04\/13vodootporna-led-fluo.jpg\" alt=\"\" width=\"483\" height=\"432\" srcset=\"https:\/\/www.feman.net\/eng\/wp-content\/uploads\/2015\/04\/13vodootporna-led-fluo.jpg 544w, https:\/\/www.feman.net\/eng\/wp-content\/uploads\/2015\/04\/13vodootporna-led-fluo-300x269.jpg 300w, https:\/\/www.feman.net\/eng\/wp-content\/uploads\/2015\/04\/13vodootporna-led-fluo-480x430.jpg 480w\" sizes=\"(max-width: 483px) 100vw, 483px\" \/><\/a> <a href=\"http:\/\/www.feman.net\/wp-content\/uploads\/2015\/04\/14vodootporna-led-fluo.jpg\"><img loading=\"lazy\" decoding=\"async\" class=\"alignnone wp-image-266731\" src=\"http:\/\/www.feman.net\/wp-content\/uploads\/2015\/04\/14vodootporna-led-fluo.jpg\" alt=\"\" width=\"457\" height=\"439\" srcset=\"https:\/\/www.feman.net\/eng\/wp-content\/uploads\/2015\/04\/14vodootporna-led-fluo.jpg 548w, https:\/\/www.feman.net\/eng\/wp-content\/uploads\/2015\/04\/14vodootporna-led-fluo-300x288.jpg 300w, https:\/\/www.feman.net\/eng\/wp-content\/uploads\/2015\/04\/14vodootporna-led-fluo-480x461.jpg 480w\" sizes=\"(max-width: 457px) 100vw, 457px\" \/><\/a><\/p>\n<p>&nbsp;<\/p>\n<p>&nbsp;<\/p>\n<p>&nbsp;<\/p>\n<p>&nbsp;<\/p>\n<p>&nbsp;<\/p>\n<p>&nbsp;<\/p>\n<p>&nbsp;<\/p>\n<p>&nbsp;<\/p>\n","protected":false},"excerpt":{"rendered":"<p>Svetiljke se koriste za osvetljenje posebnih lokacija gde je izra\u017een uticaj vlage i pra\u0161ine Svetiljka je namenjena za osvetljavanje industrijskih objekata, naro\u010dito gde postoji poja\u010dan uticaj vlage i pra\u0161ine. Telo svetiljke je izra\u0111eno od ABS-a. Kop\u010de za pri\u010dvr\u0161\u0107ivanje protektora su od prohroma. Dihtung od poliuretana je izliven direktno u \u017eleb na telu svetiljke. Uvodnice od [&hellip;]<\/p>\n","protected":false},"featured_media":266732,"comment_status":"closed","ping_status":"closed","template":"","meta":[],"product_brand":[],"product_cat":[207],"product_tag":[],"class_list":{"0":"post-2336","1":"product","2":"type-product","3":"status-publish","4":"has-post-thumbnail","6":"product_cat-svetiljke","8":"first","9":"instock","10":"shipping-taxable","11":"product-type-simple"},"_links":{"self":[{"href":"https:\/\/www.feman.net\/eng\/index.php?rest_route=\/wp\/v2\/product\/2336","targetHints":{"allow":["GET"]}}],"collection":[{"href":"https:\/\/www.feman.net\/eng\/index.php?rest_route=\/wp\/v2\/product"}],"about":[{"href":"https:\/\/www.feman.net\/eng\/index.php?rest_route=\/wp\/v2\/types\/product"}],"replies":[{"embeddable":true,"href":"https:\/\/www.feman.net\/eng\/index.php?rest_route=%2Fwp%2Fv2%2Fcomments&post=2336"}],"wp:featuredmedia":[{"embeddable":true,"href":"https:\/\/www.feman.net\/eng\/index.php?rest_route=\/wp\/v2\/media\/266732"}],"wp:attachment":[{"href":"https:\/\/www.feman.net\/eng\/index.php?rest_route=%2Fwp%2Fv2%2Fmedia&parent=2336"}],"wp:term":[{"taxonomy":"product_brand","embeddable":true,"href":"https:\/\/www.feman.net\/eng\/index.php?rest_route=%2Fwp%2Fv2%2Fproduct_brand&post=2336"},{"taxonomy":"product_cat","embeddable":true,"href":"https:\/\/www.feman.net\/eng\/index.php?rest_route=%2Fwp%2Fv2%2Fproduct_cat&post=2336"},{"taxonomy":"product_tag","embeddable":true,"href":"https:\/\/www.feman.net\/eng\/index.php?rest_route=%2Fwp%2Fv2%2Fproduct_tag&post=2336"}],"curies":[{"name":"wp","href":"https:\/\/api.w.org\/{rel}","templated":true}]}}