{"id":2363,"date":"2015-04-01T10:20:09","date_gmt":"2015-04-01T10:20:09","guid":{"rendered":"http:\/\/feman.net\/?p=2363"},"modified":"2022-11-23T18:10:11","modified_gmt":"2022-11-23T18:10:11","slug":"adapter-za-izolovanu-vododihtujucu-prikljucnu-stezaljku-fidos-50-15050-150","status":"publish","type":"product","link":"https:\/\/www.feman.net\/eng\/?product=adapter-za-izolovanu-vododihtujucu-prikljucnu-stezaljku-fidos-50-15050-150","title":{"rendered":"ADAPTER ZA IZOLOVANU VODODIHTUJU\u0106U PRIKLJU\u010cNU STEZALJKU FIDOS (350-150\/(35)50-150"},"content":{"rendered":"<p style=\"text-align: justify;\">Koristi se kao reducir za priklju\u010dnu stezaljku FIDOS (35)50-150\/(35)50-150, za ku\u0107ni priklju\u010dak sa mogu\u0107no\u0161\u0107u priklju\u010dka 1,2 i 4 doma\u0107instva upotrebom jedne FIDOS stezaljke. Adapteri su potpuno izolovani i vododihtuju\u0107i, \u010dime se obezbe\u0111uje sigurna za\u0161tita prilikom rada pod naponom, kao i siguran i dugotrajan spoj. Dihtovanje spoja gumenim umetkom pouzdano spre\u010dava pojavu elektroliti\u010dke korozije i omogu\u0107ava spajanje Al i Cu provodnika za ku\u0107ne priklju\u010dke. Automatski se reguli\u0161e sila stezanja pomo\u0107u moment navrtke koja se kida tek kada je ostvaren odgovaraju\u0107i moment. Za pritezanje kao i za demonta\u017eu adaptera preporu\u010dujemo klju\u010d OK-13. Prilikom monta\u017ee pod naponom obavezno je kori\u0161\u0107enje za\u0161titnih rukavica. Adapteri su u skladu sa standardom EN 50483.<\/p>\n<p><img loading=\"lazy\" decoding=\"async\" class=\"wp-image-268595 aligncenter\" src=\"http:\/\/www.feman.net\/wp-content\/uploads\/2015\/04\/18.jpg\" alt=\"\" width=\"608\" height=\"629\" srcset=\"https:\/\/www.feman.net\/eng\/wp-content\/uploads\/2015\/04\/18.jpg 667w, https:\/\/www.feman.net\/eng\/wp-content\/uploads\/2015\/04\/18-300x310.jpg 300w, https:\/\/www.feman.net\/eng\/wp-content\/uploads\/2015\/04\/18-200x207.jpg 200w, https:\/\/www.feman.net\/eng\/wp-content\/uploads\/2015\/04\/18-480x497.jpg 480w, https:\/\/www.feman.net\/eng\/wp-content\/uploads\/2015\/04\/18-600x621.jpg 600w\" sizes=\"(max-width: 608px) 100vw, 608px\" \/><\/p>\n<table style=\"height: 141px; width: 67.1191%;\" width=\"948\">\n<tbody>\n<tr style=\"background-color: #b6d8fa;\">\n<td style=\"width: 13.5367%; text-align: center;\">Kodni broj<\/td>\n<td style=\"width: 17.2545%; text-align: center;\">Oznaka\u00a0 mm\u00b2<\/td>\n<td style=\"width: 9.24695%; text-align: center;\">A mm<\/td>\n<td style=\"width: 6.95901%; text-align: center;\">B mm<\/td>\n<td style=\"width: 8.10296%; text-align: center;\">C mm<\/td>\n<td style=\"width: 19.4471%; text-align: center;\">Pakovanje kom<\/td>\n<td style=\"width: 23.6416%; text-align: center;\">Te\u017eina kg\/100 kom<\/td>\n<\/tr>\n<tr>\n<td style=\"text-align: center; width: 13.5367%;\">3802571<\/td>\n<td style=\"text-align: center; width: 17.2545%;\">F1 1&#215;6-35<\/td>\n<td style=\"text-align: center; width: 9.24695%;\">80<\/td>\n<td style=\"text-align: center; width: 6.95901%;\">23<\/td>\n<td style=\"text-align: center; width: 8.10296%;\">71<\/td>\n<td style=\"text-align: center; width: 19.4471%;\">50<\/td>\n<td style=\"text-align: center; width: 23.6416%;\">4,2<\/td>\n<\/tr>\n<tr>\n<td style=\"text-align: center; width: 13.5367%;\">3802572<\/td>\n<td style=\"text-align: center; width: 17.2545%;\">F2 2&#215;6-35<\/td>\n<td style=\"text-align: center; width: 9.24695%;\">93<\/td>\n<td style=\"text-align: center; width: 6.95901%;\">43<\/td>\n<td style=\"text-align: center; width: 8.10296%;\">78<\/td>\n<td style=\"text-align: center; width: 19.4471%;\">50<\/td>\n<td style=\"text-align: center; width: 23.6416%;\">9,4<\/td>\n<\/tr>\n<tr>\n<td style=\"text-align: center; width: 13.5367%;\">3802574<\/td>\n<td style=\"text-align: center; width: 17.2545%;\">F4 4&#215;6-35<\/td>\n<td style=\"text-align: center; width: 9.24695%;\">140<\/td>\n<td style=\"text-align: center; width: 6.95901%;\">43<\/td>\n<td style=\"text-align: center; width: 8.10296%;\">78<\/td>\n<td style=\"text-align: center; width: 19.4471%;\">25<\/td>\n<td style=\"text-align: center; width: 23.6416%;\">16,7<\/td>\n<\/tr>\n<\/tbody>\n<\/table>\n<p><strong>Napomena: Za monta\u017eu adaptera obavezno je kori\u0161\u0107enje FIDOS-a sa 8 Cu zubastih mosti\u0107a.<\/strong><\/p>\n<p>Primer kori\u0161\u0107enja adaptera\u00a0 sa FIDOS-om<\/p>\n<p><img loading=\"lazy\" decoding=\"async\" class=\"size-full wp-image-268596 aligncenter\" src=\"http:\/\/www.feman.net\/wp-content\/uploads\/2015\/04\/19.jpg\" alt=\"\" width=\"577\" height=\"288\" srcset=\"https:\/\/www.feman.net\/eng\/wp-content\/uploads\/2015\/04\/19.jpg 577w, https:\/\/www.feman.net\/eng\/wp-content\/uploads\/2015\/04\/19-300x150.jpg 300w, https:\/\/www.feman.net\/eng\/wp-content\/uploads\/2015\/04\/19-200x100.jpg 200w, https:\/\/www.feman.net\/eng\/wp-content\/uploads\/2015\/04\/19-480x240.jpg 480w\" sizes=\"(max-width: 577px) 100vw, 577px\" \/><\/p>\n<p>&nbsp;<\/p>\n<table style=\"height: 121px; width: 67.4054%;\" width=\"677\">\n<tbody>\n<tr style=\"height: 23px; background-color: #b6d8fa;\">\n<td style=\"height: 23px; width: 13.9576%; text-align: center;\">Kodni broj<\/td>\n<td style=\"height: 23px; width: 60.0707%; text-align: center;\">Tip mm\u00b2<\/td>\n<td style=\"height: 23px; width: 27.2085%; text-align: center;\">Te\u017eina kg\/100 kom<\/td>\n<\/tr>\n<tr style=\"height: 23px;\">\n<td style=\"height: 23px; width: 13.9576%; text-align: center;\">3802576<\/td>\n<td style=\"height: 23px; width: 60.0707%; text-align: center;\">Fidos ( 35 ) 50-150\/(35)50-150 + adapter 1&#215;6-35<\/td>\n<td style=\"height: 23px; width: 27.2085%; text-align: center;\">50<\/td>\n<\/tr>\n<tr style=\"height: 23px;\">\n<td style=\"height: 23px; width: 13.9576%; text-align: center;\">3802577<\/td>\n<td style=\"height: 23px; width: 60.0707%; text-align: center;\">Fidos ( 35 ) 50-150\/(35)50-150 + adapter 2&#215;6-35<\/td>\n<td style=\"height: 23px; width: 27.2085%; text-align: center;\">50<\/td>\n<\/tr>\n<tr>\n<td style=\"width: 13.9576%; text-align: center;\">3802578<\/td>\n<td style=\"width: 60.0707%; text-align: center;\">Fidos ( 35 ) 50-150\/(35)50-150 + adapter 4&#215;6-35<\/td>\n<td style=\"width: 27.2085%; text-align: center;\">50<\/td>\n<\/tr>\n<\/tbody>\n<\/table>\n<p>&nbsp;<\/p>\n<p>&nbsp;<\/p>\n","protected":false},"excerpt":{"rendered":"<p>Koristi se kao reducir za priklju\u010dnu stezaljku FIDOS (35)50-150\/(35)50-150, za ku\u0107ni priklju\u010dak sa mogu\u0107no\u0161\u0107u priklju\u010dka 1,2 i 4 doma\u0107instva upotrebom jedne FIDOS stezaljke. Adapteri su potpuno izolovani i vododihtuju\u0107i, \u010dime se obezbe\u0111uje sigurna za\u0161tita prilikom rada pod naponom, kao i siguran i dugotrajan spoj. Dihtovanje spoja gumenim umetkom pouzdano spre\u010dava pojavu elektroliti\u010dke korozije i omogu\u0107ava [&hellip;]<\/p>\n","protected":false},"featured_media":264552,"comment_status":"closed","ping_status":"closed","template":"","meta":[],"product_brand":[],"product_cat":[173,172],"product_tag":[],"class_list":{"0":"post-2363","1":"product","2":"type-product","3":"status-publish","4":"has-post-thumbnail","6":"product_cat-izolovane-vodozaptivne-stezaljke","7":"product_cat-oprema-sks-adss","9":"first","10":"instock","11":"shipping-taxable","12":"product-type-simple"},"_links":{"self":[{"href":"https:\/\/www.feman.net\/eng\/index.php?rest_route=\/wp\/v2\/product\/2363","targetHints":{"allow":["GET"]}}],"collection":[{"href":"https:\/\/www.feman.net\/eng\/index.php?rest_route=\/wp\/v2\/product"}],"about":[{"href":"https:\/\/www.feman.net\/eng\/index.php?rest_route=\/wp\/v2\/types\/product"}],"replies":[{"embeddable":true,"href":"https:\/\/www.feman.net\/eng\/index.php?rest_route=%2Fwp%2Fv2%2Fcomments&post=2363"}],"wp:featuredmedia":[{"embeddable":true,"href":"https:\/\/www.feman.net\/eng\/index.php?rest_route=\/wp\/v2\/media\/264552"}],"wp:attachment":[{"href":"https:\/\/www.feman.net\/eng\/index.php?rest_route=%2Fwp%2Fv2%2Fmedia&parent=2363"}],"wp:term":[{"taxonomy":"product_brand","embeddable":true,"href":"https:\/\/www.feman.net\/eng\/index.php?rest_route=%2Fwp%2Fv2%2Fproduct_brand&post=2363"},{"taxonomy":"product_cat","embeddable":true,"href":"https:\/\/www.feman.net\/eng\/index.php?rest_route=%2Fwp%2Fv2%2Fproduct_cat&post=2363"},{"taxonomy":"product_tag","embeddable":true,"href":"https:\/\/www.feman.net\/eng\/index.php?rest_route=%2Fwp%2Fv2%2Fproduct_tag&post=2363"}],"curies":[{"name":"wp","href":"https:\/\/api.w.org\/{rel}","templated":true}]}}