{"id":2369,"date":"2015-04-01T10:24:57","date_gmt":"2015-04-01T10:24:57","guid":{"rendered":"http:\/\/feman.net\/?p=2369"},"modified":"2022-11-23T18:48:15","modified_gmt":"2022-11-23T18:48:15","slug":"razdvojiva-spojnica","status":"publish","type":"product","link":"https:\/\/www.feman.net\/eng\/?product=razdvojiva-spojnica","title":{"rendered":"RAZDVOJIVA SPOJNICA"},"content":{"rendered":"<p><img loading=\"lazy\" decoding=\"async\" class=\"wp-image-268824 alignnone\" src=\"http:\/\/www.feman.net\/wp-content\/uploads\/2015\/04\/23.jpg\" alt=\"\" width=\"307\" height=\"309\" srcset=\"https:\/\/www.feman.net\/eng\/wp-content\/uploads\/2015\/04\/23.jpg 530w, https:\/\/www.feman.net\/eng\/wp-content\/uploads\/2015\/04\/23-300x302.jpg 300w, https:\/\/www.feman.net\/eng\/wp-content\/uploads\/2015\/04\/23-150x150.jpg 150w, https:\/\/www.feman.net\/eng\/wp-content\/uploads\/2015\/04\/23-200x202.jpg 200w, https:\/\/www.feman.net\/eng\/wp-content\/uploads\/2015\/04\/23-480x484.jpg 480w, https:\/\/www.feman.net\/eng\/wp-content\/uploads\/2015\/04\/23-100x100.jpg 100w\" sizes=\"(max-width: 307px) 100vw, 307px\" \/><\/p>\n<p>Koriste se za spajanje i razdvajanje provodnika kod izolovanih nadzemnih kablovskih mre\u017ea. Telo spojnice je izra\u0111eno od alumijuma, za\u0161ti\u0107eno izolacijom. Spojnice su u potpunosti izolovane, \u010dime se obezbe\u0111uje sigurnost u radu pod naponom, a tako\u0111e i garancija sigurnog i dugotrajnog spoja.<\/p>\n<p>&nbsp;<\/p>\n<table style=\"height: 172px; width: 58.1021%;\" width=\"578\">\n<tbody>\n<tr style=\"background-color: #b6d8fa;\">\n<td style=\"text-align: center;\"><span style=\"font-size: 12pt;\">Kodni broj<\/span><\/td>\n<td style=\"text-align: center;\"><span style=\"font-size: 12pt;\">Tip mm\u00b2<\/span><\/td>\n<td style=\"text-align: center;\"><span style=\"font-size: 12pt;\">Pakovanje kom<\/span><\/td>\n<\/tr>\n<tr>\n<td style=\"text-align: center;\"><span style=\"font-size: 12pt;\">3813550<\/span><\/td>\n<td style=\"text-align: center;\"><span style=\"font-size: 12pt;\">35\/50<\/span><\/td>\n<td style=\"text-align: center;\"><span style=\"font-size: 12pt;\">10<\/span><\/td>\n<\/tr>\n<tr>\n<td style=\"text-align: center;\"><span style=\"font-size: 12pt;\">3815050<\/span><\/td>\n<td style=\"text-align: center;\"><span style=\"font-size: 12pt;\">50\/50<\/span><\/td>\n<td style=\"text-align: center;\"><span style=\"font-size: 12pt;\">10<\/span><\/td>\n<\/tr>\n<tr>\n<td style=\"text-align: center;\"><span style=\"font-size: 12pt;\">3817070<\/span><\/td>\n<td style=\"text-align: center;\"><span style=\"font-size: 12pt;\">70\/70<\/span><\/td>\n<td style=\"text-align: center;\"><span style=\"font-size: 12pt;\">10<\/span><\/td>\n<\/tr>\n<tr>\n<td style=\"text-align: center;\"><span style=\"font-size: 12pt;\">3819595<\/span><\/td>\n<td style=\"text-align: center;\"><span style=\"font-size: 12pt;\">95\/95<\/span><\/td>\n<td style=\"text-align: center;\"><span style=\"font-size: 12pt;\">10<\/span><\/td>\n<\/tr>\n<tr>\n<td style=\"text-align: center;\"><span style=\"font-size: 12pt;\">3822096<\/span><\/td>\n<td style=\"text-align: center;\"><span style=\"font-size: 12pt;\">120\/120<\/span><\/td>\n<td style=\"text-align: center;\"><span style=\"font-size: 12pt;\">10<\/span><\/td>\n<\/tr>\n<\/tbody>\n<\/table>\n<p>&nbsp;<\/p>\n<p>&nbsp;<\/p>\n<p>&nbsp;<\/p>\n","protected":false},"excerpt":{"rendered":"<p>Koriste se za spajanje i razdvajanje provodnika kod izolovanih nadzemnih kablovskih mre\u017ea. Telo spojnice je izra\u0111eno od alumijuma, za\u0161ti\u0107eno izolacijom. Spojnice su u potpunosti izolovane, \u010dime se obezbe\u0111uje sigurnost u radu pod naponom, a tako\u0111e i garancija sigurnog i dugotrajnog spoja. &nbsp; Kodni broj Tip mm\u00b2 Pakovanje kom 3813550 35\/50 10 3815050 50\/50 10 3817070 [&hellip;]<\/p>\n","protected":false},"featured_media":1393,"comment_status":"closed","ping_status":"closed","template":"","meta":[],"product_brand":[],"product_cat":[173,172],"product_tag":[],"class_list":{"0":"post-2369","1":"product","2":"type-product","3":"status-publish","4":"has-post-thumbnail","6":"product_cat-izolovane-vodozaptivne-stezaljke","7":"product_cat-oprema-sks-adss","9":"first","10":"instock","11":"shipping-taxable","12":"product-type-simple"},"_links":{"self":[{"href":"https:\/\/www.feman.net\/eng\/index.php?rest_route=\/wp\/v2\/product\/2369","targetHints":{"allow":["GET"]}}],"collection":[{"href":"https:\/\/www.feman.net\/eng\/index.php?rest_route=\/wp\/v2\/product"}],"about":[{"href":"https:\/\/www.feman.net\/eng\/index.php?rest_route=\/wp\/v2\/types\/product"}],"replies":[{"embeddable":true,"href":"https:\/\/www.feman.net\/eng\/index.php?rest_route=%2Fwp%2Fv2%2Fcomments&post=2369"}],"wp:featuredmedia":[{"embeddable":true,"href":"https:\/\/www.feman.net\/eng\/index.php?rest_route=\/wp\/v2\/media\/1393"}],"wp:attachment":[{"href":"https:\/\/www.feman.net\/eng\/index.php?rest_route=%2Fwp%2Fv2%2Fmedia&parent=2369"}],"wp:term":[{"taxonomy":"product_brand","embeddable":true,"href":"https:\/\/www.feman.net\/eng\/index.php?rest_route=%2Fwp%2Fv2%2Fproduct_brand&post=2369"},{"taxonomy":"product_cat","embeddable":true,"href":"https:\/\/www.feman.net\/eng\/index.php?rest_route=%2Fwp%2Fv2%2Fproduct_cat&post=2369"},{"taxonomy":"product_tag","embeddable":true,"href":"https:\/\/www.feman.net\/eng\/index.php?rest_route=%2Fwp%2Fv2%2Fproduct_tag&post=2369"}],"curies":[{"name":"wp","href":"https:\/\/api.w.org\/{rel}","templated":true}]}}