{"id":2376,"date":"2015-04-01T11:17:25","date_gmt":"2015-04-01T11:17:25","guid":{"rendered":"http:\/\/feman.net\/?p=2376"},"modified":"2022-11-23T18:48:21","modified_gmt":"2022-11-23T18:48:21","slug":"izolovane-vodonepropusne-al-cu-bimetalne-papucice-cptau-2","status":"publish","type":"product","link":"https:\/\/www.feman.net\/eng\/?product=izolovane-vodonepropusne-al-cu-bimetalne-papucice-cptau-2","title":{"rendered":"IZOLOVANE VODONEPROPUSNE AL &#8211; CU BIMETALNE PAPU\u010cICE CPTAU"},"content":{"rendered":"<p><img loading=\"lazy\" decoding=\"async\" class=\"wp-image-268825 alignnone\" src=\"http:\/\/www.feman.net\/wp-content\/uploads\/2015\/04\/24.jpg\" alt=\"\" width=\"354\" height=\"341\" srcset=\"https:\/\/www.feman.net\/eng\/wp-content\/uploads\/2015\/04\/24.jpg 552w, https:\/\/www.feman.net\/eng\/wp-content\/uploads\/2015\/04\/24-300x289.jpg 300w, https:\/\/www.feman.net\/eng\/wp-content\/uploads\/2015\/04\/24-200x192.jpg 200w, https:\/\/www.feman.net\/eng\/wp-content\/uploads\/2015\/04\/24-480x462.jpg 480w\" sizes=\"(max-width: 354px) 100vw, 354px\" \/><\/p>\n<p style=\"text-align: justify;\">Koriste se za zavr\u0161avanje izolovanih Al provodnika i prelazak na Cu \u0161inu. Provodnik sa koga je skinuta izolacija uvla\u010di se u papu\u010dicu kroz gumeni zaptivak koji spre\u010dava prodor vlage i pojavu elektroliti\u010dke korozije. \u0160estougaono presovanje se vr\u0161i direktno preko izolacije na mestima ozna\u010denim na papu\u010dici.Za presovanje preporu\u010dujemo FEMAN prese sa odgovaraju\u0107im umetcima.<\/p>\n<table style=\"width: 73.8108%; height: 313px;\">\n<tbody>\n<tr style=\"background-color: #f5d4c6;\">\n<td style=\"text-align: center; background-color: #e6f4f7; width: 14.5141%;\">Kodni\u00a0\u00a0 broj<\/td>\n<td style=\"text-align: center; background-color: #e6f4f7; width: 12.3001%;\">\u00a0Oznaka<\/td>\n<td style=\"text-align: center; background-color: #e6f4f7; width: 9.8401%;\">Tip mm<\/td>\n<td style=\"text-align: center; background-color: #e6f4f7; width: 9.9631%;\">d1\u00a0 mm<\/td>\n<td style=\"text-align: center; background-color: #e6f4f7; width: 8.11808%;\">D mm<\/td>\n<td style=\"text-align: center; background-color: #e6f4f7; width: 7.74908%;\">d mm<\/td>\n<td style=\"text-align: center; background-color: #e6f4f7; width: 7.87208%;\">A mm<\/td>\n<td style=\"text-align: center; background-color: #e6f4f7; width: 27.1833%;\">Umetak za presovanje<\/td>\n<\/tr>\n<tr>\n<td style=\"text-align: center; width: 14.5141%;\">3421610<\/td>\n<td style=\"text-align: center; width: 12.3001%;\">CPTAU 16<\/td>\n<td style=\"text-align: center; width: 9.8401%;\">16\/10<\/td>\n<td style=\"text-align: center; width: 9.9631%;\">10,5<\/td>\n<td style=\"text-align: center; width: 8.11808%;\">16<\/td>\n<td style=\"text-align: center; width: 7.74908%;\">5,3<\/td>\n<td style=\"text-align: center; width: 7.87208%;\">20<\/td>\n<td style=\"text-align: center; width: 27.1833%;\">E140<\/td>\n<\/tr>\n<tr>\n<td style=\"text-align: center; width: 14.5141%;\"><\/td>\n<td style=\"text-align: center; width: 12.3001%;\">CPTAU 25<\/td>\n<td style=\"text-align: center; width: 9.8401%;\">25\/12<\/td>\n<td style=\"text-align: center; width: 9.9631%;\">13<\/td>\n<td style=\"text-align: center; width: 8.11808%;\">20<\/td>\n<td style=\"text-align: center; width: 7.74908%;\">6,5<\/td>\n<td style=\"text-align: center; width: 7.87208%;\">24<\/td>\n<td style=\"text-align: center; width: 27.1833%;\">E173<\/td>\n<\/tr>\n<tr>\n<td style=\"text-align: center; width: 14.5141%;\">3423512<\/td>\n<td style=\"text-align: center; width: 12.3001%;\">CPTAU 35<\/td>\n<td style=\"text-align: center; width: 9.8401%;\">35\/12<\/td>\n<td style=\"text-align: center; width: 9.9631%;\">13<\/td>\n<td style=\"text-align: center; width: 8.11808%;\">20<\/td>\n<td style=\"text-align: center; width: 7.74908%;\">8<\/td>\n<td style=\"text-align: center; width: 7.87208%;\">24<\/td>\n<td style=\"text-align: center; width: 27.1833%;\">E173<\/td>\n<\/tr>\n<tr>\n<td style=\"text-align: center; width: 14.5141%;\">3425012<\/td>\n<td style=\"text-align: center; width: 12.3001%;\">CPTAU 50<\/td>\n<td style=\"text-align: center; width: 9.8401%;\">50\/12<\/td>\n<td style=\"text-align: center; width: 9.9631%;\">13<\/td>\n<td style=\"text-align: center; width: 8.11808%;\">20<\/td>\n<td style=\"text-align: center; width: 7.74908%;\">9<\/td>\n<td style=\"text-align: center; width: 7.87208%;\">24<\/td>\n<td style=\"text-align: center; width: 27.1833%;\">E173<\/td>\n<\/tr>\n<tr>\n<td style=\"text-align: center; width: 14.5141%;\">3427012<\/td>\n<td style=\"text-align: center; width: 12.3001%;\">CPTAU 70<\/td>\n<td style=\"text-align: center; width: 9.8401%;\">70\/12<\/td>\n<td style=\"text-align: center; width: 9.9631%;\">13<\/td>\n<td style=\"text-align: center; width: 8.11808%;\">20<\/td>\n<td style=\"text-align: center; width: 7.74908%;\">10,5<\/td>\n<td style=\"text-align: center; width: 7.87208%;\">24<\/td>\n<td style=\"text-align: center; width: 27.1833%;\">E173<\/td>\n<\/tr>\n<tr>\n<td style=\"text-align: center; width: 14.5141%;\">3429512<\/td>\n<td style=\"text-align: center; width: 12.3001%;\">CPTAU 95<\/td>\n<td style=\"text-align: center; width: 9.8401%;\">95\/12<\/td>\n<td style=\"text-align: center; width: 9.9631%;\">13<\/td>\n<td style=\"text-align: center; width: 8.11808%;\">20<\/td>\n<td style=\"text-align: center; width: 7.74908%;\">12,2<\/td>\n<td style=\"text-align: center; width: 7.87208%;\">24<\/td>\n<td style=\"text-align: center; width: 27.1833%;\">E173<\/td>\n<\/tr>\n<\/tbody>\n<\/table>\n<p>&nbsp;<\/p>\n","protected":false},"excerpt":{"rendered":"<p>Koriste se za zavr\u0161avanje izolovanih Al provodnika i prelazak na Cu \u0161inu. Provodnik sa koga je skinuta izolacija uvla\u010di se u papu\u010dicu kroz gumeni zaptivak koji spre\u010dava prodor vlage i pojavu elektroliti\u010dke korozije. \u0160estougaono presovanje se vr\u0161i direktno preko izolacije na mestima ozna\u010denim na papu\u010dici.Za presovanje preporu\u010dujemo FEMAN prese sa odgovaraju\u0107im umetcima. Kodni\u00a0\u00a0 broj \u00a0Oznaka [&hellip;]<\/p>\n","protected":false},"featured_media":264691,"comment_status":"closed","ping_status":"closed","template":"","meta":[],"product_brand":[],"product_cat":[173,172],"product_tag":[],"class_list":{"0":"post-2376","1":"product","2":"type-product","3":"status-publish","4":"has-post-thumbnail","6":"product_cat-izolovane-vodozaptivne-stezaljke","7":"product_cat-oprema-sks-adss","9":"first","10":"instock","11":"shipping-taxable","12":"product-type-simple"},"_links":{"self":[{"href":"https:\/\/www.feman.net\/eng\/index.php?rest_route=\/wp\/v2\/product\/2376","targetHints":{"allow":["GET"]}}],"collection":[{"href":"https:\/\/www.feman.net\/eng\/index.php?rest_route=\/wp\/v2\/product"}],"about":[{"href":"https:\/\/www.feman.net\/eng\/index.php?rest_route=\/wp\/v2\/types\/product"}],"replies":[{"embeddable":true,"href":"https:\/\/www.feman.net\/eng\/index.php?rest_route=%2Fwp%2Fv2%2Fcomments&post=2376"}],"wp:featuredmedia":[{"embeddable":true,"href":"https:\/\/www.feman.net\/eng\/index.php?rest_route=\/wp\/v2\/media\/264691"}],"wp:attachment":[{"href":"https:\/\/www.feman.net\/eng\/index.php?rest_route=%2Fwp%2Fv2%2Fmedia&parent=2376"}],"wp:term":[{"taxonomy":"product_brand","embeddable":true,"href":"https:\/\/www.feman.net\/eng\/index.php?rest_route=%2Fwp%2Fv2%2Fproduct_brand&post=2376"},{"taxonomy":"product_cat","embeddable":true,"href":"https:\/\/www.feman.net\/eng\/index.php?rest_route=%2Fwp%2Fv2%2Fproduct_cat&post=2376"},{"taxonomy":"product_tag","embeddable":true,"href":"https:\/\/www.feman.net\/eng\/index.php?rest_route=%2Fwp%2Fv2%2Fproduct_tag&post=2376"}],"curies":[{"name":"wp","href":"https:\/\/api.w.org\/{rel}","templated":true}]}}