{"id":2398,"date":"2015-04-01T12:18:37","date_gmt":"2015-04-01T12:18:37","guid":{"rendered":"http:\/\/feman.net\/?p=2398"},"modified":"2022-11-23T18:41:36","modified_gmt":"2022-11-23T18:41:36","slug":"al-kozola-za-nn-sks-cs-1500-r","status":"publish","type":"product","link":"https:\/\/www.feman.net\/eng\/?product=al-kozola-za-nn-sks-cs-1500-r","title":{"rendered":"Al kozola za NN SKS CS 1500 R (1500\/1200 daN)"},"content":{"rendered":"<p><img loading=\"lazy\" decoding=\"async\" class=\"wp-image-268838 alignnone\" src=\"http:\/\/www.feman.net\/wp-content\/uploads\/2015\/04\/38-1024x496.jpg\" alt=\"\" width=\"679\" height=\"329\" srcset=\"https:\/\/www.feman.net\/eng\/wp-content\/uploads\/2015\/04\/38-1024x496.jpg 1024w, https:\/\/www.feman.net\/eng\/wp-content\/uploads\/2015\/04\/38-300x145.jpg 300w, https:\/\/www.feman.net\/eng\/wp-content\/uploads\/2015\/04\/38-768x372.jpg 768w, https:\/\/www.feman.net\/eng\/wp-content\/uploads\/2015\/04\/38-200x97.jpg 200w, https:\/\/www.feman.net\/eng\/wp-content\/uploads\/2015\/04\/38-1080x523.jpg 1080w, https:\/\/www.feman.net\/eng\/wp-content\/uploads\/2015\/04\/38-980x474.jpg 980w, https:\/\/www.feman.net\/eng\/wp-content\/uploads\/2015\/04\/38-480x232.jpg 480w, https:\/\/www.feman.net\/eng\/wp-content\/uploads\/2015\/04\/38-600x290.jpg 600w, https:\/\/www.feman.net\/eng\/wp-content\/uploads\/2015\/04\/38.jpg 1155w\" sizes=\"(max-width: 679px) 100vw, 679px\" \/><\/p>\n<p style=\"text-align: justify;\">Namenjena je za zatezno i nose\u0107e prihvatanje NN SKS na stubu ili na zidu. Izra\u0111ena je od legure aluminijuma visoke mehani\u010dke \u010dvrsto\u0107e. Pri\u010dvr\u0161\u0107uje se na stub uz pomo\u0107 obujmice za ve\u0161anje SKS-a, ili pomo\u0107u dve prohrom trake ili pomo\u0107u vijka M16 direktno na stub. Konzola je ura\u0111ena u skladu sa standardom EN 50483.<\/p>\n<ul>\n<li><strong>Pakovanje: 50 kom<\/strong><\/li>\n<li><strong>T<\/strong><strong>e\u017eina: 0,220 kg\/kom. <\/strong><\/li>\n<li><strong>Kodni broj:\u00a0 3810012<\/strong><\/li>\n<\/ul>\n","protected":false},"excerpt":{"rendered":"<p>Namenjena je za zatezno i nose\u0107e prihvatanje NN SKS na stubu ili na zidu. Izra\u0111ena je od legure aluminijuma visoke mehani\u010dke \u010dvrsto\u0107e. Pri\u010dvr\u0161\u0107uje se na stub uz pomo\u0107 obujmice za ve\u0161anje SKS-a, ili pomo\u0107u dve prohrom trake ili pomo\u0107u vijka M16 direktno na stub. Konzola je ura\u0111ena u skladu sa standardom EN 50483. Pakovanje: 50 [&hellip;]<\/p>\n","protected":false},"featured_media":264514,"comment_status":"closed","ping_status":"closed","template":"","meta":[],"product_brand":[],"product_cat":[175,172],"product_tag":[],"class_list":{"0":"post-2398","1":"product","2":"type-product","3":"status-publish","4":"has-post-thumbnail","6":"product_cat-konzole-za-nn-sks","7":"product_cat-oprema-sks-adss","9":"first","10":"instock","11":"shipping-taxable","12":"product-type-simple"},"_links":{"self":[{"href":"https:\/\/www.feman.net\/eng\/index.php?rest_route=\/wp\/v2\/product\/2398","targetHints":{"allow":["GET"]}}],"collection":[{"href":"https:\/\/www.feman.net\/eng\/index.php?rest_route=\/wp\/v2\/product"}],"about":[{"href":"https:\/\/www.feman.net\/eng\/index.php?rest_route=\/wp\/v2\/types\/product"}],"replies":[{"embeddable":true,"href":"https:\/\/www.feman.net\/eng\/index.php?rest_route=%2Fwp%2Fv2%2Fcomments&post=2398"}],"wp:featuredmedia":[{"embeddable":true,"href":"https:\/\/www.feman.net\/eng\/index.php?rest_route=\/wp\/v2\/media\/264514"}],"wp:attachment":[{"href":"https:\/\/www.feman.net\/eng\/index.php?rest_route=%2Fwp%2Fv2%2Fmedia&parent=2398"}],"wp:term":[{"taxonomy":"product_brand","embeddable":true,"href":"https:\/\/www.feman.net\/eng\/index.php?rest_route=%2Fwp%2Fv2%2Fproduct_brand&post=2398"},{"taxonomy":"product_cat","embeddable":true,"href":"https:\/\/www.feman.net\/eng\/index.php?rest_route=%2Fwp%2Fv2%2Fproduct_cat&post=2398"},{"taxonomy":"product_tag","embeddable":true,"href":"https:\/\/www.feman.net\/eng\/index.php?rest_route=%2Fwp%2Fv2%2Fproduct_tag&post=2398"}],"curies":[{"name":"wp","href":"https:\/\/api.w.org\/{rel}","templated":true}]}}