{"id":2414,"date":"2015-04-01T12:58:27","date_gmt":"2015-04-01T12:58:27","guid":{"rendered":"http:\/\/feman.net\/?p=2414"},"modified":"2022-11-23T18:54:08","modified_gmt":"2022-11-23T18:54:08","slug":"stezaljka-za-zatezno-prihvatanje-kucnog-prikljucka-pa-25","status":"publish","type":"product","link":"https:\/\/www.feman.net\/eng\/?product=stezaljka-za-zatezno-prihvatanje-kucnog-prikljucka-pa-25","title":{"rendered":"STEZALJKA ZA ZATEZNO PRIHVATANJE KU\u0106NOG PRIKLJU\u010cKA PA 25 (200daN)"},"content":{"rendered":"<p><img loading=\"lazy\" decoding=\"async\" class=\"wp-image-268953 alignnone\" src=\"http:\/\/www.feman.net\/wp-content\/uploads\/2015\/04\/13-1.jpg\" alt=\"\" width=\"496\" height=\"326\" srcset=\"https:\/\/www.feman.net\/eng\/wp-content\/uploads\/2015\/04\/13-1.jpg 705w, https:\/\/www.feman.net\/eng\/wp-content\/uploads\/2015\/04\/13-1-300x197.jpg 300w, https:\/\/www.feman.net\/eng\/wp-content\/uploads\/2015\/04\/13-1-200x131.jpg 200w, https:\/\/www.feman.net\/eng\/wp-content\/uploads\/2015\/04\/13-1-480x315.jpg 480w, https:\/\/www.feman.net\/eng\/wp-content\/uploads\/2015\/04\/13-1-600x394.jpg 600w\" sizes=\"(max-width: 496px) 100vw, 496px\" \/><\/p>\n<p style=\"text-align: justify;\">Namenjena je za ku\u0107ne priklju\u010dke izvedene samonose\u0107im kablovskim snopovima: 2x16mm2, 2x25mm2, 4x16mm2, 4x25mm2. Izra\u0111ena je od specijalnih materijala, vrlo visoke mehani\u010dke \u010dvrsto\u0107e i otpornosti na sve atmosferske uticaje. Savremena konstrukcija omogu\u0107ava pouzdanu, laku i brzu monta\u017eu u svim vremenskim uslovima. Stezaljka je projektovana, ispitana i atestirana prema najstro\u017eijim zahtevima za ovaj tip pribora. Koristi se za monta\u017eu monofaznih i trofaznih ku\u0107nih priklju\u010daka. Ura\u0111ena je u skladu sa standardom EN\u00a050483.<\/p>\n<p style=\"text-align: justify;\">Napomena: Prilikom monta\u017ee monofaznog ku\u0107nog priklju\u010dka obavezno u drugi klin, prilikom monta\u017ee, postaviti kabl ili par\u010de kabla, radi uravnote\u017eenja sile.<\/p>\n<ul>\n<li>Pakovanje: 80 kom<\/li>\n<li>Te\u017eina: 12 kg\/100 kom.<\/li>\n<li>Kodni broj: 3811625<\/li>\n<\/ul>\n","protected":false},"excerpt":{"rendered":"<p>Namenjena je za ku\u0107ne priklju\u010dke izvedene samonose\u0107im kablovskim snopovima: 2x16mm2, 2x25mm2, 4x16mm2, 4x25mm2. Izra\u0111ena je od specijalnih materijala, vrlo visoke mehani\u010dke \u010dvrsto\u0107e i otpornosti na sve atmosferske uticaje. Savremena konstrukcija omogu\u0107ava pouzdanu, laku i brzu monta\u017eu u svim vremenskim uslovima. Stezaljka je projektovana, ispitana i atestirana prema najstro\u017eijim zahtevima za ovaj tip pribora. Koristi se [&hellip;]<\/p>\n","protected":false},"featured_media":264720,"comment_status":"closed","ping_status":"closed","template":"","meta":[],"product_brand":[],"product_cat":[172,176],"product_tag":[],"class_list":{"0":"post-2414","1":"product","2":"type-product","3":"status-publish","4":"has-post-thumbnail","6":"product_cat-oprema-sks-adss","7":"product_cat-zatezne-stezaljke-za-nn-sks","9":"first","10":"instock","11":"shipping-taxable","12":"product-type-simple"},"_links":{"self":[{"href":"https:\/\/www.feman.net\/eng\/index.php?rest_route=\/wp\/v2\/product\/2414","targetHints":{"allow":["GET"]}}],"collection":[{"href":"https:\/\/www.feman.net\/eng\/index.php?rest_route=\/wp\/v2\/product"}],"about":[{"href":"https:\/\/www.feman.net\/eng\/index.php?rest_route=\/wp\/v2\/types\/product"}],"replies":[{"embeddable":true,"href":"https:\/\/www.feman.net\/eng\/index.php?rest_route=%2Fwp%2Fv2%2Fcomments&post=2414"}],"wp:featuredmedia":[{"embeddable":true,"href":"https:\/\/www.feman.net\/eng\/index.php?rest_route=\/wp\/v2\/media\/264720"}],"wp:attachment":[{"href":"https:\/\/www.feman.net\/eng\/index.php?rest_route=%2Fwp%2Fv2%2Fmedia&parent=2414"}],"wp:term":[{"taxonomy":"product_brand","embeddable":true,"href":"https:\/\/www.feman.net\/eng\/index.php?rest_route=%2Fwp%2Fv2%2Fproduct_brand&post=2414"},{"taxonomy":"product_cat","embeddable":true,"href":"https:\/\/www.feman.net\/eng\/index.php?rest_route=%2Fwp%2Fv2%2Fproduct_cat&post=2414"},{"taxonomy":"product_tag","embeddable":true,"href":"https:\/\/www.feman.net\/eng\/index.php?rest_route=%2Fwp%2Fv2%2Fproduct_tag&post=2414"}],"curies":[{"name":"wp","href":"https:\/\/api.w.org\/{rel}","templated":true}]}}