{"id":2424,"date":"2015-04-01T13:24:04","date_gmt":"2015-04-01T13:24:04","guid":{"rendered":"http:\/\/feman.net\/?p=2424"},"modified":"2022-11-23T18:36:57","modified_gmt":"2022-11-23T18:36:57","slug":"stezaljka-za-nosece-prihvatanje-nn-sks-a-bez-noseceg-provodnika","status":"publish","type":"product","link":"https:\/\/www.feman.net\/eng\/?product=stezaljka-za-nosece-prihvatanje-nn-sks-a-bez-noseceg-provodnika","title":{"rendered":"STEZALJKA ZA NOSE\u0106E PRIHVATANJE NN SKS-A BEZ NOSE\u0106EG PROVODNIKA (500 daN)"},"content":{"rendered":"<p><img loading=\"lazy\" decoding=\"async\" class=\"wp-image-268934 alignnone\" src=\"http:\/\/www.feman.net\/wp-content\/uploads\/2015\/04\/2-1.jpg\" alt=\"\" width=\"493\" height=\"351\" srcset=\"https:\/\/www.feman.net\/eng\/wp-content\/uploads\/2015\/04\/2-1.jpg 653w, https:\/\/www.feman.net\/eng\/wp-content\/uploads\/2015\/04\/2-1-300x214.jpg 300w, https:\/\/www.feman.net\/eng\/wp-content\/uploads\/2015\/04\/2-1-200x142.jpg 200w, https:\/\/www.feman.net\/eng\/wp-content\/uploads\/2015\/04\/2-1-400x284.jpg 400w, https:\/\/www.feman.net\/eng\/wp-content\/uploads\/2015\/04\/2-1-480x342.jpg 480w, https:\/\/www.feman.net\/eng\/wp-content\/uploads\/2015\/04\/2-1-600x427.jpg 600w\" sizes=\"(max-width: 493px) 100vw, 493px\" \/><\/p>\n<p>Izra\u0111ene su za nose\u0107e prihvatanje NN SKS-a bez nose\u0107eg provodnika. Stezaljke zadovoljavaju zahteve standarda EN 50483.<\/p>\n<table style=\"height: 116px; width: 68.4882%;\" width=\"580\">\n<tbody>\n<tr style=\"height: 32px; background-color: #c8e4f7;\">\n<td style=\"height: 32px; width: 18.701%; text-align: center;\">Kodni broj<\/td>\n<td style=\"height: 32px; width: 21.3886%; text-align: center;\">Za SKS mm\u00b2<\/td>\n<td style=\"height: 32px; width: 26.7637%; text-align: center;\">Pakovanje kom<\/td>\n<td style=\"height: 32px; width: 31.8029%; text-align: center;\">Te\u017eina kg\/100kom<\/td>\n<\/tr>\n<tr style=\"height: 16px;\">\n<td style=\"height: 16px; width: 18.701%; text-align: center;\">3810225<\/td>\n<td style=\"height: 16px; width: 21.3886%; text-align: center;\">PS 2 x 25<\/td>\n<td style=\"height: 16px; width: 26.7637%; text-align: center;\">50<\/td>\n<td style=\"height: 16px; width: 31.8029%; text-align: center;\">29<\/td>\n<\/tr>\n<tr style=\"height: 11px;\">\n<td style=\"height: 11px; width: 18.701%; text-align: center;\">3810425<\/td>\n<td style=\"height: 11px; width: 21.3886%; text-align: center;\">PS 4 x 25<\/td>\n<td style=\"height: 11px; width: 26.7637%; text-align: center;\">50<\/td>\n<td style=\"height: 11px; width: 31.8029%; text-align: center;\">28,3<\/td>\n<\/tr>\n<tr style=\"height: 12px;\">\n<td style=\"height: 12px; width: 18.701%; text-align: center;\">3810235<\/td>\n<td style=\"height: 12px; width: 21.3886%; text-align: center;\">PS 2 x 35<\/td>\n<td style=\"height: 12px; width: 26.7637%; text-align: center;\">50<\/td>\n<td style=\"height: 12px; width: 31.8029%; text-align: center;\">28,5<\/td>\n<\/tr>\n<tr style=\"height: 20px;\">\n<td style=\"height: 20px; width: 18.701%; text-align: center;\">3810435<\/td>\n<td style=\"height: 20px; width: 21.3886%; text-align: center;\">PS 4 x 35<\/td>\n<td style=\"height: 20px; width: 26.7637%; text-align: center;\">50<\/td>\n<td style=\"height: 20px; width: 31.8029%; text-align: center;\">27,8<\/td>\n<\/tr>\n<tr style=\"height: 15px;\">\n<td style=\"height: 15px; width: 18.701%; text-align: center;\">3810470<\/td>\n<td style=\"height: 15px; width: 21.3886%; text-align: center;\">PS 4 x 70<\/td>\n<td style=\"height: 15px; width: 26.7637%; text-align: center;\">50<\/td>\n<td style=\"height: 15px; width: 31.8029%; text-align: center;\">25,6<\/td>\n<\/tr>\n<tr style=\"height: 10px;\">\n<td style=\"height: 10px; width: 18.701%; text-align: center;\">3810495<\/td>\n<td style=\"height: 10px; width: 21.3886%; text-align: center;\">PS 4 x 95<\/td>\n<td style=\"height: 10px; width: 26.7637%; text-align: center;\">50<\/td>\n<td style=\"height: 10px; width: 31.8029%; text-align: center;\">25<\/td>\n<\/tr>\n<\/tbody>\n<\/table>\n<p>&nbsp;<\/p>\n","protected":false},"excerpt":{"rendered":"<p>Izra\u0111ene su za nose\u0107e prihvatanje NN SKS-a bez nose\u0107eg provodnika. Stezaljke zadovoljavaju zahteve standarda EN 50483. Kodni broj Za SKS mm\u00b2 Pakovanje kom Te\u017eina kg\/100kom 3810225 PS 2 x 25 50 29 3810425 PS 4 x 25 50 28,3 3810235 PS 2 x 35 50 28,5 3810435 PS 4 x 35 50 27,8 3810470 PS [&hellip;]<\/p>\n","protected":false},"featured_media":264327,"comment_status":"closed","ping_status":"closed","template":"","meta":[],"product_brand":[],"product_cat":[177,172],"product_tag":[],"class_list":{"0":"post-2424","1":"product","2":"type-product","3":"status-publish","4":"has-post-thumbnail","6":"product_cat-nosece-stezaljke-za-nn-sks","7":"product_cat-oprema-sks-adss","9":"first","10":"instock","11":"shipping-taxable","12":"product-type-simple"},"_links":{"self":[{"href":"https:\/\/www.feman.net\/eng\/index.php?rest_route=\/wp\/v2\/product\/2424","targetHints":{"allow":["GET"]}}],"collection":[{"href":"https:\/\/www.feman.net\/eng\/index.php?rest_route=\/wp\/v2\/product"}],"about":[{"href":"https:\/\/www.feman.net\/eng\/index.php?rest_route=\/wp\/v2\/types\/product"}],"replies":[{"embeddable":true,"href":"https:\/\/www.feman.net\/eng\/index.php?rest_route=%2Fwp%2Fv2%2Fcomments&post=2424"}],"wp:featuredmedia":[{"embeddable":true,"href":"https:\/\/www.feman.net\/eng\/index.php?rest_route=\/wp\/v2\/media\/264327"}],"wp:attachment":[{"href":"https:\/\/www.feman.net\/eng\/index.php?rest_route=%2Fwp%2Fv2%2Fmedia&parent=2424"}],"wp:term":[{"taxonomy":"product_brand","embeddable":true,"href":"https:\/\/www.feman.net\/eng\/index.php?rest_route=%2Fwp%2Fv2%2Fproduct_brand&post=2424"},{"taxonomy":"product_cat","embeddable":true,"href":"https:\/\/www.feman.net\/eng\/index.php?rest_route=%2Fwp%2Fv2%2Fproduct_cat&post=2424"},{"taxonomy":"product_tag","embeddable":true,"href":"https:\/\/www.feman.net\/eng\/index.php?rest_route=%2Fwp%2Fv2%2Fproduct_tag&post=2424"}],"curies":[{"name":"wp","href":"https:\/\/api.w.org\/{rel}","templated":true}]}}