{"id":2504,"date":"2015-04-02T12:29:08","date_gmt":"2015-04-02T12:29:08","guid":{"rendered":"http:\/\/feman.net\/?p=2504"},"modified":"2022-11-23T19:00:23","modified_gmt":"2022-11-23T19:00:23","slug":"dvostruke-obujmice-sa-dve-rupe","status":"publish","type":"product","link":"https:\/\/www.feman.net\/eng\/?product=dvostruke-obujmice-sa-dve-rupe","title":{"rendered":"DVOSTRUKE OBUJMICE SA DVE RUPE"},"content":{"rendered":"<p><a href=\"http:\/\/www.feman.net\/wp-content\/uploads\/2015\/03\/67.png\"><img loading=\"lazy\" decoding=\"async\" class=\"alignnone wp-image-1289 size-medium\" src=\"http:\/\/www.feman.net\/wp-content\/uploads\/2015\/03\/67-300x120.png\" alt=\"DVOSTRUKE OBUJMICE SA DVE RUPE\" width=\"300\" height=\"120\" srcset=\"https:\/\/www.feman.net\/eng\/wp-content\/uploads\/2015\/03\/67-300x120.png 300w, https:\/\/www.feman.net\/eng\/wp-content\/uploads\/2015\/03\/67-600x241.png 600w, https:\/\/www.feman.net\/eng\/wp-content\/uploads\/2015\/03\/67-150x60.png 150w, https:\/\/www.feman.net\/eng\/wp-content\/uploads\/2015\/03\/67.png 867w\" sizes=\"(max-width: 300px) 100vw, 300px\" \/><\/a><\/p>\n<p>Koristi se za dvostrano ankerisanje krovnog-cevnog nosa\u010da (konzole) pomo\u0107u zatezanja (\u0161pan \u0161rafa). Standardno se rade galvanski pocinkovane, a po \u017eelji kupca radimo i toplo cinkovane.<\/p>\n<table style=\"height: 60px; width: 67.8608%;\" width=\"862\">\n<tbody>\n<tr style=\"background-color: #c8e4f7;\">\n<td style=\"text-align: center;\">Kodni broj<\/td>\n<td style=\"text-align: center;\">Oznaka<\/td>\n<td style=\"text-align: center;\">d mm<\/td>\n<td style=\"text-align: center;\">L1 mm<\/td>\n<td style=\"text-align: center;\">L2 mm<\/td>\n<td style=\"text-align: center;\">Pakovanje kom<\/td>\n<td style=\"text-align: center;\">Te\u017eina kg\/100kom<\/td>\n<\/tr>\n<tr>\n<td style=\"text-align: center;\">3890662<\/td>\n<td style=\"text-align: center;\">2&#8243;<\/td>\n<td style=\"text-align: center;\">61<\/td>\n<td style=\"text-align: center;\">175<\/td>\n<td style=\"text-align: center;\">215<\/td>\n<td style=\"text-align: center;\">40<\/td>\n<td style=\"text-align: center;\">73<\/td>\n<\/tr>\n<tr>\n<td style=\"text-align: center;\">3890664<\/td>\n<td style=\"text-align: center;\">2.5&#8243;<\/td>\n<td style=\"text-align: center;\">77<\/td>\n<td style=\"text-align: center;\">192<\/td>\n<td style=\"text-align: center;\">232<\/td>\n<td style=\"text-align: center;\">35<\/td>\n<td style=\"text-align: center;\">76<\/td>\n<\/tr>\n<tr>\n<td style=\"text-align: center;\">3890666<\/td>\n<td style=\"text-align: center;\">3&#8243;<\/td>\n<td style=\"text-align: center;\">90<\/td>\n<td style=\"text-align: center;\">210<\/td>\n<td style=\"text-align: center;\">250<\/td>\n<td style=\"text-align: center;\">35<\/td>\n<td style=\"text-align: center;\">104<\/td>\n<\/tr>\n<\/tbody>\n<\/table>\n<p>&nbsp;<\/p>\n<p>&nbsp;<\/p>\n<p>&nbsp;<\/p>\n<p>&nbsp;<\/p>\n<p>&nbsp;<\/p>\n<p>&nbsp;<\/p>\n","protected":false},"excerpt":{"rendered":"<p>Koristi se za dvostrano ankerisanje krovnog-cevnog nosa\u010da (konzole) pomo\u0107u zatezanja (\u0161pan \u0161rafa). Standardno se rade galvanski pocinkovane, a po \u017eelji kupca radimo i toplo cinkovane. Kodni broj Oznaka d mm L1 mm L2 mm Pakovanje kom Te\u017eina kg\/100kom 3890662 2&#8243; 61 175 215 40 73 3890664 2.5&#8243; 77 192 232 35 76 3890666 3&#8243; 90 [&hellip;]<\/p>\n","protected":false},"featured_media":264713,"comment_status":"closed","ping_status":"closed","template":"","meta":[],"product_brand":[],"product_cat":[172,178],"product_tag":[],"class_list":{"0":"post-2504","1":"product","2":"type-product","3":"status-publish","4":"has-post-thumbnail","6":"product_cat-oprema-sks-adss","7":"product_cat-ostala-oprema-za-nn-sks","9":"first","10":"instock","11":"shipping-taxable","12":"product-type-simple"},"_links":{"self":[{"href":"https:\/\/www.feman.net\/eng\/index.php?rest_route=\/wp\/v2\/product\/2504","targetHints":{"allow":["GET"]}}],"collection":[{"href":"https:\/\/www.feman.net\/eng\/index.php?rest_route=\/wp\/v2\/product"}],"about":[{"href":"https:\/\/www.feman.net\/eng\/index.php?rest_route=\/wp\/v2\/types\/product"}],"replies":[{"embeddable":true,"href":"https:\/\/www.feman.net\/eng\/index.php?rest_route=%2Fwp%2Fv2%2Fcomments&post=2504"}],"wp:featuredmedia":[{"embeddable":true,"href":"https:\/\/www.feman.net\/eng\/index.php?rest_route=\/wp\/v2\/media\/264713"}],"wp:attachment":[{"href":"https:\/\/www.feman.net\/eng\/index.php?rest_route=%2Fwp%2Fv2%2Fmedia&parent=2504"}],"wp:term":[{"taxonomy":"product_brand","embeddable":true,"href":"https:\/\/www.feman.net\/eng\/index.php?rest_route=%2Fwp%2Fv2%2Fproduct_brand&post=2504"},{"taxonomy":"product_cat","embeddable":true,"href":"https:\/\/www.feman.net\/eng\/index.php?rest_route=%2Fwp%2Fv2%2Fproduct_cat&post=2504"},{"taxonomy":"product_tag","embeddable":true,"href":"https:\/\/www.feman.net\/eng\/index.php?rest_route=%2Fwp%2Fv2%2Fproduct_tag&post=2504"}],"curies":[{"name":"wp","href":"https:\/\/api.w.org\/{rel}","templated":true}]}}