{"id":2508,"date":"2015-04-02T12:38:16","date_gmt":"2015-04-02T12:38:16","guid":{"rendered":"http:\/\/feman.net\/?p=2508"},"modified":"2022-11-23T18:59:15","modified_gmt":"2022-11-23T18:59:15","slug":"dvostruke-obujmice-sa-dva-prstena","status":"publish","type":"product","link":"https:\/\/www.feman.net\/eng\/?product=dvostruke-obujmice-sa-dva-prstena","title":{"rendered":"DVOSTRUKE OBUJMICE SA DVA PRSTENA"},"content":{"rendered":"<p><a href=\"http:\/\/www.feman.net\/wp-content\/uploads\/2015\/03\/68.png\"><img loading=\"lazy\" decoding=\"async\" class=\"alignnone wp-image-1290 size-medium\" src=\"http:\/\/www.feman.net\/wp-content\/uploads\/2015\/03\/68-300x125.png\" alt=\"DVOSTRUKE OBUJMICE SA DVA PRSTENA\" width=\"300\" height=\"125\" srcset=\"https:\/\/www.feman.net\/eng\/wp-content\/uploads\/2015\/03\/68-300x125.png 300w, https:\/\/www.feman.net\/eng\/wp-content\/uploads\/2015\/03\/68-600x251.png 600w, https:\/\/www.feman.net\/eng\/wp-content\/uploads\/2015\/03\/68-150x63.png 150w, https:\/\/www.feman.net\/eng\/wp-content\/uploads\/2015\/03\/68.png 826w\" sizes=\"(max-width: 300px) 100vw, 300px\" \/><\/a><\/p>\n<p>Koristi se za dvostrano ankerisanje krovnog-cevnog nosa\u010da (konzole) i za priklju\u010dak SKS-a pomo\u0107u zatezne stezaljke. Standardno se rade galvanski pocinkovane, a po \u017eelji kupca radimo i toplo cinkovane.<\/p>\n<table style=\"height: 41px; width: 70.6223%;\" width=\"797\">\n<tbody>\n<tr style=\"background-color: #c8e4f7;\">\n<td style=\"text-align: center;\">Kodni broj<\/td>\n<td style=\"text-align: center;\">Oznaka<\/td>\n<td style=\"text-align: center;\">d mm<\/td>\n<td style=\"text-align: center;\">L1 mm<\/td>\n<td style=\"text-align: center;\">L2 mm<\/td>\n<td style=\"text-align: center;\">Pakovanje kom<\/td>\n<td style=\"text-align: center;\">Te\u017eina kg\/100kom<\/td>\n<\/tr>\n<tr>\n<td style=\"text-align: center;\">3890692<\/td>\n<td style=\"text-align: center;\">2&#8243;<\/td>\n<td style=\"text-align: center;\">61<\/td>\n<td style=\"text-align: center;\">175<\/td>\n<td style=\"text-align: center;\">215<\/td>\n<td style=\"text-align: center;\">50<\/td>\n<td style=\"text-align: center;\">74<\/td>\n<\/tr>\n<tr>\n<td style=\"text-align: center;\">3890694<\/td>\n<td style=\"text-align: center;\">2.5&#8243;<\/td>\n<td style=\"text-align: center;\">77<\/td>\n<td style=\"text-align: center;\">192<\/td>\n<td style=\"text-align: center;\">232<\/td>\n<td style=\"text-align: center;\">50<\/td>\n<td style=\"text-align: center;\">77<\/td>\n<\/tr>\n<tr>\n<td style=\"text-align: center;\">3890696<\/td>\n<td style=\"text-align: center;\">3&#8243;<\/td>\n<td style=\"text-align: center;\">90<\/td>\n<td style=\"text-align: center;\">210<\/td>\n<td style=\"text-align: center;\">250<\/td>\n<td style=\"text-align: center;\">40<\/td>\n<td style=\"text-align: center;\">105<\/td>\n<\/tr>\n<\/tbody>\n<\/table>\n<p>&nbsp;<\/p>\n","protected":false},"excerpt":{"rendered":"<p>Koristi se za dvostrano ankerisanje krovnog-cevnog nosa\u010da (konzole) i za priklju\u010dak SKS-a pomo\u0107u zatezne stezaljke. Standardno se rade galvanski pocinkovane, a po \u017eelji kupca radimo i toplo cinkovane. Kodni broj Oznaka d mm L1 mm L2 mm Pakovanje kom Te\u017eina kg\/100kom 3890692 2&#8243; 61 175 215 50 74 3890694 2.5&#8243; 77 192 232 50 77 [&hellip;]<\/p>\n","protected":false},"featured_media":264718,"comment_status":"closed","ping_status":"closed","template":"","meta":[],"product_brand":[],"product_cat":[172,178],"product_tag":[],"class_list":{"0":"post-2508","1":"product","2":"type-product","3":"status-publish","4":"has-post-thumbnail","6":"product_cat-oprema-sks-adss","7":"product_cat-ostala-oprema-za-nn-sks","9":"first","10":"instock","11":"shipping-taxable","12":"product-type-simple"},"_links":{"self":[{"href":"https:\/\/www.feman.net\/eng\/index.php?rest_route=\/wp\/v2\/product\/2508","targetHints":{"allow":["GET"]}}],"collection":[{"href":"https:\/\/www.feman.net\/eng\/index.php?rest_route=\/wp\/v2\/product"}],"about":[{"href":"https:\/\/www.feman.net\/eng\/index.php?rest_route=\/wp\/v2\/types\/product"}],"replies":[{"embeddable":true,"href":"https:\/\/www.feman.net\/eng\/index.php?rest_route=%2Fwp%2Fv2%2Fcomments&post=2508"}],"wp:featuredmedia":[{"embeddable":true,"href":"https:\/\/www.feman.net\/eng\/index.php?rest_route=\/wp\/v2\/media\/264718"}],"wp:attachment":[{"href":"https:\/\/www.feman.net\/eng\/index.php?rest_route=%2Fwp%2Fv2%2Fmedia&parent=2508"}],"wp:term":[{"taxonomy":"product_brand","embeddable":true,"href":"https:\/\/www.feman.net\/eng\/index.php?rest_route=%2Fwp%2Fv2%2Fproduct_brand&post=2508"},{"taxonomy":"product_cat","embeddable":true,"href":"https:\/\/www.feman.net\/eng\/index.php?rest_route=%2Fwp%2Fv2%2Fproduct_cat&post=2508"},{"taxonomy":"product_tag","embeddable":true,"href":"https:\/\/www.feman.net\/eng\/index.php?rest_route=%2Fwp%2Fv2%2Fproduct_tag&post=2508"}],"curies":[{"name":"wp","href":"https:\/\/api.w.org\/{rel}","templated":true}]}}