{"id":2532,"date":"2015-04-03T06:49:26","date_gmt":"2015-04-03T06:49:26","guid":{"rendered":"http:\/\/feman.net\/?p=2532"},"modified":"2022-11-23T19:53:44","modified_gmt":"2022-11-23T19:53:44","slug":"nosece-i-ugaono-prihvatanje-i-nastavljanje-distr-sks-a","status":"publish","type":"product","link":"https:\/\/www.feman.net\/eng\/?product=nosece-i-ugaono-prihvatanje-i-nastavljanje-distr-sks-a","title":{"rendered":"NOSE\u0106E I UGAONO PRIHVATANJE I NASTAVLJANJE DISTR. SKS-a"},"content":{"rendered":"<p style=\"text-align: justify;\">Nose\u0107e prihvatanje SKS-a izvodi se pomo\u0107u nose\u0107e stezaljke i Al univerzalne konzole. Prihvatanje se vr\u0161i preko nose\u0107eg provodnika (54-71.5 mm) a snop se sa obe strane stezaljke obuhvata kablovskom vezicom da bi se spre\u010dilo rasplitanje. Zatvaranjem specijalne kop\u010de na stezaljci posle postavljanja provodnika onemogu\u0107ava se slu\u010dajno otpu\u0161tanje SKS-a.<\/p>\n<p style=\"text-align: justify;\">Pomo\u0107u dve zatezne distributivne stezaljke oka\u010dene na Al univerzalnu konzolu mo\u017ee se vr\u0161iti promena pravca distributivnog SKS-a (ugaono prihvatanje). Tako\u0111e se na ovaj na\u010din mo\u017ee vr\u0161iti i nastavljanje SKS-a upotrebom izolovanih vododihtuju\u010dih \u010daura &#8211; FID.<\/p>\n<p style=\"text-align: justify;\">Na svim stubovima za u\u010dvr\u0161\u0107ivanje Al univerzalnih konzola koristi se obujmica sa uvijenim kukama, ali se isto tako mo\u017ee koristiti i konzola za op\u0161tu namenu.<\/p>\n<p><a href=\"http:\/\/www.feman.net\/wp-content\/uploads\/2015\/03\/80.png\"><img loading=\"lazy\" decoding=\"async\" class=\"alignnone wp-image-1306\" src=\"http:\/\/www.feman.net\/wp-content\/uploads\/2015\/03\/80-1024x615.png\" alt=\"NOSE\u0106E I UGAONO PRIHVATANJE I NASTAVLJANJE DISTR. SKS-a\" width=\"860\" height=\"516\" srcset=\"https:\/\/www.feman.net\/eng\/wp-content\/uploads\/2015\/03\/80-1024x615.png 1024w, https:\/\/www.feman.net\/eng\/wp-content\/uploads\/2015\/03\/80-300x180.png 300w, https:\/\/www.feman.net\/eng\/wp-content\/uploads\/2015\/03\/80-600x360.png 600w, https:\/\/www.feman.net\/eng\/wp-content\/uploads\/2015\/03\/80-150x90.png 150w, https:\/\/www.feman.net\/eng\/wp-content\/uploads\/2015\/03\/80.png 1508w\" sizes=\"(max-width: 860px) 100vw, 860px\" \/><\/a><\/p>\n","protected":false},"excerpt":{"rendered":"<p>Nose\u0107e prihvatanje SKS-a izvodi se pomo\u0107u nose\u0107e stezaljke i Al univerzalne konzole. Prihvatanje se vr\u0161i preko nose\u0107eg provodnika (54-71.5 mm) a snop se sa obe strane stezaljke obuhvata kablovskom vezicom da bi se spre\u010dilo rasplitanje. Zatvaranjem specijalne kop\u010de na stezaljci posle postavljanja provodnika onemogu\u0107ava se slu\u010dajno otpu\u0161tanje SKS-a. Pomo\u0107u dve zatezne distributivne stezaljke oka\u010dene na [&hellip;]<\/p>\n","protected":false},"featured_media":264323,"comment_status":"closed","ping_status":"closed","template":"","meta":[],"product_brand":[],"product_cat":[172,251],"product_tag":[],"class_list":{"0":"post-2532","1":"product","2":"type-product","3":"status-publish","4":"has-post-thumbnail","6":"product_cat-oprema-sks-adss","7":"product_cat-primerisks","9":"first","10":"instock","11":"shipping-taxable","12":"product-type-simple"},"_links":{"self":[{"href":"https:\/\/www.feman.net\/eng\/index.php?rest_route=\/wp\/v2\/product\/2532","targetHints":{"allow":["GET"]}}],"collection":[{"href":"https:\/\/www.feman.net\/eng\/index.php?rest_route=\/wp\/v2\/product"}],"about":[{"href":"https:\/\/www.feman.net\/eng\/index.php?rest_route=\/wp\/v2\/types\/product"}],"replies":[{"embeddable":true,"href":"https:\/\/www.feman.net\/eng\/index.php?rest_route=%2Fwp%2Fv2%2Fcomments&post=2532"}],"wp:featuredmedia":[{"embeddable":true,"href":"https:\/\/www.feman.net\/eng\/index.php?rest_route=\/wp\/v2\/media\/264323"}],"wp:attachment":[{"href":"https:\/\/www.feman.net\/eng\/index.php?rest_route=%2Fwp%2Fv2%2Fmedia&parent=2532"}],"wp:term":[{"taxonomy":"product_brand","embeddable":true,"href":"https:\/\/www.feman.net\/eng\/index.php?rest_route=%2Fwp%2Fv2%2Fproduct_brand&post=2532"},{"taxonomy":"product_cat","embeddable":true,"href":"https:\/\/www.feman.net\/eng\/index.php?rest_route=%2Fwp%2Fv2%2Fproduct_cat&post=2532"},{"taxonomy":"product_tag","embeddable":true,"href":"https:\/\/www.feman.net\/eng\/index.php?rest_route=%2Fwp%2Fv2%2Fproduct_tag&post=2532"}],"curies":[{"name":"wp","href":"https:\/\/api.w.org\/{rel}","templated":true}]}}