{"id":2543,"date":"2015-04-03T07:38:06","date_gmt":"2015-04-03T07:38:06","guid":{"rendered":"http:\/\/feman.net\/?p=2543"},"modified":"2022-11-23T18:21:32","modified_gmt":"2022-11-23T18:21:32","slug":"konzola-za-opstu-namenu","status":"publish","type":"product","link":"https:\/\/www.feman.net\/eng\/?product=konzola-za-opstu-namenu","title":{"rendered":"KONZOLA ZA OP\u0160TU NAMENU"},"content":{"rendered":"<p><a href=\"http:\/\/www.feman.net\/wp-content\/uploads\/2015\/03\/90.png\"><img loading=\"lazy\" decoding=\"async\" class=\"alignnone wp-image-1298 \" src=\"http:\/\/www.feman.net\/wp-content\/uploads\/2015\/03\/90-191x300.png\" alt=\"KONZOLA ZA OP\u0160TU NAMENU\" width=\"134\" height=\"210\" srcset=\"https:\/\/www.feman.net\/eng\/wp-content\/uploads\/2015\/03\/90-191x300.png 191w, https:\/\/www.feman.net\/eng\/wp-content\/uploads\/2015\/03\/90-300x471.png 300w, https:\/\/www.feman.net\/eng\/wp-content\/uploads\/2015\/03\/90-150x236.png 150w, https:\/\/www.feman.net\/eng\/wp-content\/uploads\/2015\/03\/90.png 552w\" sizes=\"(max-width: 134px) 100vw, 134px\" \/><\/a><\/p>\n<p style=\"text-align: justify;\">Koristi se za vezivanje na stub univerzalne Al konzole, VKG kablovskih glava, opreme za SN SKS i sl. U\u010dvr\u0161\u0107uje se pomo\u0107u obujmica za stubove. Standardno se radi galvanski pocinkovana, a po\u00a0 \u017eelji kupca radimo i toplo cinkovanu.<\/p>\n<table style=\"height: 43px; width: 77.3428%;\" width=\"664\">\n<tbody>\n<tr style=\"background-color: #c8e4f7;\">\n<td style=\"text-align: center; height: 13px;\">Kodni broj<\/td>\n<td style=\"text-align: center; height: 13px;\">Tip<\/td>\n<td style=\"text-align: center; height: 13px;\">L mm<\/td>\n<td style=\"text-align: center; height: 13px;\">Pakovanje kom<\/td>\n<td style=\"text-align: center; height: 13px;\">Te\u017eina kg\/kom<\/td>\n<\/tr>\n<tr style=\"height: 18px;\">\n<td style=\"text-align: center; height: 18px;\">4894000<\/td>\n<td style=\"text-align: center; height: 18px;\">L375<\/td>\n<td style=\"text-align: center; height: 18px;\">375<\/td>\n<td style=\"text-align: center; height: 18px;\">1<\/td>\n<td style=\"text-align: center; height: 18px;\">2,32<\/td>\n<\/tr>\n<tr style=\"height: 12px;\">\n<td style=\"text-align: center; height: 12px;\">4894002<\/td>\n<td style=\"text-align: center; height: 12px;\">L480<\/td>\n<td style=\"text-align: center; height: 12px;\">480<\/td>\n<td style=\"text-align: center; height: 12px;\">1<\/td>\n<td style=\"text-align: center; height: 12px;\">2,80<\/td>\n<\/tr>\n<\/tbody>\n<\/table>\n<p>&nbsp;<\/p>\n","protected":false},"excerpt":{"rendered":"<p>Koristi se za vezivanje na stub univerzalne Al konzole, VKG kablovskih glava, opreme za SN SKS i sl. U\u010dvr\u0161\u0107uje se pomo\u0107u obujmica za stubove. Standardno se radi galvanski pocinkovana, a po\u00a0 \u017eelji kupca radimo i toplo cinkovanu. Kodni broj Tip L mm Pakovanje kom Te\u017eina kg\/kom 4894000 L375 375 1 2,32 4894002 L480 480 1 [&hellip;]<\/p>\n","protected":false},"featured_media":264523,"comment_status":"closed","ping_status":"closed","template":"","meta":[],"product_brand":[],"product_cat":[175,172],"product_tag":[],"class_list":{"0":"post-2543","1":"product","2":"type-product","3":"status-publish","4":"has-post-thumbnail","6":"product_cat-konzole-za-nn-sks","7":"product_cat-oprema-sks-adss","9":"first","10":"instock","11":"shipping-taxable","12":"product-type-simple"},"_links":{"self":[{"href":"https:\/\/www.feman.net\/eng\/index.php?rest_route=\/wp\/v2\/product\/2543","targetHints":{"allow":["GET"]}}],"collection":[{"href":"https:\/\/www.feman.net\/eng\/index.php?rest_route=\/wp\/v2\/product"}],"about":[{"href":"https:\/\/www.feman.net\/eng\/index.php?rest_route=\/wp\/v2\/types\/product"}],"replies":[{"embeddable":true,"href":"https:\/\/www.feman.net\/eng\/index.php?rest_route=%2Fwp%2Fv2%2Fcomments&post=2543"}],"wp:featuredmedia":[{"embeddable":true,"href":"https:\/\/www.feman.net\/eng\/index.php?rest_route=\/wp\/v2\/media\/264523"}],"wp:attachment":[{"href":"https:\/\/www.feman.net\/eng\/index.php?rest_route=%2Fwp%2Fv2%2Fmedia&parent=2543"}],"wp:term":[{"taxonomy":"product_brand","embeddable":true,"href":"https:\/\/www.feman.net\/eng\/index.php?rest_route=%2Fwp%2Fv2%2Fproduct_brand&post=2543"},{"taxonomy":"product_cat","embeddable":true,"href":"https:\/\/www.feman.net\/eng\/index.php?rest_route=%2Fwp%2Fv2%2Fproduct_cat&post=2543"},{"taxonomy":"product_tag","embeddable":true,"href":"https:\/\/www.feman.net\/eng\/index.php?rest_route=%2Fwp%2Fv2%2Fproduct_tag&post=2543"}],"curies":[{"name":"wp","href":"https:\/\/api.w.org\/{rel}","templated":true}]}}