{"id":2566,"date":"2015-04-03T08:10:51","date_gmt":"2015-04-03T08:10:51","guid":{"rendered":"http:\/\/feman.net\/?p=2566"},"modified":"2022-11-23T19:50:51","modified_gmt":"2022-11-23T19:50:51","slug":"noseci-silikonski-kompozitni-izolatorski-lanci","status":"publish","type":"product","link":"https:\/\/www.feman.net\/eng\/?product=noseci-silikonski-kompozitni-izolatorski-lanci","title":{"rendered":"NOSE\u0106I SILIKONSKI KOMPOZITNI IZOLATORSKI LANCI"},"content":{"rendered":"<p>Nose\u0107i silikonski kompozitni izolatorski lanci koriste se u srednjenaponskim nadzemnim mre\u017eama od 10-35kV. Izra\u0111eni su prema zahtevima standarda IEC 61109-1992-03. Standardno se proizvode za mehani\u010dko optere\u0107enje od 4000 daN. Veoma su lagani u pore\u0111enju sa kerami\u010dkim i staklenim izolatorskim lancima \u0161to omogu\u0107uje laku i brzu monta\u017eu. Za\u0161tita od korozije je izvr\u0161ena galvanskim cinkovanjem, a po \u017eelji kupaca radimo i toplo cinkovanje.<\/p>\n<table style=\"height: 299px; width: 95.9108%;\" width=\"538\">\n<tbody>\n<tr style=\"height: 23px; background-color: #c8e4f7;\">\n<td style=\"height: 23px; text-align: center;\">Kodni broj<\/td>\n<td style=\"height: 23px; text-align: center;\">Tip<\/td>\n<td style=\"text-align: center; height: 23px;\">Napon kV<\/td>\n<td style=\"text-align: center; height: 23px;\">Podnosvi napon kV<\/td>\n<td style=\"text-align: center; height: 23px;\">Prelomna sila daN<\/td>\n<\/tr>\n<tr style=\"height: 23px;\">\n<td style=\"height: 23px;\">4890311<\/td>\n<td style=\"height: 23px;\">jednostruki sa klinastom<\/td>\n<td style=\"text-align: center; height: 23px;\">10<\/td>\n<td style=\"text-align: center; height: 23px;\">90<\/td>\n<td style=\"text-align: center; height: 23px;\">4000<\/td>\n<\/tr>\n<tr style=\"height: 23px;\">\n<td style=\"height: 23px;\">4890321<\/td>\n<td style=\"height: 23px;\">jednostruki sa klinastom<\/td>\n<td style=\"text-align: center; height: 23px;\">20<\/td>\n<td style=\"text-align: center; height: 23px;\">130<\/td>\n<td style=\"text-align: center; height: 23px;\">4000<\/td>\n<\/tr>\n<tr style=\"height: 23px;\">\n<td style=\"height: 23px;\">4890331<\/td>\n<td style=\"height: 23px;\">jednostruki sa klinastom<\/td>\n<td style=\"text-align: center; height: 23px;\">35<\/td>\n<td style=\"text-align: center; height: 23px;\">145<\/td>\n<td style=\"text-align: center; height: 23px;\">4000<\/td>\n<\/tr>\n<tr style=\"height: 23px;\">\n<td style=\"height: 23px;\">4890411<\/td>\n<td style=\"height: 23px;\">jednostruki sa vija\u010dnom stez.<\/td>\n<td style=\"text-align: center; height: 23px;\">10<\/td>\n<td style=\"text-align: center; height: 23px;\">90<\/td>\n<td style=\"text-align: center; height: 23px;\">4000<\/td>\n<\/tr>\n<tr style=\"height: 23px;\">\n<td style=\"height: 23px;\">4890421<\/td>\n<td style=\"height: 23px;\">jednostruki sa vija\u010dnom stez.<\/td>\n<td style=\"text-align: center; height: 23px;\">20<\/td>\n<td style=\"text-align: center; height: 23px;\">130<\/td>\n<td style=\"text-align: center; height: 23px;\">4000<\/td>\n<\/tr>\n<tr style=\"height: 23px;\">\n<td style=\"height: 23px;\">4890431<\/td>\n<td style=\"height: 23px;\">jednostruki sa vija\u010dnom stez.<\/td>\n<td style=\"text-align: center; height: 23px;\">35<\/td>\n<td style=\"text-align: center; height: 23px;\">145<\/td>\n<td style=\"text-align: center; height: 23px;\">4000<\/td>\n<\/tr>\n<tr style=\"height: 23px;\">\n<td style=\"height: 23px;\">4890312<\/td>\n<td style=\"height: 23px;\">dvostruki sa klinastom<\/td>\n<td style=\"text-align: center; height: 23px;\">10<\/td>\n<td style=\"text-align: center; height: 23px;\">90<\/td>\n<td style=\"text-align: center; height: 23px;\">4000<\/td>\n<\/tr>\n<tr style=\"height: 23px;\">\n<td style=\"height: 23px;\">4890322<\/td>\n<td style=\"height: 23px;\">dvostruki sa klinastom<\/td>\n<td style=\"text-align: center; height: 23px;\">20<\/td>\n<td style=\"text-align: center; height: 23px;\">130<\/td>\n<td style=\"text-align: center; height: 23px;\">4000<\/td>\n<\/tr>\n<tr style=\"height: 23px;\">\n<td style=\"height: 23px;\">4890332<\/td>\n<td style=\"height: 23px;\">dvostruki sa klinastom<\/td>\n<td style=\"text-align: center; height: 23px;\">35<\/td>\n<td style=\"text-align: center; height: 23px;\">145<\/td>\n<td style=\"text-align: center; height: 23px;\">4000<\/td>\n<\/tr>\n<tr style=\"height: 23px;\">\n<td style=\"height: 23px;\">4890412<\/td>\n<td style=\"height: 23px;\">dvostruki sa vija\u010dnom stez.<\/td>\n<td style=\"text-align: center; height: 23px;\">10<\/td>\n<td style=\"text-align: center; height: 23px;\">90<\/td>\n<td style=\"text-align: center; height: 23px;\">4000<\/td>\n<\/tr>\n<tr style=\"height: 23px;\">\n<td style=\"height: 23px;\">4890422<\/td>\n<td style=\"height: 23px;\">dvostruki sa vija\u010dnom stez.<\/td>\n<td style=\"text-align: center; height: 23px;\">20<\/td>\n<td style=\"text-align: center; height: 23px;\">130<\/td>\n<td style=\"text-align: center; height: 23px;\">4000<\/td>\n<\/tr>\n<tr style=\"height: 23px;\">\n<td style=\"height: 23px;\">4890432<\/td>\n<td style=\"height: 23px;\">dvostruki sa vija\u010dnom stez.<\/td>\n<td style=\"text-align: center; height: 23px;\">35<\/td>\n<td style=\"text-align: center; height: 23px;\">145<\/td>\n<td style=\"text-align: center; height: 23px;\">4000<\/td>\n<\/tr>\n<\/tbody>\n<\/table>\n<p>&nbsp;<\/p>\n<p><a href=\"http:\/\/www.feman.net\/wp-content\/uploads\/2015\/03\/96.png\"><img loading=\"lazy\" decoding=\"async\" class=\"alignnone wp-image-1268\" src=\"http:\/\/www.feman.net\/wp-content\/uploads\/2015\/03\/96-347x1024.png\" alt=\"NOSE\u0106I SILIKONSKI KOMPOZITNI IZOLATORSKI LANCI\" width=\"183\" height=\"540\" srcset=\"https:\/\/www.feman.net\/eng\/wp-content\/uploads\/2015\/03\/96-347x1024.png 347w, https:\/\/www.feman.net\/eng\/wp-content\/uploads\/2015\/03\/96-300x885.png 300w, https:\/\/www.feman.net\/eng\/wp-content\/uploads\/2015\/03\/96-102x300.png 102w, https:\/\/www.feman.net\/eng\/wp-content\/uploads\/2015\/03\/96-150x442.png 150w, https:\/\/www.feman.net\/eng\/wp-content\/uploads\/2015\/03\/96.png 489w\" sizes=\"(max-width: 183px) 100vw, 183px\" \/><\/a><a href=\"http:\/\/www.feman.net\/wp-content\/uploads\/2015\/03\/97.png\"> \u00a0\u00a0\u00a0\u00a0\u00a0 \u00a0 \u00a0 \u00a0 \u00a0 \u00a0 \u00a0 \u00a0 \u00a0 \u00a0 \u00a0 \u00a0 \u00a0 \u00a0 \u00a0 \u00a0\u00a0\u00a0\u00a0\u00a0\u00a0 <img loading=\"lazy\" decoding=\"async\" class=\"wp-image-1269 alignnone\" src=\"http:\/\/www.feman.net\/wp-content\/uploads\/2015\/03\/97-138x1024.png\" alt=\"NOSE\u0106I SILIKONSKI KOMPOZITNI IZOLATORSKI LANCI\" width=\"74\" height=\"549\" srcset=\"https:\/\/www.feman.net\/eng\/wp-content\/uploads\/2015\/03\/97-138x1024.png 138w, https:\/\/www.feman.net\/eng\/wp-content\/uploads\/2015\/03\/97-150x1112.png 150w, https:\/\/www.feman.net\/eng\/wp-content\/uploads\/2015\/03\/97.png 217w\" sizes=\"(max-width: 74px) 100vw, 74px\" \/><\/a><\/p>\n","protected":false},"excerpt":{"rendered":"<p>Nose\u0107i silikonski kompozitni izolatorski lanci koriste se u srednjenaponskim nadzemnim mre\u017eama od 10-35kV. Izra\u0111eni su prema zahtevima standarda IEC 61109-1992-03. Standardno se proizvode za mehani\u010dko optere\u0107enje od 4000 daN. Veoma su lagani u pore\u0111enju sa kerami\u010dkim i staklenim izolatorskim lancima \u0161to omogu\u0107uje laku i brzu monta\u017eu. Za\u0161tita od korozije je izvr\u0161ena galvanskim cinkovanjem, a po [&hellip;]<\/p>\n","protected":false},"featured_media":0,"comment_status":"closed","ping_status":"closed","template":"","meta":[],"product_brand":[],"product_cat":[180],"product_tag":[],"class_list":{"0":"post-2566","1":"product","2":"type-product","3":"status-publish","5":"product_cat-silikonski-izolatori","7":"first","8":"instock","9":"shipping-taxable","10":"product-type-simple"},"_links":{"self":[{"href":"https:\/\/www.feman.net\/eng\/index.php?rest_route=\/wp\/v2\/product\/2566","targetHints":{"allow":["GET"]}}],"collection":[{"href":"https:\/\/www.feman.net\/eng\/index.php?rest_route=\/wp\/v2\/product"}],"about":[{"href":"https:\/\/www.feman.net\/eng\/index.php?rest_route=\/wp\/v2\/types\/product"}],"replies":[{"embeddable":true,"href":"https:\/\/www.feman.net\/eng\/index.php?rest_route=%2Fwp%2Fv2%2Fcomments&post=2566"}],"wp:attachment":[{"href":"https:\/\/www.feman.net\/eng\/index.php?rest_route=%2Fwp%2Fv2%2Fmedia&parent=2566"}],"wp:term":[{"taxonomy":"product_brand","embeddable":true,"href":"https:\/\/www.feman.net\/eng\/index.php?rest_route=%2Fwp%2Fv2%2Fproduct_brand&post=2566"},{"taxonomy":"product_cat","embeddable":true,"href":"https:\/\/www.feman.net\/eng\/index.php?rest_route=%2Fwp%2Fv2%2Fproduct_cat&post=2566"},{"taxonomy":"product_tag","embeddable":true,"href":"https:\/\/www.feman.net\/eng\/index.php?rest_route=%2Fwp%2Fv2%2Fproduct_tag&post=2566"}],"curies":[{"name":"wp","href":"https:\/\/api.w.org\/{rel}","templated":true}]}}