{"id":2572,"date":"2015-04-03T08:56:51","date_gmt":"2015-04-03T08:56:51","guid":{"rendered":"http:\/\/feman.net\/?p=2572"},"modified":"2022-11-23T19:51:44","modified_gmt":"2022-11-23T19:51:44","slug":"oprema-za-izolatorske-lance","status":"publish","type":"product","link":"https:\/\/www.feman.net\/eng\/?product=oprema-za-izolatorske-lance","title":{"rendered":"OPREMA ZA IZOLATORSKE LANCE"},"content":{"rendered":"<p>Silikonski kompozitni izolatori su namenjeni za zatezno i nose\u0107e ve\u0161anje kod nadzemnih neizolovanih mre\u017ea. Izra\u017eeni su prema standardima: IEC 61109-1992-03<\/p>\n<table style=\"height: 207px; width: 71.1279%;\" width=\"391\">\n<tbody>\n<tr style=\"height: 23px;\">\n<td style=\"text-align: center; height: 23px;\">Kodni broj<\/td>\n<td style=\"text-align: center; height: 23px;\">Naziv<\/td>\n<\/tr>\n<tr style=\"height: 23px;\">\n<td style=\"height: 23px;\">4890300<\/td>\n<td style=\"height: 23px;\">Produ\u017enik &#8220;0\u00ba&#8221;<\/td>\n<\/tr>\n<tr style=\"height: 23px;\">\n<td style=\"height: 23px;\">4890301<\/td>\n<td style=\"height: 23px;\">Produ\u017enik &#8220;90\u00b0&#8221;<\/td>\n<\/tr>\n<tr style=\"height: 23px;\">\n<td style=\"height: 23px;\">4890302<\/td>\n<td style=\"height: 23px;\">Odstojnik<\/td>\n<\/tr>\n<tr style=\"height: 23px;\">\n<td style=\"height: 23px;\">4890303<\/td>\n<td style=\"height: 23px;\">\u0160kopac<\/td>\n<\/tr>\n<tr style=\"height: 23px;\">\n<td style=\"height: 23px;\">4890304<\/td>\n<td style=\"height: 23px;\">Zatezna vija\u010dna stezaljka ( sa dva viljka )<\/td>\n<\/tr>\n<tr style=\"height: 23px;\">\n<td style=\"height: 23px;\">4890310<\/td>\n<td style=\"height: 23px;\">Izolator 10kV<\/td>\n<\/tr>\n<tr style=\"height: 23px;\">\n<td style=\"height: 23px;\">4890320<\/td>\n<td style=\"height: 23px;\">Izolator 20kV<\/td>\n<\/tr>\n<tr style=\"height: 23px;\">\n<td style=\"height: 23px;\">4890330<\/td>\n<td style=\"height: 23px;\">Izolator 35kV<\/td>\n<\/tr>\n<\/tbody>\n<\/table>\n<p>&nbsp;<\/p>\n<p><a href=\"http:\/\/www.feman.net\/wp-content\/uploads\/2015\/03\/99.png\"><img loading=\"lazy\" decoding=\"async\" class=\"wp-image-1271 alignnone\" src=\"http:\/\/www.feman.net\/wp-content\/uploads\/2015\/03\/99.png\" alt=\"OPREMA ZA IZOLATORSKE LANCE\" width=\"95\" height=\"369\" srcset=\"https:\/\/www.feman.net\/eng\/wp-content\/uploads\/2015\/03\/99.png 230w, https:\/\/www.feman.net\/eng\/wp-content\/uploads\/2015\/03\/99-77x300.png 77w, https:\/\/www.feman.net\/eng\/wp-content\/uploads\/2015\/03\/99-150x582.png 150w\" sizes=\"(max-width: 95px) 100vw, 95px\" \/><\/a><\/p>\n","protected":false},"excerpt":{"rendered":"<p>Silikonski kompozitni izolatori su namenjeni za zatezno i nose\u0107e ve\u0161anje kod nadzemnih neizolovanih mre\u017ea. Izra\u017eeni su prema standardima: IEC 61109-1992-03 Kodni broj Naziv 4890300 Produ\u017enik &#8220;0\u00ba&#8221; 4890301 Produ\u017enik &#8220;90\u00b0&#8221; 4890302 Odstojnik 4890303 \u0160kopac 4890304 Zatezna vija\u010dna stezaljka ( sa dva viljka ) 4890310 Izolator 10kV 4890320 Izolator 20kV 4890330 Izolator 35kV &nbsp;<\/p>\n","protected":false},"featured_media":0,"comment_status":"closed","ping_status":"closed","template":"","meta":[],"product_brand":[],"product_cat":[180],"product_tag":[],"class_list":{"0":"post-2572","1":"product","2":"type-product","3":"status-publish","5":"product_cat-silikonski-izolatori","7":"first","8":"instock","9":"shipping-taxable","10":"product-type-simple"},"_links":{"self":[{"href":"https:\/\/www.feman.net\/eng\/index.php?rest_route=\/wp\/v2\/product\/2572","targetHints":{"allow":["GET"]}}],"collection":[{"href":"https:\/\/www.feman.net\/eng\/index.php?rest_route=\/wp\/v2\/product"}],"about":[{"href":"https:\/\/www.feman.net\/eng\/index.php?rest_route=\/wp\/v2\/types\/product"}],"replies":[{"embeddable":true,"href":"https:\/\/www.feman.net\/eng\/index.php?rest_route=%2Fwp%2Fv2%2Fcomments&post=2572"}],"wp:attachment":[{"href":"https:\/\/www.feman.net\/eng\/index.php?rest_route=%2Fwp%2Fv2%2Fmedia&parent=2572"}],"wp:term":[{"taxonomy":"product_brand","embeddable":true,"href":"https:\/\/www.feman.net\/eng\/index.php?rest_route=%2Fwp%2Fv2%2Fproduct_brand&post=2572"},{"taxonomy":"product_cat","embeddable":true,"href":"https:\/\/www.feman.net\/eng\/index.php?rest_route=%2Fwp%2Fv2%2Fproduct_cat&post=2572"},{"taxonomy":"product_tag","embeddable":true,"href":"https:\/\/www.feman.net\/eng\/index.php?rest_route=%2Fwp%2Fv2%2Fproduct_tag&post=2572"}],"curies":[{"name":"wp","href":"https:\/\/api.w.org\/{rel}","templated":true}]}}