{"id":2579,"date":"2015-04-03T09:38:03","date_gmt":"2015-04-03T09:38:03","guid":{"rendered":"http:\/\/feman.net\/?p=2579"},"modified":"2022-11-23T19:50:56","modified_gmt":"2022-11-23T19:50:56","slug":"noseci-silikonski-kompozitni-izolatorski-lanci-2","status":"publish","type":"product","link":"https:\/\/www.feman.net\/eng\/?product=noseci-silikonski-kompozitni-izolatorski-lanci-2","title":{"rendered":"NOSE\u0106I SILIKONSKI KOMPOZITNI IZOLATORSKI LANCI"},"content":{"rendered":"<p>Nose\u0107i silikonski kompozitni izolatorski lanci koriste se u srednjenaponskim nadzemnim mre\u017eama od 10-35kV. Izra\u0111eni su prema zahtevima standarda IEC 61109-1992-03. Standardno se proizvode za mehani\u010dko optere\u0107enje od 4000 daN. Veoma su lagani u pore\u0111enju sa kerami\u010dkim i staklenim izolatorskim lancima \u0161to omogu\u0107uje laku i brzu monta\u017eu. Za\u0161tita od korozije je izvr\u0161ena galvanskim cinkovanjem, a po \u017eelji kupaca radimo i toplo cinkovanje.<\/p>\n<table style=\"height: 331px;\" width=\"951\">\n<tbody>\n<tr>\n<td>Kodni broj<\/td>\n<td>Tip<\/td>\n<td>Napon kV<\/td>\n<td>Podnosivi napon kV<\/td>\n<td>Prelomna sila daN<\/td>\n<\/tr>\n<tr>\n<td>4890511<\/td>\n<td>komplet-jednostruki nose\u0107i<\/td>\n<td>10<\/td>\n<td>90<\/td>\n<td>4000<\/td>\n<\/tr>\n<tr>\n<td>4890521<\/td>\n<td>komplet-jednostruki nose\u0107i<\/td>\n<td>20<\/td>\n<td>130<\/td>\n<td>4000<\/td>\n<\/tr>\n<tr>\n<td>4890531<\/td>\n<td>komplet-jednostruki nose\u0107i<\/td>\n<td>35<\/td>\n<td>145<\/td>\n<td>4000<\/td>\n<\/tr>\n<tr>\n<td>4890512<\/td>\n<td>komplet-dvostruki nose\u0107i<\/td>\n<td>10<\/td>\n<td>90<\/td>\n<td>4000<\/td>\n<\/tr>\n<tr>\n<td>4890522<\/td>\n<td>komplet-dvostruki nose\u0107i<\/td>\n<td>20<\/td>\n<td>130<\/td>\n<td>4000<\/td>\n<\/tr>\n<tr>\n<td>4890532<\/td>\n<td>komplet-dvostruki nose\u0107i<\/td>\n<td>35<\/td>\n<td>145<\/td>\n<td>4000<\/td>\n<\/tr>\n<\/tbody>\n<\/table>\n<p><a href=\"http:\/\/www.feman.net\/wp-content\/uploads\/2015\/03\/109.png\"><img loading=\"lazy\" decoding=\"async\" class=\"alignnone wp-image-1280\" src=\"http:\/\/www.feman.net\/wp-content\/uploads\/2015\/03\/109-374x1024.png\" alt=\"NOSE\u0106I SILIKONSKI KOMPOZITNI IZOLATORSKI LANCI\" width=\"197\" height=\"539\" srcset=\"https:\/\/www.feman.net\/eng\/wp-content\/uploads\/2015\/03\/109-374x1024.png 374w, https:\/\/www.feman.net\/eng\/wp-content\/uploads\/2015\/03\/109-300x822.png 300w, https:\/\/www.feman.net\/eng\/wp-content\/uploads\/2015\/03\/109-150x411.png 150w, https:\/\/www.feman.net\/eng\/wp-content\/uploads\/2015\/03\/109.png 442w\" sizes=\"(max-width: 197px) 100vw, 197px\" \/><\/a><a href=\"http:\/\/www.feman.net\/wp-content\/uploads\/2015\/03\/110.png\"><img loading=\"lazy\" decoding=\"async\" class=\"alignnone wp-image-1281\" src=\"http:\/\/www.feman.net\/wp-content\/uploads\/2015\/03\/110-516x1024.png\" alt=\"NOSE\u0106I SILIKONSKI KOMPOZITNI IZOLATORSKI LANCI\" width=\"271\" height=\"537\" srcset=\"https:\/\/www.feman.net\/eng\/wp-content\/uploads\/2015\/03\/110-516x1024.png 516w, https:\/\/www.feman.net\/eng\/wp-content\/uploads\/2015\/03\/110-300x596.png 300w, https:\/\/www.feman.net\/eng\/wp-content\/uploads\/2015\/03\/110-151x300.png 151w, https:\/\/www.feman.net\/eng\/wp-content\/uploads\/2015\/03\/110-150x298.png 150w, https:\/\/www.feman.net\/eng\/wp-content\/uploads\/2015\/03\/110.png 583w\" sizes=\"(max-width: 271px) 100vw, 271px\" \/><\/a><\/p>\n","protected":false},"excerpt":{"rendered":"<p>Nose\u0107i silikonski kompozitni izolatorski lanci koriste se u srednjenaponskim nadzemnim mre\u017eama od 10-35kV. Izra\u0111eni su prema zahtevima standarda IEC 61109-1992-03. Standardno se proizvode za mehani\u010dko optere\u0107enje od 4000 daN. Veoma su lagani u pore\u0111enju sa kerami\u010dkim i staklenim izolatorskim lancima \u0161to omogu\u0107uje laku i brzu monta\u017eu. Za\u0161tita od korozije je izvr\u0161ena galvanskim cinkovanjem, a po [&hellip;]<\/p>\n","protected":false},"featured_media":0,"comment_status":"closed","ping_status":"closed","template":"","meta":[],"product_brand":[],"product_cat":[180],"product_tag":[],"class_list":{"0":"post-2579","1":"product","2":"type-product","3":"status-publish","5":"product_cat-silikonski-izolatori","7":"first","8":"instock","9":"shipping-taxable","10":"product-type-simple"},"_links":{"self":[{"href":"https:\/\/www.feman.net\/eng\/index.php?rest_route=\/wp\/v2\/product\/2579","targetHints":{"allow":["GET"]}}],"collection":[{"href":"https:\/\/www.feman.net\/eng\/index.php?rest_route=\/wp\/v2\/product"}],"about":[{"href":"https:\/\/www.feman.net\/eng\/index.php?rest_route=\/wp\/v2\/types\/product"}],"replies":[{"embeddable":true,"href":"https:\/\/www.feman.net\/eng\/index.php?rest_route=%2Fwp%2Fv2%2Fcomments&post=2579"}],"wp:attachment":[{"href":"https:\/\/www.feman.net\/eng\/index.php?rest_route=%2Fwp%2Fv2%2Fmedia&parent=2579"}],"wp:term":[{"taxonomy":"product_brand","embeddable":true,"href":"https:\/\/www.feman.net\/eng\/index.php?rest_route=%2Fwp%2Fv2%2Fproduct_brand&post=2579"},{"taxonomy":"product_cat","embeddable":true,"href":"https:\/\/www.feman.net\/eng\/index.php?rest_route=%2Fwp%2Fv2%2Fproduct_cat&post=2579"},{"taxonomy":"product_tag","embeddable":true,"href":"https:\/\/www.feman.net\/eng\/index.php?rest_route=%2Fwp%2Fv2%2Fproduct_tag&post=2579"}],"curies":[{"name":"wp","href":"https:\/\/api.w.org\/{rel}","templated":true}]}}