{"id":266719,"date":"2022-05-16T17:41:07","date_gmt":"2022-05-16T17:41:07","guid":{"rendered":"http:\/\/www.feman-jagodina.feman.co.rs\/?post_type=product&#038;p=266719"},"modified":"2022-05-16T17:41:07","modified_gmt":"2022-05-16T17:41:07","slug":"svetiljka-za-parkovsko-osvetljenje","status":"publish","type":"product","link":"https:\/\/www.feman.net\/eng\/?product=svetiljka-za-parkovsko-osvetljenje","title":{"rendered":"SVETILJKA ZA PARKOVSKO OSVETLJENJE"},"content":{"rendered":"<p><a href=\"http:\/\/www.feman.net\/wp-content\/uploads\/2022\/05\/1parkovska.jpg\"><img loading=\"lazy\" decoding=\"async\" class=\"alignnone  wp-image-266720\" src=\"http:\/\/www.feman.net\/wp-content\/uploads\/2022\/05\/1parkovska.jpg\" alt=\"\" width=\"403\" height=\"392\" srcset=\"https:\/\/www.feman.net\/eng\/wp-content\/uploads\/2022\/05\/1parkovska.jpg 781w, https:\/\/www.feman.net\/eng\/wp-content\/uploads\/2022\/05\/1parkovska-300x292.jpg 300w, https:\/\/www.feman.net\/eng\/wp-content\/uploads\/2022\/05\/1parkovska-768x747.jpg 768w, https:\/\/www.feman.net\/eng\/wp-content\/uploads\/2022\/05\/1parkovska-480x467.jpg 480w, https:\/\/www.feman.net\/eng\/wp-content\/uploads\/2022\/05\/1parkovska-600x584.jpg 600w\" sizes=\"(max-width: 403px) 100vw, 403px\" \/>\u00a0\u00a0 <\/a><a href=\"http:\/\/www.feman.net\/wp-content\/uploads\/2022\/05\/2parkovska.jpg\"><img loading=\"lazy\" decoding=\"async\" class=\"alignnone  wp-image-266721\" src=\"http:\/\/www.feman.net\/wp-content\/uploads\/2022\/05\/2parkovska.jpg\" alt=\"\" width=\"345\" height=\"340\" srcset=\"https:\/\/www.feman.net\/eng\/wp-content\/uploads\/2022\/05\/2parkovska.jpg 445w, https:\/\/www.feman.net\/eng\/wp-content\/uploads\/2022\/05\/2parkovska-300x296.jpg 300w, https:\/\/www.feman.net\/eng\/wp-content\/uploads\/2022\/05\/2parkovska-100x100.jpg 100w\" sizes=\"(max-width: 345px) 100vw, 345px\" \/><\/a><\/p>\n<p>Tehni\u010dki podaci:<\/p>\n<p>IP za\u0161tita &#8230;&#8230;&#8230;&#8230;&#8230;&#8230;&#8230;&#8230;&#8230;&#8230;&#8230;&#8230;&#8230;&#8230;&#8230;&#8230;&#8230;54\/65 IP<br \/>\nIK otpornost &#8230;&#8230;&#8230;&#8230;&#8230;&#8230;&#8230;&#8230;&#8230;&#8230;&#8230;&#8230;&#8230;&#8230;&#8230;. 07\/08 IK<br \/>\nMonta\u017ea na stub &#8230;&#8230;&#8230;&#8230;&#8230;&#8230;&#8230;&#8230;&#8230;&#8230;&#8230;&#8230;&#8230;&#8230;.. 3-5m<br \/>\nDimenzije &#8230;&#8230;&#8230;&#8230;&#8230;&#8230;&#8230;&#8230;&#8230;&#8230;&#8230;&#8230;&#8230;&#8230;.500x430mm<br \/>\nKodni broj: 3900390<br \/>\nNapon: 220V<\/p>\n<p>Sastoji se od: ku\u0107i\u0161ta izra\u0111enog od aluminijumske legure livene pod pritiskom, poklopca svetiljke izra\u0111enog od lima sistemom dubokog izvla\u010denja, protektora od polikarbonata, aluminijumskih usmeriva\u010da. Svi spoljni elementi su izra\u0111eni od ner\u0111aju\u0107eg \u010delika.<br \/>\nZamena sijalice je vrlo jednostavna odvijanjem dva vijka na poklopcu svetiljke i obezbe\u0111uje jednostavan i lak pristup sijalici.<\/p>\n<p>Monta\u017ea:<br \/>\nSvetiljka se montira vertikalno na stub \u00d8 90. Pri\u010dvr\u0161\u0107uje se pomo\u0107u tri prohrom vijka.<br \/>\nSnaga W: LED sijalica od 20 &#8211; 40W<br \/>\nSijali\u010dno grlo: E-27<\/p>\n<p>Mogu\u0107nost ugradnje \u0161tedljive, kukuruz i LED sijalice.<\/p>\n<p><a href=\"http:\/\/www.feman.net\/wp-content\/uploads\/2015\/03\/3eurokristal11.jpg\"><img loading=\"lazy\" decoding=\"async\" class=\"alignnone  wp-image-266705\" src=\"http:\/\/www.feman.net\/wp-content\/uploads\/2015\/03\/3eurokristal11.jpg\" alt=\"\" width=\"112\" height=\"142\" srcset=\"https:\/\/www.feman.net\/eng\/wp-content\/uploads\/2015\/03\/3eurokristal11.jpg 360w, https:\/\/www.feman.net\/eng\/wp-content\/uploads\/2015\/03\/3eurokristal11-237x300.jpg 237w, https:\/\/www.feman.net\/eng\/wp-content\/uploads\/2015\/03\/3eurokristal11-300x380.jpg 300w\" sizes=\"(max-width: 112px) 100vw, 112px\" \/><\/a><\/p>\n<p>&nbsp;<\/p>\n<p>&nbsp;<\/p>\n","protected":false},"excerpt":{"rendered":"<p>\u00a0\u00a0 Tehni\u010dki podaci: IP za\u0161tita &#8230;&#8230;&#8230;&#8230;&#8230;&#8230;&#8230;&#8230;&#8230;&#8230;&#8230;&#8230;&#8230;&#8230;&#8230;&#8230;&#8230;54\/65 IP IK otpornost &#8230;&#8230;&#8230;&#8230;&#8230;&#8230;&#8230;&#8230;&#8230;&#8230;&#8230;&#8230;&#8230;&#8230;&#8230;. 07\/08 IK Monta\u017ea na stub &#8230;&#8230;&#8230;&#8230;&#8230;&#8230;&#8230;&#8230;&#8230;&#8230;&#8230;&#8230;&#8230;&#8230;.. 3-5m Dimenzije &#8230;&#8230;&#8230;&#8230;&#8230;&#8230;&#8230;&#8230;&#8230;&#8230;&#8230;&#8230;&#8230;&#8230;.500x430mm Kodni broj: 3900390 Napon: 220V Sastoji se od: ku\u0107i\u0161ta izra\u0111enog od aluminijumske legure livene pod pritiskom, poklopca svetiljke izra\u0111enog od lima sistemom dubokog izvla\u010denja, protektora od polikarbonata, aluminijumskih usmeriva\u010da. Svi spoljni elementi su izra\u0111eni od ner\u0111aju\u0107eg [&hellip;]<\/p>\n","protected":false},"featured_media":266722,"comment_status":"open","ping_status":"closed","template":"","meta":[],"product_brand":[],"product_cat":[207],"product_tag":[],"class_list":{"0":"post-266719","1":"product","2":"type-product","3":"status-publish","4":"has-post-thumbnail","6":"product_cat-svetiljke","8":"first","9":"instock","10":"shipping-taxable","11":"product-type-simple"},"_links":{"self":[{"href":"https:\/\/www.feman.net\/eng\/index.php?rest_route=\/wp\/v2\/product\/266719","targetHints":{"allow":["GET"]}}],"collection":[{"href":"https:\/\/www.feman.net\/eng\/index.php?rest_route=\/wp\/v2\/product"}],"about":[{"href":"https:\/\/www.feman.net\/eng\/index.php?rest_route=\/wp\/v2\/types\/product"}],"replies":[{"embeddable":true,"href":"https:\/\/www.feman.net\/eng\/index.php?rest_route=%2Fwp%2Fv2%2Fcomments&post=266719"}],"wp:featuredmedia":[{"embeddable":true,"href":"https:\/\/www.feman.net\/eng\/index.php?rest_route=\/wp\/v2\/media\/266722"}],"wp:attachment":[{"href":"https:\/\/www.feman.net\/eng\/index.php?rest_route=%2Fwp%2Fv2%2Fmedia&parent=266719"}],"wp:term":[{"taxonomy":"product_brand","embeddable":true,"href":"https:\/\/www.feman.net\/eng\/index.php?rest_route=%2Fwp%2Fv2%2Fproduct_brand&post=266719"},{"taxonomy":"product_cat","embeddable":true,"href":"https:\/\/www.feman.net\/eng\/index.php?rest_route=%2Fwp%2Fv2%2Fproduct_cat&post=266719"},{"taxonomy":"product_tag","embeddable":true,"href":"https:\/\/www.feman.net\/eng\/index.php?rest_route=%2Fwp%2Fv2%2Fproduct_tag&post=266719"}],"curies":[{"name":"wp","href":"https:\/\/api.w.org\/{rel}","templated":true}]}}