{"id":266751,"date":"2022-05-16T19:46:37","date_gmt":"2022-05-16T19:46:37","guid":{"rendered":"http:\/\/www.feman-jagodina.feman.co.rs\/?post_type=product&#038;p=266751"},"modified":"2022-11-23T19:05:29","modified_gmt":"2022-11-23T19:05:29","slug":"prohrom-trake","status":"publish","type":"product","link":"https:\/\/www.feman.net\/eng\/?product=prohrom-trake","title":{"rendered":"PROHROM TRAKE"},"content":{"rendered":"<p><img loading=\"lazy\" decoding=\"async\" class=\" wp-image-268857 alignnone\" src=\"http:\/\/www.feman.net\/wp-content\/uploads\/2022\/05\/48.jpg\" alt=\"\" width=\"450\" height=\"273\" srcset=\"https:\/\/www.feman.net\/eng\/wp-content\/uploads\/2022\/05\/48.jpg 651w, https:\/\/www.feman.net\/eng\/wp-content\/uploads\/2022\/05\/48-300x182.jpg 300w, https:\/\/www.feman.net\/eng\/wp-content\/uploads\/2022\/05\/48-200x121.jpg 200w, https:\/\/www.feman.net\/eng\/wp-content\/uploads\/2022\/05\/48-480x291.jpg 480w, https:\/\/www.feman.net\/eng\/wp-content\/uploads\/2022\/05\/48-600x364.jpg 600w\" sizes=\"(max-width: 450px) 100vw, 450px\" \/><\/p>\n<table style=\"border-collapse: collapse; width: 100%;\">\n<tbody>\n<tr style=\"background-color: #c8e4f7;\">\n<td style=\"width: 14.2857%; text-align: center;\"><strong>Kodni broj<\/strong><\/td>\n<td style=\"width: 14.2857%; text-align: center;\"><strong>A<\/strong><br \/>\n<strong>mm<\/strong><\/td>\n<td style=\"width: 14.2857%; text-align: center;\"><strong>Debljina<\/strong><br \/>\n<strong>mm<\/strong><\/td>\n<td style=\"width: 14.2857%; text-align: center;\"><strong>Materijal<\/strong><br \/>\n<strong>(prohrom)<\/strong><\/td>\n<td style=\"width: 14.2857%; text-align: center;\"><strong>Prekidna<\/strong><br \/>\n<strong>\u010dvrsto\u0107a (N)<\/strong><\/td>\n<td style=\"width: 14.2857%; text-align: center;\"><strong>Te\u017eina rolne<\/strong><br \/>\n<strong>u kaseti<\/strong><\/td>\n<td style=\"width: 14.2857%; text-align: center;\"><strong>Pakovanje<\/strong><br \/>\n<strong>m<\/strong><\/td>\n<\/tr>\n<tr>\n<td style=\"width: 14.2857%; text-align: center;\">4710075<\/td>\n<td style=\"width: 14.2857%; text-align: center;\">13<\/td>\n<td style=\"width: 14.2857%; text-align: center;\">0,70<\/td>\n<td style=\"width: 14.2857%; text-align: center;\">1,4371<\/td>\n<td style=\"width: 14.2857%; text-align: center;\">7100<\/td>\n<td style=\"width: 14.2857%; text-align: center;\">3,5 kg\/pc<\/td>\n<td style=\"width: 14.2857%; text-align: center;\">50<\/td>\n<\/tr>\n<tr>\n<td style=\"width: 14.2857%; text-align: center;\">4710080<\/td>\n<td style=\"width: 14.2857%; text-align: center;\">19<\/td>\n<td style=\"width: 14.2857%; text-align: center;\">0,70<\/td>\n<td style=\"width: 14.2857%; text-align: center;\">1,4371<\/td>\n<td style=\"width: 14.2857%; text-align: center;\">10600<\/td>\n<td style=\"width: 14.2857%; text-align: center;\">5,1 kg\/pc<\/td>\n<td style=\"width: 14.2857%; text-align: center;\">50<\/td>\n<\/tr>\n<\/tbody>\n<\/table>\n<p>&nbsp;<\/p>\n","protected":false},"excerpt":{"rendered":"<p>Kodni broj A mm Debljina mm Materijal (prohrom) Prekidna \u010dvrsto\u0107a (N) Te\u017eina rolne u kaseti Pakovanje m 4710075 13 0,70 1,4371 7100 3,5 kg\/pc 50 4710080 19 0,70 1,4371 10600 5,1 kg\/pc 50 &nbsp;<\/p>\n","protected":false},"featured_media":268862,"comment_status":"closed","ping_status":"closed","template":"","meta":[],"product_brand":[],"product_cat":[210,178],"product_tag":[],"class_list":{"0":"post-266751","1":"product","2":"type-product","3":"status-publish","4":"has-post-thumbnail","6":"product_cat-nosaci-svetiljki-prikljucni-elementi","7":"product_cat-ostala-oprema-za-nn-sks","9":"first","10":"instock","11":"shipping-taxable","12":"product-type-simple"},"_links":{"self":[{"href":"https:\/\/www.feman.net\/eng\/index.php?rest_route=\/wp\/v2\/product\/266751","targetHints":{"allow":["GET"]}}],"collection":[{"href":"https:\/\/www.feman.net\/eng\/index.php?rest_route=\/wp\/v2\/product"}],"about":[{"href":"https:\/\/www.feman.net\/eng\/index.php?rest_route=\/wp\/v2\/types\/product"}],"replies":[{"embeddable":true,"href":"https:\/\/www.feman.net\/eng\/index.php?rest_route=%2Fwp%2Fv2%2Fcomments&post=266751"}],"wp:featuredmedia":[{"embeddable":true,"href":"https:\/\/www.feman.net\/eng\/index.php?rest_route=\/wp\/v2\/media\/268862"}],"wp:attachment":[{"href":"https:\/\/www.feman.net\/eng\/index.php?rest_route=%2Fwp%2Fv2%2Fmedia&parent=266751"}],"wp:term":[{"taxonomy":"product_brand","embeddable":true,"href":"https:\/\/www.feman.net\/eng\/index.php?rest_route=%2Fwp%2Fv2%2Fproduct_brand&post=266751"},{"taxonomy":"product_cat","embeddable":true,"href":"https:\/\/www.feman.net\/eng\/index.php?rest_route=%2Fwp%2Fv2%2Fproduct_cat&post=266751"},{"taxonomy":"product_tag","embeddable":true,"href":"https:\/\/www.feman.net\/eng\/index.php?rest_route=%2Fwp%2Fv2%2Fproduct_tag&post=266751"}],"curies":[{"name":"wp","href":"https:\/\/api.w.org\/{rel}","templated":true}]}}