{"id":266767,"date":"2022-05-16T20:25:06","date_gmt":"2022-05-16T20:25:06","guid":{"rendered":"http:\/\/www.feman-jagodina.feman.co.rs\/?post_type=product&#038;p=266767"},"modified":"2022-05-16T21:56:59","modified_gmt":"2022-05-16T21:56:59","slug":"lira3900410","status":"publish","type":"product","link":"https:\/\/www.feman.net\/eng\/?product=lira3900410","title":{"rendered":"LIRA ZA STUB 1000\/1500-95\u00ba"},"content":{"rendered":"<p>Monta\u017ea se vr\u0161i \u0161rafljenjem lire za stub pomo\u0107u dve obujmice u dnu lire. Povr\u0161inska za\u0161tita je izvr\u0161ena elektrostati\u010dkim farbanjem, a po \u017eelji kupca mo\u017ee biti izvedena i toplim cinkovanjem.<\/p>\n<p><strong>Kodni broj:3900410<\/strong><\/p>\n<p><a href=\"http:\/\/www.feman.net\/wp-content\/uploads\/2015\/03\/Lira-3900410.jpg\"><img loading=\"lazy\" decoding=\"async\" class=\"alignnone size-full wp-image-266586\" src=\"http:\/\/www.feman.net\/wp-content\/uploads\/2015\/03\/Lira-3900410.jpg\" alt=\"\" width=\"521\" height=\"503\" srcset=\"https:\/\/www.feman.net\/eng\/wp-content\/uploads\/2015\/03\/Lira-3900410.jpg 521w, https:\/\/www.feman.net\/eng\/wp-content\/uploads\/2015\/03\/Lira-3900410-300x290.jpg 300w, https:\/\/www.feman.net\/eng\/wp-content\/uploads\/2015\/03\/Lira-3900410-480x463.jpg 480w\" sizes=\"(max-width: 521px) 100vw, 521px\" \/><\/a><\/p>\n","protected":false},"excerpt":{"rendered":"<p>Monta\u017ea se vr\u0161i \u0161rafljenjem lire za stub pomo\u0107u dve obujmice u dnu lire. Povr\u0161inska za\u0161tita je izvr\u0161ena elektrostati\u010dkim farbanjem, a po \u017eelji kupca mo\u017ee biti izvedena i toplim cinkovanjem. Kodni broj:3900410<\/p>\n","protected":false},"featured_media":266785,"comment_status":"closed","ping_status":"closed","template":"","meta":[],"product_brand":[],"product_cat":[210],"product_tag":[],"class_list":{"0":"post-266767","1":"product","2":"type-product","3":"status-publish","4":"has-post-thumbnail","6":"product_cat-nosaci-svetiljki-prikljucni-elementi","8":"first","9":"instock","10":"shipping-taxable","11":"product-type-simple"},"_links":{"self":[{"href":"https:\/\/www.feman.net\/eng\/index.php?rest_route=\/wp\/v2\/product\/266767","targetHints":{"allow":["GET"]}}],"collection":[{"href":"https:\/\/www.feman.net\/eng\/index.php?rest_route=\/wp\/v2\/product"}],"about":[{"href":"https:\/\/www.feman.net\/eng\/index.php?rest_route=\/wp\/v2\/types\/product"}],"replies":[{"embeddable":true,"href":"https:\/\/www.feman.net\/eng\/index.php?rest_route=%2Fwp%2Fv2%2Fcomments&post=266767"}],"wp:featuredmedia":[{"embeddable":true,"href":"https:\/\/www.feman.net\/eng\/index.php?rest_route=\/wp\/v2\/media\/266785"}],"wp:attachment":[{"href":"https:\/\/www.feman.net\/eng\/index.php?rest_route=%2Fwp%2Fv2%2Fmedia&parent=266767"}],"wp:term":[{"taxonomy":"product_brand","embeddable":true,"href":"https:\/\/www.feman.net\/eng\/index.php?rest_route=%2Fwp%2Fv2%2Fproduct_brand&post=266767"},{"taxonomy":"product_cat","embeddable":true,"href":"https:\/\/www.feman.net\/eng\/index.php?rest_route=%2Fwp%2Fv2%2Fproduct_cat&post=266767"},{"taxonomy":"product_tag","embeddable":true,"href":"https:\/\/www.feman.net\/eng\/index.php?rest_route=%2Fwp%2Fv2%2Fproduct_tag&post=266767"}],"curies":[{"name":"wp","href":"https:\/\/api.w.org\/{rel}","templated":true}]}}