{"id":266768,"date":"2022-05-16T20:25:17","date_gmt":"2022-05-16T20:25:17","guid":{"rendered":"http:\/\/www.feman-jagodina.feman.co.rs\/?post_type=product&#038;p=266768"},"modified":"2022-05-16T21:36:57","modified_gmt":"2022-05-16T21:36:57","slug":"lira-fi48-110o-za-stub-120-130","status":"publish","type":"product","link":"https:\/\/www.feman.net\/eng\/?product=lira-fi48-110o-za-stub-120-130","title":{"rendered":"LIRA fi48-110\u00ba ZA STUB 120-130"},"content":{"rendered":"<p>Monta\u017ea se vr\u0161i \u0161rafljenjem lire za stub pomo\u0107u dve obujmice u dnu lire. Povr\u0161inska za\u0161tita je izvr\u0161ena elektrostati\u010dkim farbanjem, a po \u017eelji kupca mo\u017ee biti izvedena i toplim cinkovanjem.<\/p>\n<p><a href=\"http:\/\/www.feman.net\/wp-content\/uploads\/2015\/03\/Lira-48-110-za-stub-120-130.jpg\"><img loading=\"lazy\" decoding=\"async\" class=\"alignnone size-full wp-image-266585\" src=\"http:\/\/www.feman.net\/wp-content\/uploads\/2015\/03\/Lira-48-110-za-stub-120-130.jpg\" alt=\"\" width=\"363\" height=\"399\" srcset=\"https:\/\/www.feman.net\/eng\/wp-content\/uploads\/2015\/03\/Lira-48-110-za-stub-120-130.jpg 363w, https:\/\/www.feman.net\/eng\/wp-content\/uploads\/2015\/03\/Lira-48-110-za-stub-120-130-273x300.jpg 273w, https:\/\/www.feman.net\/eng\/wp-content\/uploads\/2015\/03\/Lira-48-110-za-stub-120-130-300x330.jpg 300w\" sizes=\"(max-width: 363px) 100vw, 363px\" \/><\/a><\/p>\n<table>\n<tbody>\n<tr>\n<td width=\"124\">Kodni broj<\/td>\n<td width=\"121\">Stub (mm)<\/td>\n<td width=\"140\">Pre\u010dnik \u2205 (mm)<\/td>\n<\/tr>\n<tr>\n<td width=\"124\">3900432<\/td>\n<td width=\"121\">120-130<\/td>\n<td width=\"140\">48<\/td>\n<\/tr>\n<tr>\n<td width=\"124\">3900433<\/td>\n<td width=\"121\">120-130<\/td>\n<td width=\"140\">60<\/td>\n<\/tr>\n<tr>\n<td width=\"124\">3900436<\/td>\n<td width=\"121\">200-250<\/td>\n<td width=\"140\">48<\/td>\n<\/tr>\n<tr>\n<td width=\"124\">3900437<\/td>\n<td width=\"121\">200-250<\/td>\n<td width=\"140\">60<\/td>\n<\/tr>\n<\/tbody>\n<\/table>\n<p>&nbsp;<\/p>\n","protected":false},"excerpt":{"rendered":"<p>Monta\u017ea se vr\u0161i \u0161rafljenjem lire za stub pomo\u0107u dve obujmice u dnu lire. Povr\u0161inska za\u0161tita je izvr\u0161ena elektrostati\u010dkim farbanjem, a po \u017eelji kupca mo\u017ee biti izvedena i toplim cinkovanjem. Kodni broj Stub (mm) Pre\u010dnik \u2205 (mm) 3900432 120-130 48 3900433 120-130 60 3900436 200-250 48 3900437 200-250 60 &nbsp;<\/p>\n","protected":false},"featured_media":266784,"comment_status":"closed","ping_status":"closed","template":"","meta":[],"product_brand":[],"product_cat":[210],"product_tag":[],"class_list":{"0":"post-266768","1":"product","2":"type-product","3":"status-publish","4":"has-post-thumbnail","6":"product_cat-nosaci-svetiljki-prikljucni-elementi","8":"first","9":"instock","10":"shipping-taxable","11":"product-type-simple"},"_links":{"self":[{"href":"https:\/\/www.feman.net\/eng\/index.php?rest_route=\/wp\/v2\/product\/266768","targetHints":{"allow":["GET"]}}],"collection":[{"href":"https:\/\/www.feman.net\/eng\/index.php?rest_route=\/wp\/v2\/product"}],"about":[{"href":"https:\/\/www.feman.net\/eng\/index.php?rest_route=\/wp\/v2\/types\/product"}],"replies":[{"embeddable":true,"href":"https:\/\/www.feman.net\/eng\/index.php?rest_route=%2Fwp%2Fv2%2Fcomments&post=266768"}],"wp:featuredmedia":[{"embeddable":true,"href":"https:\/\/www.feman.net\/eng\/index.php?rest_route=\/wp\/v2\/media\/266784"}],"wp:attachment":[{"href":"https:\/\/www.feman.net\/eng\/index.php?rest_route=%2Fwp%2Fv2%2Fmedia&parent=266768"}],"wp:term":[{"taxonomy":"product_brand","embeddable":true,"href":"https:\/\/www.feman.net\/eng\/index.php?rest_route=%2Fwp%2Fv2%2Fproduct_brand&post=266768"},{"taxonomy":"product_cat","embeddable":true,"href":"https:\/\/www.feman.net\/eng\/index.php?rest_route=%2Fwp%2Fv2%2Fproduct_cat&post=266768"},{"taxonomy":"product_tag","embeddable":true,"href":"https:\/\/www.feman.net\/eng\/index.php?rest_route=%2Fwp%2Fv2%2Fproduct_tag&post=266768"}],"curies":[{"name":"wp","href":"https:\/\/api.w.org\/{rel}","templated":true}]}}