{"id":266769,"date":"2022-05-16T20:26:11","date_gmt":"2022-05-16T20:26:11","guid":{"rendered":"http:\/\/www.feman-jagodina.feman.co.rs\/?post_type=product&#038;p=266769"},"modified":"2022-05-16T22:09:22","modified_gmt":"2022-05-16T22:09:22","slug":"reducir-lira-3900404","status":"publish","type":"product","link":"https:\/\/www.feman.net\/eng\/?product=reducir-lira-3900404","title":{"rendered":"Reducir lira fi 76-60"},"content":{"rendered":"<p>Monta\u017ea se vr\u0161i na vrh stuba pomo\u0107u zavijanja tri \u0161rafa. Povr\u0161inska za\u0161tita je izvr\u0161ena elektrostati\u010dkim farbanjem, a po \u017eelji kupca mo\u017ee biti izvedena i toplim cinkovanjem.<\/p>\n<p><strong>Kodni broj: 3900404<\/strong><\/p>\n<p><a href=\"http:\/\/www.feman.net\/wp-content\/uploads\/2015\/03\/27-61.png\"><img loading=\"lazy\" decoding=\"async\" class=\"wp-image-5650 alignleft\" src=\"http:\/\/www.feman.net\/wp-content\/uploads\/2015\/03\/27-61.png\" alt=\"27-6\" width=\"174\" height=\"248\" srcset=\"https:\/\/www.feman.net\/eng\/wp-content\/uploads\/2015\/03\/27-61.png 199w, https:\/\/www.feman.net\/eng\/wp-content\/uploads\/2015\/03\/27-61-150x213.png 150w\" sizes=\"(max-width: 174px) 100vw, 174px\" \/><\/a><\/p>\n<p>&nbsp;<\/p>\n<p>&nbsp;<\/p>\n","protected":false},"excerpt":{"rendered":"<p>Monta\u017ea se vr\u0161i na vrh stuba pomo\u0107u zavijanja tri \u0161rafa. Povr\u0161inska za\u0161tita je izvr\u0161ena elektrostati\u010dkim farbanjem, a po \u017eelji kupca mo\u017ee biti izvedena i toplim cinkovanjem. Kodni broj: 3900404 &nbsp; &nbsp;<\/p>\n","protected":false},"featured_media":266782,"comment_status":"closed","ping_status":"closed","template":"","meta":[],"product_brand":[],"product_cat":[210],"product_tag":[],"class_list":{"0":"post-266769","1":"product","2":"type-product","3":"status-publish","4":"has-post-thumbnail","6":"product_cat-nosaci-svetiljki-prikljucni-elementi","8":"first","9":"instock","10":"shipping-taxable","11":"product-type-simple"},"_links":{"self":[{"href":"https:\/\/www.feman.net\/eng\/index.php?rest_route=\/wp\/v2\/product\/266769","targetHints":{"allow":["GET"]}}],"collection":[{"href":"https:\/\/www.feman.net\/eng\/index.php?rest_route=\/wp\/v2\/product"}],"about":[{"href":"https:\/\/www.feman.net\/eng\/index.php?rest_route=\/wp\/v2\/types\/product"}],"replies":[{"embeddable":true,"href":"https:\/\/www.feman.net\/eng\/index.php?rest_route=%2Fwp%2Fv2%2Fcomments&post=266769"}],"wp:featuredmedia":[{"embeddable":true,"href":"https:\/\/www.feman.net\/eng\/index.php?rest_route=\/wp\/v2\/media\/266782"}],"wp:attachment":[{"href":"https:\/\/www.feman.net\/eng\/index.php?rest_route=%2Fwp%2Fv2%2Fmedia&parent=266769"}],"wp:term":[{"taxonomy":"product_brand","embeddable":true,"href":"https:\/\/www.feman.net\/eng\/index.php?rest_route=%2Fwp%2Fv2%2Fproduct_brand&post=266769"},{"taxonomy":"product_cat","embeddable":true,"href":"https:\/\/www.feman.net\/eng\/index.php?rest_route=%2Fwp%2Fv2%2Fproduct_cat&post=266769"},{"taxonomy":"product_tag","embeddable":true,"href":"https:\/\/www.feman.net\/eng\/index.php?rest_route=%2Fwp%2Fv2%2Fproduct_tag&post=266769"}],"curies":[{"name":"wp","href":"https:\/\/api.w.org\/{rel}","templated":true}]}}