{"id":266771,"date":"2022-05-16T21:16:34","date_gmt":"2022-05-16T21:16:34","guid":{"rendered":"http:\/\/www.feman-jagodina.feman.co.rs\/?post_type=product&#038;p=266771"},"modified":"2022-05-16T21:16:42","modified_gmt":"2022-05-16T21:16:42","slug":"reducir-za-vrh-celicnog-stuba-fi-76-60-90-dvostruka","status":"publish","type":"product","link":"https:\/\/www.feman.net\/eng\/?product=reducir-za-vrh-celicnog-stuba-fi-76-60-90-dvostruka","title":{"rendered":"REDUCIR ZA VRH \u010cELI\u010cNOG STUBA fi 76\/60 90\u00b0 dvostruka"},"content":{"rendered":"<p>Monta\u017ea se vr\u0161i na vrh stuba pomo\u0107u zavijanja tri \u0161rafa. Povr\u0161inska za\u0161tita je izvr\u0161ena elektrostati\u010dkim farbanjem, a po \u017eelji kupca mo\u017ee biti izvedena i toplim cinkovanjem.<\/p>\n<p><strong>Kodni broj: 3900403<\/strong><\/p>\n<p><a href=\"http:\/\/www.feman.net\/wp-content\/uploads\/2015\/03\/27-42.png\"><img loading=\"lazy\" decoding=\"async\" class=\"alignnone wp-image-5648\" src=\"http:\/\/www.feman.net\/wp-content\/uploads\/2015\/03\/27-42.png\" alt=\"27-4\" width=\"327\" height=\"156\" srcset=\"https:\/\/www.feman.net\/eng\/wp-content\/uploads\/2015\/03\/27-42.png 538w, https:\/\/www.feman.net\/eng\/wp-content\/uploads\/2015\/03\/27-42-300x143.png 300w, https:\/\/www.feman.net\/eng\/wp-content\/uploads\/2015\/03\/27-42-150x72.png 150w\" sizes=\"(max-width: 327px) 100vw, 327px\" \/><\/a><\/p>\n<p>&nbsp;<\/p>\n","protected":false},"excerpt":{"rendered":"<p>Monta\u017ea se vr\u0161i na vrh stuba pomo\u0107u zavijanja tri \u0161rafa. Povr\u0161inska za\u0161tita je izvr\u0161ena elektrostati\u010dkim farbanjem, a po \u017eelji kupca mo\u017ee biti izvedena i toplim cinkovanjem. Kodni broj: 3900403 &nbsp;<\/p>\n","protected":false},"featured_media":266779,"comment_status":"closed","ping_status":"closed","template":"","meta":[],"product_brand":[],"product_cat":[210],"product_tag":[],"class_list":{"0":"post-266771","1":"product","2":"type-product","3":"status-publish","4":"has-post-thumbnail","6":"product_cat-nosaci-svetiljki-prikljucni-elementi","8":"first","9":"instock","10":"shipping-taxable","11":"product-type-simple"},"_links":{"self":[{"href":"https:\/\/www.feman.net\/eng\/index.php?rest_route=\/wp\/v2\/product\/266771","targetHints":{"allow":["GET"]}}],"collection":[{"href":"https:\/\/www.feman.net\/eng\/index.php?rest_route=\/wp\/v2\/product"}],"about":[{"href":"https:\/\/www.feman.net\/eng\/index.php?rest_route=\/wp\/v2\/types\/product"}],"replies":[{"embeddable":true,"href":"https:\/\/www.feman.net\/eng\/index.php?rest_route=%2Fwp%2Fv2%2Fcomments&post=266771"}],"wp:featuredmedia":[{"embeddable":true,"href":"https:\/\/www.feman.net\/eng\/index.php?rest_route=\/wp\/v2\/media\/266779"}],"wp:attachment":[{"href":"https:\/\/www.feman.net\/eng\/index.php?rest_route=%2Fwp%2Fv2%2Fmedia&parent=266771"}],"wp:term":[{"taxonomy":"product_brand","embeddable":true,"href":"https:\/\/www.feman.net\/eng\/index.php?rest_route=%2Fwp%2Fv2%2Fproduct_brand&post=266771"},{"taxonomy":"product_cat","embeddable":true,"href":"https:\/\/www.feman.net\/eng\/index.php?rest_route=%2Fwp%2Fv2%2Fproduct_cat&post=266771"},{"taxonomy":"product_tag","embeddable":true,"href":"https:\/\/www.feman.net\/eng\/index.php?rest_route=%2Fwp%2Fv2%2Fproduct_tag&post=266771"}],"curies":[{"name":"wp","href":"https:\/\/api.w.org\/{rel}","templated":true}]}}