{"id":266773,"date":"2022-05-16T20:55:19","date_gmt":"2022-05-16T20:55:19","guid":{"rendered":"http:\/\/www.feman-jagodina.feman.co.rs\/?post_type=product&#038;p=266773"},"modified":"2022-05-16T21:54:27","modified_gmt":"2022-05-16T21:54:27","slug":"lira3900400","status":"publish","type":"product","link":"https:\/\/www.feman.net\/eng\/?product=lira3900400","title":{"rendered":"\u0160TELUJU\u0106I NOSA\u010c POD UGLOM 0-90"},"content":{"rendered":"<p>koristi se za vezivanje uz stub. Vezivanje se vr\u0161i pomo\u0107u traka za vezivanje ( str. 45 ovog kataloga) Povr\u0161inska za\u0161tita je izvr\u0161ena elektrostati\u010dkim farbanjem, a po \u017eelji kupca mo\u017ee biti izvedena i toplim cinkovanjem.<\/p>\n<p><strong>Kodni broj: 3900405<\/strong><\/p>\n<p><a href=\"http:\/\/www.feman.net\/wp-content\/uploads\/2022\/05\/a1-Lira-3900405-1.jpg\"><img loading=\"lazy\" decoding=\"async\" class=\"alignnone  wp-image-266788\" src=\"http:\/\/www.feman.net\/wp-content\/uploads\/2022\/05\/a1-Lira-3900405-1.jpg\" alt=\"\" width=\"357\" height=\"357\" srcset=\"https:\/\/www.feman.net\/eng\/wp-content\/uploads\/2022\/05\/a1-Lira-3900405-1.jpg 600w, https:\/\/www.feman.net\/eng\/wp-content\/uploads\/2022\/05\/a1-Lira-3900405-1-300x300.jpg 300w, https:\/\/www.feman.net\/eng\/wp-content\/uploads\/2022\/05\/a1-Lira-3900405-1-150x150.jpg 150w, https:\/\/www.feman.net\/eng\/wp-content\/uploads\/2022\/05\/a1-Lira-3900405-1-480x480.jpg 480w, https:\/\/www.feman.net\/eng\/wp-content\/uploads\/2022\/05\/a1-Lira-3900405-1-100x100.jpg 100w\" sizes=\"(max-width: 357px) 100vw, 357px\" \/><\/a><\/p>\n","protected":false},"excerpt":{"rendered":"<p>koristi se za vezivanje uz stub. Vezivanje se vr\u0161i pomo\u0107u traka za vezivanje ( str. 45 ovog kataloga) Povr\u0161inska za\u0161tita je izvr\u0161ena elektrostati\u010dkim farbanjem, a po \u017eelji kupca mo\u017ee biti izvedena i toplim cinkovanjem. Kodni broj: 3900405<\/p>\n","protected":false},"featured_media":266777,"comment_status":"closed","ping_status":"closed","template":"","meta":[],"product_brand":[],"product_cat":[210],"product_tag":[],"class_list":{"0":"post-266773","1":"product","2":"type-product","3":"status-publish","4":"has-post-thumbnail","6":"product_cat-nosaci-svetiljki-prikljucni-elementi","8":"first","9":"instock","10":"shipping-taxable","11":"product-type-simple"},"_links":{"self":[{"href":"https:\/\/www.feman.net\/eng\/index.php?rest_route=\/wp\/v2\/product\/266773","targetHints":{"allow":["GET"]}}],"collection":[{"href":"https:\/\/www.feman.net\/eng\/index.php?rest_route=\/wp\/v2\/product"}],"about":[{"href":"https:\/\/www.feman.net\/eng\/index.php?rest_route=\/wp\/v2\/types\/product"}],"replies":[{"embeddable":true,"href":"https:\/\/www.feman.net\/eng\/index.php?rest_route=%2Fwp%2Fv2%2Fcomments&post=266773"}],"wp:featuredmedia":[{"embeddable":true,"href":"https:\/\/www.feman.net\/eng\/index.php?rest_route=\/wp\/v2\/media\/266777"}],"wp:attachment":[{"href":"https:\/\/www.feman.net\/eng\/index.php?rest_route=%2Fwp%2Fv2%2Fmedia&parent=266773"}],"wp:term":[{"taxonomy":"product_brand","embeddable":true,"href":"https:\/\/www.feman.net\/eng\/index.php?rest_route=%2Fwp%2Fv2%2Fproduct_brand&post=266773"},{"taxonomy":"product_cat","embeddable":true,"href":"https:\/\/www.feman.net\/eng\/index.php?rest_route=%2Fwp%2Fv2%2Fproduct_cat&post=266773"},{"taxonomy":"product_tag","embeddable":true,"href":"https:\/\/www.feman.net\/eng\/index.php?rest_route=%2Fwp%2Fv2%2Fproduct_tag&post=266773"}],"curies":[{"name":"wp","href":"https:\/\/api.w.org\/{rel}","templated":true}]}}