{"id":266775,"date":"2022-05-16T20:36:40","date_gmt":"2022-05-16T20:36:40","guid":{"rendered":"http:\/\/www.feman-jagodina.feman.co.rs\/?post_type=product&#038;p=266775"},"modified":"2022-05-16T21:22:20","modified_gmt":"2022-05-16T21:22:20","slug":"nosac-1-6-4","status":"publish","type":"product","link":"https:\/\/www.feman.net\/eng\/?product=nosac-1-6-4","title":{"rendered":"NOSA\u010c  ZA ULI\u010cNU SVETILJKU 1 (6\/4&#8243;)"},"content":{"rendered":"<p>Koristi se za vezivanje uz stub. Vezivanje se vr\u0161i pomo\u0107u traka za vezivanje.\u00a0 Povr\u0161inska za\u0161tita je izvr\u0161ena elektrostati\u010dkim farbanjem, a po \u017eelji kupca mo\u017ee biti izvedena i toplim cinkovanjem.<\/p>\n<p><strong>Kodni broj: 3900400<\/strong><\/p>\n<p><a href=\"http:\/\/www.feman.net\/wp-content\/uploads\/2015\/03\/27-12.png\"><img loading=\"lazy\" decoding=\"async\" class=\"alignnone wp-image-5645\" src=\"http:\/\/www.feman.net\/wp-content\/uploads\/2015\/03\/27-12.png\" alt=\"27-1\" width=\"201\" height=\"197\" srcset=\"https:\/\/www.feman.net\/eng\/wp-content\/uploads\/2015\/03\/27-12.png 366w, https:\/\/www.feman.net\/eng\/wp-content\/uploads\/2015\/03\/27-12-300x294.png 300w, https:\/\/www.feman.net\/eng\/wp-content\/uploads\/2015\/03\/27-12-306x300.png 306w, https:\/\/www.feman.net\/eng\/wp-content\/uploads\/2015\/03\/27-12-150x147.png 150w\" sizes=\"(max-width: 201px) 100vw, 201px\" \/><\/a><\/p>\n","protected":false},"excerpt":{"rendered":"<p>Koristi se za vezivanje uz stub. Vezivanje se vr\u0161i pomo\u0107u traka za vezivanje.\u00a0 Povr\u0161inska za\u0161tita je izvr\u0161ena elektrostati\u010dkim farbanjem, a po \u017eelji kupca mo\u017ee biti izvedena i toplim cinkovanjem. Kodni broj: 3900400<\/p>\n","protected":false},"featured_media":266781,"comment_status":"closed","ping_status":"closed","template":"","meta":[],"product_brand":[],"product_cat":[210],"product_tag":[],"class_list":{"0":"post-266775","1":"product","2":"type-product","3":"status-publish","4":"has-post-thumbnail","6":"product_cat-nosaci-svetiljki-prikljucni-elementi","8":"first","9":"instock","10":"shipping-taxable","11":"product-type-simple"},"_links":{"self":[{"href":"https:\/\/www.feman.net\/eng\/index.php?rest_route=\/wp\/v2\/product\/266775","targetHints":{"allow":["GET"]}}],"collection":[{"href":"https:\/\/www.feman.net\/eng\/index.php?rest_route=\/wp\/v2\/product"}],"about":[{"href":"https:\/\/www.feman.net\/eng\/index.php?rest_route=\/wp\/v2\/types\/product"}],"replies":[{"embeddable":true,"href":"https:\/\/www.feman.net\/eng\/index.php?rest_route=%2Fwp%2Fv2%2Fcomments&post=266775"}],"wp:featuredmedia":[{"embeddable":true,"href":"https:\/\/www.feman.net\/eng\/index.php?rest_route=\/wp\/v2\/media\/266781"}],"wp:attachment":[{"href":"https:\/\/www.feman.net\/eng\/index.php?rest_route=%2Fwp%2Fv2%2Fmedia&parent=266775"}],"wp:term":[{"taxonomy":"product_brand","embeddable":true,"href":"https:\/\/www.feman.net\/eng\/index.php?rest_route=%2Fwp%2Fv2%2Fproduct_brand&post=266775"},{"taxonomy":"product_cat","embeddable":true,"href":"https:\/\/www.feman.net\/eng\/index.php?rest_route=%2Fwp%2Fv2%2Fproduct_cat&post=266775"},{"taxonomy":"product_tag","embeddable":true,"href":"https:\/\/www.feman.net\/eng\/index.php?rest_route=%2Fwp%2Fv2%2Fproduct_tag&post=266775"}],"curies":[{"name":"wp","href":"https:\/\/api.w.org\/{rel}","templated":true}]}}