{"id":266804,"date":"2022-05-26T14:09:11","date_gmt":"2022-05-26T14:09:11","guid":{"rendered":"http:\/\/www.feman-jagodina.feman.co.rs\/?post_type=product&#038;p=266804"},"modified":"2022-05-26T15:59:02","modified_gmt":"2022-05-26T15:59:02","slug":"modularni-merno-razvodni-orman-od-poliestera-mro1-s-320x665x235","status":"publish","type":"product","link":"https:\/\/www.feman.net\/eng\/?product=modularni-merno-razvodni-orman-od-poliestera-mro1-s-320x665x235","title":{"rendered":"Modularni merno-razvodni orman od poliestera MRO1-S 320x665x235"},"content":{"rendered":"<h2><strong>ORMANI ZA MONTA\u017dU NA STUB SA LE\u0110NIM NOSA\u010cIMA<\/strong><\/h2>\n<p><a href=\"http:\/\/www.feman.net\/wp-content\/uploads\/2022\/05\/1-Stubni-MRO1-320x665x235.png\"> \u00a0 \u00a0 \u00a0 \u00a0 \u00a0 \u00a0 <\/a><a href=\"http:\/\/www.feman.net\/wp-content\/uploads\/2022\/05\/1-Stubni-MRO1-320x665x235.png\"><img loading=\"lazy\" decoding=\"async\" class=\"alignnone size-full wp-image-266834\" src=\"http:\/\/www.feman.net\/wp-content\/uploads\/2022\/05\/1-Stubni-MRO1-320x665x235.png\" alt=\"\" width=\"300\" height=\"389\" srcset=\"https:\/\/www.feman.net\/eng\/wp-content\/uploads\/2022\/05\/1-Stubni-MRO1-320x665x235.png 300w, https:\/\/www.feman.net\/eng\/wp-content\/uploads\/2022\/05\/1-Stubni-MRO1-320x665x235-231x300.png 231w\" sizes=\"(max-width: 300px) 100vw, 300px\" \/><\/a> \u00a0 \u00a0 \u00a0 <a href=\"http:\/\/www.feman.net\/wp-content\/uploads\/2022\/05\/2-Stubni-MRO1-320x665x235.png\"><img loading=\"lazy\" decoding=\"async\" class=\"alignnone wp-image-266835 \" src=\"http:\/\/www.feman.net\/wp-content\/uploads\/2022\/05\/2-Stubni-MRO1-320x665x235.png\" alt=\"\" width=\"232\" height=\"350\" srcset=\"https:\/\/www.feman.net\/eng\/wp-content\/uploads\/2022\/05\/2-Stubni-MRO1-320x665x235.png 300w, https:\/\/www.feman.net\/eng\/wp-content\/uploads\/2022\/05\/2-Stubni-MRO1-320x665x235-199x300.png 199w\" sizes=\"(max-width: 232px) 100vw, 232px\" \/><\/a><a href=\"http:\/\/www.feman.net\/wp-content\/uploads\/2022\/05\/2-MRO-1.png\">\u00a0\u00a0\u00a0\u00a0<\/a><a href=\"http:\/\/www.feman.net\/wp-content\/uploads\/2022\/05\/2-MRO-1.png\">\u00a0\u00a0\u00a0\u00a0\u00a0\u00a0\u00a0\u00a0\u00a0 <\/a><\/p>\n<table style=\"height: 236px; width: 33.5355%; border-style: solid; border-color: #515c99;\" border=\"1\" cellspacing=\"0\" cellpadding=\"0\">\n<tbody>\n<tr>\n<td style=\"text-align: center; background-color: #e5f5ff;\" width=\"95\"><strong>Kodni broj<\/strong><\/td>\n<td style=\"text-align: center; background-color: #e5f5ff;\" width=\"209\"><strong>Tip<\/strong><\/td>\n<\/tr>\n<tr>\n<td style=\"text-align: center;\" width=\"95\"><strong>5701010<\/strong><\/td>\n<td style=\"text-align: center;\" width=\"209\"><strong>MRO1-S 320x665x235 P<\/strong><\/td>\n<\/tr>\n<tr>\n<td style=\"text-align: center;\" width=\"95\"><strong>5701020<\/strong><\/td>\n<td style=\"text-align: center;\" width=\"209\"><strong>MRO1-S 320x665x235 PT<\/strong><\/td>\n<\/tr>\n<tr>\n<td style=\"text-align: center;\" width=\"95\"><strong>5701030<\/strong><\/td>\n<td style=\"text-align: center;\" width=\"209\"><strong>MRO1-S 320x665x235 PE<\/strong><\/td>\n<\/tr>\n<tr>\n<td style=\"text-align: center;\" width=\"95\"><strong>5701040<\/strong><\/td>\n<td style=\"text-align: center;\" width=\"209\"><strong>MRO1-S 320x665x235 PS<\/strong><\/td>\n<\/tr>\n<tr>\n<td style=\"text-align: center;\" width=\"95\"><strong>5701050<\/strong><\/td>\n<td style=\"text-align: center;\" width=\"209\"><strong>MRO1-S 320x665x235 SS<\/strong><\/td>\n<\/tr>\n<tr>\n<td style=\"text-align: center;\" width=\"95\"><strong>5701060<\/strong><\/td>\n<td style=\"text-align: center;\" width=\"209\"><strong>MRO1-S 320x665x235 SL<\/strong><\/td>\n<\/tr>\n<tr>\n<td style=\"text-align: center;\" width=\"95\"><strong>5701070<\/strong><\/td>\n<td style=\"text-align: center;\" width=\"209\"><strong>MRO1-S 320x665x235 SB<\/strong><\/td>\n<\/tr>\n<\/tbody>\n<\/table>\n<p>&nbsp;<\/p>\n","protected":false},"excerpt":{"rendered":"<p><strong>Legenda:<\/strong><\/p>\n<p><strong>S\u00a0\u00a0\u00a0\u00a0\u00a0\u00a0\u00a0\u00a0\u00a0\u00a0\u00a0 <\/strong>&#8211; Stubni<\/p>\n<p><strong>P\u00a0\u00a0\u00a0\u00a0\u00a0\u00a0\u00a0\u00a0\u00a0\u00a0\u00a0 <\/strong>&#8211; Prazan (bez opreme)<\/p>\n<p><strong>PT\u00a0\u00a0\u00a0\u00a0\u00a0\u00a0\u00a0\u00a0\u00a0 <\/strong>&#8211; Prazan sa tablom za brojilo i priklju\u010dnom izolacionom kutijom<\/p>\n<p><strong>PE\u00a0\u00a0\u00a0\u00a0\u00a0\u00a0\u00a0\u00a0 <\/strong>&#8211; Prazan sa ekstudiranom ravnom tablom<\/p>\n<p><strong>PS\u00a0\u00a0\u00a0\u00a0\u00a0\u00a0\u00a0\u00a0 <\/strong>&#8211; Prazan sa tablom za brojilo, priklju\u010dnom izolacionom kutijom i strujnim rednim stezaljkama<\/p>\n<p><strong>SS\u00a0\u00a0\u00a0\u00a0\u00a0\u00a0\u00a0\u00a0 <\/strong>&#8211; \u0160emiran sa tablom za brojilo, priklju\u010dnom izolacionom kutijom i strujnim rednim stezaljkama<\/p>\n<p><strong>SL\u00a0\u00a0\u00a0\u00a0\u00a0\u00a0\u00a0\u00a0\u00a0 <\/strong>&#8211; \u0160emiran sa tablom za brojilo, priklju\u010dnom izolacionom kutijom, strujnim rednim stezaljkama i limitatorima<\/p>\n<p><strong>SB\u00a0\u00a0\u00a0\u00a0\u00a0\u00a0\u00a0\u00a0 <\/strong>&#8211; \u0160emiran sa tablom za brojilo, priklju\u010dnom izolacionom kutijom, strujnim rednim stezaljkama, limitatorima i brojilom<\/p>\n","protected":false},"featured_media":266836,"comment_status":"open","ping_status":"closed","template":"","meta":[],"product_brand":[],"product_cat":[227],"product_tag":[],"class_list":{"0":"post-266804","1":"product","2":"type-product","3":"status-publish","4":"has-post-thumbnail","6":"product_cat-ormani-mro1","8":"first","9":"instock","10":"shipping-taxable","11":"product-type-simple"},"_links":{"self":[{"href":"https:\/\/www.feman.net\/eng\/index.php?rest_route=\/wp\/v2\/product\/266804","targetHints":{"allow":["GET"]}}],"collection":[{"href":"https:\/\/www.feman.net\/eng\/index.php?rest_route=\/wp\/v2\/product"}],"about":[{"href":"https:\/\/www.feman.net\/eng\/index.php?rest_route=\/wp\/v2\/types\/product"}],"replies":[{"embeddable":true,"href":"https:\/\/www.feman.net\/eng\/index.php?rest_route=%2Fwp%2Fv2%2Fcomments&post=266804"}],"wp:featuredmedia":[{"embeddable":true,"href":"https:\/\/www.feman.net\/eng\/index.php?rest_route=\/wp\/v2\/media\/266836"}],"wp:attachment":[{"href":"https:\/\/www.feman.net\/eng\/index.php?rest_route=%2Fwp%2Fv2%2Fmedia&parent=266804"}],"wp:term":[{"taxonomy":"product_brand","embeddable":true,"href":"https:\/\/www.feman.net\/eng\/index.php?rest_route=%2Fwp%2Fv2%2Fproduct_brand&post=266804"},{"taxonomy":"product_cat","embeddable":true,"href":"https:\/\/www.feman.net\/eng\/index.php?rest_route=%2Fwp%2Fv2%2Fproduct_cat&post=266804"},{"taxonomy":"product_tag","embeddable":true,"href":"https:\/\/www.feman.net\/eng\/index.php?rest_route=%2Fwp%2Fv2%2Fproduct_tag&post=266804"}],"curies":[{"name":"wp","href":"https:\/\/api.w.org\/{rel}","templated":true}]}}