{"id":266903,"date":"2022-05-26T16:39:02","date_gmt":"2022-05-26T16:39:02","guid":{"rendered":"http:\/\/www.feman-jagodina.feman.co.rs\/?post_type=product&#038;p=266903"},"modified":"2022-05-26T17:24:39","modified_gmt":"2022-05-26T17:24:39","slug":"modularni-merno-razvodni-orman-od-poliestera-mro2v-320x1055x235","status":"publish","type":"product","link":"https:\/\/www.feman.net\/eng\/?product=modularni-merno-razvodni-orman-od-poliestera-mro2v-320x1055x235","title":{"rendered":"MODULARNI MERNO-RAZVODNI ORMAN OD POLIESTERA  MRO2V  320x1055x235"},"content":{"rendered":"<p><img loading=\"lazy\" decoding=\"async\" class=\"alignnone wp-image-266904 \" src=\"http:\/\/www.feman.net\/wp-content\/uploads\/2022\/05\/1-MRO2V-274x800.png\" alt=\"\" width=\"189\" height=\"552\" srcset=\"https:\/\/www.feman.net\/eng\/wp-content\/uploads\/2022\/05\/1-MRO2V-274x800.png 274w, https:\/\/www.feman.net\/eng\/wp-content\/uploads\/2022\/05\/1-MRO2V.png 300w\" sizes=\"(max-width: 189px) 100vw, 189px\" \/> \u00a0\u00a0\u00a0\u00a0\u00a0\u00a0\u00a0\u00a0\u00a0\u00a0\u00a0\u00a0\u00a0\u00a0\u00a0\u00a0\u00a0\u00a0\u00a0\u00a0\u00a0\u00a0\u00a0\u00a0\u00a0\u00a0\u00a0\u00a0\u00a0\u00a0\u00a0\u00a0 <img loading=\"lazy\" decoding=\"async\" class=\"alignnone wp-image-266905\" src=\"http:\/\/www.feman.net\/wp-content\/uploads\/2022\/05\/2-MRO2V.png\" alt=\"\" width=\"186\" height=\"565\" srcset=\"https:\/\/www.feman.net\/eng\/wp-content\/uploads\/2022\/05\/2-MRO2V.png 300w, https:\/\/www.feman.net\/eng\/wp-content\/uploads\/2022\/05\/2-MRO2V-263x800.png 263w\" sizes=\"(max-width: 186px) 100vw, 186px\" \/><\/p>\n<p>&nbsp;<\/p>\n<h3>FEMAN POLIESTERSKI ORMANI &#8211; KARAKTERISTIKE<\/h3>\n<p><a href=\"http:\/\/www.feman.net\/wp-content\/uploads\/2022\/05\/karakteristike-1.png\"><img loading=\"lazy\" decoding=\"async\" class=\"alignnone size-full wp-image-266869\" src=\"http:\/\/www.feman.net\/wp-content\/uploads\/2022\/05\/karakteristike-1.png\" alt=\"\" width=\"1000\" height=\"323\" srcset=\"https:\/\/www.feman.net\/eng\/wp-content\/uploads\/2022\/05\/karakteristike-1.png 1000w, https:\/\/www.feman.net\/eng\/wp-content\/uploads\/2022\/05\/karakteristike-1-300x97.png 300w, https:\/\/www.feman.net\/eng\/wp-content\/uploads\/2022\/05\/karakteristike-1-768x248.png 768w, https:\/\/www.feman.net\/eng\/wp-content\/uploads\/2022\/05\/karakteristike-1-980x317.png 980w, https:\/\/www.feman.net\/eng\/wp-content\/uploads\/2022\/05\/karakteristike-1-480x155.png 480w, https:\/\/www.feman.net\/eng\/wp-content\/uploads\/2022\/05\/karakteristike-1-600x194.png 600w\" sizes=\"(max-width: 1000px) 100vw, 1000px\" \/><\/a><\/p>\n<h3><strong>TEHNI\u010cKE KARAKTERISTIKE MODULARNOG MERNO-RAZVODNOG ORMANA<\/strong><\/h3>\n<h4>Koristi za monta\u017eu maksimalno dva merna ure\u0111aja, raspore\u0111ena po vertikali. Za monta\u017eu vi\u0161e mernih ure\u0111aja mogu se nizati jedan pored drugog i jedan iznad drugog.<\/h4>\n<p><a href=\"http:\/\/www.feman.net\/wp-content\/uploads\/2022\/05\/3-MRO-1.png\"> \u00a0\u00a0\u00a0\u00a0\u00a0\u00a0\u00a0\u00a0\u00a0\u00a0 \u00a0\u00a0<\/a><a href=\"http:\/\/www.feman.net\/wp-content\/uploads\/2022\/05\/3-MRO-1.png\">\u00a0\u00a0\u00a0\u00a0\u00a0\u00a0\u00a0\u00a0\u00a0\u00a0\u00a0\u00a0\u00a0\u00a0\u00a0\u00a0\u00a0\u00a0\u00a0\u00a0\u00a0\u00a0\u00a0\u00a0\u00a0\u00a0\u00a0\u00a0\u00a0\u00a0\u00a0<\/a> \u00a0 \u00a0 \u00a0 \u00a0 \u00a0 \u00a0 \u00a0 \u00a0 \u00a0 \u00a0 \u00a0 <a href=\"http:\/\/www.feman.net\/wp-content\/uploads\/2022\/05\/3-MRO-1.png\"><img loading=\"lazy\" decoding=\"async\" class=\"alignnone wp-image-266907\" src=\"http:\/\/www.feman.net\/wp-content\/uploads\/2022\/05\/4-MRO2V.png\" alt=\"\" width=\"299\" height=\"494\" srcset=\"https:\/\/www.feman.net\/eng\/wp-content\/uploads\/2022\/05\/4-MRO2V.png 400w, https:\/\/www.feman.net\/eng\/wp-content\/uploads\/2022\/05\/4-MRO2V-300x496.png 300w\" sizes=\"(max-width: 299px) 100vw, 299px\" \/><\/a><\/p>\n<p style=\"text-align: justify;\">Vi\u0161enamenski modularni univerzalni orman izra\u0111ujemo u vi\u0161e varijanti, za monta\u017eu na stub, na zid, u zidu, kao slobodnostoje\u0107i nadzemni i kao slobodno- stoje\u0107i uzemni.<img loading=\"lazy\" decoding=\"async\" class=\" wp-image-266908 alignright\" src=\"http:\/\/www.feman.net\/wp-content\/uploads\/2022\/05\/5-MRO2V-264x800.png\" alt=\"\" width=\"147\" height=\"445\" srcset=\"https:\/\/www.feman.net\/eng\/wp-content\/uploads\/2022\/05\/5-MRO2V-264x800.png 264w, https:\/\/www.feman.net\/eng\/wp-content\/uploads\/2022\/05\/5-MRO2V.png 300w\" sizes=\"(max-width: 147px) 100vw, 147px\" \/><\/p>\n<p style=\"text-align: justify;\">Orman izra\u0111ujemo od presovanog negorivog poliestera oja\u010danog staklenim vlaknima. Otporan je na udare, savijanje i ima veliku dielektri\u010dnu \u010dvrsto\u0107u. Otporan je na atmosferske uticaje, kao i UV zra\u010denje. Ne prouzrokuje \u0161tetna dejstva na \u017eive organizme i \u010dovekovu okolinu. Pru\u017ea veoma dobru mehani\u010dku i elektri\u010dnu za\u0161titu. Spada u visoko izolacione ormane. Dodavanjem dihtung gume na vratima, prozorima i drugim otvorima posti\u017ee se visok stepen zaptivenosti IP 54.<\/p>\n<p>&nbsp;<\/p>\n<p style=\"text-align: justify;\"><strong>Zbog svojih tehni\u010dkih karakteristika mogu se koristiti u vla\u017enim prostorijama, sredinama gde je veliko prisustvo kiselina, pra\u0161ina i soli, termoelektranama, prostorijama sa visokim i niskim temperaturama, u industrijskim halama itd. <em>Kori\u0161\u0107enje je jednostavno i bez dodatnog odr\u017eavanja, otporan je na visoke i niske temperature. Veoma laka i jednostavna monta\u017ea i ugradnja.<\/em><\/strong><\/p>\n<p style=\"text-align: justify;\">U skladu sa evropskim standardima i normama razvili smo \u0161irok program prate\u0107e ugradnje opreme za ormane. Po \u017eelji kupca ormane isporu\u010dujemo kompletno opremljene (\u0161emirane) prema tehni\u010dkom uputstvu dostavljenom od strane kupca<\/p>\n<p>&nbsp;<\/p>\n<h3>VRSTE, UPOTREBA I PRIMERI ORMANA<\/h3>\n<div class=\"et_pb_slider et_pb_slider_fullwidth_off et_pb_gallery_post_type\">\n\t\t\t\t<div class=\"et_pb_slides\">\n\t\t\t\t\t<div class=\"et_pb_slide\" style=\"background: url(https:\/\/www.feman.net\/eng\/wp-content\/uploads\/2022\/05\/21-MRO2V-1.jpg);\"><\/div><div class=\"et_pb_slide\" style=\"background: url(https:\/\/www.feman.net\/eng\/wp-content\/uploads\/2022\/05\/22-MRO2V-1.jpg);\"><\/div><div class=\"et_pb_slide\" style=\"background: url(https:\/\/www.feman.net\/eng\/wp-content\/uploads\/2022\/05\/23-MRO2V-1.jpg);\"><\/div><div class=\"et_pb_slide\" style=\"background: url(https:\/\/www.feman.net\/eng\/wp-content\/uploads\/2022\/05\/24-MRO2V-1.jpg);\"><\/div>\n\t\t\t\t<\/div>\n\t\t\t<\/div>\n<h4>Mogu se koristiti kao merni, merno-komadni, za uli\u010dnu rasvetu, razvodni, komadni ormani za automatiku u pogonima itd.<\/h4>\n","protected":false},"excerpt":{"rendered":"<p>\u00a0\u00a0\u00a0\u00a0\u00a0\u00a0\u00a0\u00a0\u00a0\u00a0\u00a0\u00a0\u00a0\u00a0\u00a0\u00a0\u00a0\u00a0\u00a0\u00a0\u00a0\u00a0\u00a0\u00a0\u00a0\u00a0\u00a0\u00a0\u00a0\u00a0\u00a0\u00a0 &nbsp; FEMAN POLIESTERSKI ORMANI &#8211; KARAKTERISTIKE TEHNI\u010cKE KARAKTERISTIKE MODULARNOG MERNO-RAZVODNOG ORMANA Koristi za monta\u017eu maksimalno dva merna ure\u0111aja, raspore\u0111ena po vertikali. Za monta\u017eu vi\u0161e mernih ure\u0111aja mogu se nizati jedan pored drugog i jedan iznad drugog. \u00a0\u00a0\u00a0\u00a0\u00a0\u00a0\u00a0\u00a0\u00a0\u00a0 \u00a0\u00a0\u00a0\u00a0\u00a0\u00a0\u00a0\u00a0\u00a0\u00a0\u00a0\u00a0\u00a0\u00a0\u00a0\u00a0\u00a0\u00a0\u00a0\u00a0\u00a0\u00a0\u00a0\u00a0\u00a0\u00a0\u00a0\u00a0\u00a0\u00a0\u00a0\u00a0\u00a0 \u00a0 \u00a0 \u00a0 \u00a0 \u00a0 \u00a0 \u00a0 \u00a0 \u00a0 \u00a0 \u00a0 Vi\u0161enamenski modularni univerzalni orman izra\u0111ujemo [&hellip;]<\/p>\n","protected":false},"featured_media":266925,"comment_status":"open","ping_status":"closed","template":"","meta":[],"product_brand":[],"product_cat":[226,229],"product_tag":[],"class_list":{"0":"post-266903","1":"product","2":"type-product","3":"status-publish","4":"has-post-thumbnail","6":"product_cat-ormani-karakteristike","7":"product_cat-ormani-mro2","9":"first","10":"instock","11":"shipping-taxable","12":"product-type-simple"},"_links":{"self":[{"href":"https:\/\/www.feman.net\/eng\/index.php?rest_route=\/wp\/v2\/product\/266903","targetHints":{"allow":["GET"]}}],"collection":[{"href":"https:\/\/www.feman.net\/eng\/index.php?rest_route=\/wp\/v2\/product"}],"about":[{"href":"https:\/\/www.feman.net\/eng\/index.php?rest_route=\/wp\/v2\/types\/product"}],"replies":[{"embeddable":true,"href":"https:\/\/www.feman.net\/eng\/index.php?rest_route=%2Fwp%2Fv2%2Fcomments&post=266903"}],"wp:featuredmedia":[{"embeddable":true,"href":"https:\/\/www.feman.net\/eng\/index.php?rest_route=\/wp\/v2\/media\/266925"}],"wp:attachment":[{"href":"https:\/\/www.feman.net\/eng\/index.php?rest_route=%2Fwp%2Fv2%2Fmedia&parent=266903"}],"wp:term":[{"taxonomy":"product_brand","embeddable":true,"href":"https:\/\/www.feman.net\/eng\/index.php?rest_route=%2Fwp%2Fv2%2Fproduct_brand&post=266903"},{"taxonomy":"product_cat","embeddable":true,"href":"https:\/\/www.feman.net\/eng\/index.php?rest_route=%2Fwp%2Fv2%2Fproduct_cat&post=266903"},{"taxonomy":"product_tag","embeddable":true,"href":"https:\/\/www.feman.net\/eng\/index.php?rest_route=%2Fwp%2Fv2%2Fproduct_tag&post=266903"}],"curies":[{"name":"wp","href":"https:\/\/api.w.org\/{rel}","templated":true}]}}