{"id":267346,"date":"2022-06-10T18:03:42","date_gmt":"2022-06-10T18:03:42","guid":{"rendered":"https:\/\/www.feman-jagodina.feman.co.rs\/?post_type=product&#038;p=267346"},"modified":"2022-11-23T20:15:50","modified_gmt":"2022-11-23T20:15:50","slug":"automatska-presa-fly-03b-2","status":"publish","type":"product","link":"https:\/\/www.feman.net\/eng\/?product=automatska-presa-fly-03b-2","title":{"rendered":"AUTOMATSKA PRESA FLY-03B"},"content":{"rendered":"<p><img loading=\"lazy\" decoding=\"async\" class=\"alignnone wp-image-267348 \" src=\"http:\/\/www.feman.net\/wp-content\/uploads\/2022\/06\/FLY-03B-1-e1669234518533.png\" alt=\"\" width=\"387\" height=\"125\" srcset=\"https:\/\/www.feman.net\/eng\/wp-content\/uploads\/2022\/06\/FLY-03B-1-e1669234518533.png 300w, https:\/\/www.feman.net\/eng\/wp-content\/uploads\/2022\/06\/FLY-03B-1-e1669234518533-200x65.png 200w\" sizes=\"(max-width: 387px) 100vw, 387px\" \/> \u00a0\u00a0\u00a0\u00a0\u00a0\u00a0 <img loading=\"lazy\" decoding=\"async\" class=\"alignnone wp-image-267347\" src=\"http:\/\/www.feman.net\/wp-content\/uploads\/2022\/06\/Capture.jpg\" alt=\"\" width=\"144\" height=\"116\" \/><\/p>\n<p style=\"text-align: justify;\"><span style=\"font-size: 12pt;\">Koristi se za \u0161estougaono presovanje otvorenih neizolovanih kablovskih papu\u010dica ( grupa 16 ) preseka do 0,75-6mm\u00b2. Presa je automatska, \u0161to zna\u010di da se odbravljuje tek po obavljenom presovanju, \u0161to obezbe\u0111uje kvalitetan spoj. Ovaj tip prese preporu\u010dujemo za profesionalnu upotrebu.<\/span><\/p>\n<p><span style=\"font-size: 12pt;\">Du\u017eina: 235 mm<br \/>\nTe\u017eina: 0,53 kg\/kom<br \/>\nKodni broj: 1500003<\/span><\/p>\n","protected":false},"excerpt":{"rendered":"<p>\u00a0\u00a0\u00a0\u00a0\u00a0\u00a0 Koristi se za \u0161estougaono presovanje otvorenih neizolovanih kablovskih papu\u010dica ( grupa 16 ) preseka do 0,75-6mm\u00b2. Presa je automatska, \u0161to zna\u010di da se odbravljuje tek po obavljenom presovanju, \u0161to obezbe\u0111uje kvalitetan spoj. Ovaj tip prese preporu\u010dujemo za profesionalnu upotrebu. Du\u017eina: 235 mm Te\u017eina: 0,53 kg\/kom Kodni broj: 1500003<\/p>\n","protected":false},"featured_media":267349,"comment_status":"open","ping_status":"closed","template":"","meta":[],"product_brand":[],"product_cat":[216,219],"product_tag":[],"class_list":{"0":"post-267346","1":"product","2":"type-product","3":"status-publish","4":"has-post-thumbnail","6":"product_cat-alati","7":"product_cat-prese","9":"first","10":"instock","11":"shipping-taxable","12":"product-type-simple"},"_links":{"self":[{"href":"https:\/\/www.feman.net\/eng\/index.php?rest_route=\/wp\/v2\/product\/267346","targetHints":{"allow":["GET"]}}],"collection":[{"href":"https:\/\/www.feman.net\/eng\/index.php?rest_route=\/wp\/v2\/product"}],"about":[{"href":"https:\/\/www.feman.net\/eng\/index.php?rest_route=\/wp\/v2\/types\/product"}],"replies":[{"embeddable":true,"href":"https:\/\/www.feman.net\/eng\/index.php?rest_route=%2Fwp%2Fv2%2Fcomments&post=267346"}],"wp:featuredmedia":[{"embeddable":true,"href":"https:\/\/www.feman.net\/eng\/index.php?rest_route=\/wp\/v2\/media\/267349"}],"wp:attachment":[{"href":"https:\/\/www.feman.net\/eng\/index.php?rest_route=%2Fwp%2Fv2%2Fmedia&parent=267346"}],"wp:term":[{"taxonomy":"product_brand","embeddable":true,"href":"https:\/\/www.feman.net\/eng\/index.php?rest_route=%2Fwp%2Fv2%2Fproduct_brand&post=267346"},{"taxonomy":"product_cat","embeddable":true,"href":"https:\/\/www.feman.net\/eng\/index.php?rest_route=%2Fwp%2Fv2%2Fproduct_cat&post=267346"},{"taxonomy":"product_tag","embeddable":true,"href":"https:\/\/www.feman.net\/eng\/index.php?rest_route=%2Fwp%2Fv2%2Fproduct_tag&post=267346"}],"curies":[{"name":"wp","href":"https:\/\/api.w.org\/{rel}","templated":true}]}}