{"id":267350,"date":"2022-06-10T19:14:19","date_gmt":"2022-06-10T19:14:19","guid":{"rendered":"https:\/\/www.feman-jagodina.feman.co.rs\/?post_type=product&#038;p=267350"},"modified":"2022-11-23T20:18:03","modified_gmt":"2022-11-23T20:18:03","slug":"rucna-automatska-presa-fly-03c","status":"publish","type":"product","link":"https:\/\/www.feman.net\/eng\/?product=rucna-automatska-presa-fly-03c","title":{"rendered":"RU\u010cNA AUTOMATSKA PRESA FLY-03C"},"content":{"rendered":"<p><img loading=\"lazy\" decoding=\"async\" class=\"alignnone wp-image-267352 \" src=\"http:\/\/www.feman.net\/wp-content\/uploads\/2022\/06\/FLY-03C-e1669234641711.png\" alt=\"\" width=\"495\" height=\"153\" srcset=\"https:\/\/www.feman.net\/eng\/wp-content\/uploads\/2022\/06\/FLY-03C-e1669234641711.png 724w, https:\/\/www.feman.net\/eng\/wp-content\/uploads\/2022\/06\/FLY-03C-e1669234641711-300x93.png 300w, https:\/\/www.feman.net\/eng\/wp-content\/uploads\/2022\/06\/FLY-03C-e1669234641711-200x62.png 200w, https:\/\/www.feman.net\/eng\/wp-content\/uploads\/2022\/06\/FLY-03C-e1669234641711-600x186.png 600w\" sizes=\"(max-width: 495px) 100vw, 495px\" \/> \u00a0\u00a0\u00a0\u00a0\u00a0\u00a0 <img loading=\"lazy\" decoding=\"async\" class=\"alignnone wp-image-267351\" src=\"http:\/\/www.feman.net\/wp-content\/uploads\/2022\/06\/Capture-1-300x249.jpg\" alt=\"\" width=\"176\" height=\"146\" srcset=\"https:\/\/www.feman.net\/eng\/wp-content\/uploads\/2022\/06\/Capture-1-300x249.jpg 300w, https:\/\/www.feman.net\/eng\/wp-content\/uploads\/2022\/06\/Capture-1.jpg 411w\" sizes=\"(max-width: 176px) 100vw, 176px\" \/><\/p>\n<p style=\"text-align: justify;\"><span style=\"font-size: 12pt;\">Koristi se za \u0161estougaono presovanje izolovanih kablovskih papu\u010dica ( grupe 10,12,14 i 16 ) preseka 0,5-6 mm\u00b2. Presa je automatska, \u0161to zna\u010di da se odbravljuje tek po obavljenom presovanju, \u0161to obezbe\u0111uje kvalitetan spoj. Ovaj tip prese preporu\u010dujemo za profesionalnu upotrebu.<\/span><\/p>\n<p><span style=\"font-size: 12pt;\">Du\u017eina: 235mm<\/span><br \/>\n<span style=\"font-size: 12pt;\">Te\u017eina: 0,55 kg\/kom<\/span><br \/>\n<span style=\"font-size: 12pt;\">Kodni broj: 1500004<\/span><\/p>\n","protected":false},"excerpt":{"rendered":"<p>\u00a0\u00a0\u00a0\u00a0\u00a0\u00a0 Koristi se za \u0161estougaono presovanje izolovanih kablovskih papu\u010dica ( grupe 10,12,14 i 16 ) preseka 0,5-6 mm\u00b2. Presa je automatska, \u0161to zna\u010di da se odbravljuje tek po obavljenom presovanju, \u0161to obezbe\u0111uje kvalitetan spoj. Ovaj tip prese preporu\u010dujemo za profesionalnu upotrebu. Du\u017eina: 235mm Te\u017eina: 0,55 kg\/kom Kodni broj: 1500004<\/p>\n","protected":false},"featured_media":267353,"comment_status":"open","ping_status":"closed","template":"","meta":[],"product_brand":[],"product_cat":[216,219],"product_tag":[],"class_list":{"0":"post-267350","1":"product","2":"type-product","3":"status-publish","4":"has-post-thumbnail","6":"product_cat-alati","7":"product_cat-prese","9":"first","10":"instock","11":"shipping-taxable","12":"product-type-simple"},"_links":{"self":[{"href":"https:\/\/www.feman.net\/eng\/index.php?rest_route=\/wp\/v2\/product\/267350","targetHints":{"allow":["GET"]}}],"collection":[{"href":"https:\/\/www.feman.net\/eng\/index.php?rest_route=\/wp\/v2\/product"}],"about":[{"href":"https:\/\/www.feman.net\/eng\/index.php?rest_route=\/wp\/v2\/types\/product"}],"replies":[{"embeddable":true,"href":"https:\/\/www.feman.net\/eng\/index.php?rest_route=%2Fwp%2Fv2%2Fcomments&post=267350"}],"wp:featuredmedia":[{"embeddable":true,"href":"https:\/\/www.feman.net\/eng\/index.php?rest_route=\/wp\/v2\/media\/267353"}],"wp:attachment":[{"href":"https:\/\/www.feman.net\/eng\/index.php?rest_route=%2Fwp%2Fv2%2Fmedia&parent=267350"}],"wp:term":[{"taxonomy":"product_brand","embeddable":true,"href":"https:\/\/www.feman.net\/eng\/index.php?rest_route=%2Fwp%2Fv2%2Fproduct_brand&post=267350"},{"taxonomy":"product_cat","embeddable":true,"href":"https:\/\/www.feman.net\/eng\/index.php?rest_route=%2Fwp%2Fv2%2Fproduct_cat&post=267350"},{"taxonomy":"product_tag","embeddable":true,"href":"https:\/\/www.feman.net\/eng\/index.php?rest_route=%2Fwp%2Fv2%2Fproduct_tag&post=267350"}],"curies":[{"name":"wp","href":"https:\/\/api.w.org\/{rel}","templated":true}]}}