{"id":267411,"date":"2022-06-11T13:34:56","date_gmt":"2022-06-11T13:34:56","guid":{"rendered":"http:\/\/www.feman-jagodina.feman.co.rs\/?post_type=product&#038;p=267411"},"modified":"2022-06-11T13:47:54","modified_gmt":"2022-06-11T13:47:54","slug":"aku-presa-fap-300d-18","status":"publish","type":"product","link":"https:\/\/www.feman.net\/eng\/?product=aku-presa-fap-300d-18","title":{"rendered":"AKU PRESA FAP 300D-18"},"content":{"rendered":"<p style=\"text-align: justify;\">Namenjena je za \u0161estougaono presovanje kablovskog spojnog pribora do 300 mm\u00b2. U zavisnosti od upotrebljenih umetaka mo\u017eemo presovati Al i Cu \u010daure, papu\u010dice, zarezne spojnice i mo\u017eemo oblikovati sektorske kablove.<\/p>\n<p>Karakteristike:<br \/>\nUniverzalna rotiraju\u0107a glava za 360 stepeni<img loading=\"lazy\" decoding=\"async\" class=\"wp-image-267412 alignright\" src=\"http:\/\/www.feman.net\/wp-content\/uploads\/2022\/06\/ALATI-2022-radni-1024x956.png\" alt=\"\" width=\"542\" height=\"506\" srcset=\"https:\/\/www.feman.net\/eng\/wp-content\/uploads\/2022\/06\/ALATI-2022-radni-1024x956.png 1024w, https:\/\/www.feman.net\/eng\/wp-content\/uploads\/2022\/06\/ALATI-2022-radni-300x280.png 300w, https:\/\/www.feman.net\/eng\/wp-content\/uploads\/2022\/06\/ALATI-2022-radni-768x717.png 768w, https:\/\/www.feman.net\/eng\/wp-content\/uploads\/2022\/06\/ALATI-2022-radni-980x915.png 980w, https:\/\/www.feman.net\/eng\/wp-content\/uploads\/2022\/06\/ALATI-2022-radni-480x448.png 480w, https:\/\/www.feman.net\/eng\/wp-content\/uploads\/2022\/06\/ALATI-2022-radni-600x560.png 600w, https:\/\/www.feman.net\/eng\/wp-content\/uploads\/2022\/06\/ALATI-2022-radni.png 1055w\" sizes=\"(max-width: 542px) 100vw, 542px\" \/><br \/>\nDve brzine hidraulike<br \/>\nBrzo zaustavljanje motora<br \/>\nAutomatski povra\u0107aj umetka u po\u010detni polo\u017eaj nakon presovanja<br \/>\nRu\u010dno vra\u0107anje umetka u po\u010detni polo\u017eaj u koliko je potrebno<br \/>\nElektronska kontrola i pra\u0107enje optere\u0107enja<br \/>\nNizak pritisak ili nizak nivo napunjenosti baterije, ogla\u0161ava se zvu\u010dni signal i treperi svetlo crvene lampice<br \/>\nSenzor temperature automatski prekida rad alata ako temperature pre\u0111e 60\u00b0C<br \/>\nLitijum-jonska baterija visokih performansi<br \/>\nMaksimalna sila presovanja 60 KN<br \/>\nHod: 17 mm<br \/>\nNapon baterije: 18 V<br \/>\nKapacitet: 3 Ah<br \/>\nBroj presovanja sa jednim punjenjem: 300 puta kabal Cu 150 mm\u00b2<br \/>\nVreme punjenja: oko 60 minuta<br \/>\nKofer plasti\u010dni sadr\u017ei:<br \/>\nPresu<br \/>\nDve baterije<br \/>\nPunja\u010d<br \/>\nAl umetci 16-240 mm\u00b2<br \/>\nCu umetci 10-300 mm\u00b2<\/p>\n<p><strong>Te\u017eina alata: 3,12 kg (sa baterijom)<\/strong><br \/>\n<strong>Kodni broj: 1884166<\/strong><\/p>\n","protected":false},"excerpt":{"rendered":"<p>Namenjena je za \u0161estougaono presovanje kablovskog spojnog pribora do 300 mm\u00b2. U zavisnosti od upotrebljenih umetaka mo\u017eemo presovati Al i Cu \u010daure, papu\u010dice, zarezne spojnice i mo\u017eemo oblikovati sektorske kablove. Karakteristike: Univerzalna rotiraju\u0107a glava za 360 stepeni Dve brzine hidraulike Brzo zaustavljanje motora Automatski povra\u0107aj umetka u po\u010detni polo\u017eaj nakon presovanja Ru\u010dno vra\u0107anje umetka u [&hellip;]<\/p>\n","protected":false},"featured_media":267417,"comment_status":"open","ping_status":"closed","template":"","meta":[],"product_brand":[],"product_cat":[223,216],"product_tag":[],"class_list":{"0":"post-267411","1":"product","2":"type-product","3":"status-publish","4":"has-post-thumbnail","6":"product_cat-akku","7":"product_cat-alati","9":"first","10":"instock","11":"shipping-taxable","12":"product-type-simple"},"_links":{"self":[{"href":"https:\/\/www.feman.net\/eng\/index.php?rest_route=\/wp\/v2\/product\/267411","targetHints":{"allow":["GET"]}}],"collection":[{"href":"https:\/\/www.feman.net\/eng\/index.php?rest_route=\/wp\/v2\/product"}],"about":[{"href":"https:\/\/www.feman.net\/eng\/index.php?rest_route=\/wp\/v2\/types\/product"}],"replies":[{"embeddable":true,"href":"https:\/\/www.feman.net\/eng\/index.php?rest_route=%2Fwp%2Fv2%2Fcomments&post=267411"}],"wp:featuredmedia":[{"embeddable":true,"href":"https:\/\/www.feman.net\/eng\/index.php?rest_route=\/wp\/v2\/media\/267417"}],"wp:attachment":[{"href":"https:\/\/www.feman.net\/eng\/index.php?rest_route=%2Fwp%2Fv2%2Fmedia&parent=267411"}],"wp:term":[{"taxonomy":"product_brand","embeddable":true,"href":"https:\/\/www.feman.net\/eng\/index.php?rest_route=%2Fwp%2Fv2%2Fproduct_brand&post=267411"},{"taxonomy":"product_cat","embeddable":true,"href":"https:\/\/www.feman.net\/eng\/index.php?rest_route=%2Fwp%2Fv2%2Fproduct_cat&post=267411"},{"taxonomy":"product_tag","embeddable":true,"href":"https:\/\/www.feman.net\/eng\/index.php?rest_route=%2Fwp%2Fv2%2Fproduct_tag&post=267411"}],"curies":[{"name":"wp","href":"https:\/\/api.w.org\/{rel}","templated":true}]}}