{"id":267414,"date":"2022-06-11T13:43:48","date_gmt":"2022-06-11T13:43:48","guid":{"rendered":"http:\/\/www.feman-jagodina.feman.co.rs\/?post_type=product&#038;p=267414"},"modified":"2022-11-23T19:26:39","modified_gmt":"2022-11-23T19:26:39","slug":"aku-presa-fap-300v-18","status":"publish","type":"product","link":"https:\/\/www.feman.net\/eng\/?product=aku-presa-fap-300v-18","title":{"rendered":"AKU PRESA FAP 300V-18"},"content":{"rendered":"<p><img loading=\"lazy\" decoding=\"async\" class=\"wp-image-267415 alignnone\" src=\"http:\/\/www.feman.net\/wp-content\/uploads\/2022\/06\/FAP-300V-18-374x1024.png\" alt=\"\" width=\"180\" height=\"493\" srcset=\"https:\/\/www.feman.net\/eng\/wp-content\/uploads\/2022\/06\/FAP-300V-18-374x1024.png 374w, https:\/\/www.feman.net\/eng\/wp-content\/uploads\/2022\/06\/FAP-300V-18-292x800.png 292w, https:\/\/www.feman.net\/eng\/wp-content\/uploads\/2022\/06\/FAP-300V-18-300x822.png 300w, https:\/\/www.feman.net\/eng\/wp-content\/uploads\/2022\/06\/FAP-300V-18.png 443w\" sizes=\"(max-width: 180px) 100vw, 180px\" \/><\/p>\n<p style=\"text-align: justify;\">Namenjena je za \u0161estougaono presovanje kablovskog spojnog pribora do 300 mm\u00b2. U zavisnosti od upotrebljenih umetaka mo\u017eemo presovati Al i Cu \u010daure, papu\u010dice, zarezne spojnice i mo\u017eemo oblikovati sektorske kablove.<\/p>\n<p>Dimenzije alata: 397 x 116 x 75 mm<br \/>\nTe\u017eina alata: 3,12 kg (sa baterijom)<br \/>\nKodni broj: 1884165<\/p>\n<p><strong>Karakteristike:<\/strong><\/p>\n<table style=\"border-collapse: collapse; width: 100%;\">\n<tbody>\n<tr>\n<td style=\"width: 50%;\">\n<ul>\n<li>Univerzalna rotiraju\u0107a glava za 360 stepeniDve brzine hidraulike<\/li>\n<li>Brzo zaustavljanje motora<\/li>\n<li>Automatski povra\u0107aj umetka u po\u010detni polo\u017eaj nakon presovanja<\/li>\n<li>Ru\u010dno vra\u0107anje umetka u po\u010detni polo\u017eaj u koliko je potrebno<\/li>\n<li>Elektronska kontrola i pra\u0107enje optere\u0107enja<\/li>\n<li>Litijum-jonska baterija visokih performansi<\/li>\n<li>LED svetlo za rad u tamnom okru\u017eenju<\/li>\n<li>Maksimalna sila presovanja 60 KN<\/li>\n<li>Hod: 17 mm<\/li>\n<li>Napon baterije: 18 V<\/li>\n<\/ul>\n<\/td>\n<td style=\"width: 50%;\">\n<ul>\n<li>Kapacitet: 3 Ah<\/li>\n<li>Broj presovanja sa jednim punjenjem: 300 puta kabal Cu 150 mm\u00b2<\/li>\n<li>Vreme punjenja: oko 60 minuta<\/li>\n<li>Kofer plasti\u010dni sadr\u017ei:<\/li>\n<li>Presu<\/li>\n<li>Dve baterije<\/li>\n<li>Punja\u010d<\/li>\n<li>Al umetci 16-240 mm\u00b2<\/li>\n<li>Cu umetci 10-300 mm\u00b2<\/li>\n<\/ul>\n<\/td>\n<\/tr>\n<\/tbody>\n<\/table>\n","protected":false},"excerpt":{"rendered":"<p>Namenjena je za \u0161estougaono presovanje kablovskog spojnog pribora do 300 mm\u00b2. U zavisnosti od upotrebljenih umetaka mo\u017eemo presovati Al i Cu \u010daure, papu\u010dice, zarezne spojnice i mo\u017eemo oblikovati sektorske kablove. Dimenzije alata: 397 x 116 x 75 mm Te\u017eina alata: 3,12 kg (sa baterijom) Kodni broj: 1884165 Karakteristike: Univerzalna rotiraju\u0107a glava za 360 stepeniDve brzine [&hellip;]<\/p>\n","protected":false},"featured_media":268930,"comment_status":"closed","ping_status":"closed","template":"","meta":[],"product_brand":[],"product_cat":[223,216,178],"product_tag":[],"class_list":{"0":"post-267414","1":"product","2":"type-product","3":"status-publish","4":"has-post-thumbnail","6":"product_cat-akku","7":"product_cat-alati","8":"product_cat-ostala-oprema-za-nn-sks","10":"first","11":"instock","12":"shipping-taxable","13":"product-type-simple"},"_links":{"self":[{"href":"https:\/\/www.feman.net\/eng\/index.php?rest_route=\/wp\/v2\/product\/267414","targetHints":{"allow":["GET"]}}],"collection":[{"href":"https:\/\/www.feman.net\/eng\/index.php?rest_route=\/wp\/v2\/product"}],"about":[{"href":"https:\/\/www.feman.net\/eng\/index.php?rest_route=\/wp\/v2\/types\/product"}],"replies":[{"embeddable":true,"href":"https:\/\/www.feman.net\/eng\/index.php?rest_route=%2Fwp%2Fv2%2Fcomments&post=267414"}],"wp:featuredmedia":[{"embeddable":true,"href":"https:\/\/www.feman.net\/eng\/index.php?rest_route=\/wp\/v2\/media\/268930"}],"wp:attachment":[{"href":"https:\/\/www.feman.net\/eng\/index.php?rest_route=%2Fwp%2Fv2%2Fmedia&parent=267414"}],"wp:term":[{"taxonomy":"product_brand","embeddable":true,"href":"https:\/\/www.feman.net\/eng\/index.php?rest_route=%2Fwp%2Fv2%2Fproduct_brand&post=267414"},{"taxonomy":"product_cat","embeddable":true,"href":"https:\/\/www.feman.net\/eng\/index.php?rest_route=%2Fwp%2Fv2%2Fproduct_cat&post=267414"},{"taxonomy":"product_tag","embeddable":true,"href":"https:\/\/www.feman.net\/eng\/index.php?rest_route=%2Fwp%2Fv2%2Fproduct_tag&post=267414"}],"curies":[{"name":"wp","href":"https:\/\/api.w.org\/{rel}","templated":true}]}}