{"id":267587,"date":"2022-06-15T18:22:47","date_gmt":"2022-06-15T18:22:47","guid":{"rendered":"http:\/\/www.feman-jagodina.feman.co.rs\/?post_type=product&#038;p=267587"},"modified":"2022-06-16T09:59:03","modified_gmt":"2022-06-16T09:59:03","slug":"presa-za-secenje-navrtke-fyp-2","status":"publish","type":"product","link":"https:\/\/www.feman.net\/eng\/?product=presa-za-secenje-navrtke-fyp-2","title":{"rendered":"PRESA ZA SECENJE NAVRTKE FYP"},"content":{"rendered":"<p>Koriste se za se\u010denje navrtki Sila se\u010denja je 16t. \u0160irina secenja je 20 mm. Za pogon koristi hidrauli\u010dnu iii elektri\u010dnu pumpu.<\/p>\n<p><img loading=\"lazy\" decoding=\"async\" class=\"alignnone wp-image-267588\" src=\"http:\/\/www.feman.net\/wp-content\/uploads\/2022\/06\/1-presa-FYP.jpg\" alt=\"\" width=\"173\" height=\"403\" srcset=\"https:\/\/www.feman.net\/eng\/wp-content\/uploads\/2022\/06\/1-presa-FYP.jpg 304w, https:\/\/www.feman.net\/eng\/wp-content\/uploads\/2022\/06\/1-presa-FYP-300x699.jpg 300w\" sizes=\"(max-width: 173px) 100vw, 173px\" \/><\/p>\n<table style=\"height: 138px; width: 37.5262%; border-style: solid; border-color: #b0ddf7;\" width=\"37.5262%\">\n<tbody>\n<tr style=\"background-color: #bce4f7; height: 46px;\">\n<td style=\"height: 46px; text-align: center;\">Kodni broj<\/td>\n<td style=\"height: 46px; text-align: center;\">Oznaka<\/td>\n<td style=\"height: 46px; text-align: center;\">Dimenzija navrtka<\/td>\n<td style=\"height: 46px; text-align: center;\">Te\u017eina kg\/kom<\/td>\n<\/tr>\n<tr style=\"height: 46px;\">\n<td style=\"height: 46px; text-align: center;\">1883116<\/td>\n<td style=\"height: 46px; text-align: center;\">FYP-24<\/td>\n<td style=\"height: 46px; text-align: center;\">M12-M16<\/td>\n<td style=\"height: 46px; text-align: center;\">1,60kg<\/td>\n<\/tr>\n<tr style=\"height: 46px;\">\n<td style=\"height: 46px; text-align: center;\">1883127<\/td>\n<td style=\"height: 46px; text-align: center;\">FYP-41<\/td>\n<td style=\"height: 46px; text-align: center;\">M22-M27<\/td>\n<td style=\"height: 46px; text-align: center;\">4,50kg<\/td>\n<\/tr>\n<\/tbody>\n<\/table>\n<p>&nbsp;<\/p>\n<p>&nbsp;<\/p>\n","protected":false},"excerpt":{"rendered":"<p>Koriste se za se\u010denje navrtki Sila se\u010denja je 16t. \u0160irina secenja je 20 mm. Za pogon koristi hidrauli\u010dnu iii elektri\u010dnu pumpu. Kodni broj Oznaka Dimenzija navrtka Te\u017eina kg\/kom 1883116 FYP-24 M12-M16 1,60kg 1883127 FYP-41 M22-M27 4,50kg &nbsp; &nbsp;<\/p>\n","protected":false},"featured_media":267589,"comment_status":"closed","ping_status":"closed","template":"","meta":[],"product_brand":[],"product_cat":[216,219],"product_tag":[],"class_list":{"0":"post-267587","1":"product","2":"type-product","3":"status-publish","4":"has-post-thumbnail","6":"product_cat-alati","7":"product_cat-prese","9":"first","10":"instock","11":"shipping-taxable","12":"product-type-simple"},"_links":{"self":[{"href":"https:\/\/www.feman.net\/eng\/index.php?rest_route=\/wp\/v2\/product\/267587","targetHints":{"allow":["GET"]}}],"collection":[{"href":"https:\/\/www.feman.net\/eng\/index.php?rest_route=\/wp\/v2\/product"}],"about":[{"href":"https:\/\/www.feman.net\/eng\/index.php?rest_route=\/wp\/v2\/types\/product"}],"replies":[{"embeddable":true,"href":"https:\/\/www.feman.net\/eng\/index.php?rest_route=%2Fwp%2Fv2%2Fcomments&post=267587"}],"wp:featuredmedia":[{"embeddable":true,"href":"https:\/\/www.feman.net\/eng\/index.php?rest_route=\/wp\/v2\/media\/267589"}],"wp:attachment":[{"href":"https:\/\/www.feman.net\/eng\/index.php?rest_route=%2Fwp%2Fv2%2Fmedia&parent=267587"}],"wp:term":[{"taxonomy":"product_brand","embeddable":true,"href":"https:\/\/www.feman.net\/eng\/index.php?rest_route=%2Fwp%2Fv2%2Fproduct_brand&post=267587"},{"taxonomy":"product_cat","embeddable":true,"href":"https:\/\/www.feman.net\/eng\/index.php?rest_route=%2Fwp%2Fv2%2Fproduct_cat&post=267587"},{"taxonomy":"product_tag","embeddable":true,"href":"https:\/\/www.feman.net\/eng\/index.php?rest_route=%2Fwp%2Fv2%2Fproduct_tag&post=267587"}],"curies":[{"name":"wp","href":"https:\/\/api.w.org\/{rel}","templated":true}]}}